{"id":5694,"date":"2025-04-04T13:08:27","date_gmt":"2025-04-04T13:08:27","guid":{"rendered":"https:\/\/mx.motorad.com\/technologia-i-innowacje\/"},"modified":"2025-06-13T12:46:32","modified_gmt":"2025-06-13T12:46:32","slug":"technologia-i-innowacje","status":"publish","type":"page","link":"https:\/\/mx.motorad.com\/pl\/technologia-i-innowacje\/","title":{"rendered":"Technologia i innowacje"},"content":{"rendered":"\n<div class=\"wp-block-cover alignfull is-light\" style=\"min-height:274px;aspect-ratio:unset;\"><span aria-hidden=\"true\" class=\"wp-block-cover__background has-palette-bg-background-color has-background-dim-70 has-background-dim\"><\/span><img loading=\"lazy\" decoding=\"async\" width=\"2560\" height=\"1707\" class=\"wp-block-cover__image-background wp-image-4654\" alt=\"\" src=\"https:\/\/mx.motorad.com\/wp-content\/uploads\/2025\/04\/Road_into_Light_tech.jpg\" data-object-fit=\"cover\" srcset=\"https:\/\/mx.motorad.com\/wp-content\/uploads\/2025\/04\/Road_into_Light_tech.jpg 2560w, https:\/\/mx.motorad.com\/wp-content\/uploads\/2025\/04\/Road_into_Light_tech-300x200.jpg 300w, https:\/\/mx.motorad.com\/wp-content\/uploads\/2025\/04\/Road_into_Light_tech-1024x683.jpg 1024w, https:\/\/mx.motorad.com\/wp-content\/uploads\/2025\/04\/Road_into_Light_tech-768x512.jpg 768w, https:\/\/mx.motorad.com\/wp-content\/uploads\/2025\/04\/Road_into_Light_tech-1536x1024.jpg 1536w, https:\/\/mx.motorad.com\/wp-content\/uploads\/2025\/04\/Road_into_Light_tech-2048x1366.jpg 2048w\" sizes=\"auto, (max-width: 2560px) 100vw, 2560px\" \/><div class=\"wp-block-cover__inner-container is-layout-flow wp-block-cover-is-layout-flow\">\n<h1 class=\"wp-block-heading has-palette-text-color has-text-color\" id=\"h-technology-amp-innovation\">Technologia i innowacje<\/h1>\n<\/div><\/div>\n\n<div class=\"wp-block-columns is-layout-flex wp-container-core-columns-is-layout-eafada84 wp-block-columns-is-layout-flex\" style=\"margin-top:var(--wp--preset--spacing--60);margin-bottom:var(--wp--preset--spacing--60)\">\n<div class=\"wp-block-column is-layout-flow wp-block-column-is-layout-flow\" style=\"flex-basis:66.66%\">\n<h2 class=\"wp-block-heading\" id=\"h-at-motorad-we-re-leading-innovation\" style=\"margin-bottom:var(--wp--preset--spacing--40)\">W MotoRad jeste\u015bmy liderem innowacji<\/h2>\n\n\n\n<p>Nieustannie pracujemy nad popraw\u0105 wydajno\u015bci i warto\u015bci naszej oferty poprzez opracowywanie nowych produkt\u00f3w, ocen\u0119 nowych materia\u0142\u00f3w oraz projektowanie zaawansowanego sprz\u0119tu i proces\u00f3w produkcyjnych. Dzi\u0119ki unikalnemu po\u0142\u0105czeniu tradycji i do\u015bwiadczenia z przedsi\u0119biorczymi innowacjami, MotoRad zapewni\u0142 sobie pozycj\u0119 lidera w planowaniu i produkcji rozwi\u0105za\u0144 z zakresu zarz\u0105dzania ciep\u0142em i nowych technologii. <\/p>\n<\/div>\n\n\n\n<div class=\"wp-block-column is-layout-flow wp-block-column-is-layout-flow\" style=\"flex-basis:33.33%\">\n<figure class=\"wp-block-image size-full\"><img loading=\"lazy\" decoding=\"async\" width=\"1920\" height=\"1080\" src=\"https:\/\/mx.motorad.com\/wp-content\/uploads\/2025\/04\/tech-inno.jpg\" alt=\"\" class=\"wp-image-4701\" srcset=\"https:\/\/mx.motorad.com\/wp-content\/uploads\/2025\/04\/tech-inno.jpg 1920w, https:\/\/mx.motorad.com\/wp-content\/uploads\/2025\/04\/tech-inno-300x169.jpg 300w, https:\/\/mx.motorad.com\/wp-content\/uploads\/2025\/04\/tech-inno-1024x576.jpg 1024w, https:\/\/mx.motorad.com\/wp-content\/uploads\/2025\/04\/tech-inno-768x432.jpg 768w, https:\/\/mx.motorad.com\/wp-content\/uploads\/2025\/04\/tech-inno-1536x864.jpg 1536w\" sizes=\"auto, (max-width: 1920px) 100vw, 1920px\" \/><\/figure>\n<\/div>\n<\/div>\n\n<h3 class=\"wp-block-heading\" id=\"h-the-perfect-balance-of-tradition-experience-research-development-amp-innovation\" style=\"margin-bottom:var(--wp--preset--spacing--40)\">Idealna r\u00f3wnowaga tradycji, do\u015bwiadczenia, bada\u0144, rozwoju i innowacji<\/h3>\n\n<p style=\"margin-bottom:var(--wp--preset--spacing--20)\">Nasz zesp\u00f3\u0142 in\u017cynier\u00f3w ds. bada\u0144 i rozwoju ma szerokie mo\u017cliwo\u015bci w dziedzinach, kt\u00f3re s\u0105 niezb\u0119dne do opracowania najnowocze\u015bniejszych rozwi\u0105za\u0144 produktowych, w tym projektowania komputerowego i analizy wytrzyma\u0142o\u015bci, wymiany ciep\u0142a i dynamicznego przep\u0142ywu. Dzi\u0119ki naszemu bogatemu do\u015bwiadczeniu w zakresie bada\u0144 i rozwoju oraz proces\u00f3w, opracowali\u015bmy wysoce precyzyjne procesy t\u0142oczenia i produkcji, kt\u00f3re dodatkowo u\u0142atwiaj\u0105 opracowywanie nowych produkt\u00f3w i zastosowa\u0144 dla segment\u00f3w OEM i Aftermarket. <\/p>\n\n<p>Ci\u0119\u017cko pracujemy, aby znale\u017a\u0107 idealn\u0105 r\u00f3wnowag\u0119 mi\u0119dzy tradycj\u0105, sprawdzon\u0105 technologi\u0105 i innowacyjno\u015bci\u0105. Oznacza to, \u017ce patrzymy zar\u00f3wno na przesz\u0142e do\u015bwiadczenia, jak i przysz\u0142e innowacje, aby opracowywa\u0107 nowe i ulepszone, niezawodne, prze\u0142omowe produkty. <\/p>\n\n<div class=\"wp-block-cover alignfull is-light\" style=\"margin-top:var(--wp--preset--spacing--60);margin-bottom:var(--wp--preset--spacing--60);padding-top:var(--wp--preset--spacing--60);padding-bottom:var(--wp--preset--spacing--60)\"><span aria-hidden=\"true\" class=\"wp-block-cover__background has-palette-bg-background-color has-background-dim-80 has-background-dim\"><\/span><img loading=\"lazy\" decoding=\"async\" width=\"2560\" height=\"845\" class=\"wp-block-cover__image-background wp-image-4694\" alt=\"\" src=\"https:\/\/mx.motorad.com\/wp-content\/uploads\/2025\/04\/Road_into_Light_process.jpg\" data-object-fit=\"cover\" srcset=\"https:\/\/mx.motorad.com\/wp-content\/uploads\/2025\/04\/Road_into_Light_process.jpg 2560w, https:\/\/mx.motorad.com\/wp-content\/uploads\/2025\/04\/Road_into_Light_process-300x99.jpg 300w, https:\/\/mx.motorad.com\/wp-content\/uploads\/2025\/04\/Road_into_Light_process-1024x338.jpg 1024w, https:\/\/mx.motorad.com\/wp-content\/uploads\/2025\/04\/Road_into_Light_process-768x254.jpg 768w, https:\/\/mx.motorad.com\/wp-content\/uploads\/2025\/04\/Road_into_Light_process-1536x507.jpg 1536w, https:\/\/mx.motorad.com\/wp-content\/uploads\/2025\/04\/Road_into_Light_process-2048x676.jpg 2048w\" sizes=\"auto, (max-width: 2560px) 100vw, 2560px\" \/><div class=\"wp-block-cover__inner-container is-layout-flow wp-block-cover-is-layout-flow\">\n<h2 class=\"wp-block-heading has-text-align-center\" id=\"h-our-product-development-process\" style=\"margin-bottom:var(--wp--preset--spacing--40)\">Nasz proces rozwoju produktu<\/h2>\n\n\n\n<p class=\"has-text-align-center\">W MotoRad nasz zesp\u00f3\u0142 in\u017cynier\u00f3w nieustannie projektuje zautomatyzowane maszyny, kt\u00f3re przyspieszaj\u0105 proces produkcji i poprawiaj\u0105 jego wydajno\u015b\u0107. Wszystkie matryce i formy MotoRad s\u0105 opracowywane i budowane w naszym w\u0142asnym, najnowocze\u015bniejszym dziale narz\u0119dzi i matryc. Szybkie maszyny monta\u017cowe umo\u017cliwiaj\u0105 nam przestrzeganie najbardziej wymagaj\u0105cych harmonogram\u00f3w produkcji przy jednoczesnym zachowaniu najwy\u017cszego poziomu jako\u015bci.  <\/p>\n\n\n\n<div class=\"wp-block-columns alignwide is-layout-flex wp-container-core-columns-is-layout-b61b2f12 wp-block-columns-is-layout-flex\" style=\"margin-top:var(--wp--preset--spacing--50)\">\n<div class=\"wp-block-column is-layout-flow wp-block-column-is-layout-flow\">\n<h4 class=\"wp-block-heading has-text-align-center\" id=\"h-outstanding-quality\" style=\"margin-bottom:var(--wp--preset--spacing--30)\">Wyj\u0105tkowa jako\u015b\u0107<\/h4>\n\n\n\n<p class=\"has-text-align-center is-style-default\">Jeste\u015bmy dumni z dostarczania produkt\u00f3w \u015bwiatowej klasy. Ka\u017cda cz\u0119\u015b\u0107 wyprodukowana przez MotoRad jest testowana przed wysy\u0142k\u0105 do naszych klient\u00f3w, aby upewni\u0107 si\u0119, \u017ce spe\u0142nia lub przekracza wszystkie specyfikacje OEM. <\/p>\n<\/div>\n\n\n\n<div class=\"wp-block-column is-layout-flow wp-block-column-is-layout-flow\">\n<h4 class=\"wp-block-heading has-text-align-center\" id=\"h-leading-innovation\" style=\"margin-bottom:var(--wp--preset--spacing--30)\">Wiod\u0105ca innowacyjno\u015b\u0107<\/h4>\n\n\n\n<p class=\"has-text-align-center is-style-default\">Jeste\u015bmy zaanga\u017cowani w dostarczanie innowacji i warto\u015bci naszym klientom poprzez inwestowanie w wykwalifikowane i utalentowane zasoby oraz zaawansowane technologie w celu opracowywania nowych produkt\u00f3w, ulepszania istniej\u0105cych oraz oceny nowych trend\u00f3w rynkowych i nowatorskich materia\u0142\u00f3w.<\/p>\n<\/div>\n\n\n\n<div class=\"wp-block-column is-layout-flow wp-block-column-is-layout-flow\">\n<h4 class=\"wp-block-heading has-text-align-center\" id=\"h-r-amp-d-leadership\" style=\"margin-bottom:var(--wp--preset--spacing--30)\">Przyw\u00f3dztwo w zakresie bada\u0144 i rozwoju<\/h4>\n\n\n\n<p class=\"has-text-align-center is-style-default\">Nieustannie inwestujemy w badania i rozw\u00f3j oraz wysoko wykwalifikowany zesp\u00f3\u0142, aby by\u0107 w czo\u0142\u00f3wce innowacji technologicznych i oferowa\u0107 naszym klientom nowe i zaawansowane produkty.<\/p>\n<\/div>\n\n\n\n<div class=\"wp-block-column is-layout-flow wp-block-column-is-layout-flow\">\n<h4 class=\"wp-block-heading has-text-align-center\" id=\"h-engineering-capabilities\" style=\"margin-bottom:var(--wp--preset--spacing--30)\">Mo\u017cliwo\u015bci in\u017cynieryjne<\/h4>\n\n\n\n<p class=\"has-text-align-center is-style-default\">Oferujemy szeroki zakres profesjonalnych us\u0142ug in\u017cynieryjnych, od wewn\u0119trznego projektowania CAD, analizy przep\u0142ywu i testowania narz\u0119dzi symulacyjnych po projektowanie typu black-box i budowanie do druku zgodnie z wymaganiami OEM.<\/p>\n<\/div>\n<\/div>\n<\/div><\/div>\n\n<div class=\"wp-block-columns is-layout-flex wp-container-core-columns-is-layout-d07913d3 wp-block-columns-is-layout-flex\" style=\"margin-bottom:var(--wp--preset--spacing--60)\">\n<div class=\"wp-block-column is-layout-flow wp-block-column-is-layout-flow\" style=\"flex-basis:66.66%\">\n<h2 class=\"wp-block-heading\" id=\"h-advanced-in-house-engineering-capabilities\" style=\"margin-bottom:var(--wp--preset--spacing--40)\">Zaawansowane wewn\u0119trzne mo\u017cliwo\u015bci in\u017cynieryjne<\/h2>\n\n\n\n<p style=\"margin-bottom:var(--wp--preset--spacing--20)\">Najnowocze\u015bniejsze narz\u0119dzia badawczo-rozwojowe MotoRad, wraz z mo\u017cliwo\u015bciami naszego zespo\u0142u in\u017cynier\u00f3w i ogromnym do\u015bwiadczeniem, umo\u017cliwiaj\u0105 nam kompletny wewn\u0119trzny proces rozwoju, w tym wszystkie odpowiednie narz\u0119dzia do symulacji i analizy.<\/p>\n\n\n\n<p style=\"margin-bottom:var(--wp--preset--spacing--20)\">Oferujemy szeroki zakres profesjonalnych us\u0142ug in\u017cynieryjnych, od wewn\u0119trznego projektowania CAD, analizy przep\u0142ywu i testowania narz\u0119dzi symulacyjnych po projektowanie typu black-box i budowanie do druku zgodnie z wymaganiami OEM.<\/p>\n\n\n\n<p>Nasz wewn\u0119trzny proces projektowania znacznie poprawia szybko\u015b\u0107 i jako\u015b\u0107 projektowania oraz przyczynia si\u0119 do zwinno\u015bci i elastyczno\u015bci naszego zespo\u0142u in\u017cynier\u00f3w.<\/p>\n<\/div>\n\n\n\n<div class=\"wp-block-column is-layout-flow wp-block-column-is-layout-flow\" style=\"flex-basis:33.33%\">\n<figure class=\"wp-block-image size-full\"><img loading=\"lazy\" decoding=\"async\" width=\"798\" height=\"794\" src=\"https:\/\/mx.motorad.com\/wp-content\/uploads\/2025\/04\/RD_Photo_TechPage-1.png\" alt=\"\" class=\"wp-image-4687\" srcset=\"https:\/\/mx.motorad.com\/wp-content\/uploads\/2025\/04\/RD_Photo_TechPage-1.png 798w, https:\/\/mx.motorad.com\/wp-content\/uploads\/2025\/04\/RD_Photo_TechPage-1-300x298.png 300w, https:\/\/mx.motorad.com\/wp-content\/uploads\/2025\/04\/RD_Photo_TechPage-1-150x150.png 150w, https:\/\/mx.motorad.com\/wp-content\/uploads\/2025\/04\/RD_Photo_TechPage-1-768x764.png 768w\" sizes=\"auto, (max-width: 798px) 100vw, 798px\" \/><\/figure>\n<\/div>\n<\/div>\n\n<h2 class=\"wp-block-heading has-text-align-center\" id=\"h-advanced-quality-management\" style=\"margin-bottom:var(--wp--preset--spacing--40)\">Zaawansowane zarz\u0105dzanie jako\u015bci\u0105<\/h2>\n\n<div class=\"wp-block-columns is-layout-flex wp-container-core-columns-is-layout-06f677bf wp-block-columns-is-layout-flex\" style=\"margin-bottom:var(--wp--preset--spacing--70)\">\n<div class=\"wp-block-column is-layout-flow wp-block-column-is-layout-flow\">\n<figure class=\"wp-block-image aligncenter size-full\"><img loading=\"lazy\" decoding=\"async\" width=\"600\" height=\"200\" src=\"https:\/\/mx.motorad.com\/wp-content\/uploads\/2025\/04\/certs.webp\" alt=\"\" class=\"wp-image-4591\" srcset=\"https:\/\/mx.motorad.com\/wp-content\/uploads\/2025\/04\/certs.webp 600w, https:\/\/mx.motorad.com\/wp-content\/uploads\/2025\/04\/certs-300x100.webp 300w\" sizes=\"auto, (max-width: 600px) 100vw, 600px\" \/><\/figure>\n<\/div>\n\n\n\n<div class=\"wp-block-column is-layout-flow wp-block-column-is-layout-flow\">\n<p class=\"has-text-align-left\">Ka\u017cda cz\u0119\u015b\u0107 produkowana przez MotoRad jest testowana w fabryce przed wys\u0142aniem do naszych klient\u00f3w. MotoRad produkuje termostaty, za\u015blepki i nowe produkty technologiczne oraz czujniki zgodnie z normami QS, TS i ISO. Nasze najnowocze\u015bniejsze laboratorium jako\u015bci posiada ca\u0142y sprz\u0119t i zasoby potrzebne do weryfikacji i walidacji wszystkich nowo zaprojektowanych produkt\u00f3w MotoRad, a tak\u017ce do wspierania ulepsze\u0144 produkt\u00f3w, kt\u00f3re jeszcze bardziej poprawiaj\u0105 ich jako\u015b\u0107 i wytrzyma\u0142o\u015b\u0107.  <\/p>\n<\/div>\n<\/div>\n\n<div class=\"wp-block-cover alignfull is-light\" style=\"padding-top:var(--wp--preset--spacing--60);padding-bottom:var(--wp--preset--spacing--60)\"><span aria-hidden=\"true\" class=\"wp-block-cover__background has-background-dim-0 has-background-dim\" style=\"background-color:#ece5d9\"><\/span><img loading=\"lazy\" decoding=\"async\" width=\"1505\" height=\"305\" class=\"wp-block-cover__image-background wp-image-223\" alt=\"\" src=\"https:\/\/mx.motorad.com\/wp-content\/uploads\/2025\/03\/FooterCTA.jpg\" data-object-fit=\"cover\" srcset=\"https:\/\/mx.motorad.com\/wp-content\/uploads\/2025\/03\/FooterCTA.jpg 1505w, https:\/\/mx.motorad.com\/wp-content\/uploads\/2025\/03\/FooterCTA-300x61.jpg 300w, https:\/\/mx.motorad.com\/wp-content\/uploads\/2025\/03\/FooterCTA-1024x208.jpg 1024w, https:\/\/mx.motorad.com\/wp-content\/uploads\/2025\/03\/FooterCTA-768x156.jpg 768w\" sizes=\"auto, (max-width: 1505px) 100vw, 1505px\" \/><div class=\"wp-block-cover__inner-container is-layout-flow wp-block-cover-is-layout-flow\">\n<div class=\"wp-block-columns are-vertically-aligned-center is-layout-flex wp-container-core-columns-is-layout-cbe57604 wp-block-columns-is-layout-flex\">\n<div class=\"wp-block-column is-vertically-aligned-center is-layout-flow wp-block-column-is-layout-flow\" style=\"flex-basis:45%\">\n<h2 class=\"wp-block-heading has-text-align-center has-palette-text-color has-text-color\" id=\"h-need-help-finding-the-right-product\" style=\"margin-bottom:var(--wp--preset--spacing--40)\">Potrzebujesz pomocy w znalezieniu odpowiedniego produktu?<\/h2>\n\n\n\n<p class=\"has-text-align-center has-palette-text-color has-text-color\" style=\"margin-bottom:var(--wp--preset--spacing--50)\">Nasz oddany zesp\u00f3\u0142 jest tutaj, aby poprowadzi\u0107 Ci\u0119 we w\u0142a\u015bciwym kierunku. Kliknij poni\u017cej i daj nam zna\u0107, jak mo\u017cemy Ci pom\u00f3c w znalezieniu idealnego produktu dla Twoich potrzeb. Twoja podr\u00f3\u017c do do\u015bwiadczania BETTER zaczyna si\u0119 tutaj.  <\/p>\n\n\n\n<div class=\"wp-block-buttons is-content-justification-center is-layout-flex wp-container-core-buttons-is-layout-a89b3969 wp-block-buttons-is-layout-flex\">\n<div class=\"wp-block-button\"><a class=\"wp-block-button__link has-text-align-center wp-element-button\" href=\"https:\/\/mx.motorad.com\/contact\/need-help-finding-something\/\">Porozmawiaj ze specjalist\u0105 MotoRad<\/a><\/div>\n<\/div>\n<\/div>\n\n\n\n<div class=\"wp-block-column is-layout-flow wp-block-column-is-layout-flow\" style=\"flex-basis:10%\"><\/div>\n\n\n\n<div class=\"wp-block-column is-layout-flow wp-block-column-is-layout-flow\" style=\"flex-basis:45%\">\n<h2 class=\"wp-block-heading has-text-align-center has-palette-text-color has-text-color\" id=\"h-looking-for-custom-development\" style=\"margin-bottom:var(--wp--preset--spacing--40)\">Szukasz niestandardowego oprogramowania?<\/h2>\n\n\n\n<p class=\"has-text-align-center has-palette-text-color has-text-color\" style=\"margin-bottom:var(--wp--preset--spacing--50)\">Nie chodzi nam tylko o produkty; tworzymy rozwi\u0105zania dostosowane do Twoich potrzeb. Czy jeste\u015b gotowy, aby o\u017cywi\u0107 sw\u00f3j nowy projekt? Kliknij poni\u017cej i wyruszmy razem w podr\u00f3\u017c tworzenia niestandardowych produkt\u00f3w.  <\/p>\n\n\n\n<div class=\"wp-block-buttons is-content-justification-center is-layout-flex wp-container-core-buttons-is-layout-a89b3969 wp-block-buttons-is-layout-flex\">\n<div class=\"wp-block-button is-style-fill\"><a class=\"wp-block-button__link has-palette-bg-color has-palette-text-background-color has-text-color has-background has-text-align-center wp-element-button\" href=\"https:\/\/mx.motorad.com\/contact\/do-you-need-custom-development\/\">Chcemy by\u0107 Twoim dostawc\u0105<\/a><\/div>\n<\/div>\n<\/div>\n<\/div>\n<\/div><\/div>\n","protected":false},"excerpt":{"rendered":"<p>W MotoRad jeste\u015bmy liderem innowacji Nieustannie pracujemy nad popraw\u0105 wydajno\u015bci i warto\u015bci naszej oferty poprzez opracowywanie nowych produkt\u00f3w, ocen\u0119 nowych [&#8230;]<\/p>\n","protected":false},"author":1,"featured_media":0,"parent":0,"menu_order":0,"comment_status":"closed","ping_status":"closed","template":"","meta":{"_acf_changed":false,"footnotes":""},"class_list":["post-5694","page","type-page","status-publish","hentry"],"acf":[],"yoast_head":"<!-- This site is optimized with the Yoast SEO Premium plugin v27.2 (Yoast SEO v27.2) - https:\/\/yoast.com\/product\/yoast-seo-premium-wordpress\/ -->\n<title>Technologia i innowacje - MotoRad<\/title>\n<meta name=\"description\" content=\"MotoRad - Technologia i innowacje\" \/>\n<meta name=\"robots\" content=\"index, follow, max-snippet:-1, max-image-preview:large, max-video-preview:-1\" \/>\n<link rel=\"canonical\" href=\"https:\/\/mx.motorad.com\/pl\/technologia-i-innowacje\/\" \/>\n<meta property=\"og:locale\" content=\"pl_PL\" \/>\n<meta property=\"og:type\" content=\"article\" \/>\n<meta property=\"og:title\" content=\"Technologia i innowacje\" \/>\n<meta property=\"og:description\" content=\"MotoRad - Technologia i innowacje\" \/>\n<meta property=\"og:url\" content=\"https:\/\/mx.motorad.com\/pl\/technologia-i-innowacje\/\" \/>\n<meta property=\"og:site_name\" content=\"MotoRad\" \/>\n<meta property=\"article:modified_time\" content=\"2025-06-13T12:46:32+00:00\" \/>\n<meta property=\"og:image\" content=\"https:\/\/mx.motorad.com\/wp-content\/uploads\/2025\/04\/Road_into_Light_tech.jpg\" \/>\n\t<meta property=\"og:image:width\" content=\"2560\" \/>\n\t<meta property=\"og:image:height\" content=\"1707\" \/>\n\t<meta property=\"og:image:type\" content=\"image\/jpeg\" \/>\n<meta name=\"twitter:card\" content=\"summary_large_image\" \/>\n<meta name=\"twitter:label1\" content=\"Est. reading time\" \/>\n\t<meta name=\"twitter:data1\" content=\"3 minuty\" \/>\n<script type=\"application\/ld+json\" class=\"yoast-schema-graph\">{\"@context\":\"https:\/\/schema.org\",\"@graph\":[{\"@type\":\"WebPage\",\"@id\":\"https:\/\/mx.motorad.com\/pl\/technologia-i-innowacje\/\",\"url\":\"https:\/\/mx.motorad.com\/pl\/technologia-i-innowacje\/\",\"name\":\"Technologia i innowacje - MotoRad\",\"isPartOf\":{\"@id\":\"https:\/\/mx.motorad.com\/pl\/#website\"},\"primaryImageOfPage\":{\"@id\":\"https:\/\/mx.motorad.com\/pl\/technologia-i-innowacje\/#primaryimage\"},\"image\":{\"@id\":\"https:\/\/mx.motorad.com\/pl\/technologia-i-innowacje\/#primaryimage\"},\"thumbnailUrl\":\"https:\/\/mx.motorad.com\/wp-content\/uploads\/2025\/04\/Road_into_Light_tech.jpg\",\"datePublished\":\"2025-04-04T13:08:27+00:00\",\"dateModified\":\"2025-06-13T12:46:32+00:00\",\"description\":\"MotoRad - Technologia i innowacje\",\"breadcrumb\":{\"@id\":\"https:\/\/mx.motorad.com\/pl\/technologia-i-innowacje\/#breadcrumb\"},\"inLanguage\":\"pl-PL\",\"potentialAction\":[{\"@type\":\"ReadAction\",\"target\":[\"https:\/\/mx.motorad.com\/pl\/technologia-i-innowacje\/\"]}]},{\"@type\":\"ImageObject\",\"inLanguage\":\"pl-PL\",\"@id\":\"https:\/\/mx.motorad.com\/pl\/technologia-i-innowacje\/#primaryimage\",\"url\":\"https:\/\/mx.motorad.com\/wp-content\/uploads\/2025\/04\/Road_into_Light_tech.jpg\",\"contentUrl\":\"https:\/\/mx.motorad.com\/wp-content\/uploads\/2025\/04\/Road_into_Light_tech.jpg\"},{\"@type\":\"BreadcrumbList\",\"@id\":\"https:\/\/mx.motorad.com\/pl\/technologia-i-innowacje\/#breadcrumb\",\"itemListElement\":[{\"@type\":\"ListItem\",\"position\":1,\"name\":\"Home\",\"item\":\"https:\/\/mx.motorad.com\/pl\/\"},{\"@type\":\"ListItem\",\"position\":2,\"name\":\"Technologia i innowacje\"}]},{\"@type\":\"WebSite\",\"@id\":\"https:\/\/mx.motorad.com\/pl\/#website\",\"url\":\"https:\/\/mx.motorad.com\/pl\/\",\"name\":\"MotoRad\",\"description\":\"Trusted to Deliver Better - Thermal Management, Emissions, Powertrain Controls\",\"potentialAction\":[{\"@type\":\"SearchAction\",\"target\":{\"@type\":\"EntryPoint\",\"urlTemplate\":\"https:\/\/mx.motorad.com\/pl\/?s={search_term_string}\"},\"query-input\":{\"@type\":\"PropertyValueSpecification\",\"valueRequired\":true,\"valueName\":\"search_term_string\"}}],\"inLanguage\":\"pl-PL\"}]}<\/script>\n<!-- \/ Yoast SEO Premium plugin. -->","yoast_head_json":{"title":"Technologia i innowacje - MotoRad","description":"MotoRad - Technologia i innowacje","robots":{"index":"index","follow":"follow","max-snippet":"max-snippet:-1","max-image-preview":"max-image-preview:large","max-video-preview":"max-video-preview:-1"},"canonical":"https:\/\/mx.motorad.com\/pl\/technologia-i-innowacje\/","og_locale":"pl_PL","og_type":"article","og_title":"Technologia i innowacje","og_description":"MotoRad - Technologia i innowacje","og_url":"https:\/\/mx.motorad.com\/pl\/technologia-i-innowacje\/","og_site_name":"MotoRad","article_modified_time":"2025-06-13T12:46:32+00:00","og_image":[{"width":2560,"height":1707,"url":"https:\/\/mx.motorad.com\/wp-content\/uploads\/2025\/04\/Road_into_Light_tech.jpg","type":"image\/jpeg"}],"twitter_card":"summary_large_image","twitter_misc":{"Est. reading time":"3 minuty"},"schema":{"@context":"https:\/\/schema.org","@graph":[{"@type":"WebPage","@id":"https:\/\/mx.motorad.com\/pl\/technologia-i-innowacje\/","url":"https:\/\/mx.motorad.com\/pl\/technologia-i-innowacje\/","name":"Technologia i innowacje - MotoRad","isPartOf":{"@id":"https:\/\/mx.motorad.com\/pl\/#website"},"primaryImageOfPage":{"@id":"https:\/\/mx.motorad.com\/pl\/technologia-i-innowacje\/#primaryimage"},"image":{"@id":"https:\/\/mx.motorad.com\/pl\/technologia-i-innowacje\/#primaryimage"},"thumbnailUrl":"https:\/\/mx.motorad.com\/wp-content\/uploads\/2025\/04\/Road_into_Light_tech.jpg","datePublished":"2025-04-04T13:08:27+00:00","dateModified":"2025-06-13T12:46:32+00:00","description":"MotoRad - Technologia i innowacje","breadcrumb":{"@id":"https:\/\/mx.motorad.com\/pl\/technologia-i-innowacje\/#breadcrumb"},"inLanguage":"pl-PL","potentialAction":[{"@type":"ReadAction","target":["https:\/\/mx.motorad.com\/pl\/technologia-i-innowacje\/"]}]},{"@type":"ImageObject","inLanguage":"pl-PL","@id":"https:\/\/mx.motorad.com\/pl\/technologia-i-innowacje\/#primaryimage","url":"https:\/\/mx.motorad.com\/wp-content\/uploads\/2025\/04\/Road_into_Light_tech.jpg","contentUrl":"https:\/\/mx.motorad.com\/wp-content\/uploads\/2025\/04\/Road_into_Light_tech.jpg"},{"@type":"BreadcrumbList","@id":"https:\/\/mx.motorad.com\/pl\/technologia-i-innowacje\/#breadcrumb","itemListElement":[{"@type":"ListItem","position":1,"name":"Home","item":"https:\/\/mx.motorad.com\/pl\/"},{"@type":"ListItem","position":2,"name":"Technologia i innowacje"}]},{"@type":"WebSite","@id":"https:\/\/mx.motorad.com\/pl\/#website","url":"https:\/\/mx.motorad.com\/pl\/","name":"MotoRad","description":"Trusted to Deliver Better - Thermal Management, Emissions, Powertrain Controls","potentialAction":[{"@type":"SearchAction","target":{"@type":"EntryPoint","urlTemplate":"https:\/\/mx.motorad.com\/pl\/?s={search_term_string}"},"query-input":{"@type":"PropertyValueSpecification","valueRequired":true,"valueName":"search_term_string"}}],"inLanguage":"pl-PL"}]}},"_links":{"self":[{"href":"https:\/\/mx.motorad.com\/pl\/wp-json\/wp\/v2\/pages\/5694","targetHints":{"allow":["GET"]}}],"collection":[{"href":"https:\/\/mx.motorad.com\/pl\/wp-json\/wp\/v2\/pages"}],"about":[{"href":"https:\/\/mx.motorad.com\/pl\/wp-json\/wp\/v2\/types\/page"}],"author":[{"embeddable":true,"href":"https:\/\/mx.motorad.com\/pl\/wp-json\/wp\/v2\/users\/1"}],"replies":[{"embeddable":true,"href":"https:\/\/mx.motorad.com\/pl\/wp-json\/wp\/v2\/comments?post=5694"}],"version-history":[{"count":1,"href":"https:\/\/mx.motorad.com\/pl\/wp-json\/wp\/v2\/pages\/5694\/revisions"}],"predecessor-version":[{"id":5696,"href":"https:\/\/mx.motorad.com\/pl\/wp-json\/wp\/v2\/pages\/5694\/revisions\/5696"}],"wp:attachment":[{"href":"https:\/\/mx.motorad.com\/pl\/wp-json\/wp\/v2\/media?parent=5694"}],"curies":[{"name":"wp","href":"https:\/\/api.w.org\/{rel}","templated":true}]}}