{"id":5716,"date":"2025-06-11T12:40:34","date_gmt":"2025-06-11T12:40:34","guid":{"rendered":"https:\/\/mx.motorad.com\/kontakt\/potrzebujesz-pomocy-w-znalezieniu-czegos\/"},"modified":"2026-03-17T14:38:35","modified_gmt":"2026-03-17T14:38:35","slug":"potrzebujesz-pomocy-w-znalezieniu-czegos","status":"publish","type":"page","link":"https:\/\/mx.motorad.com\/pl\/kontakt\/potrzebujesz-pomocy-w-znalezieniu-czegos\/","title":{"rendered":"Potrzebujesz pomocy w znalezieniu czego\u015b?"},"content":{"rendered":"<h1 style=\"margin-top:var(--wp--preset--spacing--60);margin-bottom:var(--wp--preset--spacing--60);\" class=\"wp-block-post-title\">Potrzebujesz pomocy w znalezieniu czego\u015b?<\/h1>\n<div class=\"wp-block-columns is-layout-flex wp-container-core-columns-is-layout-212ad063 wp-block-columns-is-layout-flex\" style=\"margin-bottom:var(--wp--preset--spacing--70)\">\n<div class=\"wp-block-column is-layout-flow wp-block-column-is-layout-flow\" style=\"flex-basis:66.66%\">\n<p style=\"margin-bottom:var(--wp--preset--spacing--30)\">Masz problem ze znalezieniem konkretnego produktu lub aplikacji na Motorad.com? Nasz zesp\u00f3\u0142 jest tutaj, aby Ci pom\u00f3c! Mo\u017cesz r\u00f3wnie\u017c skontaktowa\u0107 si\u0119 z naszym zespo\u0142em in\u017cynieryjno-rozwojowym, korzystaj\u0105c z naszego  <\/p>\n\n\n\n<div class=\"wp-block-buttons is-layout-flex wp-block-buttons-is-layout-flex\" style=\"margin-top:var(--wp--preset--spacing--50);margin-bottom:var(--wp--preset--spacing--60)\">\n<div class=\"wp-block-button is-style-read-more\"><a class=\"wp-block-button__link wp-element-button\" href=\"https:\/\/mx.motorad.com\/pl\/kontakt\/czy-potrzebujesz-niestandardowego-oprogramowania\/\">FORMULARZ ROZWOJU NOWYCH PRODUKT\u00d3W<\/a><\/div>\n<\/div>\n\n\n\n<iframe loading=\"lazy\" src=\"https:\/\/go.motorad.com\/l\/846063\/2024-06-19\/2jbrwj\" width=\"100%\" height=\"800\" type=\"text\/html\" frameborder=\"0\" allowtransparency=\"true\" style=\"border: 0\"><\/iframe>\n<\/div>\n\n\n\n<div class=\"wp-block-column is-layout-flow wp-block-column-is-layout-flow\" style=\"flex-basis:33.33%\">\n<figure class=\"wp-block-image size-full\" style=\"margin-bottom:var(--wp--preset--spacing--50)\"><img loading=\"lazy\" decoding=\"async\" width=\"972\" height=\"636\" src=\"https:\/\/mx.motorad.com\/wp-content\/uploads\/2025\/04\/TrustedToDeliverBetter.webp\" alt=\"\" class=\"wp-image-3317\" srcset=\"https:\/\/mx.motorad.com\/wp-content\/uploads\/2025\/04\/TrustedToDeliverBetter.webp 972w, https:\/\/mx.motorad.com\/wp-content\/uploads\/2025\/04\/TrustedToDeliverBetter-300x196.webp 300w, https:\/\/mx.motorad.com\/wp-content\/uploads\/2025\/04\/TrustedToDeliverBetter-768x503.webp 768w\" sizes=\"auto, (max-width: 972px) 100vw, 972px\" \/><\/figure>\n\n\n\n<h4 class=\"wp-block-heading\" style=\"margin-bottom:var(--wp--preset--spacing--40)\"><strong>Doceniamy Twoje zg\u0142oszenie i odpowiemy tak szybko, jak to mo\u017cliwe<\/strong>.<\/h4>\n\n\n\n<p style=\"margin-bottom:var(--wp--preset--spacing--50)\">Znajd\u017a nas na ca\u0142ym \u015bwiecie w tych lokalizacjach:<\/p>\n\n\n\n<p style=\"margin-bottom:var(--wp--preset--spacing--50)\"><strong>MOTORAD USA<\/strong> \u2013 Illinois<br\/>916 Empire Street<br\/>MT Carmel, IL 62863<br\/>g\u0142\u00f3wny: +1-888-262-4153<br\/>techniczny: +1-866-690-4357<\/p>\n\n\n\n<p style=\"margin-bottom:var(--wp--preset--spacing--50)\"><strong>MOTORAD USA<\/strong> &#8211; Georgia<br\/>200 Hembree Park Drive Suite R<br\/>Roswell, GA 30076<br\/>+1-678-691-2023<\/p>\n\n\n\n<p style=\"margin-bottom:var(--wp--preset--spacing--50)\"><strong>MOTORAD IZRAEL<\/strong> \u2013 Misgav<br\/>Bar-Lev Industrial Park,<br\/>Misgav 20156, Izrael<br\/>972-4-955-3232<\/p>\n\n\n\n<p style=\"margin-bottom:var(--wp--preset--spacing--50)\"><strong>MOTORAD NIEMCY<\/strong> \u2013 Allemagne<br\/>Max-Planck-Str. 6<br\/>D-50374 Erftstadt-Niemcy<br\/>+49-2235-430447<\/p>\n\n\n\n<p style=\"margin-bottom:0\"><strong>MOTORAD MEKSYK<\/strong> \u2013 Nuevo Leon<br\/>COLONIA SABINAS INDUSTRIAL PARK<br\/>Av. Luis Donaldo Colosio, N\u00famero 292,<br\/>Ciudad Apodaca, Nuevo Leon<br\/>66645<br\/>N. L. | Meksyk<br\/>Tel: +52 81 1972 6650 <\/p>\n<\/div>\n<\/div>\n\n<div class=\"wp-block-cover alignfull is-light\" style=\"padding-top:var(--wp--preset--spacing--60);padding-bottom:var(--wp--preset--spacing--60)\"><span aria-hidden=\"true\" class=\"wp-block-cover__background has-background-dim-0 has-background-dim\" style=\"background-color:#ece5d9\"><\/span><img loading=\"lazy\" decoding=\"async\" width=\"1505\" height=\"305\" class=\"wp-block-cover__image-background wp-image-223\" alt=\"\" src=\"https:\/\/mx.motorad.com\/wp-content\/uploads\/2025\/03\/FooterCTA.jpg\" data-object-fit=\"cover\" srcset=\"https:\/\/mx.motorad.com\/wp-content\/uploads\/2025\/03\/FooterCTA.jpg 1505w, https:\/\/mx.motorad.com\/wp-content\/uploads\/2025\/03\/FooterCTA-300x61.jpg 300w, https:\/\/mx.motorad.com\/wp-content\/uploads\/2025\/03\/FooterCTA-1024x208.jpg 1024w, https:\/\/mx.motorad.com\/wp-content\/uploads\/2025\/03\/FooterCTA-768x156.jpg 768w\" sizes=\"auto, (max-width: 1505px) 100vw, 1505px\" \/><div class=\"wp-block-cover__inner-container is-layout-flow wp-block-cover-is-layout-flow\">\n<div class=\"wp-block-columns are-vertically-aligned-center is-layout-flex wp-container-core-columns-is-layout-cbe57604 wp-block-columns-is-layout-flex\">\n<div class=\"wp-block-column is-vertically-aligned-center is-layout-flow wp-block-column-is-layout-flow\" style=\"flex-basis:45%\">\n<h2 class=\"wp-block-heading has-text-align-center has-palette-text-color has-text-color\" id=\"h-need-help-finding-the-right-product\" style=\"margin-bottom:var(--wp--preset--spacing--40)\">Potrzebujesz pomocy w znalezieniu odpowiedniego produktu?<\/h2>\n\n\n\n<p class=\"has-text-align-center has-palette-text-color has-text-color\" style=\"margin-bottom:var(--wp--preset--spacing--50)\">Nasz oddany zesp\u00f3\u0142 jest tutaj, aby poprowadzi\u0107 Ci\u0119 we w\u0142a\u015bciwym kierunku. Kliknij poni\u017cej i daj nam zna\u0107, jak mo\u017cemy Ci pom\u00f3c w znalezieniu idealnego produktu dla Twoich potrzeb. Twoja podr\u00f3\u017c do do\u015bwiadczania BETTER zaczyna si\u0119 tutaj.  <\/p>\n\n\n\n<div class=\"wp-block-buttons is-content-justification-center is-layout-flex wp-container-core-buttons-is-layout-a89b3969 wp-block-buttons-is-layout-flex\">\n<div class=\"wp-block-button\"><a class=\"wp-block-button__link has-text-align-center wp-element-button\" href=\"https:\/\/mx.motorad.com\/contact\/need-help-finding-something\/\">Porozmawiaj ze specjalist\u0105 MotoRad<\/a><\/div>\n<\/div>\n<\/div>\n\n\n\n<div class=\"wp-block-column is-layout-flow wp-block-column-is-layout-flow\" style=\"flex-basis:10%\"><\/div>\n\n\n\n<div class=\"wp-block-column is-layout-flow wp-block-column-is-layout-flow\" style=\"flex-basis:45%\">\n<h2 class=\"wp-block-heading has-text-align-center has-palette-text-color has-text-color\" id=\"h-looking-for-custom-development\" style=\"margin-bottom:var(--wp--preset--spacing--40)\">Szukasz niestandardowego oprogramowania?<\/h2>\n\n\n\n<p class=\"has-text-align-center has-palette-text-color has-text-color\" style=\"margin-bottom:var(--wp--preset--spacing--50)\">Nie chodzi nam tylko o produkty; tworzymy rozwi\u0105zania dostosowane do Twoich potrzeb. Czy jeste\u015b gotowy, aby o\u017cywi\u0107 sw\u00f3j nowy projekt? Kliknij poni\u017cej i wyruszmy razem w podr\u00f3\u017c tworzenia niestandardowych produkt\u00f3w.  <\/p>\n\n\n\n<div class=\"wp-block-buttons is-content-justification-center is-layout-flex wp-container-core-buttons-is-layout-a89b3969 wp-block-buttons-is-layout-flex\">\n<div class=\"wp-block-button is-style-fill\"><a class=\"wp-block-button__link has-palette-bg-color has-palette-text-background-color has-text-color has-background has-text-align-center wp-element-button\" href=\"https:\/\/mx.motorad.com\/contact\/do-you-need-custom-development\/\">Chcemy by\u0107 Twoim dostawc\u0105<\/a><\/div>\n<\/div>\n<\/div>\n<\/div>\n<\/div><\/div>\n","protected":false},"excerpt":{"rendered":"<p>Masz problem ze znalezieniem konkretnego produktu lub aplikacji na Motorad.com? Nasz zesp\u00f3\u0142 jest tutaj, aby Ci pom\u00f3c! Mo\u017cesz r\u00f3wnie\u017c skontaktowa\u0107 [&#8230;]<\/p>\n","protected":false},"author":1,"featured_media":0,"parent":5609,"menu_order":0,"comment_status":"closed","ping_status":"closed","template":"","meta":{"_acf_changed":false,"footnotes":""},"class_list":["post-5716","page","type-page","status-publish","hentry"],"acf":[],"yoast_head":"<!-- This site is optimized with the Yoast SEO Premium plugin v27.2 (Yoast SEO v27.2) - https:\/\/yoast.com\/product\/yoast-seo-premium-wordpress\/ -->\n<title>Potrzebujesz pomocy w znalezieniu czego\u015b? - MotoRad<\/title>\n<meta name=\"description\" content=\"MotoRad - Potrzebujesz pomocy w znalezieniu czego\u015b?\" \/>\n<meta name=\"robots\" content=\"index, follow, max-snippet:-1, max-image-preview:large, max-video-preview:-1\" \/>\n<link rel=\"canonical\" href=\"https:\/\/mx.motorad.com\/pl\/kontakt\/potrzebujesz-pomocy-w-znalezieniu-czegos\/\" \/>\n<meta property=\"og:locale\" content=\"pl_PL\" \/>\n<meta property=\"og:type\" content=\"article\" \/>\n<meta property=\"og:title\" content=\"Potrzebujesz pomocy w znalezieniu czego\u015b?\" \/>\n<meta property=\"og:description\" content=\"MotoRad - Potrzebujesz pomocy w znalezieniu czego\u015b?\" \/>\n<meta property=\"og:url\" content=\"https:\/\/mx.motorad.com\/pl\/kontakt\/potrzebujesz-pomocy-w-znalezieniu-czegos\/\" \/>\n<meta property=\"og:site_name\" content=\"MotoRad\" \/>\n<meta property=\"article:modified_time\" content=\"2026-03-17T14:38:35+00:00\" \/>\n<meta property=\"og:image\" content=\"https:\/\/mx.motorad.com\/wp-content\/uploads\/2025\/04\/TrustedToDeliverBetter.webp\" \/>\n\t<meta property=\"og:image:width\" content=\"972\" \/>\n\t<meta property=\"og:image:height\" content=\"636\" \/>\n\t<meta property=\"og:image:type\" content=\"image\/webp\" \/>\n<meta name=\"twitter:card\" content=\"summary_large_image\" \/>\n<meta name=\"twitter:label1\" content=\"Est. reading time\" \/>\n\t<meta name=\"twitter:data1\" content=\"1 minuta\" \/>\n<script type=\"application\/ld+json\" class=\"yoast-schema-graph\">{\"@context\":\"https:\/\/schema.org\",\"@graph\":[{\"@type\":\"WebPage\",\"@id\":\"https:\/\/mx.motorad.com\/pl\/kontakt\/potrzebujesz-pomocy-w-znalezieniu-czegos\/\",\"url\":\"https:\/\/mx.motorad.com\/pl\/kontakt\/potrzebujesz-pomocy-w-znalezieniu-czegos\/\",\"name\":\"Potrzebujesz pomocy w znalezieniu czego\u015b? - MotoRad\",\"isPartOf\":{\"@id\":\"https:\/\/mx.motorad.com\/pl\/#website\"},\"primaryImageOfPage\":{\"@id\":\"https:\/\/mx.motorad.com\/pl\/kontakt\/potrzebujesz-pomocy-w-znalezieniu-czegos\/#primaryimage\"},\"image\":{\"@id\":\"https:\/\/mx.motorad.com\/pl\/kontakt\/potrzebujesz-pomocy-w-znalezieniu-czegos\/#primaryimage\"},\"thumbnailUrl\":\"https:\/\/mx.motorad.com\/wp-content\/uploads\/2025\/04\/TrustedToDeliverBetter.webp\",\"datePublished\":\"2025-06-11T12:40:34+00:00\",\"dateModified\":\"2026-03-17T14:38:35+00:00\",\"description\":\"MotoRad - Potrzebujesz pomocy w znalezieniu czego\u015b?\",\"breadcrumb\":{\"@id\":\"https:\/\/mx.motorad.com\/pl\/kontakt\/potrzebujesz-pomocy-w-znalezieniu-czegos\/#breadcrumb\"},\"inLanguage\":\"pl-PL\",\"potentialAction\":[{\"@type\":\"ReadAction\",\"target\":[\"https:\/\/mx.motorad.com\/pl\/kontakt\/potrzebujesz-pomocy-w-znalezieniu-czegos\/\"]}]},{\"@type\":\"ImageObject\",\"inLanguage\":\"pl-PL\",\"@id\":\"https:\/\/mx.motorad.com\/pl\/kontakt\/potrzebujesz-pomocy-w-znalezieniu-czegos\/#primaryimage\",\"url\":\"https:\/\/mx.motorad.com\/wp-content\/uploads\/2025\/04\/TrustedToDeliverBetter.webp\",\"contentUrl\":\"https:\/\/mx.motorad.com\/wp-content\/uploads\/2025\/04\/TrustedToDeliverBetter.webp\"},{\"@type\":\"BreadcrumbList\",\"@id\":\"https:\/\/mx.motorad.com\/pl\/kontakt\/potrzebujesz-pomocy-w-znalezieniu-czegos\/#breadcrumb\",\"itemListElement\":[{\"@type\":\"ListItem\",\"position\":1,\"name\":\"Home\",\"item\":\"https:\/\/mx.motorad.com\/pl\/\"},{\"@type\":\"ListItem\",\"position\":2,\"name\":\"Kontakt z MotoRad: Skontaktuj si\u0119 z nami, aby uzyska\u0107 wsparcie i informacje o produktach\",\"item\":\"https:\/\/mx.motorad.com\/pl\/kontakt\/\"},{\"@type\":\"ListItem\",\"position\":3,\"name\":\"Potrzebujesz pomocy w znalezieniu czego\u015b?\"}]},{\"@type\":\"WebSite\",\"@id\":\"https:\/\/mx.motorad.com\/pl\/#website\",\"url\":\"https:\/\/mx.motorad.com\/pl\/\",\"name\":\"MotoRad\",\"description\":\"Trusted to Deliver Better - Thermal Management, Emissions, Powertrain Controls\",\"potentialAction\":[{\"@type\":\"SearchAction\",\"target\":{\"@type\":\"EntryPoint\",\"urlTemplate\":\"https:\/\/mx.motorad.com\/pl\/?s={search_term_string}\"},\"query-input\":{\"@type\":\"PropertyValueSpecification\",\"valueRequired\":true,\"valueName\":\"search_term_string\"}}],\"inLanguage\":\"pl-PL\"}]}<\/script>\n<!-- \/ Yoast SEO Premium plugin. -->","yoast_head_json":{"title":"Potrzebujesz pomocy w znalezieniu czego\u015b? - MotoRad","description":"MotoRad - Potrzebujesz pomocy w znalezieniu czego\u015b?","robots":{"index":"index","follow":"follow","max-snippet":"max-snippet:-1","max-image-preview":"max-image-preview:large","max-video-preview":"max-video-preview:-1"},"canonical":"https:\/\/mx.motorad.com\/pl\/kontakt\/potrzebujesz-pomocy-w-znalezieniu-czegos\/","og_locale":"pl_PL","og_type":"article","og_title":"Potrzebujesz pomocy w znalezieniu czego\u015b?","og_description":"MotoRad - Potrzebujesz pomocy w znalezieniu czego\u015b?","og_url":"https:\/\/mx.motorad.com\/pl\/kontakt\/potrzebujesz-pomocy-w-znalezieniu-czegos\/","og_site_name":"MotoRad","article_modified_time":"2026-03-17T14:38:35+00:00","og_image":[{"width":972,"height":636,"url":"https:\/\/mx.motorad.com\/wp-content\/uploads\/2025\/04\/TrustedToDeliverBetter.webp","type":"image\/webp"}],"twitter_card":"summary_large_image","twitter_misc":{"Est. reading time":"1 minuta"},"schema":{"@context":"https:\/\/schema.org","@graph":[{"@type":"WebPage","@id":"https:\/\/mx.motorad.com\/pl\/kontakt\/potrzebujesz-pomocy-w-znalezieniu-czegos\/","url":"https:\/\/mx.motorad.com\/pl\/kontakt\/potrzebujesz-pomocy-w-znalezieniu-czegos\/","name":"Potrzebujesz pomocy w znalezieniu czego\u015b? - MotoRad","isPartOf":{"@id":"https:\/\/mx.motorad.com\/pl\/#website"},"primaryImageOfPage":{"@id":"https:\/\/mx.motorad.com\/pl\/kontakt\/potrzebujesz-pomocy-w-znalezieniu-czegos\/#primaryimage"},"image":{"@id":"https:\/\/mx.motorad.com\/pl\/kontakt\/potrzebujesz-pomocy-w-znalezieniu-czegos\/#primaryimage"},"thumbnailUrl":"https:\/\/mx.motorad.com\/wp-content\/uploads\/2025\/04\/TrustedToDeliverBetter.webp","datePublished":"2025-06-11T12:40:34+00:00","dateModified":"2026-03-17T14:38:35+00:00","description":"MotoRad - Potrzebujesz pomocy w znalezieniu czego\u015b?","breadcrumb":{"@id":"https:\/\/mx.motorad.com\/pl\/kontakt\/potrzebujesz-pomocy-w-znalezieniu-czegos\/#breadcrumb"},"inLanguage":"pl-PL","potentialAction":[{"@type":"ReadAction","target":["https:\/\/mx.motorad.com\/pl\/kontakt\/potrzebujesz-pomocy-w-znalezieniu-czegos\/"]}]},{"@type":"ImageObject","inLanguage":"pl-PL","@id":"https:\/\/mx.motorad.com\/pl\/kontakt\/potrzebujesz-pomocy-w-znalezieniu-czegos\/#primaryimage","url":"https:\/\/mx.motorad.com\/wp-content\/uploads\/2025\/04\/TrustedToDeliverBetter.webp","contentUrl":"https:\/\/mx.motorad.com\/wp-content\/uploads\/2025\/04\/TrustedToDeliverBetter.webp"},{"@type":"BreadcrumbList","@id":"https:\/\/mx.motorad.com\/pl\/kontakt\/potrzebujesz-pomocy-w-znalezieniu-czegos\/#breadcrumb","itemListElement":[{"@type":"ListItem","position":1,"name":"Home","item":"https:\/\/mx.motorad.com\/pl\/"},{"@type":"ListItem","position":2,"name":"Kontakt z MotoRad: Skontaktuj si\u0119 z nami, aby uzyska\u0107 wsparcie i informacje o produktach","item":"https:\/\/mx.motorad.com\/pl\/kontakt\/"},{"@type":"ListItem","position":3,"name":"Potrzebujesz pomocy w znalezieniu czego\u015b?"}]},{"@type":"WebSite","@id":"https:\/\/mx.motorad.com\/pl\/#website","url":"https:\/\/mx.motorad.com\/pl\/","name":"MotoRad","description":"Trusted to Deliver Better - Thermal Management, Emissions, Powertrain Controls","potentialAction":[{"@type":"SearchAction","target":{"@type":"EntryPoint","urlTemplate":"https:\/\/mx.motorad.com\/pl\/?s={search_term_string}"},"query-input":{"@type":"PropertyValueSpecification","valueRequired":true,"valueName":"search_term_string"}}],"inLanguage":"pl-PL"}]}},"_links":{"self":[{"href":"https:\/\/mx.motorad.com\/pl\/wp-json\/wp\/v2\/pages\/5716","targetHints":{"allow":["GET"]}}],"collection":[{"href":"https:\/\/mx.motorad.com\/pl\/wp-json\/wp\/v2\/pages"}],"about":[{"href":"https:\/\/mx.motorad.com\/pl\/wp-json\/wp\/v2\/types\/page"}],"author":[{"embeddable":true,"href":"https:\/\/mx.motorad.com\/pl\/wp-json\/wp\/v2\/users\/1"}],"replies":[{"embeddable":true,"href":"https:\/\/mx.motorad.com\/pl\/wp-json\/wp\/v2\/comments?post=5716"}],"version-history":[{"count":5,"href":"https:\/\/mx.motorad.com\/pl\/wp-json\/wp\/v2\/pages\/5716\/revisions"}],"predecessor-version":[{"id":87948,"href":"https:\/\/mx.motorad.com\/pl\/wp-json\/wp\/v2\/pages\/5716\/revisions\/87948"}],"up":[{"embeddable":true,"href":"https:\/\/mx.motorad.com\/pl\/wp-json\/wp\/v2\/pages\/5609"}],"wp:attachment":[{"href":"https:\/\/mx.motorad.com\/pl\/wp-json\/wp\/v2\/media?parent=5716"}],"curies":[{"name":"wp","href":"https:\/\/api.w.org\/{rel}","templated":true}]}}