{"id":5994,"date":"2025-04-03T16:02:00","date_gmt":"2025-04-03T16:02:00","guid":{"rendered":"https:\/\/mx.motorad.com\/zintegrowane-termostaty-obudowy-motorad\/"},"modified":"2026-03-17T12:55:52","modified_gmt":"2026-03-17T12:55:52","slug":"zintegrowane-termostaty-obudowy-motorad","status":"publish","type":"page","link":"https:\/\/mx.motorad.com\/pl\/produkty\/termostaty\/zintegrowane-termostaty-obudowy-motorad\/","title":{"rendered":"Termostaty MotoRad ze zintegrowan\u0105 obudow\u0105"},"content":{"rendered":"<h1 style=\"margin-top:var(--wp--preset--spacing--60);margin-bottom:var(--wp--preset--spacing--60);\" class=\"wp-block-post-title\">Termostaty MotoRad ze zintegrowan\u0105 obudow\u0105<\/h1>\n<div class=\"wp-block-columns is-layout-flex wp-container-core-columns-is-layout-14cf5ab5 wp-block-columns-is-layout-flex\">\n<div class=\"wp-block-column is-layout-flow wp-block-column-is-layout-flow\" style=\"flex-basis:33.33%\">\n<figure class=\"wp-block-image size-full\"><img loading=\"lazy\" decoding=\"async\" width=\"500\" height=\"500\" src=\"https:\/\/mx.motorad.com\/wp-content\/uploads\/2025\/04\/1050-180_Angle.jpg\" alt=\"\" class=\"wp-image-3539\" srcset=\"https:\/\/mx.motorad.com\/wp-content\/uploads\/2025\/04\/1050-180_Angle.jpg 500w, https:\/\/mx.motorad.com\/wp-content\/uploads\/2025\/04\/1050-180_Angle-300x300.jpg 300w, https:\/\/mx.motorad.com\/wp-content\/uploads\/2025\/04\/1050-180_Angle-150x150.jpg 150w\" sizes=\"auto, (max-width: 500px) 100vw, 500px\" \/><\/figure>\n<\/div>\n\n\n\n<div class=\"wp-block-column is-layout-flow wp-block-column-is-layout-flow\" style=\"flex-basis:66.66%\">\n<p style=\"margin-bottom:var(--wp--preset--spacing--20)\">MotoRad oferuje pe\u0142n\u0105 gam\u0119 termostat\u00f3w do wymiany termostat\u00f3w oryginalnego wyposa\u017cenia. <\/p>\n\n\n\n<p style=\"margin-bottom:var(--wp--preset--spacing--20)\">Termostaty MotoRad ze zintegrowan\u0105 obudow\u0105 r\u00f3\u017cni\u0105 si\u0119 od tradycyjnych termostat\u00f3w. Oferuj\u0105 kompleksowe rozwi\u0105zanie typu \u201ewszystko w jednym\u201d, w kt\u00f3rym termostat i obudowa s\u0105 zintegrowane w jednej jednostce. Jest to rosn\u0105cy segment termostat\u00f3w, poniewa\u017c du\u017ca liczba pojazd\u00f3w wchodzi w okres wymiany.  <\/p>\n\n\n\n<ul style=\"margin-bottom:var(--wp--preset--spacing--20)\" class=\"wp-block-list\">\n<li>Termostat w pe\u0142ni zintegrowany z jednostk\u0105<\/li>\n\n\n\n<li>Termostat nie jest serwisowalny oddzielnie<\/li>\n\n\n\n<li>Mo\u017ce zawiera\u0107 czujniki i\/lub sterowany pin MAP (je\u015bli dotyczy)<\/li>\n<\/ul>\n\n\n\n<p>Cz\u0119\u015bci te s\u0105 produkowane tak, aby spe\u0142nia\u0107 lub przewy\u017csza\u0107 wszystkie wymagania producent\u00f3w oryginalnego wyposa\u017cenia. MotoRad oferuje r\u00f3wnie\u017c standardowe termostaty dla wielu alternatywnych temperatur. <\/p>\n<\/div>\n<\/div>\n\n<h2 class=\"wp-block-heading\" id=\"h-integrated-housing-thermosats\" style=\"margin-bottom:var(--wp--preset--spacing--50)\">Termostaty ze zintegrowan\u0105 obudow\u0105:<\/h2>\n\n<div class=\"wp-block-columns is-layout-flex wp-container-core-columns-is-layout-baf23659 wp-block-columns-is-layout-flex\" style=\"margin-bottom:var(--wp--preset--spacing--60)\">\n<div class=\"wp-block-column is-layout-flow wp-block-column-is-layout-flow\">\n<figure class=\"wp-block-image size-full\"><img loading=\"lazy\" decoding=\"async\" width=\"500\" height=\"500\" src=\"https:\/\/mx.motorad.com\/wp-content\/uploads\/2025\/04\/1000-217_Angle-1.jpg\" alt=\"\" class=\"wp-image-3511\" srcset=\"https:\/\/mx.motorad.com\/wp-content\/uploads\/2025\/04\/1000-217_Angle-1.jpg 500w, https:\/\/mx.motorad.com\/wp-content\/uploads\/2025\/04\/1000-217_Angle-1-300x300.jpg 300w, https:\/\/mx.motorad.com\/wp-content\/uploads\/2025\/04\/1000-217_Angle-1-150x150.jpg 150w\" sizes=\"auto, (max-width: 500px) 100vw, 500px\" \/><\/figure>\n<\/div>\n\n\n\n<div class=\"wp-block-column is-layout-flow wp-block-column-is-layout-flow\">\n<figure class=\"wp-block-image size-full\"><img loading=\"lazy\" decoding=\"async\" width=\"500\" height=\"500\" src=\"https:\/\/mx.motorad.com\/wp-content\/uploads\/2025\/04\/1010-190_Angle.jpg\" alt=\"\" class=\"wp-image-3518\" srcset=\"https:\/\/mx.motorad.com\/wp-content\/uploads\/2025\/04\/1010-190_Angle.jpg 500w, https:\/\/mx.motorad.com\/wp-content\/uploads\/2025\/04\/1010-190_Angle-300x300.jpg 300w, https:\/\/mx.motorad.com\/wp-content\/uploads\/2025\/04\/1010-190_Angle-150x150.jpg 150w\" sizes=\"auto, (max-width: 500px) 100vw, 500px\" \/><\/figure>\n<\/div>\n\n\n\n<div class=\"wp-block-column is-layout-flow wp-block-column-is-layout-flow\">\n<figure class=\"wp-block-image size-full\"><img loading=\"lazy\" decoding=\"async\" width=\"500\" height=\"500\" src=\"https:\/\/mx.motorad.com\/wp-content\/uploads\/2025\/04\/1012-180_Angle.jpg\" alt=\"\" class=\"wp-image-3525\" srcset=\"https:\/\/mx.motorad.com\/wp-content\/uploads\/2025\/04\/1012-180_Angle.jpg 500w, https:\/\/mx.motorad.com\/wp-content\/uploads\/2025\/04\/1012-180_Angle-300x300.jpg 300w, https:\/\/mx.motorad.com\/wp-content\/uploads\/2025\/04\/1012-180_Angle-150x150.jpg 150w\" sizes=\"auto, (max-width: 500px) 100vw, 500px\" \/><\/figure>\n<\/div>\n\n\n\n<div class=\"wp-block-column is-layout-flow wp-block-column-is-layout-flow\">\n<figure class=\"wp-block-image size-full\"><img loading=\"lazy\" decoding=\"async\" width=\"500\" height=\"500\" src=\"https:\/\/mx.motorad.com\/wp-content\/uploads\/2025\/04\/1027-167_Angle.jpg\" alt=\"\" class=\"wp-image-3532\" srcset=\"https:\/\/mx.motorad.com\/wp-content\/uploads\/2025\/04\/1027-167_Angle.jpg 500w, https:\/\/mx.motorad.com\/wp-content\/uploads\/2025\/04\/1027-167_Angle-300x300.jpg 300w, https:\/\/mx.motorad.com\/wp-content\/uploads\/2025\/04\/1027-167_Angle-150x150.jpg 150w\" sizes=\"auto, (max-width: 500px) 100vw, 500px\" \/><\/figure>\n<\/div>\n\n\n\n<div class=\"wp-block-column is-layout-flow wp-block-column-is-layout-flow\">\n<figure class=\"wp-block-image size-full\"><img loading=\"lazy\" decoding=\"async\" width=\"500\" height=\"500\" src=\"https:\/\/mx.motorad.com\/wp-content\/uploads\/2025\/04\/1103-180_Angle.jpg\" alt=\"\" class=\"wp-image-3546\" srcset=\"https:\/\/mx.motorad.com\/wp-content\/uploads\/2025\/04\/1103-180_Angle.jpg 500w, https:\/\/mx.motorad.com\/wp-content\/uploads\/2025\/04\/1103-180_Angle-300x300.jpg 300w, https:\/\/mx.motorad.com\/wp-content\/uploads\/2025\/04\/1103-180_Angle-150x150.jpg 150w\" sizes=\"auto, (max-width: 500px) 100vw, 500px\" \/><\/figure>\n<\/div>\n<\/div>\n\n<p style=\"margin-bottom:var(--wp--preset--spacing--20)\">MotoRad oferuje najlepszy na \u015bwiecie asortyment termostat\u00f3w do niemal ka\u017cdego pojazdu i silnika, zar\u00f3wno drogowego, jak i terenowego. Termostaty MotoRad odgrywaj\u0105 kluczow\u0105 rol\u0119 w utrzymywaniu temperatury roboczej silnika.  <\/p>\n\n<p style=\"margin-bottom:var(--wp--preset--spacing--20)\">Ma to pozytywny wp\u0142yw na efektywno\u015b\u0107 spalania i przenoszenia mocy, zu\u017cycie paliwa, emisj\u0119 zanieczyszcze\u0144 oraz \u017cywotno\u015b\u0107 silnika.<\/p>\n\n<p style=\"margin-bottom:var(--wp--preset--spacing--60)\">Chcesz szybko znale\u017a\u0107 kompatybiln\u0105 cz\u0119\u015b\u0107? Nasz kompleksowy system odsy\u0142aczy upraszcza proces wyszukiwania, zapewniaj\u0105c, \u017ce bez problemu znajdziesz odpowiedni termostat do swojego pojazdu. Zaufaj MotoRad w kwestii niezr\u00f3wnanej wiedzy, niezawodno\u015bci i innowacji w zarz\u0105dzaniu temperatur\u0105 w motoryzacji.  <\/p>\n\n<div class=\"wp-block-buttons is-layout-flex wp-block-buttons-is-layout-flex\" style=\"margin-bottom:var(--wp--preset--spacing--70)\">\n<div class=\"wp-block-button\"><a class=\"wp-block-button__link wp-element-button\" href=\"https:\/\/mx.motorad.com\/pl\/produkty\/\">Znajd\u017a sw\u00f3j termostat<\/a><\/div>\n<\/div>\n\n<div class=\"wp-block-cover alignfull is-light\" style=\"padding-top:var(--wp--preset--spacing--60);padding-bottom:var(--wp--preset--spacing--60)\"><span aria-hidden=\"true\" class=\"wp-block-cover__background has-background-dim-0 has-background-dim\" style=\"background-color:#ece5d9\"><\/span><img loading=\"lazy\" decoding=\"async\" width=\"1505\" height=\"305\" class=\"wp-block-cover__image-background wp-image-223\" alt=\"\" src=\"https:\/\/mx.motorad.com\/wp-content\/uploads\/2025\/03\/FooterCTA.jpg\" data-object-fit=\"cover\" srcset=\"https:\/\/mx.motorad.com\/wp-content\/uploads\/2025\/03\/FooterCTA.jpg 1505w, https:\/\/mx.motorad.com\/wp-content\/uploads\/2025\/03\/FooterCTA-300x61.jpg 300w, https:\/\/mx.motorad.com\/wp-content\/uploads\/2025\/03\/FooterCTA-1024x208.jpg 1024w, https:\/\/mx.motorad.com\/wp-content\/uploads\/2025\/03\/FooterCTA-768x156.jpg 768w\" sizes=\"auto, (max-width: 1505px) 100vw, 1505px\" \/><div class=\"wp-block-cover__inner-container is-layout-flow wp-block-cover-is-layout-flow\">\n<div class=\"wp-block-columns are-vertically-aligned-center is-layout-flex wp-container-core-columns-is-layout-cbe57604 wp-block-columns-is-layout-flex\">\n<div class=\"wp-block-column is-vertically-aligned-center is-layout-flow wp-block-column-is-layout-flow\" style=\"flex-basis:45%\">\n<h2 class=\"wp-block-heading has-text-align-center has-palette-text-color has-text-color\" id=\"h-need-help-finding-the-right-product\" style=\"margin-bottom:var(--wp--preset--spacing--40)\">Potrzebujesz pomocy w znalezieniu odpowiedniego produktu?<\/h2>\n\n\n\n<p class=\"has-text-align-center has-palette-text-color has-text-color\" style=\"margin-bottom:var(--wp--preset--spacing--50)\">Nasz oddany zesp\u00f3\u0142 jest tutaj, aby poprowadzi\u0107 Ci\u0119 we w\u0142a\u015bciwym kierunku. Kliknij poni\u017cej i daj nam zna\u0107, jak mo\u017cemy Ci pom\u00f3c w znalezieniu idealnego produktu dla Twoich potrzeb. Twoja podr\u00f3\u017c do do\u015bwiadczania BETTER zaczyna si\u0119 tutaj.  <\/p>\n\n\n\n<div class=\"wp-block-buttons is-content-justification-center is-layout-flex wp-container-core-buttons-is-layout-a89b3969 wp-block-buttons-is-layout-flex\">\n<div class=\"wp-block-button\"><a class=\"wp-block-button__link has-text-align-center wp-element-button\" href=\"https:\/\/mx.motorad.com\/contact\/need-help-finding-something\/\">Porozmawiaj ze specjalist\u0105 MotoRad<\/a><\/div>\n<\/div>\n<\/div>\n\n\n\n<div class=\"wp-block-column is-layout-flow wp-block-column-is-layout-flow\" style=\"flex-basis:10%\"><\/div>\n\n\n\n<div class=\"wp-block-column is-layout-flow wp-block-column-is-layout-flow\" style=\"flex-basis:45%\">\n<h2 class=\"wp-block-heading has-text-align-center has-palette-text-color has-text-color\" id=\"h-looking-for-custom-development\" style=\"margin-bottom:var(--wp--preset--spacing--40)\">Szukasz niestandardowego oprogramowania?<\/h2>\n\n\n\n<p class=\"has-text-align-center has-palette-text-color has-text-color\" style=\"margin-bottom:var(--wp--preset--spacing--50)\">Nie chodzi nam tylko o produkty; tworzymy rozwi\u0105zania dostosowane do Twoich potrzeb. Czy jeste\u015b gotowy, aby o\u017cywi\u0107 sw\u00f3j nowy projekt? Kliknij poni\u017cej i wyruszmy razem w podr\u00f3\u017c tworzenia niestandardowych produkt\u00f3w.  <\/p>\n\n\n\n<div class=\"wp-block-buttons is-content-justification-center is-layout-flex wp-container-core-buttons-is-layout-a89b3969 wp-block-buttons-is-layout-flex\">\n<div class=\"wp-block-button is-style-fill\"><a class=\"wp-block-button__link has-palette-bg-color has-palette-text-background-color has-text-color has-background has-text-align-center wp-element-button\" href=\"https:\/\/mx.motorad.com\/contact\/do-you-need-custom-development\/\">Chcemy by\u0107 Twoim dostawc\u0105<\/a><\/div>\n<\/div>\n<\/div>\n<\/div>\n<\/div><\/div>\n","protected":false},"excerpt":{"rendered":"<p>MotoRad oferuje pe\u0142n\u0105 gam\u0119 termostat\u00f3w do wymiany termostat\u00f3w oryginalnego wyposa\u017cenia. Termostaty MotoRad ze zintegrowan\u0105 obudow\u0105 r\u00f3\u017cni\u0105 si\u0119 od tradycyjnych termostat\u00f3w. [&#8230;]<\/p>\n","protected":false},"author":1,"featured_media":0,"parent":6739,"menu_order":0,"comment_status":"closed","ping_status":"closed","template":"","meta":{"_acf_changed":false,"footnotes":""},"class_list":["post-5994","page","type-page","status-publish","hentry"],"acf":[],"yoast_head":"<!-- This site is optimized with the Yoast SEO Premium plugin v27.2 (Yoast SEO v27.2) - https:\/\/yoast.com\/product\/yoast-seo-premium-wordpress\/ -->\n<title>Termostaty MotoRad ze zintegrowan\u0105 obudow\u0105 - MotoRad<\/title>\n<meta name=\"description\" content=\"MotoRad - Termostaty MotoRad ze zintegrowan\u0105 obudow\u0105\" \/>\n<meta name=\"robots\" content=\"index, follow, max-snippet:-1, max-image-preview:large, max-video-preview:-1\" \/>\n<link rel=\"canonical\" href=\"https:\/\/mx.motorad.com\/pl\/produkty\/termostaty\/zintegrowane-termostaty-obudowy-motorad\/\" \/>\n<meta property=\"og:locale\" content=\"pl_PL\" \/>\n<meta property=\"og:type\" content=\"article\" \/>\n<meta property=\"og:title\" content=\"Termostaty MotoRad ze zintegrowan\u0105 obudow\u0105\" \/>\n<meta property=\"og:description\" content=\"MotoRad - Termostaty MotoRad ze zintegrowan\u0105 obudow\u0105\" \/>\n<meta property=\"og:url\" content=\"https:\/\/mx.motorad.com\/pl\/produkty\/termostaty\/zintegrowane-termostaty-obudowy-motorad\/\" \/>\n<meta property=\"og:site_name\" content=\"MotoRad\" \/>\n<meta property=\"article:modified_time\" content=\"2026-03-17T12:55:52+00:00\" \/>\n<meta property=\"og:image\" content=\"https:\/\/mx.motorad.com\/wp-content\/uploads\/2025\/04\/1050-180_Angle.jpg\" \/>\n\t<meta property=\"og:image:width\" content=\"500\" \/>\n\t<meta property=\"og:image:height\" content=\"500\" \/>\n\t<meta property=\"og:image:type\" content=\"image\/jpeg\" \/>\n<meta name=\"twitter:card\" content=\"summary_large_image\" \/>\n<meta name=\"twitter:label1\" content=\"Est. reading time\" \/>\n\t<meta name=\"twitter:data1\" content=\"1 minuta\" \/>\n<script type=\"application\/ld+json\" class=\"yoast-schema-graph\">{\"@context\":\"https:\/\/schema.org\",\"@graph\":[{\"@type\":\"WebPage\",\"@id\":\"https:\/\/mx.motorad.com\/pl\/produkty\/termostaty\/zintegrowane-termostaty-obudowy-motorad\/\",\"url\":\"https:\/\/mx.motorad.com\/pl\/produkty\/termostaty\/zintegrowane-termostaty-obudowy-motorad\/\",\"name\":\"Termostaty MotoRad ze zintegrowan\u0105 obudow\u0105 - MotoRad\",\"isPartOf\":{\"@id\":\"https:\/\/mx.motorad.com\/pl\/#website\"},\"primaryImageOfPage\":{\"@id\":\"https:\/\/mx.motorad.com\/pl\/produkty\/termostaty\/zintegrowane-termostaty-obudowy-motorad\/#primaryimage\"},\"image\":{\"@id\":\"https:\/\/mx.motorad.com\/pl\/produkty\/termostaty\/zintegrowane-termostaty-obudowy-motorad\/#primaryimage\"},\"thumbnailUrl\":\"https:\/\/mx.motorad.com\/wp-content\/uploads\/2025\/04\/1050-180_Angle.jpg\",\"datePublished\":\"2025-04-03T16:02:00+00:00\",\"dateModified\":\"2026-03-17T12:55:52+00:00\",\"description\":\"MotoRad - Termostaty MotoRad ze zintegrowan\u0105 obudow\u0105\",\"breadcrumb\":{\"@id\":\"https:\/\/mx.motorad.com\/pl\/produkty\/termostaty\/zintegrowane-termostaty-obudowy-motorad\/#breadcrumb\"},\"inLanguage\":\"pl-PL\",\"potentialAction\":[{\"@type\":\"ReadAction\",\"target\":[\"https:\/\/mx.motorad.com\/pl\/produkty\/termostaty\/zintegrowane-termostaty-obudowy-motorad\/\"]}]},{\"@type\":\"ImageObject\",\"inLanguage\":\"pl-PL\",\"@id\":\"https:\/\/mx.motorad.com\/pl\/produkty\/termostaty\/zintegrowane-termostaty-obudowy-motorad\/#primaryimage\",\"url\":\"https:\/\/mx.motorad.com\/wp-content\/uploads\/2025\/04\/1050-180_Angle.jpg\",\"contentUrl\":\"https:\/\/mx.motorad.com\/wp-content\/uploads\/2025\/04\/1050-180_Angle.jpg\"},{\"@type\":\"BreadcrumbList\",\"@id\":\"https:\/\/mx.motorad.com\/pl\/produkty\/termostaty\/zintegrowane-termostaty-obudowy-motorad\/#breadcrumb\",\"itemListElement\":[{\"@type\":\"ListItem\",\"position\":1,\"name\":\"Home\",\"item\":\"https:\/\/mx.motorad.com\/pl\/\"},{\"@type\":\"ListItem\",\"position\":2,\"name\":\"Produkty\",\"item\":\"https:\/\/motoradnew.test\/pl\/produkty\/\"},{\"@type\":\"ListItem\",\"position\":3,\"name\":\"Termostaty\",\"item\":\"https:\/\/motoradnew.test\/pl\/produkty\/termostaty\/\"},{\"@type\":\"ListItem\",\"position\":4,\"name\":\"Termostaty MotoRad ze zintegrowan\u0105 obudow\u0105\"}]},{\"@type\":\"WebSite\",\"@id\":\"https:\/\/mx.motorad.com\/pl\/#website\",\"url\":\"https:\/\/mx.motorad.com\/pl\/\",\"name\":\"MotoRad\",\"description\":\"Trusted to Deliver Better - Thermal Management, Emissions, Powertrain Controls\",\"potentialAction\":[{\"@type\":\"SearchAction\",\"target\":{\"@type\":\"EntryPoint\",\"urlTemplate\":\"https:\/\/mx.motorad.com\/pl\/?s={search_term_string}\"},\"query-input\":{\"@type\":\"PropertyValueSpecification\",\"valueRequired\":true,\"valueName\":\"search_term_string\"}}],\"inLanguage\":\"pl-PL\"}]}<\/script>\n<!-- \/ Yoast SEO Premium plugin. -->","yoast_head_json":{"title":"Termostaty MotoRad ze zintegrowan\u0105 obudow\u0105 - MotoRad","description":"MotoRad - Termostaty MotoRad ze zintegrowan\u0105 obudow\u0105","robots":{"index":"index","follow":"follow","max-snippet":"max-snippet:-1","max-image-preview":"max-image-preview:large","max-video-preview":"max-video-preview:-1"},"canonical":"https:\/\/mx.motorad.com\/pl\/produkty\/termostaty\/zintegrowane-termostaty-obudowy-motorad\/","og_locale":"pl_PL","og_type":"article","og_title":"Termostaty MotoRad ze zintegrowan\u0105 obudow\u0105","og_description":"MotoRad - Termostaty MotoRad ze zintegrowan\u0105 obudow\u0105","og_url":"https:\/\/mx.motorad.com\/pl\/produkty\/termostaty\/zintegrowane-termostaty-obudowy-motorad\/","og_site_name":"MotoRad","article_modified_time":"2026-03-17T12:55:52+00:00","og_image":[{"width":500,"height":500,"url":"https:\/\/mx.motorad.com\/wp-content\/uploads\/2025\/04\/1050-180_Angle.jpg","type":"image\/jpeg"}],"twitter_card":"summary_large_image","twitter_misc":{"Est. reading time":"1 minuta"},"schema":{"@context":"https:\/\/schema.org","@graph":[{"@type":"WebPage","@id":"https:\/\/mx.motorad.com\/pl\/produkty\/termostaty\/zintegrowane-termostaty-obudowy-motorad\/","url":"https:\/\/mx.motorad.com\/pl\/produkty\/termostaty\/zintegrowane-termostaty-obudowy-motorad\/","name":"Termostaty MotoRad ze zintegrowan\u0105 obudow\u0105 - MotoRad","isPartOf":{"@id":"https:\/\/mx.motorad.com\/pl\/#website"},"primaryImageOfPage":{"@id":"https:\/\/mx.motorad.com\/pl\/produkty\/termostaty\/zintegrowane-termostaty-obudowy-motorad\/#primaryimage"},"image":{"@id":"https:\/\/mx.motorad.com\/pl\/produkty\/termostaty\/zintegrowane-termostaty-obudowy-motorad\/#primaryimage"},"thumbnailUrl":"https:\/\/mx.motorad.com\/wp-content\/uploads\/2025\/04\/1050-180_Angle.jpg","datePublished":"2025-04-03T16:02:00+00:00","dateModified":"2026-03-17T12:55:52+00:00","description":"MotoRad - Termostaty MotoRad ze zintegrowan\u0105 obudow\u0105","breadcrumb":{"@id":"https:\/\/mx.motorad.com\/pl\/produkty\/termostaty\/zintegrowane-termostaty-obudowy-motorad\/#breadcrumb"},"inLanguage":"pl-PL","potentialAction":[{"@type":"ReadAction","target":["https:\/\/mx.motorad.com\/pl\/produkty\/termostaty\/zintegrowane-termostaty-obudowy-motorad\/"]}]},{"@type":"ImageObject","inLanguage":"pl-PL","@id":"https:\/\/mx.motorad.com\/pl\/produkty\/termostaty\/zintegrowane-termostaty-obudowy-motorad\/#primaryimage","url":"https:\/\/mx.motorad.com\/wp-content\/uploads\/2025\/04\/1050-180_Angle.jpg","contentUrl":"https:\/\/mx.motorad.com\/wp-content\/uploads\/2025\/04\/1050-180_Angle.jpg"},{"@type":"BreadcrumbList","@id":"https:\/\/mx.motorad.com\/pl\/produkty\/termostaty\/zintegrowane-termostaty-obudowy-motorad\/#breadcrumb","itemListElement":[{"@type":"ListItem","position":1,"name":"Home","item":"https:\/\/mx.motorad.com\/pl\/"},{"@type":"ListItem","position":2,"name":"Produkty","item":"https:\/\/motoradnew.test\/pl\/produkty\/"},{"@type":"ListItem","position":3,"name":"Termostaty","item":"https:\/\/motoradnew.test\/pl\/produkty\/termostaty\/"},{"@type":"ListItem","position":4,"name":"Termostaty MotoRad ze zintegrowan\u0105 obudow\u0105"}]},{"@type":"WebSite","@id":"https:\/\/mx.motorad.com\/pl\/#website","url":"https:\/\/mx.motorad.com\/pl\/","name":"MotoRad","description":"Trusted to Deliver Better - Thermal Management, Emissions, Powertrain Controls","potentialAction":[{"@type":"SearchAction","target":{"@type":"EntryPoint","urlTemplate":"https:\/\/mx.motorad.com\/pl\/?s={search_term_string}"},"query-input":{"@type":"PropertyValueSpecification","valueRequired":true,"valueName":"search_term_string"}}],"inLanguage":"pl-PL"}]}},"_links":{"self":[{"href":"https:\/\/mx.motorad.com\/pl\/wp-json\/wp\/v2\/pages\/5994","targetHints":{"allow":["GET"]}}],"collection":[{"href":"https:\/\/mx.motorad.com\/pl\/wp-json\/wp\/v2\/pages"}],"about":[{"href":"https:\/\/mx.motorad.com\/pl\/wp-json\/wp\/v2\/types\/page"}],"author":[{"embeddable":true,"href":"https:\/\/mx.motorad.com\/pl\/wp-json\/wp\/v2\/users\/1"}],"replies":[{"embeddable":true,"href":"https:\/\/mx.motorad.com\/pl\/wp-json\/wp\/v2\/comments?post=5994"}],"version-history":[{"count":4,"href":"https:\/\/mx.motorad.com\/pl\/wp-json\/wp\/v2\/pages\/5994\/revisions"}],"predecessor-version":[{"id":87715,"href":"https:\/\/mx.motorad.com\/pl\/wp-json\/wp\/v2\/pages\/5994\/revisions\/87715"}],"up":[{"embeddable":true,"href":"https:\/\/mx.motorad.com\/pl\/wp-json\/wp\/v2\/pages\/6739"}],"wp:attachment":[{"href":"https:\/\/mx.motorad.com\/pl\/wp-json\/wp\/v2\/media?parent=5994"}],"curies":[{"name":"wp","href":"https:\/\/api.w.org\/{rel}","templated":true}]}}