{"id":5997,"date":"2025-04-03T16:11:33","date_gmt":"2025-04-03T16:11:33","guid":{"rendered":"https:\/\/mx.motorad.com\/spec-r\/"},"modified":"2026-03-17T13:58:59","modified_gmt":"2026-03-17T13:58:59","slug":"spec-r","status":"publish","type":"page","link":"https:\/\/mx.motorad.com\/pl\/spec-r\/","title":{"rendered":"Spec-R"},"content":{"rendered":"\n<div class=\"wp-block-cover alignfull is-light is-style-default\" style=\"margin-top:0;margin-bottom:var(--wp--preset--spacing--60);padding-top:0;padding-right:0;padding-bottom:0;padding-left:0;min-height:474px;aspect-ratio:unset;\"><img loading=\"lazy\" decoding=\"async\" width=\"1800\" height=\"692\" class=\"wp-block-cover__image-background wp-image-3587\" alt=\"\" src=\"https:\/\/mx.motorad.com\/wp-content\/uploads\/2025\/04\/trackfade.jpg\" data-object-fit=\"cover\" srcset=\"https:\/\/mx.motorad.com\/wp-content\/uploads\/2025\/04\/trackfade.jpg 1800w, https:\/\/mx.motorad.com\/wp-content\/uploads\/2025\/04\/trackfade-300x115.jpg 300w, https:\/\/mx.motorad.com\/wp-content\/uploads\/2025\/04\/trackfade-1024x394.jpg 1024w, https:\/\/mx.motorad.com\/wp-content\/uploads\/2025\/04\/trackfade-768x295.jpg 768w, https:\/\/mx.motorad.com\/wp-content\/uploads\/2025\/04\/trackfade-1536x591.jpg 1536w\" sizes=\"auto, (max-width: 1800px) 100vw, 1800px\" \/><span aria-hidden=\"true\" class=\"wp-block-cover__background has-palette-bg-background-color has-background-dim-0 has-background-dim\"><\/span><div class=\"wp-block-cover__inner-container is-layout-flow wp-block-cover-is-layout-flow\">\n<div class=\"wp-block-columns is-not-stacked-on-mobile is-layout-flex wp-container-core-columns-is-layout-63c0096e wp-block-columns-is-layout-flex\" style=\"margin-top:0;margin-bottom:0;padding-top:0;padding-right:0;padding-bottom:0;padding-left:0\">\n<div class=\"wp-block-column is-vertically-aligned-top is-layout-flow wp-block-column-is-layout-flow\" style=\"flex-basis:33.3%\"><\/div>\n\n\n\n<div class=\"wp-block-column is-layout-flow wp-block-column-is-layout-flow\" style=\"flex-basis:66.6%\">\n<figure class=\"wp-block-image size-full is-resized\"><img loading=\"lazy\" decoding=\"async\" width=\"1200\" height=\"576\" src=\"https:\/\/mx.motorad.com\/wp-content\/uploads\/2025\/04\/spec-r-800p.webp\" alt=\"\" class=\"wp-image-3566\" style=\"width:616px;height:auto\" srcset=\"https:\/\/mx.motorad.com\/wp-content\/uploads\/2025\/04\/spec-r-800p.webp 1200w, https:\/\/mx.motorad.com\/wp-content\/uploads\/2025\/04\/spec-r-800p-300x144.webp 300w, https:\/\/mx.motorad.com\/wp-content\/uploads\/2025\/04\/spec-r-800p-1024x492.webp 1024w, https:\/\/mx.motorad.com\/wp-content\/uploads\/2025\/04\/spec-r-800p-768x369.webp 768w\" sizes=\"auto, (max-width: 1200px) 100vw, 1200px\" \/><\/figure>\n<\/div>\n<\/div>\n<\/div><\/div>\n\n<h2 class=\"wp-block-heading\" id=\"h-the-perfect-solutions-for-high-performance-and-racing-applications-designed-to-withstand-high-pressure-horsepower-demands\" style=\"margin-bottom:var(--wp--preset--spacing--50)\"><strong>Idealne rozwi\u0105zania dla zastosowa\u0144 wysokowydajnych i wy\u015bcigowych, zaprojektowane, aby sprosta\u0107 wysokim wymaganiom ci\u015bnienia\/mocy.<\/strong><\/h2>\n\n<div class=\"wp-block-columns is-not-stacked-on-mobile is-layout-flex wp-container-core-columns-is-layout-d07913d3 wp-block-columns-is-layout-flex\" style=\"margin-bottom:var(--wp--preset--spacing--60)\">\n<div class=\"wp-block-column is-layout-flow wp-block-column-is-layout-flow\">\n<p style=\"margin-bottom:var(--wp--preset--spacing--20)\">Kiedy nadchodzi czas, aby przekracza\u0107 granice i <em>wygrywa\u0107<\/em>, ka\u017cdy szczeg\u00f3\u0142 ma znaczenie.<\/p>\n\n\n\n<p style=\"margin-bottom:var(--wp--preset--spacing--20)\">Termostaty i korki ch\u0142odnicy MotoRad Spec-R zosta\u0142y zaprojektowane specjalnie z my\u015bl\u0105 o wymaganiach wy\u015bcig\u00f3w wysokowydajnych. Zaprojektowane z wykorzystaniem zaawansowanych materia\u0142\u00f3w i unikalnych rozwi\u0105za\u0144, te komponenty zapewniaj\u0105 pewno\u015b\u0107 i niezawodno\u015b\u0107, kt\u00f3re mog\u0105 zadecydowa\u0107 o dotarciu do mety. <\/p>\n<\/div>\n\n\n\n<div class=\"wp-block-column is-layout-flow wp-block-column-is-layout-flow\">\n<h2 class=\"wp-block-heading has-text-align-center has-palette-interactive-color has-text-color has-link-color wp-elements-a44705e408363d7b5f7c9f7efcb29f47\" id=\"h-racing-thermostats\" style=\"margin-bottom:var(--wp--preset--spacing--30)\"><em><a href=\"https:\/\/mx.motorad.com\/pl\/spec-r\/termostaty-wyscigowe-motorad-spec-r\/\">Racing Thermostats<\/a><\/em><\/h2>\n\n\n\n<figure class=\"wp-block-image size-full\"><a href=\"https:\/\/mx.motorad.com\/pl\/spec-r\/termostaty-wyscigowe-motorad-spec-r\/\"><img loading=\"lazy\" decoding=\"async\" width=\"2560\" height=\"2560\" src=\"https:\/\/mx.motorad.com\/wp-content\/uploads\/2025\/04\/24-spec-r-sample_BACK-scaled-1.jpg\" alt=\"\" class=\"wp-image-3559\" srcset=\"https:\/\/mx.motorad.com\/wp-content\/uploads\/2025\/04\/24-spec-r-sample_BACK-scaled-1.jpg 2560w, https:\/\/mx.motorad.com\/wp-content\/uploads\/2025\/04\/24-spec-r-sample_BACK-scaled-1-300x300.jpg 300w, https:\/\/mx.motorad.com\/wp-content\/uploads\/2025\/04\/24-spec-r-sample_BACK-scaled-1-1024x1024.jpg 1024w, https:\/\/mx.motorad.com\/wp-content\/uploads\/2025\/04\/24-spec-r-sample_BACK-scaled-1-150x150.jpg 150w, https:\/\/mx.motorad.com\/wp-content\/uploads\/2025\/04\/24-spec-r-sample_BACK-scaled-1-768x768.jpg 768w, https:\/\/mx.motorad.com\/wp-content\/uploads\/2025\/04\/24-spec-r-sample_BACK-scaled-1-1536x1536.jpg 1536w, https:\/\/mx.motorad.com\/wp-content\/uploads\/2025\/04\/24-spec-r-sample_BACK-scaled-1-2048x2048.jpg 2048w\" sizes=\"auto, (max-width: 2560px) 100vw, 2560px\" \/><\/a><\/figure>\n<\/div>\n\n\n\n<div class=\"wp-block-column is-layout-flow wp-block-column-is-layout-flow\">\n<h2 class=\"wp-block-heading has-text-align-center has-palette-interactive-color has-text-color has-link-color wp-elements-ba072b5818a484145ed474db498fbead\" id=\"h-racing-radiator-caps\" style=\"margin-bottom:var(--wp--preset--spacing--30)\"><em><a href=\"https:\/\/mx.motorad.com\/pl\/spec-r\/korki-chlodnicy-motorad-spec-r-racing\/\">Racing Radiator Caps<\/a><\/em><\/h2>\n\n\n\n<figure class=\"wp-block-image size-full\"><a href=\"https:\/\/mx.motorad.com\/pl\/spec-r\/korki-chlodnicy-motorad-spec-r-racing\/\"><img loading=\"lazy\" decoding=\"async\" width=\"1200\" height=\"1200\" src=\"https:\/\/mx.motorad.com\/wp-content\/uploads\/2025\/04\/spec-r-hex-cap.jpg\" alt=\"\" class=\"wp-image-3580\" srcset=\"https:\/\/mx.motorad.com\/wp-content\/uploads\/2025\/04\/spec-r-hex-cap.jpg 1200w, https:\/\/mx.motorad.com\/wp-content\/uploads\/2025\/04\/spec-r-hex-cap-300x300.jpg 300w, https:\/\/mx.motorad.com\/wp-content\/uploads\/2025\/04\/spec-r-hex-cap-1024x1024.jpg 1024w, https:\/\/mx.motorad.com\/wp-content\/uploads\/2025\/04\/spec-r-hex-cap-150x150.jpg 150w, https:\/\/mx.motorad.com\/wp-content\/uploads\/2025\/04\/spec-r-hex-cap-768x768.jpg 768w\" sizes=\"auto, (max-width: 1200px) 100vw, 1200px\" \/><\/a><\/figure>\n<\/div>\n<\/div>\n\n<div class=\"wp-block-cover alignfull is-light\" style=\"margin-bottom:var(--wp--preset--spacing--60);min-height:500px;aspect-ratio:unset;\"><img loading=\"lazy\" decoding=\"async\" width=\"1200\" height=\"577\" class=\"wp-block-cover__image-background wp-image-3573\" alt=\"\" src=\"https:\/\/mx.motorad.com\/wp-content\/uploads\/2025\/04\/spec-r-back.jpg\" style=\"object-position:49% 87%\" data-object-fit=\"cover\" data-object-position=\"49% 87%\" srcset=\"https:\/\/mx.motorad.com\/wp-content\/uploads\/2025\/04\/spec-r-back.jpg 1200w, https:\/\/mx.motorad.com\/wp-content\/uploads\/2025\/04\/spec-r-back-300x144.jpg 300w, https:\/\/mx.motorad.com\/wp-content\/uploads\/2025\/04\/spec-r-back-1024x492.jpg 1024w, https:\/\/mx.motorad.com\/wp-content\/uploads\/2025\/04\/spec-r-back-768x369.jpg 768w\" sizes=\"auto, (max-width: 1200px) 100vw, 1200px\" \/><span aria-hidden=\"true\" class=\"wp-block-cover__background has-background-dim-0 has-background-dim\" style=\"background-color:#929192\"><\/span><div class=\"wp-block-cover__inner-container is-layout-flow wp-block-cover-is-layout-flow\">\n<div style=\"height:75px\" aria-hidden=\"true\" class=\"wp-block-spacer\"><\/div>\n\n\n\n<p class=\"has-text-align-center is-style-default has-palette-bg-color has-palette-interactive-background-color has-text-color has-background\"><strong>Ka\u017cdy produkt MotoRad jest rygorystycznie testowany pod k\u0105tem zamierzonego zastosowania, aby przewy\u017csza\u0107 oczekiwania. <br\/>Nasz program Spec-R jest wyj\u0105tkowy, poniewa\u017c koncentruje si\u0119 na specyficznych potrzebach zastosowa\u0144 w wy\u015bcigach wysokowydajnych.<\/strong><\/p>\n\n\n\n<div style=\"height:100px\" aria-hidden=\"true\" class=\"wp-block-spacer\"><\/div>\n<\/div><\/div>\n\n<p class=\"has-text-align-center\" style=\"margin-bottom:var(--wp--preset--spacing--60)\">Silniki wysokowydajne wymagaj\u0105 specjalistycznych komponent\u00f3w, aby wytrzyma\u0107 ekstremalne warunki na torze. Termostaty i korki ch\u0142odnicy MotoRad Spec-R s\u0105 specjalnie zbudowane, aby sprosta\u0107 tym wymaganiom, wykorzystuj\u0105c zaawansowane materia\u0142y i precyzyjn\u0105 in\u017cynieri\u0119, kt\u00f3re zapewniaj\u0105 niezachwian\u0105 niezawodno\u015b\u0107 pod ci\u015bnieniem. Zaprojektowane specjalnie do zastosowa\u0144 wy\u015bcigowych, produkty MotoRad daj\u0105 kierowcom przewag\u0119, kt\u00f3rej potrzebuj\u0105, aby utrzyma\u0107 silniki w niskiej temperaturze i dzia\u0142a\u0107 na najwy\u017cszym poziomie \u2014 pomagaj\u0105c zapewni\u0107, \u017ce ka\u017cde okr\u0105\u017cenie przyczynia si\u0119 do zwyci\u0119stwa.  <\/p>\n\n<div class=\"wp-block-columns is-layout-flex wp-container-core-columns-is-layout-d109dad4 wp-block-columns-is-layout-flex\" style=\"margin-top:var(--wp--preset--spacing--20);margin-bottom:var(--wp--preset--spacing--60);padding-right:var(--wp--preset--spacing--80);padding-left:var(--wp--preset--spacing--80)\">\n<div class=\"wp-block-column is-layout-flow wp-block-column-is-layout-flow\">\n<figure class=\"wp-block-image aligncenter size-full is-resized\"><img loading=\"lazy\" decoding=\"async\" width=\"2560\" height=\"2560\" src=\"https:\/\/mx.motorad.com\/wp-content\/uploads\/2025\/04\/24-spec-r-sample_BACK-scaled-1.jpg\" alt=\"\" class=\"wp-image-3559\" style=\"width:200px\" srcset=\"https:\/\/mx.motorad.com\/wp-content\/uploads\/2025\/04\/24-spec-r-sample_BACK-scaled-1.jpg 2560w, https:\/\/mx.motorad.com\/wp-content\/uploads\/2025\/04\/24-spec-r-sample_BACK-scaled-1-300x300.jpg 300w, https:\/\/mx.motorad.com\/wp-content\/uploads\/2025\/04\/24-spec-r-sample_BACK-scaled-1-1024x1024.jpg 1024w, https:\/\/mx.motorad.com\/wp-content\/uploads\/2025\/04\/24-spec-r-sample_BACK-scaled-1-150x150.jpg 150w, https:\/\/mx.motorad.com\/wp-content\/uploads\/2025\/04\/24-spec-r-sample_BACK-scaled-1-768x768.jpg 768w, https:\/\/mx.motorad.com\/wp-content\/uploads\/2025\/04\/24-spec-r-sample_BACK-scaled-1-1536x1536.jpg 1536w, https:\/\/mx.motorad.com\/wp-content\/uploads\/2025\/04\/24-spec-r-sample_BACK-scaled-1-2048x2048.jpg 2048w\" sizes=\"auto, (max-width: 2560px) 100vw, 2560px\" \/><\/figure>\n\n\n\n<div class=\"wp-block-buttons is-content-justification-center is-layout-flex wp-container-core-buttons-is-layout-a89b3969 wp-block-buttons-is-layout-flex\">\n<div class=\"wp-block-button\"><a class=\"wp-block-button__link has-text-align-center wp-element-button\" href=\"https:\/\/mx.motorad.com\/pl\/spec-r\/termostaty-wyscigowe-motorad-spec-r\/\">Wi\u0119cej informacji o termostatach wy\u015bcigowych<\/a><\/div>\n<\/div>\n<\/div>\n\n\n\n<div class=\"wp-block-column is-layout-flow wp-block-column-is-layout-flow\">\n<figure class=\"wp-block-image aligncenter size-medium is-resized\"><img loading=\"lazy\" decoding=\"async\" width=\"300\" height=\"300\" src=\"https:\/\/mx.motorad.com\/wp-content\/uploads\/2025\/04\/spec-r-hex-cap-300x300.jpg\" alt=\"\" class=\"wp-image-3580\" style=\"width:200px\" srcset=\"https:\/\/mx.motorad.com\/wp-content\/uploads\/2025\/04\/spec-r-hex-cap-300x300.jpg 300w, https:\/\/mx.motorad.com\/wp-content\/uploads\/2025\/04\/spec-r-hex-cap-1024x1024.jpg 1024w, https:\/\/mx.motorad.com\/wp-content\/uploads\/2025\/04\/spec-r-hex-cap-150x150.jpg 150w, https:\/\/mx.motorad.com\/wp-content\/uploads\/2025\/04\/spec-r-hex-cap-768x768.jpg 768w, https:\/\/mx.motorad.com\/wp-content\/uploads\/2025\/04\/spec-r-hex-cap.jpg 1200w\" sizes=\"auto, (max-width: 300px) 100vw, 300px\" \/><\/figure>\n\n\n\n<div class=\"wp-block-buttons is-content-justification-center is-layout-flex wp-container-core-buttons-is-layout-a89b3969 wp-block-buttons-is-layout-flex\">\n<div class=\"wp-block-button\"><a class=\"wp-block-button__link has-text-align-center wp-element-button\" href=\"https:\/\/mx.motorad.com\/pl\/spec-r\/korki-chlodnicy-motorad-spec-r-racing\/\">Wi\u0119cej informacji o korkach ch\u0142odnicy wy\u015bcigowych<\/a><\/div>\n<\/div>\n<\/div>\n<\/div>\n\n<h3 class=\"wp-block-heading\" id=\"h-want-to-buy-a-motorad-spec-r-thermostat-or-radiator-cap\" style=\"margin-bottom:var(--wp--preset--spacing--40)\">Chcesz kupi\u0107 termostat lub korek ch\u0142odnicy MotoRad Spec-R?<\/h3>\n\n<p style=\"margin-bottom:var(--wp--preset--spacing--60)\">Je\u015bli jeste\u015b kierowc\u0105 wy\u015bcigowym szukaj\u0105cym zakupu lub dealerem\/dystrybutorem\/producentem silnik\u00f3w poszukuj\u0105cym informacji o tym, jak kupi\u0107, skontaktuj si\u0119 z nami:<\/p>\n\n<div class=\"wp-block-group is-layout-constrained wp-block-group-is-layout-constrained\" style=\"margin-bottom:var(--wp--preset--spacing--70)\">\n<iframe loading=\"lazy\" src=\"https:\/\/go.motorad.com\/l\/846063\/2024-10-28\/2k6gr5\" width=\"100%\" height=\"800\" type=\"text\/html\" frameborder=\"0\" allowtransparency=\"true\" style=\"border: 0\"><\/iframe>\n<\/div>\n\n<div class=\"wp-block-cover alignfull is-light\" style=\"padding-top:var(--wp--preset--spacing--60);padding-bottom:var(--wp--preset--spacing--60)\"><span aria-hidden=\"true\" class=\"wp-block-cover__background has-background-dim-0 has-background-dim\" style=\"background-color:#ece5d9\"><\/span><img loading=\"lazy\" decoding=\"async\" width=\"1505\" height=\"305\" class=\"wp-block-cover__image-background wp-image-223\" alt=\"\" src=\"https:\/\/mx.motorad.com\/wp-content\/uploads\/2025\/03\/FooterCTA.jpg\" data-object-fit=\"cover\" srcset=\"https:\/\/mx.motorad.com\/wp-content\/uploads\/2025\/03\/FooterCTA.jpg 1505w, https:\/\/mx.motorad.com\/wp-content\/uploads\/2025\/03\/FooterCTA-300x61.jpg 300w, https:\/\/mx.motorad.com\/wp-content\/uploads\/2025\/03\/FooterCTA-1024x208.jpg 1024w, https:\/\/mx.motorad.com\/wp-content\/uploads\/2025\/03\/FooterCTA-768x156.jpg 768w\" sizes=\"auto, (max-width: 1505px) 100vw, 1505px\" \/><div class=\"wp-block-cover__inner-container is-layout-flow wp-block-cover-is-layout-flow\">\n<div class=\"wp-block-columns are-vertically-aligned-center is-layout-flex wp-container-core-columns-is-layout-cbe57604 wp-block-columns-is-layout-flex\">\n<div class=\"wp-block-column is-vertically-aligned-center is-layout-flow wp-block-column-is-layout-flow\" style=\"flex-basis:45%\">\n<h2 class=\"wp-block-heading has-text-align-center has-palette-text-color has-text-color\" id=\"h-need-help-finding-the-right-product\" style=\"margin-bottom:var(--wp--preset--spacing--40)\">Potrzebujesz pomocy w znalezieniu odpowiedniego produktu?<\/h2>\n\n\n\n<p class=\"has-text-align-center has-palette-text-color has-text-color\" style=\"margin-bottom:var(--wp--preset--spacing--50)\">Nasz oddany zesp\u00f3\u0142 jest tutaj, aby poprowadzi\u0107 Ci\u0119 we w\u0142a\u015bciwym kierunku. Kliknij poni\u017cej i daj nam zna\u0107, jak mo\u017cemy Ci pom\u00f3c w znalezieniu idealnego produktu dla Twoich potrzeb. Twoja podr\u00f3\u017c do do\u015bwiadczania BETTER zaczyna si\u0119 tutaj.  <\/p>\n\n\n\n<div class=\"wp-block-buttons is-content-justification-center is-layout-flex wp-container-core-buttons-is-layout-a89b3969 wp-block-buttons-is-layout-flex\">\n<div class=\"wp-block-button\"><a class=\"wp-block-button__link has-text-align-center wp-element-button\" href=\"https:\/\/mx.motorad.com\/contact\/need-help-finding-something\/\">Porozmawiaj ze specjalist\u0105 MotoRad<\/a><\/div>\n<\/div>\n<\/div>\n\n\n\n<div class=\"wp-block-column is-layout-flow wp-block-column-is-layout-flow\" style=\"flex-basis:10%\"><\/div>\n\n\n\n<div class=\"wp-block-column is-layout-flow wp-block-column-is-layout-flow\" style=\"flex-basis:45%\">\n<h2 class=\"wp-block-heading has-text-align-center has-palette-text-color has-text-color\" id=\"h-looking-for-custom-development\" style=\"margin-bottom:var(--wp--preset--spacing--40)\">Szukasz niestandardowego oprogramowania?<\/h2>\n\n\n\n<p class=\"has-text-align-center has-palette-text-color has-text-color\" style=\"margin-bottom:var(--wp--preset--spacing--50)\">Nie chodzi nam tylko o produkty; tworzymy rozwi\u0105zania dostosowane do Twoich potrzeb. Czy jeste\u015b gotowy, aby o\u017cywi\u0107 sw\u00f3j nowy projekt? Kliknij poni\u017cej i wyruszmy razem w podr\u00f3\u017c tworzenia niestandardowych produkt\u00f3w.  <\/p>\n\n\n\n<div class=\"wp-block-buttons is-content-justification-center is-layout-flex wp-container-core-buttons-is-layout-a89b3969 wp-block-buttons-is-layout-flex\">\n<div class=\"wp-block-button is-style-fill\"><a class=\"wp-block-button__link has-palette-bg-color has-palette-text-background-color has-text-color has-background has-text-align-center wp-element-button\" href=\"https:\/\/mx.motorad.com\/contact\/do-you-need-custom-development\/\">Chcemy by\u0107 Twoim dostawc\u0105<\/a><\/div>\n<\/div>\n<\/div>\n<\/div>\n<\/div><\/div>\n","protected":false},"excerpt":{"rendered":"<p>Idealne rozwi\u0105zania dla zastosowa\u0144 wysokowydajnych i wy\u015bcigowych, zaprojektowane, aby sprosta\u0107 wysokim wymaganiom ci\u015bnienia\/mocy. Kiedy nadchodzi czas, aby przekracza\u0107 granice i [&#8230;]<\/p>\n","protected":false},"author":1,"featured_media":0,"parent":0,"menu_order":0,"comment_status":"closed","ping_status":"closed","template":"","meta":{"_acf_changed":false,"footnotes":""},"class_list":["post-5997","page","type-page","status-publish","hentry"],"acf":[],"yoast_head":"<!-- This site is optimized with the Yoast SEO Premium plugin v27.2 (Yoast SEO v27.2) - https:\/\/yoast.com\/product\/yoast-seo-premium-wordpress\/ -->\n<title>Spec-R - MotoRad<\/title>\n<meta name=\"description\" content=\"MotoRad - Spec-R\" \/>\n<meta name=\"robots\" content=\"index, follow, max-snippet:-1, max-image-preview:large, max-video-preview:-1\" \/>\n<link rel=\"canonical\" href=\"https:\/\/mx.motorad.com\/pl\/spec-r\/\" \/>\n<meta property=\"og:locale\" content=\"pl_PL\" \/>\n<meta property=\"og:type\" content=\"article\" \/>\n<meta property=\"og:title\" content=\"Spec-R\" \/>\n<meta property=\"og:description\" content=\"MotoRad - Spec-R\" \/>\n<meta property=\"og:url\" content=\"https:\/\/mx.motorad.com\/pl\/spec-r\/\" \/>\n<meta property=\"og:site_name\" content=\"MotoRad\" \/>\n<meta property=\"article:modified_time\" content=\"2026-03-17T13:58:59+00:00\" \/>\n<meta property=\"og:image\" content=\"https:\/\/mx.motorad.com\/wp-content\/uploads\/2025\/04\/trackfade.jpg\" \/>\n\t<meta property=\"og:image:width\" content=\"1800\" \/>\n\t<meta property=\"og:image:height\" content=\"692\" \/>\n\t<meta property=\"og:image:type\" content=\"image\/jpeg\" \/>\n<meta name=\"twitter:card\" content=\"summary_large_image\" \/>\n<meta name=\"twitter:label1\" content=\"Est. reading time\" \/>\n\t<meta name=\"twitter:data1\" content=\"1 minuta\" \/>\n<script type=\"application\/ld+json\" class=\"yoast-schema-graph\">{\"@context\":\"https:\/\/schema.org\",\"@graph\":[{\"@type\":\"WebPage\",\"@id\":\"https:\/\/mx.motorad.com\/pl\/spec-r\/\",\"url\":\"https:\/\/mx.motorad.com\/pl\/spec-r\/\",\"name\":\"Spec-R - MotoRad\",\"isPartOf\":{\"@id\":\"https:\/\/mx.motorad.com\/pl\/#website\"},\"primaryImageOfPage\":{\"@id\":\"https:\/\/mx.motorad.com\/pl\/spec-r\/#primaryimage\"},\"image\":{\"@id\":\"https:\/\/mx.motorad.com\/pl\/spec-r\/#primaryimage\"},\"thumbnailUrl\":\"https:\/\/mx.motorad.com\/wp-content\/uploads\/2025\/04\/trackfade.jpg\",\"datePublished\":\"2025-04-03T16:11:33+00:00\",\"dateModified\":\"2026-03-17T13:58:59+00:00\",\"description\":\"MotoRad - Spec-R\",\"breadcrumb\":{\"@id\":\"https:\/\/mx.motorad.com\/pl\/spec-r\/#breadcrumb\"},\"inLanguage\":\"pl-PL\",\"potentialAction\":[{\"@type\":\"ReadAction\",\"target\":[\"https:\/\/mx.motorad.com\/pl\/spec-r\/\"]}]},{\"@type\":\"ImageObject\",\"inLanguage\":\"pl-PL\",\"@id\":\"https:\/\/mx.motorad.com\/pl\/spec-r\/#primaryimage\",\"url\":\"https:\/\/mx.motorad.com\/wp-content\/uploads\/2025\/04\/trackfade.jpg\",\"contentUrl\":\"https:\/\/mx.motorad.com\/wp-content\/uploads\/2025\/04\/trackfade.jpg\"},{\"@type\":\"BreadcrumbList\",\"@id\":\"https:\/\/mx.motorad.com\/pl\/spec-r\/#breadcrumb\",\"itemListElement\":[{\"@type\":\"ListItem\",\"position\":1,\"name\":\"Home\",\"item\":\"https:\/\/mx.motorad.com\/pl\/\"},{\"@type\":\"ListItem\",\"position\":2,\"name\":\"Spec-R\"}]},{\"@type\":\"WebSite\",\"@id\":\"https:\/\/mx.motorad.com\/pl\/#website\",\"url\":\"https:\/\/mx.motorad.com\/pl\/\",\"name\":\"MotoRad\",\"description\":\"Trusted to Deliver Better - Thermal Management, Emissions, Powertrain Controls\",\"potentialAction\":[{\"@type\":\"SearchAction\",\"target\":{\"@type\":\"EntryPoint\",\"urlTemplate\":\"https:\/\/mx.motorad.com\/pl\/?s={search_term_string}\"},\"query-input\":{\"@type\":\"PropertyValueSpecification\",\"valueRequired\":true,\"valueName\":\"search_term_string\"}}],\"inLanguage\":\"pl-PL\"}]}<\/script>\n<!-- \/ Yoast SEO Premium plugin. -->","yoast_head_json":{"title":"Spec-R - MotoRad","description":"MotoRad - Spec-R","robots":{"index":"index","follow":"follow","max-snippet":"max-snippet:-1","max-image-preview":"max-image-preview:large","max-video-preview":"max-video-preview:-1"},"canonical":"https:\/\/mx.motorad.com\/pl\/spec-r\/","og_locale":"pl_PL","og_type":"article","og_title":"Spec-R","og_description":"MotoRad - Spec-R","og_url":"https:\/\/mx.motorad.com\/pl\/spec-r\/","og_site_name":"MotoRad","article_modified_time":"2026-03-17T13:58:59+00:00","og_image":[{"width":1800,"height":692,"url":"https:\/\/mx.motorad.com\/wp-content\/uploads\/2025\/04\/trackfade.jpg","type":"image\/jpeg"}],"twitter_card":"summary_large_image","twitter_misc":{"Est. reading time":"1 minuta"},"schema":{"@context":"https:\/\/schema.org","@graph":[{"@type":"WebPage","@id":"https:\/\/mx.motorad.com\/pl\/spec-r\/","url":"https:\/\/mx.motorad.com\/pl\/spec-r\/","name":"Spec-R - MotoRad","isPartOf":{"@id":"https:\/\/mx.motorad.com\/pl\/#website"},"primaryImageOfPage":{"@id":"https:\/\/mx.motorad.com\/pl\/spec-r\/#primaryimage"},"image":{"@id":"https:\/\/mx.motorad.com\/pl\/spec-r\/#primaryimage"},"thumbnailUrl":"https:\/\/mx.motorad.com\/wp-content\/uploads\/2025\/04\/trackfade.jpg","datePublished":"2025-04-03T16:11:33+00:00","dateModified":"2026-03-17T13:58:59+00:00","description":"MotoRad - Spec-R","breadcrumb":{"@id":"https:\/\/mx.motorad.com\/pl\/spec-r\/#breadcrumb"},"inLanguage":"pl-PL","potentialAction":[{"@type":"ReadAction","target":["https:\/\/mx.motorad.com\/pl\/spec-r\/"]}]},{"@type":"ImageObject","inLanguage":"pl-PL","@id":"https:\/\/mx.motorad.com\/pl\/spec-r\/#primaryimage","url":"https:\/\/mx.motorad.com\/wp-content\/uploads\/2025\/04\/trackfade.jpg","contentUrl":"https:\/\/mx.motorad.com\/wp-content\/uploads\/2025\/04\/trackfade.jpg"},{"@type":"BreadcrumbList","@id":"https:\/\/mx.motorad.com\/pl\/spec-r\/#breadcrumb","itemListElement":[{"@type":"ListItem","position":1,"name":"Home","item":"https:\/\/mx.motorad.com\/pl\/"},{"@type":"ListItem","position":2,"name":"Spec-R"}]},{"@type":"WebSite","@id":"https:\/\/mx.motorad.com\/pl\/#website","url":"https:\/\/mx.motorad.com\/pl\/","name":"MotoRad","description":"Trusted to Deliver Better - Thermal Management, Emissions, Powertrain Controls","potentialAction":[{"@type":"SearchAction","target":{"@type":"EntryPoint","urlTemplate":"https:\/\/mx.motorad.com\/pl\/?s={search_term_string}"},"query-input":{"@type":"PropertyValueSpecification","valueRequired":true,"valueName":"search_term_string"}}],"inLanguage":"pl-PL"}]}},"_links":{"self":[{"href":"https:\/\/mx.motorad.com\/pl\/wp-json\/wp\/v2\/pages\/5997","targetHints":{"allow":["GET"]}}],"collection":[{"href":"https:\/\/mx.motorad.com\/pl\/wp-json\/wp\/v2\/pages"}],"about":[{"href":"https:\/\/mx.motorad.com\/pl\/wp-json\/wp\/v2\/types\/page"}],"author":[{"embeddable":true,"href":"https:\/\/mx.motorad.com\/pl\/wp-json\/wp\/v2\/users\/1"}],"replies":[{"embeddable":true,"href":"https:\/\/mx.motorad.com\/pl\/wp-json\/wp\/v2\/comments?post=5997"}],"version-history":[{"count":4,"href":"https:\/\/mx.motorad.com\/pl\/wp-json\/wp\/v2\/pages\/5997\/revisions"}],"predecessor-version":[{"id":87779,"href":"https:\/\/mx.motorad.com\/pl\/wp-json\/wp\/v2\/pages\/5997\/revisions\/87779"}],"wp:attachment":[{"href":"https:\/\/mx.motorad.com\/pl\/wp-json\/wp\/v2\/media?parent=5997"}],"curies":[{"name":"wp","href":"https:\/\/api.w.org\/{rel}","templated":true}]}}