{"id":6001,"date":"2025-04-03T15:52:13","date_gmt":"2025-04-03T15:52:13","guid":{"rendered":"https:\/\/mx.motorad.com\/termostaty-motorad-fail-safe\/"},"modified":"2026-03-17T12:57:10","modified_gmt":"2026-03-17T12:57:10","slug":"termostaty-motorad-fail-safe","status":"publish","type":"page","link":"https:\/\/mx.motorad.com\/pl\/produkty\/termostaty\/termostaty-motorad-fail-safe\/","title":{"rendered":"Termostaty MotoRad Fail-Safe\u00ae"},"content":{"rendered":"<h1 style=\"margin-top:var(--wp--preset--spacing--60);margin-bottom:var(--wp--preset--spacing--60);\" class=\"wp-block-post-title\">Termostaty MotoRad Fail-Safe\u00ae<\/h1>\n<div class=\"wp-block-columns is-layout-flex wp-container-core-columns-is-layout-baf23659 wp-block-columns-is-layout-flex\" style=\"margin-bottom:var(--wp--preset--spacing--60)\">\n<div class=\"wp-block-column is-layout-flow wp-block-column-is-layout-flow\" style=\"flex-basis:33.33%\">\n<figure class=\"wp-block-image size-full\"><img loading=\"lazy\" decoding=\"async\" width=\"457\" height=\"204\" src=\"https:\/\/mx.motorad.com\/wp-content\/uploads\/2025\/04\/Fail-Safe_Callout_web-1.jpg\" alt=\"\" class=\"wp-image-3401\" srcset=\"https:\/\/mx.motorad.com\/wp-content\/uploads\/2025\/04\/Fail-Safe_Callout_web-1.jpg 457w, https:\/\/mx.motorad.com\/wp-content\/uploads\/2025\/04\/Fail-Safe_Callout_web-1-300x134.jpg 300w\" sizes=\"auto, (max-width: 457px) 100vw, 457px\" \/><\/figure>\n<\/div>\n\n\n\n<div class=\"wp-block-column is-layout-flow wp-block-column-is-layout-flow\" style=\"flex-basis:66.66%\">\n<p>Termostaty MotoRad\u00ae Fail-Safe\u00ae zosta\u0142y zaprojektowane, aby chroni\u0107 silnik w przypadku przegrzania. Oparte na najwy\u017cszej jako\u015bci, opatentowanej technologii, oferuj\u0105 doskona\u0142\u0105 ochron\u0119 w por\u00f3wnaniu z innymi termostatami dost\u0119pnymi na rynku. <\/p>\n<\/div>\n<\/div>\n\n<figure class=\"wp-block-embed is-type-video is-provider-youtube wp-block-embed-youtube wp-embed-aspect-16-9 wp-has-aspect-ratio\" style=\"margin-bottom:var(--wp--preset--spacing--60)\"><div class=\"wp-block-embed__wrapper\">\n<iframe loading=\"lazy\" title=\"MotoRad Fail-Safe Thermostats\" width=\"500\" height=\"281\" src=\"https:\/\/www.youtube.com\/embed\/lhGBbCs7QBo?feature=oembed\" frameborder=\"0\" allow=\"accelerometer; autoplay; clipboard-write; encrypted-media; gyroscope; picture-in-picture; web-share\" referrerpolicy=\"strict-origin-when-cross-origin\" allowfullscreen><\/iframe>\n<\/div><\/figure>\n\n<div class=\"wp-block-columns is-layout-flex wp-container-core-columns-is-layout-baf23659 wp-block-columns-is-layout-flex\" style=\"margin-bottom:var(--wp--preset--spacing--60)\">\n<div class=\"wp-block-column has-palette-interactive-background-color has-background is-layout-flow wp-block-column-is-layout-flow\" style=\"padding-top:var(--wp--preset--spacing--40);padding-right:var(--wp--preset--spacing--40);padding-bottom:var(--wp--preset--spacing--40);padding-left:var(--wp--preset--spacing--40);flex-basis:33.33%\">\n<h2 class=\"wp-block-heading has-text-align-center has-palette-bg-alt-color has-text-color has-link-color wp-elements-83c61c0b8869740538b6ea3182e6a29b\" id=\"h-did-you-know\"><em>Czy wiesz, \u017ce&#8230;<\/em><\/h2>\n\n\n\n<p class=\"has-text-align-center has-palette-bg-alt-color has-text-color has-link-color wp-elements-86c0c791bfba02e41b2b82e1ee0c3cea\"><em>Opatentowany termostat Fail-Safe<\/em> <em>jest jedynym termostatem zaprojektowanym, aby<\/em> <em>chroni\u0107 silnik w przypadku<\/em> <em>przegrzania?<\/em><\/p>\n\n\n\n<p class=\"has-text-align-center has-palette-bg-alt-color has-text-color has-link-color wp-elements-8cc25dd1dc138fe3554b415caebdd062\"><em>Termostat Fail-Safe zosta\u0142 zaprojektowany z<\/em> <em>unikalnym dodatkowym skokiem, kt\u00f3ry umo\u017cliwia prac\u0119 w<\/em> <em>dw\u00f3ch etapach.<\/em><\/p>\n<\/div>\n\n\n\n<div class=\"wp-block-column is-vertically-aligned-center is-layout-flow wp-block-column-is-layout-flow\" style=\"flex-basis:66.66%\">\n<h3 class=\"wp-block-heading\" id=\"h-stage-1\" style=\"margin-bottom:var(--wp--preset--spacing--40)\"><em>Etap 1<\/em><\/h3>\n\n\n\n<p style=\"margin-bottom:var(--wp--preset--spacing--60)\"><em>W normalnych temperaturach pracy,<\/em> <em>Fail-Safe\u00ae dzia\u0142a tak samo jak ka\u017cdy inny termostat.<\/em><\/p>\n\n\n\n<h3 class=\"wp-block-heading\" id=\"h-stage-2\" style=\"margin-bottom:var(--wp--preset--spacing--40)\"><em>Etap 2<\/em> <\/h3>\n\n\n\n<p><em>Gdy przegrzanie jest spowodowane uszkodzeniem cz\u0119\u015bci uk\u0142adu ch\u0142odzenia,<\/em> <em>Fail-Safe posiada dodatkowy skok, kt\u00f3ry aktywuje<\/em> <em>precyzyjnie zaprojektowany t\u0142ok, automatycznie blokuj\u0105cy zaw\u00f3r w<\/em> <em>pozycji szeroko otwartej, umo\u017cliwiaj\u0105c swobodny przep\u0142yw p\u0142ynu ch\u0142odz\u0105cego.<\/em><\/p>\n<\/div>\n<\/div>\n\n<p style=\"margin-bottom:var(--wp--preset--spacing--30)\">Nie daj si\u0119 zaskoczy\u0107 na poboczu drogi, poniewa\u017c silnik si\u0119 przegrza\u0142, a konwencjonalny termostat zablokowa\u0142 si\u0119 w pozycji zamkni\u0119tej, uniemo\u017cliwiaj\u0105c przep\u0142yw p\u0142ynu ch\u0142odz\u0105cego do silnika. Kup najlepszy termostat na rynku, termostat Fail-Safe\u00ae od MotoRad\u00ae. Dlaczego Fail-Safe jest najlepszym termostatem? W normalnych temperaturach pracy Fail-Safe\u00ae dzia\u0142a tak samo jak konwencjonalny termostat. Jednak\u017ce, gdy pojazd przegrzewa si\u0119 z powodu uszkodzenia cz\u0119\u015bci uk\u0142adu ch\u0142odzenia, standardowy termostat blokuje si\u0119 w pozycji zamkni\u0119tej, blokuj\u0105c przep\u0142yw p\u0142ynu ch\u0142odz\u0105cego do silnika. Opatentowany termostat Fail-Safe\u00ae firmy Motorad to jedyny termostat, kt\u00f3ry automatycznie blokuje si\u0119 w pozycji otwartej, umo\u017cliwiaj\u0105c swobodny przep\u0142yw p\u0142ynu ch\u0142odz\u0105cego przez silnik podczas procesu przegrzewania. Mo\u017ce to chroni\u0107 silnik przed kosztowniejsz\u0105 napraw\u0105.       <\/p>\n\n<p style=\"margin-bottom:var(--wp--preset--spacing--30)\">Gdy termostat Fail-Safe\u00ae spe\u0142ni swoje zadanie, umo\u017cliwiaj\u0105c dalszy przep\u0142yw p\u0142ynu ch\u0142odz\u0105cego do silnika podczas przegrzewania poprzez zablokowanie w pozycji otwartej, nale\u017cy go wymieni\u0107 na nowy. Istniej\u0105 standardowe termostaty, a potem jest termostat Motorad Fail-Safe\u00ae. Popro\u015b o termostat Fail-Safe\u00ae firmy MotoRad\u00ae nast\u0119pnym razem, gdy b\u0119dziesz potrzebowa\u0107 nowego termostatu.   <\/p>\n\n<p style=\"margin-bottom:var(--wp--preset--spacing--60)\">Termostaty MotoRad\u00ae spe\u0142niaj\u0105 lub przewy\u017cszaj\u0105 standardy O.E. i s\u0105 w 100% testowane i kalibrowane pod k\u0105tem prawid\u0142owej temperatury otwarcia i maksymalnej temperatury otwarcia.<\/p>\n\n<div class=\"wp-block-buttons is-layout-flex wp-block-buttons-is-layout-flex\" style=\"margin-bottom:var(--wp--preset--spacing--70)\">\n<div class=\"wp-block-button\"><a class=\"wp-block-button__link wp-element-button\" href=\"https:\/\/mx.motorad.com\/pl\/produkty\/\">Znajd\u017a sw\u00f3j termostat<\/a><\/div>\n<\/div>\n\n<div class=\"wp-block-cover alignfull is-light\" style=\"padding-top:var(--wp--preset--spacing--60);padding-bottom:var(--wp--preset--spacing--60)\"><span aria-hidden=\"true\" class=\"wp-block-cover__background has-background-dim-0 has-background-dim\" style=\"background-color:#ece5d9\"><\/span><img loading=\"lazy\" decoding=\"async\" width=\"1505\" height=\"305\" class=\"wp-block-cover__image-background wp-image-223\" alt=\"\" src=\"https:\/\/mx.motorad.com\/wp-content\/uploads\/2025\/03\/FooterCTA.jpg\" data-object-fit=\"cover\" srcset=\"https:\/\/mx.motorad.com\/wp-content\/uploads\/2025\/03\/FooterCTA.jpg 1505w, https:\/\/mx.motorad.com\/wp-content\/uploads\/2025\/03\/FooterCTA-300x61.jpg 300w, https:\/\/mx.motorad.com\/wp-content\/uploads\/2025\/03\/FooterCTA-1024x208.jpg 1024w, https:\/\/mx.motorad.com\/wp-content\/uploads\/2025\/03\/FooterCTA-768x156.jpg 768w\" sizes=\"auto, (max-width: 1505px) 100vw, 1505px\" \/><div class=\"wp-block-cover__inner-container is-layout-flow wp-block-cover-is-layout-flow\">\n<div class=\"wp-block-columns are-vertically-aligned-center is-layout-flex wp-container-core-columns-is-layout-cbe57604 wp-block-columns-is-layout-flex\">\n<div class=\"wp-block-column is-vertically-aligned-center is-layout-flow wp-block-column-is-layout-flow\" style=\"flex-basis:45%\">\n<h2 class=\"wp-block-heading has-text-align-center has-palette-text-color has-text-color\" id=\"h-need-help-finding-the-right-product\" style=\"margin-bottom:var(--wp--preset--spacing--40)\">Potrzebujesz pomocy w znalezieniu odpowiedniego produktu?<\/h2>\n\n\n\n<p class=\"has-text-align-center has-palette-text-color has-text-color\" style=\"margin-bottom:var(--wp--preset--spacing--50)\">Nasz oddany zesp\u00f3\u0142 jest tutaj, aby poprowadzi\u0107 Ci\u0119 we w\u0142a\u015bciwym kierunku. Kliknij poni\u017cej i daj nam zna\u0107, jak mo\u017cemy Ci pom\u00f3c w znalezieniu idealnego produktu dla Twoich potrzeb. Twoja podr\u00f3\u017c do do\u015bwiadczania BETTER zaczyna si\u0119 tutaj.  <\/p>\n\n\n\n<div class=\"wp-block-buttons is-content-justification-center is-layout-flex wp-container-core-buttons-is-layout-a89b3969 wp-block-buttons-is-layout-flex\">\n<div class=\"wp-block-button\"><a class=\"wp-block-button__link has-text-align-center wp-element-button\" href=\"https:\/\/mx.motorad.com\/contact\/need-help-finding-something\/\">Porozmawiaj ze specjalist\u0105 MotoRad<\/a><\/div>\n<\/div>\n<\/div>\n\n\n\n<div class=\"wp-block-column is-layout-flow wp-block-column-is-layout-flow\" style=\"flex-basis:10%\"><\/div>\n\n\n\n<div class=\"wp-block-column is-layout-flow wp-block-column-is-layout-flow\" style=\"flex-basis:45%\">\n<h2 class=\"wp-block-heading has-text-align-center has-palette-text-color has-text-color\" id=\"h-looking-for-custom-development\" style=\"margin-bottom:var(--wp--preset--spacing--40)\">Szukasz niestandardowego oprogramowania?<\/h2>\n\n\n\n<p class=\"has-text-align-center has-palette-text-color has-text-color\" style=\"margin-bottom:var(--wp--preset--spacing--50)\">Nie chodzi nam tylko o produkty; tworzymy rozwi\u0105zania dostosowane do Twoich potrzeb. Czy jeste\u015b gotowy, aby o\u017cywi\u0107 sw\u00f3j nowy projekt? Kliknij poni\u017cej i wyruszmy razem w podr\u00f3\u017c tworzenia niestandardowych produkt\u00f3w.  <\/p>\n\n\n\n<div class=\"wp-block-buttons is-content-justification-center is-layout-flex wp-container-core-buttons-is-layout-a89b3969 wp-block-buttons-is-layout-flex\">\n<div class=\"wp-block-button is-style-fill\"><a class=\"wp-block-button__link has-palette-bg-color has-palette-text-background-color has-text-color has-background has-text-align-center wp-element-button\" href=\"https:\/\/mx.motorad.com\/contact\/do-you-need-custom-development\/\">Chcemy by\u0107 Twoim dostawc\u0105<\/a><\/div>\n<\/div>\n<\/div>\n<\/div>\n<\/div><\/div>\n","protected":false},"excerpt":{"rendered":"<p>Termostaty MotoRad\u00ae Fail-Safe\u00ae zosta\u0142y zaprojektowane, aby chroni\u0107 silnik w przypadku przegrzania. Oparte na najwy\u017cszej jako\u015bci, opatentowanej technologii, oferuj\u0105 doskona\u0142\u0105 ochron\u0119 [&#8230;]<\/p>\n","protected":false},"author":1,"featured_media":0,"parent":6739,"menu_order":0,"comment_status":"closed","ping_status":"closed","template":"","meta":{"_acf_changed":false,"footnotes":""},"class_list":["post-6001","page","type-page","status-publish","hentry"],"acf":[],"yoast_head":"<!-- This site is optimized with the Yoast SEO Premium plugin v27.2 (Yoast SEO v27.2) - https:\/\/yoast.com\/product\/yoast-seo-premium-wordpress\/ -->\n<title>Termostaty MotoRad Fail-Safe\u00ae - MotoRad<\/title>\n<meta name=\"description\" content=\"Termostaty Motorad Fail-Safe zosta\u0142y zaprojektowane, aby zapobiega\u0107 przegrzewaniu si\u0119 silnika i zapewni\u0107 spok\u00f3j ducha w podr\u00f3\u017cy. Zainwestuj w termostaty Motorad Fail-Safe dla niezawodnej regulacji temperatury i bezproblemowej jazdy.\" \/>\n<meta name=\"robots\" content=\"index, follow, max-snippet:-1, max-image-preview:large, max-video-preview:-1\" \/>\n<link rel=\"canonical\" href=\"https:\/\/mx.motorad.com\/pl\/produkty\/termostaty\/termostaty-motorad-fail-safe\/\" \/>\n<meta property=\"og:locale\" content=\"pl_PL\" \/>\n<meta property=\"og:type\" content=\"article\" \/>\n<meta property=\"og:title\" content=\"Termostaty MotoRad Fail-Safe\u00ae\" \/>\n<meta property=\"og:description\" content=\"Termostaty Motorad Fail-Safe zosta\u0142y zaprojektowane, aby zapobiega\u0107 przegrzewaniu si\u0119 silnika i zapewni\u0107 spok\u00f3j ducha w podr\u00f3\u017cy. Zainwestuj w termostaty Motorad Fail-Safe dla niezawodnej regulacji temperatury i bezproblemowej jazdy.\" \/>\n<meta property=\"og:url\" content=\"https:\/\/mx.motorad.com\/pl\/produkty\/termostaty\/termostaty-motorad-fail-safe\/\" \/>\n<meta property=\"og:site_name\" content=\"MotoRad\" \/>\n<meta property=\"article:modified_time\" content=\"2026-03-17T12:57:10+00:00\" \/>\n<meta property=\"og:image\" content=\"https:\/\/mx.motorad.com\/wp-content\/uploads\/2025\/04\/Fail-Safe_Callout_web-1.jpg\" \/>\n\t<meta property=\"og:image:width\" content=\"457\" \/>\n\t<meta property=\"og:image:height\" content=\"204\" \/>\n\t<meta property=\"og:image:type\" content=\"image\/jpeg\" \/>\n<meta name=\"twitter:card\" content=\"summary_large_image\" \/>\n<meta name=\"twitter:label1\" content=\"Est. reading time\" \/>\n\t<meta name=\"twitter:data1\" content=\"2 minuty\" \/>\n<script type=\"application\/ld+json\" class=\"yoast-schema-graph\">{\"@context\":\"https:\/\/schema.org\",\"@graph\":[{\"@type\":\"WebPage\",\"@id\":\"https:\/\/mx.motorad.com\/pl\/produkty\/termostaty\/termostaty-motorad-fail-safe\/\",\"url\":\"https:\/\/mx.motorad.com\/pl\/produkty\/termostaty\/termostaty-motorad-fail-safe\/\",\"name\":\"Termostaty MotoRad Fail-Safe\u00ae - MotoRad\",\"isPartOf\":{\"@id\":\"https:\/\/mx.motorad.com\/pl\/#website\"},\"primaryImageOfPage\":{\"@id\":\"https:\/\/mx.motorad.com\/pl\/produkty\/termostaty\/termostaty-motorad-fail-safe\/#primaryimage\"},\"image\":{\"@id\":\"https:\/\/mx.motorad.com\/pl\/produkty\/termostaty\/termostaty-motorad-fail-safe\/#primaryimage\"},\"thumbnailUrl\":\"https:\/\/mx.motorad.com\/wp-content\/uploads\/2025\/04\/Fail-Safe_Callout_web-1.jpg\",\"datePublished\":\"2025-04-03T15:52:13+00:00\",\"dateModified\":\"2026-03-17T12:57:10+00:00\",\"description\":\"Termostaty Motorad Fail-Safe zosta\u0142y zaprojektowane, aby zapobiega\u0107 przegrzewaniu si\u0119 silnika i zapewni\u0107 spok\u00f3j ducha w podr\u00f3\u017cy. Zainwestuj w termostaty Motorad Fail-Safe dla niezawodnej regulacji temperatury i bezproblemowej jazdy.\",\"breadcrumb\":{\"@id\":\"https:\/\/mx.motorad.com\/pl\/produkty\/termostaty\/termostaty-motorad-fail-safe\/#breadcrumb\"},\"inLanguage\":\"pl-PL\",\"potentialAction\":[{\"@type\":\"ReadAction\",\"target\":[\"https:\/\/mx.motorad.com\/pl\/produkty\/termostaty\/termostaty-motorad-fail-safe\/\"]}]},{\"@type\":\"ImageObject\",\"inLanguage\":\"pl-PL\",\"@id\":\"https:\/\/mx.motorad.com\/pl\/produkty\/termostaty\/termostaty-motorad-fail-safe\/#primaryimage\",\"url\":\"https:\/\/mx.motorad.com\/wp-content\/uploads\/2025\/04\/Fail-Safe_Callout_web-1.jpg\",\"contentUrl\":\"https:\/\/mx.motorad.com\/wp-content\/uploads\/2025\/04\/Fail-Safe_Callout_web-1.jpg\"},{\"@type\":\"BreadcrumbList\",\"@id\":\"https:\/\/mx.motorad.com\/pl\/produkty\/termostaty\/termostaty-motorad-fail-safe\/#breadcrumb\",\"itemListElement\":[{\"@type\":\"ListItem\",\"position\":1,\"name\":\"Home\",\"item\":\"https:\/\/mx.motorad.com\/pl\/\"},{\"@type\":\"ListItem\",\"position\":2,\"name\":\"Produkty\",\"item\":\"https:\/\/motoradnew.test\/pl\/produkty\/\"},{\"@type\":\"ListItem\",\"position\":3,\"name\":\"Termostaty\",\"item\":\"https:\/\/motoradnew.test\/pl\/produkty\/termostaty\/\"},{\"@type\":\"ListItem\",\"position\":4,\"name\":\"Termostaty MotoRad Fail-Safe\u00ae\"}]},{\"@type\":\"WebSite\",\"@id\":\"https:\/\/mx.motorad.com\/pl\/#website\",\"url\":\"https:\/\/mx.motorad.com\/pl\/\",\"name\":\"MotoRad\",\"description\":\"Trusted to Deliver Better - Thermal Management, Emissions, Powertrain Controls\",\"potentialAction\":[{\"@type\":\"SearchAction\",\"target\":{\"@type\":\"EntryPoint\",\"urlTemplate\":\"https:\/\/mx.motorad.com\/pl\/?s={search_term_string}\"},\"query-input\":{\"@type\":\"PropertyValueSpecification\",\"valueRequired\":true,\"valueName\":\"search_term_string\"}}],\"inLanguage\":\"pl-PL\"}]}<\/script>\n<!-- \/ Yoast SEO Premium plugin. -->","yoast_head_json":{"title":"Termostaty MotoRad Fail-Safe\u00ae - MotoRad","description":"Termostaty Motorad Fail-Safe zosta\u0142y zaprojektowane, aby zapobiega\u0107 przegrzewaniu si\u0119 silnika i zapewni\u0107 spok\u00f3j ducha w podr\u00f3\u017cy. Zainwestuj w termostaty Motorad Fail-Safe dla niezawodnej regulacji temperatury i bezproblemowej jazdy.","robots":{"index":"index","follow":"follow","max-snippet":"max-snippet:-1","max-image-preview":"max-image-preview:large","max-video-preview":"max-video-preview:-1"},"canonical":"https:\/\/mx.motorad.com\/pl\/produkty\/termostaty\/termostaty-motorad-fail-safe\/","og_locale":"pl_PL","og_type":"article","og_title":"Termostaty MotoRad Fail-Safe\u00ae","og_description":"Termostaty Motorad Fail-Safe zosta\u0142y zaprojektowane, aby zapobiega\u0107 przegrzewaniu si\u0119 silnika i zapewni\u0107 spok\u00f3j ducha w podr\u00f3\u017cy. Zainwestuj w termostaty Motorad Fail-Safe dla niezawodnej regulacji temperatury i bezproblemowej jazdy.","og_url":"https:\/\/mx.motorad.com\/pl\/produkty\/termostaty\/termostaty-motorad-fail-safe\/","og_site_name":"MotoRad","article_modified_time":"2026-03-17T12:57:10+00:00","og_image":[{"width":457,"height":204,"url":"https:\/\/mx.motorad.com\/wp-content\/uploads\/2025\/04\/Fail-Safe_Callout_web-1.jpg","type":"image\/jpeg"}],"twitter_card":"summary_large_image","twitter_misc":{"Est. reading time":"2 minuty"},"schema":{"@context":"https:\/\/schema.org","@graph":[{"@type":"WebPage","@id":"https:\/\/mx.motorad.com\/pl\/produkty\/termostaty\/termostaty-motorad-fail-safe\/","url":"https:\/\/mx.motorad.com\/pl\/produkty\/termostaty\/termostaty-motorad-fail-safe\/","name":"Termostaty MotoRad Fail-Safe\u00ae - MotoRad","isPartOf":{"@id":"https:\/\/mx.motorad.com\/pl\/#website"},"primaryImageOfPage":{"@id":"https:\/\/mx.motorad.com\/pl\/produkty\/termostaty\/termostaty-motorad-fail-safe\/#primaryimage"},"image":{"@id":"https:\/\/mx.motorad.com\/pl\/produkty\/termostaty\/termostaty-motorad-fail-safe\/#primaryimage"},"thumbnailUrl":"https:\/\/mx.motorad.com\/wp-content\/uploads\/2025\/04\/Fail-Safe_Callout_web-1.jpg","datePublished":"2025-04-03T15:52:13+00:00","dateModified":"2026-03-17T12:57:10+00:00","description":"Termostaty Motorad Fail-Safe zosta\u0142y zaprojektowane, aby zapobiega\u0107 przegrzewaniu si\u0119 silnika i zapewni\u0107 spok\u00f3j ducha w podr\u00f3\u017cy. Zainwestuj w termostaty Motorad Fail-Safe dla niezawodnej regulacji temperatury i bezproblemowej jazdy.","breadcrumb":{"@id":"https:\/\/mx.motorad.com\/pl\/produkty\/termostaty\/termostaty-motorad-fail-safe\/#breadcrumb"},"inLanguage":"pl-PL","potentialAction":[{"@type":"ReadAction","target":["https:\/\/mx.motorad.com\/pl\/produkty\/termostaty\/termostaty-motorad-fail-safe\/"]}]},{"@type":"ImageObject","inLanguage":"pl-PL","@id":"https:\/\/mx.motorad.com\/pl\/produkty\/termostaty\/termostaty-motorad-fail-safe\/#primaryimage","url":"https:\/\/mx.motorad.com\/wp-content\/uploads\/2025\/04\/Fail-Safe_Callout_web-1.jpg","contentUrl":"https:\/\/mx.motorad.com\/wp-content\/uploads\/2025\/04\/Fail-Safe_Callout_web-1.jpg"},{"@type":"BreadcrumbList","@id":"https:\/\/mx.motorad.com\/pl\/produkty\/termostaty\/termostaty-motorad-fail-safe\/#breadcrumb","itemListElement":[{"@type":"ListItem","position":1,"name":"Home","item":"https:\/\/mx.motorad.com\/pl\/"},{"@type":"ListItem","position":2,"name":"Produkty","item":"https:\/\/motoradnew.test\/pl\/produkty\/"},{"@type":"ListItem","position":3,"name":"Termostaty","item":"https:\/\/motoradnew.test\/pl\/produkty\/termostaty\/"},{"@type":"ListItem","position":4,"name":"Termostaty MotoRad Fail-Safe\u00ae"}]},{"@type":"WebSite","@id":"https:\/\/mx.motorad.com\/pl\/#website","url":"https:\/\/mx.motorad.com\/pl\/","name":"MotoRad","description":"Trusted to Deliver Better - Thermal Management, Emissions, Powertrain Controls","potentialAction":[{"@type":"SearchAction","target":{"@type":"EntryPoint","urlTemplate":"https:\/\/mx.motorad.com\/pl\/?s={search_term_string}"},"query-input":{"@type":"PropertyValueSpecification","valueRequired":true,"valueName":"search_term_string"}}],"inLanguage":"pl-PL"}]}},"_links":{"self":[{"href":"https:\/\/mx.motorad.com\/pl\/wp-json\/wp\/v2\/pages\/6001","targetHints":{"allow":["GET"]}}],"collection":[{"href":"https:\/\/mx.motorad.com\/pl\/wp-json\/wp\/v2\/pages"}],"about":[{"href":"https:\/\/mx.motorad.com\/pl\/wp-json\/wp\/v2\/types\/page"}],"author":[{"embeddable":true,"href":"https:\/\/mx.motorad.com\/pl\/wp-json\/wp\/v2\/users\/1"}],"replies":[{"embeddable":true,"href":"https:\/\/mx.motorad.com\/pl\/wp-json\/wp\/v2\/comments?post=6001"}],"version-history":[{"count":3,"href":"https:\/\/mx.motorad.com\/pl\/wp-json\/wp\/v2\/pages\/6001\/revisions"}],"predecessor-version":[{"id":87724,"href":"https:\/\/mx.motorad.com\/pl\/wp-json\/wp\/v2\/pages\/6001\/revisions\/87724"}],"up":[{"embeddable":true,"href":"https:\/\/mx.motorad.com\/pl\/wp-json\/wp\/v2\/pages\/6739"}],"wp:attachment":[{"href":"https:\/\/mx.motorad.com\/pl\/wp-json\/wp\/v2\/media?parent=6001"}],"curies":[{"name":"wp","href":"https:\/\/api.w.org\/{rel}","templated":true}]}}