{"id":6722,"date":"2025-04-03T15:39:49","date_gmt":"2025-04-03T15:39:49","guid":{"rendered":"https:\/\/mx.motorad.com\/termostaty-samochodowe\/"},"modified":"2026-03-17T12:55:44","modified_gmt":"2026-03-17T12:55:44","slug":"termostaty-samochodowe","status":"publish","type":"page","link":"https:\/\/mx.motorad.com\/pl\/produkty\/termostaty\/termostaty-samochodowe\/","title":{"rendered":"Termostaty samochodowe"},"content":{"rendered":"<h1 style=\"padding-bottom:0;margin-top:var(--wp--preset--spacing--60);\" class=\"wp-block-post-title\">Termostaty samochodowe<\/h1>\n<div class=\"wp-block-columns is-layout-flex wp-container-core-columns-is-layout-b94da506 wp-block-columns-is-layout-flex\" style=\"margin-top:var(--wp--preset--spacing--60);margin-bottom:var(--wp--preset--spacing--70)\">\n<div class=\"wp-block-column is-layout-flow wp-block-column-is-layout-flow\" style=\"flex-basis:33.33%\">\n<figure class=\"wp-block-image aligncenter size-full\"><img loading=\"lazy\" decoding=\"async\" width=\"216\" height=\"216\" src=\"https:\/\/mx.motorad.com\/wp-content\/uploads\/2025\/04\/Motorad-04.svg\" alt=\"\" class=\"wp-image-3379\"\/><\/figure>\n<\/div>\n\n\n\n<div class=\"wp-block-column is-layout-flow wp-block-column-is-layout-flow\" style=\"flex-basis:66.66%\">\n<p style=\"margin-bottom:var(--wp--preset--spacing--30)\">MotoRad oferuje pe\u0142n\u0105 lini\u0119 termostat\u00f3w zast\u0119puj\u0105cych oryginalne termostaty. <\/p>\n\n\n\n<p style=\"margin-bottom:var(--wp--preset--spacing--30)\"><strong>Termostaty MotoRad s\u0105 dost\u0119pne w trzech r\u00f3\u017cnych poziomach jako\u015bci, aby spe\u0142ni\u0107 zr\u00f3\u017cnicowane potrzeby konsument\u00f3w i profesjonalnych monter\u00f3w.<\/strong><\/p>\n\n\n\n<div class=\"wp-block-columns is-layout-flex wp-container-core-columns-is-layout-cf69c365 wp-block-columns-is-layout-flex\" style=\"margin-bottom:var(--wp--preset--spacing--60)\">\n<div class=\"wp-block-column is-layout-flow wp-block-column-is-layout-flow\">\n<figure class=\"wp-block-image size-full\" style=\"margin-bottom:var(--wp--preset--spacing--40)\"><a href=\"https:\/\/mx.motorad.com\/pl\/produkty\/termostaty\/termostaty-motorad-ultrastat\/\"><img loading=\"lazy\" decoding=\"async\" width=\"720\" height=\"347\" src=\"https:\/\/mx.motorad.com\/wp-content\/uploads\/2025\/04\/UltraStat_Image_web-1.jpg\" alt=\"\" class=\"wp-image-3415\" srcset=\"https:\/\/mx.motorad.com\/wp-content\/uploads\/2025\/04\/UltraStat_Image_web-1.jpg 720w, https:\/\/mx.motorad.com\/wp-content\/uploads\/2025\/04\/UltraStat_Image_web-1-300x145.jpg 300w\" sizes=\"auto, (max-width: 720px) 100vw, 720px\" \/><\/a><\/figure>\n\n\n\n<ul class=\"wp-block-list\">\n<li>Zaprojektowane, aby przekracza\u0107 specyfikacje oryginalnego wyposa\u017cenia<\/li>\n\n\n\n<li>Wysokiej jako\u015bci konstrukcja z potr\u00f3jnym mostkiem zapewniaj\u0105ca wytrzyma\u0142o\u015b\u0107 i stabilno\u015b\u0107<\/li>\n\n\n\n<li>Powi\u0119kszony otw\u00f3r zapewniaj\u0105cy zwi\u0119kszony przep\u0142yw<\/li>\n\n\n\n<li>Doskona\u0142a reakcja na potrzeby ch\u0142odzenia<\/li>\n<\/ul>\n<\/div>\n\n\n\n<div class=\"wp-block-column is-layout-flow wp-block-column-is-layout-flow\">\n<figure class=\"wp-block-image size-full\" style=\"margin-bottom:var(--wp--preset--spacing--40)\"><img loading=\"lazy\" decoding=\"async\" width=\"457\" height=\"204\" src=\"https:\/\/mx.motorad.com\/wp-content\/uploads\/2025\/04\/Fail-Safe_Callout_web-1.jpg\" alt=\"\" class=\"wp-image-3401\" srcset=\"https:\/\/mx.motorad.com\/wp-content\/uploads\/2025\/04\/Fail-Safe_Callout_web-1.jpg 457w, https:\/\/mx.motorad.com\/wp-content\/uploads\/2025\/04\/Fail-Safe_Callout_web-1-300x134.jpg 300w\" sizes=\"auto, (max-width: 457px) 100vw, 457px\" \/><\/figure>\n\n\n\n<p><strong>Pomaga chroni\u0107 silnik przed przegrzaniem.<\/strong><\/p>\n\n\n\n<p>Gdy uszkodzona cz\u0119\u015b\u0107 uk\u0142adu ch\u0142odzenia powoduje przegrzanie, zabezpieczenie awaryjne aktywuje precyzyjnie zaprojektowany t\u0142ok za pomoc\u0105 drugiego skoku. Automatycznie blokuje to zaw\u00f3r w pozycji ca\u0142kowicie otwartej, umo\u017cliwiaj\u0105c swobodny przep\u0142yw p\u0142ynu ch\u0142odz\u0105cego. <\/p>\n<\/div>\n\n\n\n<div class=\"wp-block-column is-layout-flow wp-block-column-is-layout-flow\">\n<figure class=\"wp-block-image aligncenter size-full is-resized\" style=\"margin-bottom:var(--wp--preset--spacing--40)\"><img loading=\"lazy\" decoding=\"async\" width=\"240\" height=\"248\" src=\"https:\/\/mx.motorad.com\/wp-content\/uploads\/2025\/04\/part.webp\" alt=\"\" class=\"wp-image-3408\" style=\"width:135px;height:139px\"\/><\/figure>\n\n\n\n<p>Standardowe termostaty samochodowe wykorzystuj\u0105 termicznie reaguj\u0105c\u0105 pastylk\u0119 woskow\u0105 zamkni\u0119t\u0105 w miedzianej obudowie przewodz\u0105cej ciep\u0142o, zawieraj\u0105cej elastyczn\u0105 gumow\u0105 membran\u0119.<\/p>\n<\/div>\n<\/div>\n\n\n\n<p>Te cz\u0119\u015bci s\u0105 produkowane zgodnie ze wszystkimi wymaganiami oryginalnych producent\u00f3w wyposa\u017cenia lub je przekraczaj\u0105. MotoRad oferuje r\u00f3wnie\u017c standardowe termostaty dla wielu alternatywnych temperatur. <\/p>\n<\/div>\n<\/div>\n\n<p style=\"margin-bottom:var(--wp--preset--spacing--30)\">MotoRad oferuje najlepsz\u0105 na \u015bwiecie ofert\u0119 termostat\u00f3w do niemal ka\u017cdego pojazdu i silnika na drodze i poza ni\u0105. Termostaty MotoRad odgrywaj\u0105 kluczow\u0105 rol\u0119 w utrzymaniu temperatury roboczej silnika.  <\/p>\n\n<p style=\"margin-bottom:var(--wp--preset--spacing--60)\">Ma to pozytywny wp\u0142yw na wydajno\u015b\u0107 spalania i przekazywanie mocy, zu\u017cycie paliwa, emisj\u0119 zanieczyszcze\u0144 oraz \u017cywotno\u015b\u0107 silnika.<\/p>\n\n<div class=\"wp-block-buttons is-layout-flex wp-block-buttons-is-layout-flex\" style=\"margin-bottom:var(--wp--preset--spacing--70)\">\n<div class=\"wp-block-button\"><a class=\"wp-block-button__link wp-element-button\" href=\"https:\/\/mx.motorad.com\/pl\/produkty\/\">Znajd\u017a sw\u00f3j termostat<\/a><\/div>\n<\/div>\n\n<div class=\"wp-block-cover alignfull is-light\" style=\"padding-top:var(--wp--preset--spacing--60);padding-bottom:var(--wp--preset--spacing--60)\"><span aria-hidden=\"true\" class=\"wp-block-cover__background has-background-dim-0 has-background-dim\" style=\"background-color:#ece5d9\"><\/span><img loading=\"lazy\" decoding=\"async\" width=\"1505\" height=\"305\" class=\"wp-block-cover__image-background wp-image-223\" alt=\"\" src=\"https:\/\/mx.motorad.com\/wp-content\/uploads\/2025\/03\/FooterCTA.jpg\" data-object-fit=\"cover\" srcset=\"https:\/\/mx.motorad.com\/wp-content\/uploads\/2025\/03\/FooterCTA.jpg 1505w, https:\/\/mx.motorad.com\/wp-content\/uploads\/2025\/03\/FooterCTA-300x61.jpg 300w, https:\/\/mx.motorad.com\/wp-content\/uploads\/2025\/03\/FooterCTA-1024x208.jpg 1024w, https:\/\/mx.motorad.com\/wp-content\/uploads\/2025\/03\/FooterCTA-768x156.jpg 768w\" sizes=\"auto, (max-width: 1505px) 100vw, 1505px\" \/><div class=\"wp-block-cover__inner-container is-layout-flow wp-block-cover-is-layout-flow\">\n<div class=\"wp-block-columns are-vertically-aligned-center is-layout-flex wp-container-core-columns-is-layout-cbe57604 wp-block-columns-is-layout-flex\">\n<div class=\"wp-block-column is-vertically-aligned-center is-layout-flow wp-block-column-is-layout-flow\" style=\"flex-basis:45%\">\n<h2 class=\"wp-block-heading has-text-align-center has-palette-text-color has-text-color\" id=\"h-need-help-finding-the-right-product\" style=\"margin-bottom:var(--wp--preset--spacing--40)\">Potrzebujesz pomocy w znalezieniu odpowiedniego produktu?<\/h2>\n\n\n\n<p class=\"has-text-align-center has-palette-text-color has-text-color\" style=\"margin-bottom:var(--wp--preset--spacing--50)\">Nasz oddany zesp\u00f3\u0142 jest tutaj, aby poprowadzi\u0107 Ci\u0119 we w\u0142a\u015bciwym kierunku. Kliknij poni\u017cej i daj nam zna\u0107, jak mo\u017cemy Ci pom\u00f3c w znalezieniu idealnego produktu dla Twoich potrzeb. Twoja podr\u00f3\u017c do do\u015bwiadczania BETTER zaczyna si\u0119 tutaj.  <\/p>\n\n\n\n<div class=\"wp-block-buttons is-content-justification-center is-layout-flex wp-container-core-buttons-is-layout-a89b3969 wp-block-buttons-is-layout-flex\">\n<div class=\"wp-block-button\"><a class=\"wp-block-button__link has-text-align-center wp-element-button\" href=\"https:\/\/mx.motorad.com\/contact\/need-help-finding-something\/\">Porozmawiaj ze specjalist\u0105 MotoRad<\/a><\/div>\n<\/div>\n<\/div>\n\n\n\n<div class=\"wp-block-column is-layout-flow wp-block-column-is-layout-flow\" style=\"flex-basis:10%\"><\/div>\n\n\n\n<div class=\"wp-block-column is-layout-flow wp-block-column-is-layout-flow\" style=\"flex-basis:45%\">\n<h2 class=\"wp-block-heading has-text-align-center has-palette-text-color has-text-color\" id=\"h-looking-for-custom-development\" style=\"margin-bottom:var(--wp--preset--spacing--40)\">Szukasz niestandardowego oprogramowania?<\/h2>\n\n\n\n<p class=\"has-text-align-center has-palette-text-color has-text-color\" style=\"margin-bottom:var(--wp--preset--spacing--50)\">Nie chodzi nam tylko o produkty; tworzymy rozwi\u0105zania dostosowane do Twoich potrzeb. Czy jeste\u015b gotowy, aby o\u017cywi\u0107 sw\u00f3j nowy projekt? Kliknij poni\u017cej i wyruszmy razem w podr\u00f3\u017c tworzenia niestandardowych produkt\u00f3w.  <\/p>\n\n\n\n<div class=\"wp-block-buttons is-content-justification-center is-layout-flex wp-container-core-buttons-is-layout-a89b3969 wp-block-buttons-is-layout-flex\">\n<div class=\"wp-block-button is-style-fill\"><a class=\"wp-block-button__link has-palette-bg-color has-palette-text-background-color has-text-color has-background has-text-align-center wp-element-button\" href=\"https:\/\/mx.motorad.com\/contact\/do-you-need-custom-development\/\">Chcemy by\u0107 Twoim dostawc\u0105<\/a><\/div>\n<\/div>\n<\/div>\n<\/div>\n<\/div><\/div>\n","protected":false},"excerpt":{"rendered":"<p>MotoRad oferuje pe\u0142n\u0105 lini\u0119 termostat\u00f3w zast\u0119puj\u0105cych oryginalne termostaty. Termostaty MotoRad s\u0105 dost\u0119pne w trzech r\u00f3\u017cnych poziomach jako\u015bci, aby spe\u0142ni\u0107 zr\u00f3\u017cnicowane [&#8230;]<\/p>\n","protected":false},"author":1,"featured_media":0,"parent":6739,"menu_order":0,"comment_status":"closed","ping_status":"closed","template":"","meta":{"_acf_changed":false,"footnotes":""},"class_list":["post-6722","page","type-page","status-publish","hentry"],"acf":[],"yoast_head":"<!-- This site is optimized with the Yoast SEO Premium plugin v27.2 (Yoast SEO v27.2) - https:\/\/yoast.com\/product\/yoast-seo-premium-wordpress\/ -->\n<title>Termostaty samochodowe - MotoRad<\/title>\n<meta name=\"description\" content=\"MotoRad - Termostaty samochodowe\" \/>\n<meta name=\"robots\" content=\"index, follow, max-snippet:-1, max-image-preview:large, max-video-preview:-1\" \/>\n<link rel=\"canonical\" href=\"https:\/\/mx.motorad.com\/pl\/produkty\/termostaty\/termostaty-samochodowe\/\" \/>\n<meta property=\"og:locale\" content=\"pl_PL\" \/>\n<meta property=\"og:type\" content=\"article\" \/>\n<meta property=\"og:title\" content=\"Termostaty samochodowe\" \/>\n<meta property=\"og:description\" content=\"MotoRad - Termostaty samochodowe\" \/>\n<meta property=\"og:url\" content=\"https:\/\/mx.motorad.com\/pl\/produkty\/termostaty\/termostaty-samochodowe\/\" \/>\n<meta property=\"og:site_name\" content=\"MotoRad\" \/>\n<meta property=\"article:modified_time\" content=\"2026-03-17T12:55:44+00:00\" \/>\n<meta name=\"twitter:card\" content=\"summary_large_image\" \/>\n<meta name=\"twitter:label1\" content=\"Est. reading time\" \/>\n\t<meta name=\"twitter:data1\" content=\"1 minuta\" \/>\n<script type=\"application\/ld+json\" class=\"yoast-schema-graph\">{\"@context\":\"https:\/\/schema.org\",\"@graph\":[{\"@type\":\"WebPage\",\"@id\":\"https:\/\/mx.motorad.com\/pl\/produkty\/termostaty\/termostaty-samochodowe\/\",\"url\":\"https:\/\/mx.motorad.com\/pl\/produkty\/termostaty\/termostaty-samochodowe\/\",\"name\":\"Termostaty samochodowe - MotoRad\",\"isPartOf\":{\"@id\":\"https:\/\/mx.motorad.com\/pl\/#website\"},\"primaryImageOfPage\":{\"@id\":\"https:\/\/mx.motorad.com\/pl\/produkty\/termostaty\/termostaty-samochodowe\/#primaryimage\"},\"image\":{\"@id\":\"https:\/\/mx.motorad.com\/pl\/produkty\/termostaty\/termostaty-samochodowe\/#primaryimage\"},\"thumbnailUrl\":\"https:\/\/mx.motorad.com\/wp-content\/uploads\/2025\/04\/Motorad-04.svg\",\"datePublished\":\"2025-04-03T15:39:49+00:00\",\"dateModified\":\"2026-03-17T12:55:44+00:00\",\"description\":\"MotoRad - Termostaty samochodowe\",\"breadcrumb\":{\"@id\":\"https:\/\/mx.motorad.com\/pl\/produkty\/termostaty\/termostaty-samochodowe\/#breadcrumb\"},\"inLanguage\":\"pl-PL\",\"potentialAction\":[{\"@type\":\"ReadAction\",\"target\":[\"https:\/\/mx.motorad.com\/pl\/produkty\/termostaty\/termostaty-samochodowe\/\"]}]},{\"@type\":\"ImageObject\",\"inLanguage\":\"pl-PL\",\"@id\":\"https:\/\/mx.motorad.com\/pl\/produkty\/termostaty\/termostaty-samochodowe\/#primaryimage\",\"url\":\"https:\/\/mx.motorad.com\/wp-content\/uploads\/2025\/04\/Motorad-04.svg\",\"contentUrl\":\"https:\/\/mx.motorad.com\/wp-content\/uploads\/2025\/04\/Motorad-04.svg\"},{\"@type\":\"BreadcrumbList\",\"@id\":\"https:\/\/mx.motorad.com\/pl\/produkty\/termostaty\/termostaty-samochodowe\/#breadcrumb\",\"itemListElement\":[{\"@type\":\"ListItem\",\"position\":1,\"name\":\"Home\",\"item\":\"https:\/\/mx.motorad.com\/pl\/\"},{\"@type\":\"ListItem\",\"position\":2,\"name\":\"Produkty\",\"item\":\"https:\/\/motoradnew.test\/pl\/produkty\/\"},{\"@type\":\"ListItem\",\"position\":3,\"name\":\"Termostaty\",\"item\":\"https:\/\/motoradnew.test\/pl\/produkty\/termostaty\/\"},{\"@type\":\"ListItem\",\"position\":4,\"name\":\"Termostaty samochodowe\"}]},{\"@type\":\"WebSite\",\"@id\":\"https:\/\/mx.motorad.com\/pl\/#website\",\"url\":\"https:\/\/mx.motorad.com\/pl\/\",\"name\":\"MotoRad\",\"description\":\"Trusted to Deliver Better - Thermal Management, Emissions, Powertrain Controls\",\"potentialAction\":[{\"@type\":\"SearchAction\",\"target\":{\"@type\":\"EntryPoint\",\"urlTemplate\":\"https:\/\/mx.motorad.com\/pl\/?s={search_term_string}\"},\"query-input\":{\"@type\":\"PropertyValueSpecification\",\"valueRequired\":true,\"valueName\":\"search_term_string\"}}],\"inLanguage\":\"pl-PL\"}]}<\/script>\n<!-- \/ Yoast SEO Premium plugin. -->","yoast_head_json":{"title":"Termostaty samochodowe - MotoRad","description":"MotoRad - Termostaty samochodowe","robots":{"index":"index","follow":"follow","max-snippet":"max-snippet:-1","max-image-preview":"max-image-preview:large","max-video-preview":"max-video-preview:-1"},"canonical":"https:\/\/mx.motorad.com\/pl\/produkty\/termostaty\/termostaty-samochodowe\/","og_locale":"pl_PL","og_type":"article","og_title":"Termostaty samochodowe","og_description":"MotoRad - Termostaty samochodowe","og_url":"https:\/\/mx.motorad.com\/pl\/produkty\/termostaty\/termostaty-samochodowe\/","og_site_name":"MotoRad","article_modified_time":"2026-03-17T12:55:44+00:00","twitter_card":"summary_large_image","twitter_misc":{"Est. reading time":"1 minuta"},"schema":{"@context":"https:\/\/schema.org","@graph":[{"@type":"WebPage","@id":"https:\/\/mx.motorad.com\/pl\/produkty\/termostaty\/termostaty-samochodowe\/","url":"https:\/\/mx.motorad.com\/pl\/produkty\/termostaty\/termostaty-samochodowe\/","name":"Termostaty samochodowe - MotoRad","isPartOf":{"@id":"https:\/\/mx.motorad.com\/pl\/#website"},"primaryImageOfPage":{"@id":"https:\/\/mx.motorad.com\/pl\/produkty\/termostaty\/termostaty-samochodowe\/#primaryimage"},"image":{"@id":"https:\/\/mx.motorad.com\/pl\/produkty\/termostaty\/termostaty-samochodowe\/#primaryimage"},"thumbnailUrl":"https:\/\/mx.motorad.com\/wp-content\/uploads\/2025\/04\/Motorad-04.svg","datePublished":"2025-04-03T15:39:49+00:00","dateModified":"2026-03-17T12:55:44+00:00","description":"MotoRad - Termostaty samochodowe","breadcrumb":{"@id":"https:\/\/mx.motorad.com\/pl\/produkty\/termostaty\/termostaty-samochodowe\/#breadcrumb"},"inLanguage":"pl-PL","potentialAction":[{"@type":"ReadAction","target":["https:\/\/mx.motorad.com\/pl\/produkty\/termostaty\/termostaty-samochodowe\/"]}]},{"@type":"ImageObject","inLanguage":"pl-PL","@id":"https:\/\/mx.motorad.com\/pl\/produkty\/termostaty\/termostaty-samochodowe\/#primaryimage","url":"https:\/\/mx.motorad.com\/wp-content\/uploads\/2025\/04\/Motorad-04.svg","contentUrl":"https:\/\/mx.motorad.com\/wp-content\/uploads\/2025\/04\/Motorad-04.svg"},{"@type":"BreadcrumbList","@id":"https:\/\/mx.motorad.com\/pl\/produkty\/termostaty\/termostaty-samochodowe\/#breadcrumb","itemListElement":[{"@type":"ListItem","position":1,"name":"Home","item":"https:\/\/mx.motorad.com\/pl\/"},{"@type":"ListItem","position":2,"name":"Produkty","item":"https:\/\/motoradnew.test\/pl\/produkty\/"},{"@type":"ListItem","position":3,"name":"Termostaty","item":"https:\/\/motoradnew.test\/pl\/produkty\/termostaty\/"},{"@type":"ListItem","position":4,"name":"Termostaty samochodowe"}]},{"@type":"WebSite","@id":"https:\/\/mx.motorad.com\/pl\/#website","url":"https:\/\/mx.motorad.com\/pl\/","name":"MotoRad","description":"Trusted to Deliver Better - Thermal Management, Emissions, Powertrain Controls","potentialAction":[{"@type":"SearchAction","target":{"@type":"EntryPoint","urlTemplate":"https:\/\/mx.motorad.com\/pl\/?s={search_term_string}"},"query-input":{"@type":"PropertyValueSpecification","valueRequired":true,"valueName":"search_term_string"}}],"inLanguage":"pl-PL"}]}},"_links":{"self":[{"href":"https:\/\/mx.motorad.com\/pl\/wp-json\/wp\/v2\/pages\/6722","targetHints":{"allow":["GET"]}}],"collection":[{"href":"https:\/\/mx.motorad.com\/pl\/wp-json\/wp\/v2\/pages"}],"about":[{"href":"https:\/\/mx.motorad.com\/pl\/wp-json\/wp\/v2\/types\/page"}],"author":[{"embeddable":true,"href":"https:\/\/mx.motorad.com\/pl\/wp-json\/wp\/v2\/users\/1"}],"replies":[{"embeddable":true,"href":"https:\/\/mx.motorad.com\/pl\/wp-json\/wp\/v2\/comments?post=6722"}],"version-history":[{"count":4,"href":"https:\/\/mx.motorad.com\/pl\/wp-json\/wp\/v2\/pages\/6722\/revisions"}],"predecessor-version":[{"id":87711,"href":"https:\/\/mx.motorad.com\/pl\/wp-json\/wp\/v2\/pages\/6722\/revisions\/87711"}],"up":[{"embeddable":true,"href":"https:\/\/mx.motorad.com\/pl\/wp-json\/wp\/v2\/pages\/6739"}],"wp:attachment":[{"href":"https:\/\/mx.motorad.com\/pl\/wp-json\/wp\/v2\/media?parent=6722"}],"curies":[{"name":"wp","href":"https:\/\/api.w.org\/{rel}","templated":true}]}}