{"id":6730,"date":"2025-04-03T15:47:22","date_gmt":"2025-04-03T15:47:22","guid":{"rendered":"https:\/\/mx.motorad.com\/termostaty-motorad-ultrastat\/"},"modified":"2025-07-17T13:56:53","modified_gmt":"2025-07-17T13:56:53","slug":"termostaty-motorad-ultrastat","status":"publish","type":"page","link":"https:\/\/mx.motorad.com\/pl\/produkty\/termostaty\/termostaty-motorad-ultrastat\/","title":{"rendered":"Termostaty MotoRad UltraStat\u00ae"},"content":{"rendered":"<h1 style=\"margin-top:var(--wp--preset--spacing--60);margin-right:0;margin-bottom:var(--wp--preset--spacing--60);\" class=\"wp-block-post-title\">Termostaty MotoRad UltraStat\u00ae<\/h1>\n<div class=\"wp-block-columns is-layout-flex wp-container-core-columns-is-layout-212ad063 wp-block-columns-is-layout-flex\" style=\"margin-bottom:var(--wp--preset--spacing--70)\">\n<div class=\"wp-block-column is-layout-flow wp-block-column-is-layout-flow\" style=\"flex-basis:33.33%\">\n<figure class=\"wp-block-image size-full\"><img loading=\"lazy\" decoding=\"async\" width=\"720\" height=\"347\" src=\"https:\/\/mx.motorad.com\/wp-content\/uploads\/2025\/04\/UltraStat_Image_web-1.jpg\" alt=\"\" class=\"wp-image-3415\" srcset=\"https:\/\/mx.motorad.com\/wp-content\/uploads\/2025\/04\/UltraStat_Image_web-1.jpg 720w, https:\/\/mx.motorad.com\/wp-content\/uploads\/2025\/04\/UltraStat_Image_web-1-300x145.jpg 300w\" sizes=\"auto, (max-width: 720px) 100vw, 720px\" \/><\/figure>\n<\/div>\n\n\n\n<div class=\"wp-block-column is-layout-flow wp-block-column-is-layout-flow\" style=\"flex-basis:66.66%\">\n<p>Termostaty ze stali nierdzewnej MotoRad\u00ae UltraStat\u00ae to innowacyjna linia produkt\u00f3w s\u0142u\u017c\u0105ca do wymiany termostat\u00f3w samochodowych, oferuj\u0105ca wiele cech i korzy\u015bci w por\u00f3wnaniu z oryginalnymi cz\u0119\u015bciami. Konstrukcja z grubej stali nierdzewnej zapewnia najwy\u017csz\u0105 odporno\u015b\u0107 na korozj\u0119 spo\u015br\u00f3d wszystkich termostat\u00f3w dost\u0119pnych na rynku. Zastrze\u017cona technologia konstrukcji zaworu BLVT\u2122 zapobiega szokowi termicznemu, podczas gdy wytrzyma\u0142a konstrukcja AccuSpring\u2122 zapewnia dok\u0142adne obci\u0105\u017cenie spr\u0119\u017cyny stabilizuj\u0105ce temperatur\u0119, co przek\u0142ada si\u0119 na zwi\u0119kszony komfort w kabinie.  <\/p>\n<\/div>\n<\/div>\n\n<figure class=\"wp-block-embed is-type-video is-provider-youtube wp-block-embed-youtube wp-embed-aspect-16-9 wp-has-aspect-ratio\" style=\"margin-bottom:var(--wp--preset--spacing--60)\"><div class=\"wp-block-embed__wrapper\">\n<iframe loading=\"lazy\" title=\"UltraStat\u00ae Thermostat by MotoRad\" width=\"500\" height=\"281\" src=\"https:\/\/www.youtube.com\/embed\/TsLFy4nwlBY?feature=oembed\" frameborder=\"0\" allow=\"accelerometer; autoplay; clipboard-write; encrypted-media; gyroscope; picture-in-picture; web-share\" referrerpolicy=\"strict-origin-when-cross-origin\" allowfullscreen><\/iframe>\n<\/div><\/figure>\n\n<p style=\"margin-bottom:var(--wp--preset--spacing--30)\"><strong>SZUKASZ MO\u017bLIWO\u015aCI MODERNIZACJI?<\/strong><\/p>\n\n<p style=\"margin-bottom:var(--wp--preset--spacing--30)\">Zespo\u0142y produktowe i in\u017cynieryjne MotoRad\u00ae s\u0105 na bie\u017c\u0105co z problemami rynku, oferuj\u0105c innowacyjne rozwi\u0105zania produktowe OEM+, daj\u0105ce Tobie i Twoim klientom MO\u017bLIWO\u015aCI WYBORU!<\/p>\n\n<p style=\"margin-bottom:var(--wp--preset--spacing--30)\"><strong>Zmodernizuj<\/strong> <strong>ofert\u0119 dla klient\u00f3w na<\/strong> <strong>UltraStat\u00ae<\/strong><\/p>\n\n<ul style=\"margin-bottom:var(--wp--preset--spacing--60)\" class=\"wp-block-list\">\n<li><em>Konstrukcja z grubej stali nierdzewnej<\/em> <em>zapewnia najwy\u017csz\u0105<\/em> <em>odporno\u015b\u0107 na korozj\u0119 spo\u015br\u00f3d<\/em> <em>wszystkich termostat\u00f3w na rynku.<\/em><\/li>\n\n\n\n<li><em>Zastrze\u017cona technologia konstrukcji zaworu BLVT\u2122<\/em> <em>zapobiega szokowi termicznemu<\/em>.<\/li>\n\n\n\n<li><em>Wytrzyma\u0142a konstrukcja AccuSpring\u2122 zapewnia<\/em> <em>dok\u0142adne obci\u0105\u017cenie spr\u0119\u017cyny stabilizuj\u0105ce<\/em> <em>temperatur\u0119, zwi\u0119kszaj\u0105c<\/em> <em>komfort w kabinie<\/em>.<\/li>\n<\/ul>\n\n<div class=\"wp-block-columns is-layout-flex wp-container-core-columns-is-layout-8dca0e93 wp-block-columns-is-layout-flex\" style=\"margin-bottom:var(--wp--preset--spacing--70)\">\n<div class=\"wp-block-column is-vertically-aligned-center is-layout-flow wp-block-column-is-layout-flow\" style=\"flex-basis:33.33%\">\n<figure class=\"wp-block-image aligncenter size-full\"><img loading=\"lazy\" decoding=\"async\" width=\"291\" height=\"261\" src=\"https:\/\/mx.motorad.com\/wp-content\/uploads\/2025\/04\/ultrastat.webp\" alt=\"\" class=\"wp-image-3441\"\/><\/figure>\n<\/div>\n\n\n\n<div class=\"wp-block-column is-layout-flow wp-block-column-is-layout-flow\" style=\"flex-basis:66.66%\">\n<h2 class=\"wp-block-heading\" id=\"h-designed-for-severe-duty-amp-high-performance-engines\" style=\"margin-bottom:var(--wp--preset--spacing--40)\">Zaprojektowane do silnik\u00f3w o du\u017cym obci\u0105\u017ceniu i wysokiej wydajno\u015bci<\/h2>\n\n\n\n<p style=\"margin-bottom:var(--wp--preset--spacing--50)\">Mo\u017cesz skorzysta\u0107 z naszego internetowego katalogu termostat\u00f3w i wyszukiwarki cz\u0119\u015bci, aby znale\u017a\u0107 zamienniki dla pojazd\u00f3w oraz por\u00f3wna\u0107 numery cz\u0119\u015bci z kodami SKU producent\u00f3w i dostawc\u00f3w, aby znale\u017a\u0107 odpowiedni termostat do swojego pojazdu. <\/p>\n\n\n\n<div class=\"wp-block-buttons is-layout-flex wp-block-buttons-is-layout-flex\">\n<div class=\"wp-block-button\"><a class=\"wp-block-button__link wp-element-button\" href=\"https:\/\/mx.motorad.com\/pl\/produkty\/\">Znajd\u017a sw\u00f3j termostat<\/a><\/div>\n<\/div>\n<\/div>\n<\/div>\n\n<div class=\"wp-block-cover alignfull is-light\" style=\"padding-top:var(--wp--preset--spacing--60);padding-bottom:var(--wp--preset--spacing--60)\"><span aria-hidden=\"true\" class=\"wp-block-cover__background has-background-dim-0 has-background-dim\" style=\"background-color:#ece5d9\"><\/span><img loading=\"lazy\" decoding=\"async\" width=\"1505\" height=\"305\" class=\"wp-block-cover__image-background wp-image-223\" alt=\"\" src=\"https:\/\/mx.motorad.com\/wp-content\/uploads\/2025\/03\/FooterCTA.jpg\" data-object-fit=\"cover\" srcset=\"https:\/\/mx.motorad.com\/wp-content\/uploads\/2025\/03\/FooterCTA.jpg 1505w, https:\/\/mx.motorad.com\/wp-content\/uploads\/2025\/03\/FooterCTA-300x61.jpg 300w, https:\/\/mx.motorad.com\/wp-content\/uploads\/2025\/03\/FooterCTA-1024x208.jpg 1024w, https:\/\/mx.motorad.com\/wp-content\/uploads\/2025\/03\/FooterCTA-768x156.jpg 768w\" sizes=\"auto, (max-width: 1505px) 100vw, 1505px\" \/><div class=\"wp-block-cover__inner-container is-layout-flow wp-block-cover-is-layout-flow\">\n<div class=\"wp-block-columns are-vertically-aligned-center is-layout-flex wp-container-core-columns-is-layout-cbe57604 wp-block-columns-is-layout-flex\">\n<div class=\"wp-block-column is-vertically-aligned-center is-layout-flow wp-block-column-is-layout-flow\" style=\"flex-basis:45%\">\n<h2 class=\"wp-block-heading has-text-align-center has-palette-text-color has-text-color\" id=\"h-need-help-finding-the-right-product\" style=\"margin-bottom:var(--wp--preset--spacing--40)\">Potrzebujesz pomocy w znalezieniu odpowiedniego produktu?<\/h2>\n\n\n\n<p class=\"has-text-align-center has-palette-text-color has-text-color\" style=\"margin-bottom:var(--wp--preset--spacing--50)\">Nasz oddany zesp\u00f3\u0142 jest tutaj, aby poprowadzi\u0107 Ci\u0119 we w\u0142a\u015bciwym kierunku. Kliknij poni\u017cej i daj nam zna\u0107, jak mo\u017cemy Ci pom\u00f3c w znalezieniu idealnego produktu dla Twoich potrzeb. Twoja podr\u00f3\u017c do do\u015bwiadczania BETTER zaczyna si\u0119 tutaj.  <\/p>\n\n\n\n<div class=\"wp-block-buttons is-content-justification-center is-layout-flex wp-container-core-buttons-is-layout-a89b3969 wp-block-buttons-is-layout-flex\">\n<div class=\"wp-block-button\"><a class=\"wp-block-button__link has-text-align-center wp-element-button\" href=\"https:\/\/mx.motorad.com\/contact\/need-help-finding-something\/\">Porozmawiaj ze specjalist\u0105 MotoRad<\/a><\/div>\n<\/div>\n<\/div>\n\n\n\n<div class=\"wp-block-column is-layout-flow wp-block-column-is-layout-flow\" style=\"flex-basis:10%\"><\/div>\n\n\n\n<div class=\"wp-block-column is-layout-flow wp-block-column-is-layout-flow\" style=\"flex-basis:45%\">\n<h2 class=\"wp-block-heading has-text-align-center has-palette-text-color has-text-color\" id=\"h-looking-for-custom-development\" style=\"margin-bottom:var(--wp--preset--spacing--40)\">Szukasz niestandardowego oprogramowania?<\/h2>\n\n\n\n<p class=\"has-text-align-center has-palette-text-color has-text-color\" style=\"margin-bottom:var(--wp--preset--spacing--50)\">Nie chodzi nam tylko o produkty; tworzymy rozwi\u0105zania dostosowane do Twoich potrzeb. Czy jeste\u015b gotowy, aby o\u017cywi\u0107 sw\u00f3j nowy projekt? Kliknij poni\u017cej i wyruszmy razem w podr\u00f3\u017c tworzenia niestandardowych produkt\u00f3w.  <\/p>\n\n\n\n<div class=\"wp-block-buttons is-content-justification-center is-layout-flex wp-container-core-buttons-is-layout-a89b3969 wp-block-buttons-is-layout-flex\">\n<div class=\"wp-block-button is-style-fill\"><a class=\"wp-block-button__link has-palette-bg-color has-palette-text-background-color has-text-color has-background has-text-align-center wp-element-button\" href=\"https:\/\/mx.motorad.com\/contact\/do-you-need-custom-development\/\">Chcemy by\u0107 Twoim dostawc\u0105<\/a><\/div>\n<\/div>\n<\/div>\n<\/div>\n<\/div><\/div>\n","protected":false},"excerpt":{"rendered":"<p>Termostaty ze stali nierdzewnej MotoRad\u00ae UltraStat\u00ae to innowacyjna linia produkt\u00f3w s\u0142u\u017c\u0105ca do wymiany termostat\u00f3w samochodowych, oferuj\u0105ca wiele cech i korzy\u015bci [&#8230;]<\/p>\n","protected":false},"author":1,"featured_media":0,"parent":6739,"menu_order":0,"comment_status":"closed","ping_status":"closed","template":"","meta":{"_acf_changed":false,"footnotes":""},"class_list":["post-6730","page","type-page","status-publish","hentry"],"acf":[],"yoast_head":"<!-- This site is optimized with the Yoast SEO Premium plugin v27.2 (Yoast SEO v27.2) - https:\/\/yoast.com\/product\/yoast-seo-premium-wordpress\/ -->\n<title>Termostaty MotoRad UltraStat\u00ae - MotoRad<\/title>\n<meta name=\"description\" content=\"MotoRad - Termostaty MotoRad UltraStat\u00ae\" \/>\n<meta name=\"robots\" content=\"index, follow, max-snippet:-1, max-image-preview:large, max-video-preview:-1\" \/>\n<link rel=\"canonical\" href=\"https:\/\/mx.motorad.com\/pl\/produkty\/termostaty\/termostaty-motorad-ultrastat\/\" \/>\n<meta property=\"og:locale\" content=\"pl_PL\" \/>\n<meta property=\"og:type\" content=\"article\" \/>\n<meta property=\"og:title\" content=\"Termostaty MotoRad UltraStat\u00ae\" \/>\n<meta property=\"og:description\" content=\"MotoRad - Termostaty MotoRad UltraStat\u00ae\" \/>\n<meta property=\"og:url\" content=\"https:\/\/mx.motorad.com\/pl\/produkty\/termostaty\/termostaty-motorad-ultrastat\/\" \/>\n<meta property=\"og:site_name\" content=\"MotoRad\" \/>\n<meta property=\"article:modified_time\" content=\"2025-07-17T13:56:53+00:00\" \/>\n<meta property=\"og:image\" content=\"https:\/\/mx.motorad.com\/wp-content\/uploads\/2025\/04\/UltraStat_Image_web-1.jpg\" \/>\n\t<meta property=\"og:image:width\" content=\"720\" \/>\n\t<meta property=\"og:image:height\" content=\"347\" \/>\n\t<meta property=\"og:image:type\" content=\"image\/jpeg\" \/>\n<meta name=\"twitter:card\" content=\"summary_large_image\" \/>\n<meta name=\"twitter:label1\" content=\"Est. reading time\" \/>\n\t<meta name=\"twitter:data1\" content=\"1 minuta\" \/>\n<script type=\"application\/ld+json\" class=\"yoast-schema-graph\">{\"@context\":\"https:\/\/schema.org\",\"@graph\":[{\"@type\":\"WebPage\",\"@id\":\"https:\/\/mx.motorad.com\/pl\/produkty\/termostaty\/termostaty-motorad-ultrastat\/\",\"url\":\"https:\/\/mx.motorad.com\/pl\/produkty\/termostaty\/termostaty-motorad-ultrastat\/\",\"name\":\"Termostaty MotoRad UltraStat\u00ae - MotoRad\",\"isPartOf\":{\"@id\":\"https:\/\/mx.motorad.com\/pl\/#website\"},\"primaryImageOfPage\":{\"@id\":\"https:\/\/mx.motorad.com\/pl\/produkty\/termostaty\/termostaty-motorad-ultrastat\/#primaryimage\"},\"image\":{\"@id\":\"https:\/\/mx.motorad.com\/pl\/produkty\/termostaty\/termostaty-motorad-ultrastat\/#primaryimage\"},\"thumbnailUrl\":\"https:\/\/mx.motorad.com\/wp-content\/uploads\/2025\/04\/UltraStat_Image_web-1.jpg\",\"datePublished\":\"2025-04-03T15:47:22+00:00\",\"dateModified\":\"2025-07-17T13:56:53+00:00\",\"description\":\"MotoRad - Termostaty MotoRad UltraStat\u00ae\",\"breadcrumb\":{\"@id\":\"https:\/\/mx.motorad.com\/pl\/produkty\/termostaty\/termostaty-motorad-ultrastat\/#breadcrumb\"},\"inLanguage\":\"pl-PL\",\"potentialAction\":[{\"@type\":\"ReadAction\",\"target\":[\"https:\/\/mx.motorad.com\/pl\/produkty\/termostaty\/termostaty-motorad-ultrastat\/\"]}]},{\"@type\":\"ImageObject\",\"inLanguage\":\"pl-PL\",\"@id\":\"https:\/\/mx.motorad.com\/pl\/produkty\/termostaty\/termostaty-motorad-ultrastat\/#primaryimage\",\"url\":\"https:\/\/mx.motorad.com\/wp-content\/uploads\/2025\/04\/UltraStat_Image_web-1.jpg\",\"contentUrl\":\"https:\/\/mx.motorad.com\/wp-content\/uploads\/2025\/04\/UltraStat_Image_web-1.jpg\"},{\"@type\":\"BreadcrumbList\",\"@id\":\"https:\/\/mx.motorad.com\/pl\/produkty\/termostaty\/termostaty-motorad-ultrastat\/#breadcrumb\",\"itemListElement\":[{\"@type\":\"ListItem\",\"position\":1,\"name\":\"Home\",\"item\":\"https:\/\/mx.motorad.com\/pl\/\"},{\"@type\":\"ListItem\",\"position\":2,\"name\":\"Produkty\",\"item\":\"https:\/\/motoradnew.test\/pl\/produkty\/\"},{\"@type\":\"ListItem\",\"position\":3,\"name\":\"Termostaty\",\"item\":\"https:\/\/motoradnew.test\/pl\/produkty\/termostaty\/\"},{\"@type\":\"ListItem\",\"position\":4,\"name\":\"Termostaty MotoRad UltraStat\u00ae\"}]},{\"@type\":\"WebSite\",\"@id\":\"https:\/\/mx.motorad.com\/pl\/#website\",\"url\":\"https:\/\/mx.motorad.com\/pl\/\",\"name\":\"MotoRad\",\"description\":\"Trusted to Deliver Better - Thermal Management, Emissions, Powertrain Controls\",\"potentialAction\":[{\"@type\":\"SearchAction\",\"target\":{\"@type\":\"EntryPoint\",\"urlTemplate\":\"https:\/\/mx.motorad.com\/pl\/?s={search_term_string}\"},\"query-input\":{\"@type\":\"PropertyValueSpecification\",\"valueRequired\":true,\"valueName\":\"search_term_string\"}}],\"inLanguage\":\"pl-PL\"}]}<\/script>\n<!-- \/ Yoast SEO Premium plugin. -->","yoast_head_json":{"title":"Termostaty MotoRad UltraStat\u00ae - MotoRad","description":"MotoRad - Termostaty MotoRad UltraStat\u00ae","robots":{"index":"index","follow":"follow","max-snippet":"max-snippet:-1","max-image-preview":"max-image-preview:large","max-video-preview":"max-video-preview:-1"},"canonical":"https:\/\/mx.motorad.com\/pl\/produkty\/termostaty\/termostaty-motorad-ultrastat\/","og_locale":"pl_PL","og_type":"article","og_title":"Termostaty MotoRad UltraStat\u00ae","og_description":"MotoRad - Termostaty MotoRad UltraStat\u00ae","og_url":"https:\/\/mx.motorad.com\/pl\/produkty\/termostaty\/termostaty-motorad-ultrastat\/","og_site_name":"MotoRad","article_modified_time":"2025-07-17T13:56:53+00:00","og_image":[{"width":720,"height":347,"url":"https:\/\/mx.motorad.com\/wp-content\/uploads\/2025\/04\/UltraStat_Image_web-1.jpg","type":"image\/jpeg"}],"twitter_card":"summary_large_image","twitter_misc":{"Est. reading time":"1 minuta"},"schema":{"@context":"https:\/\/schema.org","@graph":[{"@type":"WebPage","@id":"https:\/\/mx.motorad.com\/pl\/produkty\/termostaty\/termostaty-motorad-ultrastat\/","url":"https:\/\/mx.motorad.com\/pl\/produkty\/termostaty\/termostaty-motorad-ultrastat\/","name":"Termostaty MotoRad UltraStat\u00ae - MotoRad","isPartOf":{"@id":"https:\/\/mx.motorad.com\/pl\/#website"},"primaryImageOfPage":{"@id":"https:\/\/mx.motorad.com\/pl\/produkty\/termostaty\/termostaty-motorad-ultrastat\/#primaryimage"},"image":{"@id":"https:\/\/mx.motorad.com\/pl\/produkty\/termostaty\/termostaty-motorad-ultrastat\/#primaryimage"},"thumbnailUrl":"https:\/\/mx.motorad.com\/wp-content\/uploads\/2025\/04\/UltraStat_Image_web-1.jpg","datePublished":"2025-04-03T15:47:22+00:00","dateModified":"2025-07-17T13:56:53+00:00","description":"MotoRad - Termostaty MotoRad UltraStat\u00ae","breadcrumb":{"@id":"https:\/\/mx.motorad.com\/pl\/produkty\/termostaty\/termostaty-motorad-ultrastat\/#breadcrumb"},"inLanguage":"pl-PL","potentialAction":[{"@type":"ReadAction","target":["https:\/\/mx.motorad.com\/pl\/produkty\/termostaty\/termostaty-motorad-ultrastat\/"]}]},{"@type":"ImageObject","inLanguage":"pl-PL","@id":"https:\/\/mx.motorad.com\/pl\/produkty\/termostaty\/termostaty-motorad-ultrastat\/#primaryimage","url":"https:\/\/mx.motorad.com\/wp-content\/uploads\/2025\/04\/UltraStat_Image_web-1.jpg","contentUrl":"https:\/\/mx.motorad.com\/wp-content\/uploads\/2025\/04\/UltraStat_Image_web-1.jpg"},{"@type":"BreadcrumbList","@id":"https:\/\/mx.motorad.com\/pl\/produkty\/termostaty\/termostaty-motorad-ultrastat\/#breadcrumb","itemListElement":[{"@type":"ListItem","position":1,"name":"Home","item":"https:\/\/mx.motorad.com\/pl\/"},{"@type":"ListItem","position":2,"name":"Produkty","item":"https:\/\/motoradnew.test\/pl\/produkty\/"},{"@type":"ListItem","position":3,"name":"Termostaty","item":"https:\/\/motoradnew.test\/pl\/produkty\/termostaty\/"},{"@type":"ListItem","position":4,"name":"Termostaty MotoRad UltraStat\u00ae"}]},{"@type":"WebSite","@id":"https:\/\/mx.motorad.com\/pl\/#website","url":"https:\/\/mx.motorad.com\/pl\/","name":"MotoRad","description":"Trusted to Deliver Better - Thermal Management, Emissions, Powertrain Controls","potentialAction":[{"@type":"SearchAction","target":{"@type":"EntryPoint","urlTemplate":"https:\/\/mx.motorad.com\/pl\/?s={search_term_string}"},"query-input":{"@type":"PropertyValueSpecification","valueRequired":true,"valueName":"search_term_string"}}],"inLanguage":"pl-PL"}]}},"_links":{"self":[{"href":"https:\/\/mx.motorad.com\/pl\/wp-json\/wp\/v2\/pages\/6730","targetHints":{"allow":["GET"]}}],"collection":[{"href":"https:\/\/mx.motorad.com\/pl\/wp-json\/wp\/v2\/pages"}],"about":[{"href":"https:\/\/mx.motorad.com\/pl\/wp-json\/wp\/v2\/types\/page"}],"author":[{"embeddable":true,"href":"https:\/\/mx.motorad.com\/pl\/wp-json\/wp\/v2\/users\/1"}],"replies":[{"embeddable":true,"href":"https:\/\/mx.motorad.com\/pl\/wp-json\/wp\/v2\/comments?post=6730"}],"version-history":[{"count":2,"href":"https:\/\/mx.motorad.com\/pl\/wp-json\/wp\/v2\/pages\/6730\/revisions"}],"predecessor-version":[{"id":55771,"href":"https:\/\/mx.motorad.com\/pl\/wp-json\/wp\/v2\/pages\/6730\/revisions\/55771"}],"up":[{"embeddable":true,"href":"https:\/\/mx.motorad.com\/pl\/wp-json\/wp\/v2\/pages\/6739"}],"wp:attachment":[{"href":"https:\/\/mx.motorad.com\/pl\/wp-json\/wp\/v2\/media?parent=6730"}],"curies":[{"name":"wp","href":"https:\/\/api.w.org\/{rel}","templated":true}]}}