{"id":6739,"date":"2025-04-03T15:31:25","date_gmt":"2025-04-03T15:31:25","guid":{"rendered":"https:\/\/mx.motorad.com\/termostaty\/"},"modified":"2025-07-17T13:56:53","modified_gmt":"2025-07-17T13:56:53","slug":"termostaty","status":"publish","type":"page","link":"https:\/\/mx.motorad.com\/pl\/produkty\/termostaty\/","title":{"rendered":"Termostaty"},"content":{"rendered":"\n<div class=\"wp-block-columns is-layout-flex wp-container-core-columns-is-layout-45c10ec9 wp-block-columns-is-layout-flex\" style=\"margin-top:var(--wp--preset--spacing--60);margin-bottom:var(--wp--preset--spacing--60)\">\n<div class=\"wp-block-column is-vertically-aligned-center is-layout-flow wp-block-column-is-layout-flow\" style=\"flex-basis:33.33%\">\n<figure class=\"wp-block-image aligncenter size-full\"><img loading=\"lazy\" decoding=\"async\" width=\"216\" height=\"216\" src=\"https:\/\/mx.motorad.com\/wp-content\/uploads\/2025\/04\/Motorad-04.svg\" alt=\"\" class=\"wp-image-3379\"\/><\/figure>\n<\/div>\n\n\n\n<div class=\"wp-block-column is-layout-flow wp-block-column-is-layout-flow\" style=\"flex-basis:66.66%\">\n<h2 class=\"wp-block-heading\" id=\"h-explore-oem-quality-automotive-thermostats-motorad\" style=\"margin-bottom:var(--wp--preset--spacing--50)\">Odkryj termostaty samochodowe jako\u015bci OEM | MotoRad\u00ae<\/h2>\n\n\n\n<p style=\"margin-bottom:var(--wp--preset--spacing--20)\">MotoRad\u00ae oferuje najlepszy na \u015bwiecie asortyment termostat\u00f3w do prawie ka\u017cdego pojazdu i silnika. Termostaty MotoRad\u00ae odgrywaj\u0105 kluczow\u0105 rol\u0119 w utrzymaniu temperatury roboczej silnika.  <\/p>\n\n\n\n<p style=\"margin-bottom:var(--wp--preset--spacing--20)\"><em>Termostat dzia\u0142a jak zaw\u00f3r czu\u0142y na temperatur\u0119,<\/em> reguluj\u0105cy przep\u0142yw p\u0142ynu ch\u0142odz\u0105cego silnika<em>.<\/em> <em>Otwiera si\u0119 i zamyka w odpowiedzi na temperatur\u0119 silnika, utrzymuj\u0105c<\/em> <em>j\u0105 w idealnym zakresie operacyjnym.<\/em><\/p>\n\n\n\n<p style=\"margin-bottom:var(--wp--preset--spacing--20)\">Wydajno\u015b\u0107 termostatu w poje\u017adzie wp\u0142ywa na efektywno\u015b\u0107 spalania i przenoszenia mocy, zu\u017cycie paliwa, emisj\u0119 zanieczyszcze\u0144 oraz \u017cywotno\u015b\u0107 silnika.<\/p>\n\n\n\n<p style=\"margin-bottom:var(--wp--preset--spacing--20)\"><em><strong>Kluczowe cechy:<\/strong><\/em><\/p>\n\n\n\n<ul class=\"wp-block-list\">\n<li><em>Termostat pomaga zapobiega\u0107 przegrzewaniu si\u0119 silnika, umo\u017cliwiaj\u0105c<\/em> <em>cyrkulacj\u0119 p\u0142ynu ch\u0142odz\u0105cego, gdy silnik osi\u0105ga okre\u015blon\u0105 temperatur\u0119.<\/em><\/li>\n\n\n\n<li><em>Utrzymywanie silnika w odpowiedniej temperaturze pracy poprawia<\/em> <em>efektywno\u015b\u0107 zu\u017cycia paliwa.<\/em><\/li>\n\n\n\n<li><em>Utrzymywanie odpowiedniej temperatury silnika jest niezb\u0119dne<\/em> <em>dla kontroli emisji.<\/em><\/li>\n\n\n\n<li>Zar\u00f3wno silniki spalinowe wewn\u0119trznego spalania (I.C.E.), jak i pojazdy zelektryfikowane, hybrydowe oraz elektryczne, wszystkie wykorzystuj\u0105 termostaty do utrzymania odpowiedniej temperatury pracy. <\/li>\n<\/ul>\n<\/div>\n<\/div>\n\n<h3 class=\"wp-block-heading\" id=\"h-premium-automotive-thermostats-for-global-distribution\" style=\"margin-bottom:var(--wp--preset--spacing--40)\">Wysokiej jako\u015bci termostaty samochodowe do globalnej dystrybucji<\/h3>\n\n<p style=\"margin-bottom:var(--wp--preset--spacing--30)\">MotoRad\u00ae jest wiod\u0105cym producentem i dostawc\u0105 termostat\u00f3w samochodowych i produkt\u00f3w pokrewnych. Nasz obszerny katalog oferuje wysokiej jako\u015bci termostaty odpowiednie dla r\u00f3\u017cnych modeli pojazd\u00f3w. Niezale\u017cnie czy jeste\u015b w Ameryce P\u00f3\u0142nocnej, Meksyku, Kanadzie, Brazylii, Europie czy regionie EMEA, mamy idealne rozwi\u0105zanie dla Twoich potrzeb motoryzacyjnych.  <\/p>\n\n<h4 class=\"wp-block-heading has-text-align-center is-style-subheading\">Odkryj nasz\u0105 ofert\u0119:<\/h4>\n\n<p class=\"has-text-align-center is-style-subheading\" style=\"margin-bottom:var(--wp--preset--spacing--30)\">Zapoznaj si\u0119 z naszym kompleksowym katalogiem zawieraj\u0105cym szeroki wyb\u00f3r termostat\u00f3w samochodowych, zaprojektowanych zgodnie z najwy\u017cszymi standardami bran\u017cowymi. Od standardowych modeli po specjalistyczne warianty, mamy idealny termostat dla Twojego pojazdu. <\/p>\n\n<div class=\"wp-block-columns is-layout-flex wp-container-core-columns-is-layout-1a0c0cd9 wp-block-columns-is-layout-flex\" style=\"margin-top:var(--wp--preset--spacing--60);margin-bottom:var(--wp--preset--spacing--60)\">\n<div class=\"wp-block-column is-layout-flow wp-block-column-is-layout-flow\">\n<h4 class=\"wp-block-heading has-text-align-center has-medium-font-size\" id=\"h-automotive-thermostats\" style=\"margin-bottom:var(--wp--preset--spacing--40)\"><a href=\"https:\/\/mx.motorad.com\/pl\/termostaty\/termostaty-samochodowe\/\">Termostaty samochodowe<\/a><\/h4>\n\n\n\n<figure class=\"wp-block-image aligncenter size-full is-resized\"><a href=\"https:\/\/mx.motorad.com\/pl\/termostaty\/termostaty-samochodowe\/\"><img loading=\"lazy\" decoding=\"async\" width=\"240\" height=\"248\" src=\"https:\/\/mx.motorad.com\/wp-content\/uploads\/2025\/04\/part.webp\" alt=\"\" class=\"wp-image-3408\" style=\"width:auto;height:115px\"\/><\/a><\/figure>\n<\/div>\n\n\n\n<div class=\"wp-block-column is-layout-flow wp-block-column-is-layout-flow\">\n<h4 class=\"wp-block-heading has-text-align-center has-medium-font-size\" id=\"h-fail-safe-thermostats\" style=\"margin-bottom:var(--wp--preset--spacing--40)\"><a href=\"http:\/\/MotoRad%20Fail-Safe%C2%AE%20Thermostats\">Termostaty Fail-safe\u00ae<\/a><\/h4>\n\n\n\n<figure class=\"wp-block-image size-full\"><a href=\"https:\/\/mx.motorad.com\/pl\/termostaty\/termostaty-motorad-fail-safe\/\"><img loading=\"lazy\" decoding=\"async\" width=\"457\" height=\"204\" src=\"https:\/\/mx.motorad.com\/wp-content\/uploads\/2025\/04\/Fail-Safe_Callout_web-1.jpg\" alt=\"\" class=\"wp-image-3401\" srcset=\"https:\/\/mx.motorad.com\/wp-content\/uploads\/2025\/04\/Fail-Safe_Callout_web-1.jpg 457w, https:\/\/mx.motorad.com\/wp-content\/uploads\/2025\/04\/Fail-Safe_Callout_web-1-300x134.jpg 300w\" sizes=\"auto, (max-width: 457px) 100vw, 457px\" \/><\/a><\/figure>\n<\/div>\n\n\n\n<div class=\"wp-block-column is-layout-flow wp-block-column-is-layout-flow\">\n<h4 class=\"wp-block-heading has-text-align-center has-medium-font-size\" id=\"h-ultrastat-thermostats\" style=\"margin-right:0;margin-bottom:var(--wp--preset--spacing--40)\"><a href=\"https:\/\/mx.motorad.com\/pl\/termostaty\/termostaty-motorad-ultrastat\/\">Termostaty UltraStat\u00ae<\/a><\/h4>\n\n\n\n<figure class=\"wp-block-image size-full\"><a href=\"https:\/\/mx.motorad.com\/pl\/termostaty\/termostaty-motorad-ultrastat\/\"><img loading=\"lazy\" decoding=\"async\" width=\"720\" height=\"347\" src=\"https:\/\/mx.motorad.com\/wp-content\/uploads\/2025\/04\/UltraStat_Image_web-1.jpg\" alt=\"\" class=\"wp-image-3415\" srcset=\"https:\/\/mx.motorad.com\/wp-content\/uploads\/2025\/04\/UltraStat_Image_web-1.jpg 720w, https:\/\/mx.motorad.com\/wp-content\/uploads\/2025\/04\/UltraStat_Image_web-1-300x145.jpg 300w\" sizes=\"auto, (max-width: 720px) 100vw, 720px\" \/><\/a><\/figure>\n<\/div>\n\n\n\n<div class=\"wp-block-column is-layout-flow wp-block-column-is-layout-flow\">\n<h4 class=\"wp-block-heading has-text-align-center has-medium-font-size\" id=\"h-coolant-housing\" style=\"margin-bottom:var(--wp--preset--spacing--40)\"><a href=\"https:\/\/mx.motorad.com\/pl\/termostaty\/obudowy-chlodziwa-motorad\/\">Obudowa <br\/>ch\u0142odnicy<\/a><\/h4>\n\n\n\n<figure class=\"wp-block-image size-full\"><a href=\"https:\/\/mx.motorad.com\/pl\/termostaty\/obudowy-chlodziwa-motorad\/\"><img loading=\"lazy\" decoding=\"async\" width=\"709\" height=\"319\" src=\"https:\/\/mx.motorad.com\/wp-content\/uploads\/2025\/04\/CH1026_Angle.jpg\" alt=\"\" class=\"wp-image-3394\" srcset=\"https:\/\/mx.motorad.com\/wp-content\/uploads\/2025\/04\/CH1026_Angle.jpg 709w, https:\/\/mx.motorad.com\/wp-content\/uploads\/2025\/04\/CH1026_Angle-300x135.jpg 300w\" sizes=\"auto, (max-width: 709px) 100vw, 709px\" \/><\/a><\/figure>\n<\/div>\n\n\n\n<div class=\"wp-block-column is-layout-flow wp-block-column-is-layout-flow\">\n<h4 class=\"wp-block-heading has-text-align-center has-medium-font-size\" id=\"h-integrated-housing-thermostats\" style=\"margin-bottom:var(--wp--preset--spacing--40)\"><a href=\"https:\/\/mx.motorad.com\/pl\/termostaty\/zintegrowane-termostaty-obudowy-motorad\/\">Termostaty ze zintegrowan\u0105 obudow\u0105<\/a><\/h4>\n\n\n\n<figure class=\"wp-block-image size-full\"><a href=\"https:\/\/mx.motorad.com\/pl\/termostaty\/zintegrowane-termostaty-obudowy-motorad\/\"><img loading=\"lazy\" decoding=\"async\" width=\"709\" height=\"319\" src=\"https:\/\/mx.motorad.com\/wp-content\/uploads\/2025\/04\/1000-217_Angle.jpg\" alt=\"\" class=\"wp-image-3387\" srcset=\"https:\/\/mx.motorad.com\/wp-content\/uploads\/2025\/04\/1000-217_Angle.jpg 709w, https:\/\/mx.motorad.com\/wp-content\/uploads\/2025\/04\/1000-217_Angle-300x135.jpg 300w\" sizes=\"auto, (max-width: 709px) 100vw, 709px\" \/><\/a><\/figure>\n<\/div>\n<\/div>\n\n<p style=\"margin-bottom:var(--wp--preset--spacing--20)\"><strong>Tabela zamiennik\u00f3w i kompatybilno\u015b\u0107 termostat\u00f3w:<\/strong><br\/>Z \u0142atwo\u015bci\u0105 znajd\u017a kompatybilne termostaty do swojego pojazdu, korzystaj\u0105c z naszego wygodnego narz\u0119dzia do wyszukiwania zamiennik\u00f3w. Upro\u015b\u0107 swoje poszukiwania i zapewnij precyzyjne dopasowanie za ka\u017cdym razem. <\/p>\n\n<p style=\"margin-bottom:var(--wp--preset--spacing--20)\"><strong>Szczeg\u00f3\u0142owe specyfikacje produkt\u00f3w termostat\u00f3w:<\/strong><br\/>Mo\u017cesz uzyska\u0107 dost\u0119p do szczeg\u00f3\u0142owych specyfikacji ka\u017cdego termostatu, co pomo\u017ce Ci podejmowa\u0107 \u015bwiadome decyzje w oparciu o wymagania Twojego pojazdu. Nasze zaanga\u017cowanie w jako\u015b\u0107 i precyzj\u0119 gwarantuje optymaln\u0105 wydajno\u015b\u0107 i trwa\u0142o\u015b\u0107. <\/p>\n\n<p style=\"margin-bottom:var(--wp--preset--spacing--20)\"><strong>Zaufany producent i dostawca <strong>produkt\u00f3w do zarz\u0105dzania termicznego<\/strong>:<\/strong><br\/>Jako zaufany producent i dostawca, MotoRad\u00ae przestrzega rygorystycznych \u015brodk\u00f3w kontroli jako\u015bci, aby dostarcza\u0107 niezawodne produkty, kt\u00f3re spe\u0142niaj\u0105 lub przewy\u017cszaj\u0105 standardy bran\u017cowe. Mo\u017cesz na nas liczy\u0107 w kwestii doskona\u0142ej wydajno\u015bci i d\u0142ugowieczno\u015bci. <\/p>\n\n<p style=\"margin-bottom:var(--wp--preset--spacing--20)\"><strong>Globalna sie\u0107 dystrybucji:<\/strong><br\/>Skorzystaj z naszej rozleg\u0142ej globalnej sieci dystrybucji, zapewniaj\u0105cej szybk\u0105 dostaw\u0119 pod Twoje drzwi, gdziekolwiek jeste\u015b. Niezale\u017cnie od tego, czy znajdujesz si\u0119 w Ameryce P\u00f3\u0142nocnej, Meksyku, Kanadzie, Brazylii, Europie czy regionie EMEA, uzyskaj \u0142atwy dost\u0119p do naszych wysokiej jako\u015bci produkt\u00f3w. <\/p>\n\n<p style=\"margin-bottom:var(--wp--preset--spacing--20)\"><strong>Dedykowane magazynowanie:<\/strong><br\/>Nasze strategicznie zlokalizowane magazyny u\u0142atwiaj\u0105 efektywn\u0105 dystrybucj\u0119, minimalizuj\u0105c czas dostawy i zapewniaj\u0105c dost\u0119pno\u015b\u0107 produkt\u00f3w, gdy s\u0105 najbardziej potrzebne.<\/p>\n\n<p style=\"margin-bottom:var(--wp--preset--spacing--20)\"><strong>Niezr\u00f3wnana jako\u015b\u0107 i niezawodno\u015b\u0107:<\/strong><br\/>Zaanga\u017cowanie MotoRad\u00ae w jako\u015b\u0107, niezawodno\u015b\u0107 i satysfakcj\u0119 klienta wyr\u00f3\u017cnia nas jako lidera w bran\u017cy motoryzacyjnej. Ciesz si\u0119 spokojem ducha, wiedz\u0105c, \u017ce inwestujesz w produkty, kt\u00f3re zapewniaj\u0105 wyj\u0105tkow\u0105 wydajno\u015b\u0107 w ka\u017cdych warunkach. <\/p>\n\n<p style=\"margin-bottom:var(--wp--preset--spacing--20)\">Wybierz MotoRad\u00ae dla wszystkich swoich potrzeb zwi\u0105zanych z termostatami samochodowymi i do\u015bwiadcz niezr\u00f3wnanej jako\u015bci, niezawodno\u015bci oraz obs\u0142ugi klienta. Przegl\u0105daj nasz katalog ju\u017c dzi\u015b i zwi\u0119ksz wydajno\u015b\u0107 swojego pojazdu dzi\u0119ki naszym wysokiej jako\u015bci produktom. <\/p>\n\n<div class=\"wp-block-buttons is-layout-flex wp-block-buttons-is-layout-flex\" style=\"padding-top:var(--wp--preset--spacing--60);padding-bottom:var(--wp--preset--spacing--70)\">\n<div class=\"wp-block-button\"><a class=\"wp-block-button__link wp-element-button\" href=\"https:\/\/mx.motorad.com\/pl\/produkty\/\">Znajd\u017a sw\u00f3j termostat<\/a><\/div>\n<\/div>\n\n<div class=\"wp-block-cover alignfull is-light\" style=\"padding-top:var(--wp--preset--spacing--60);padding-bottom:var(--wp--preset--spacing--60)\"><span aria-hidden=\"true\" class=\"wp-block-cover__background has-background-dim-0 has-background-dim\" style=\"background-color:#ece5d9\"><\/span><img loading=\"lazy\" decoding=\"async\" width=\"1505\" height=\"305\" class=\"wp-block-cover__image-background wp-image-223\" alt=\"\" src=\"https:\/\/mx.motorad.com\/wp-content\/uploads\/2025\/03\/FooterCTA.jpg\" data-object-fit=\"cover\" srcset=\"https:\/\/mx.motorad.com\/wp-content\/uploads\/2025\/03\/FooterCTA.jpg 1505w, https:\/\/mx.motorad.com\/wp-content\/uploads\/2025\/03\/FooterCTA-300x61.jpg 300w, https:\/\/mx.motorad.com\/wp-content\/uploads\/2025\/03\/FooterCTA-1024x208.jpg 1024w, https:\/\/mx.motorad.com\/wp-content\/uploads\/2025\/03\/FooterCTA-768x156.jpg 768w\" sizes=\"auto, (max-width: 1505px) 100vw, 1505px\" \/><div class=\"wp-block-cover__inner-container is-layout-flow wp-block-cover-is-layout-flow\">\n<div class=\"wp-block-columns are-vertically-aligned-center is-layout-flex wp-container-core-columns-is-layout-cbe57604 wp-block-columns-is-layout-flex\">\n<div class=\"wp-block-column is-vertically-aligned-center is-layout-flow wp-block-column-is-layout-flow\" style=\"flex-basis:45%\">\n<h2 class=\"wp-block-heading has-text-align-center has-palette-text-color has-text-color\" id=\"h-need-help-finding-the-right-product\" style=\"margin-bottom:var(--wp--preset--spacing--40)\">Potrzebujesz pomocy w znalezieniu odpowiedniego produktu?<\/h2>\n\n\n\n<p class=\"has-text-align-center has-palette-text-color has-text-color\" style=\"margin-bottom:var(--wp--preset--spacing--50)\">Nasz oddany zesp\u00f3\u0142 jest tutaj, aby poprowadzi\u0107 Ci\u0119 we w\u0142a\u015bciwym kierunku. Kliknij poni\u017cej i daj nam zna\u0107, jak mo\u017cemy Ci pom\u00f3c w znalezieniu idealnego produktu dla Twoich potrzeb. Twoja podr\u00f3\u017c do do\u015bwiadczania BETTER zaczyna si\u0119 tutaj.  <\/p>\n\n\n\n<div class=\"wp-block-buttons is-content-justification-center is-layout-flex wp-container-core-buttons-is-layout-a89b3969 wp-block-buttons-is-layout-flex\">\n<div class=\"wp-block-button\"><a class=\"wp-block-button__link has-text-align-center wp-element-button\" href=\"https:\/\/mx.motorad.com\/contact\/need-help-finding-something\/\">Porozmawiaj ze specjalist\u0105 MotoRad<\/a><\/div>\n<\/div>\n<\/div>\n\n\n\n<div class=\"wp-block-column is-layout-flow wp-block-column-is-layout-flow\" style=\"flex-basis:10%\"><\/div>\n\n\n\n<div class=\"wp-block-column is-layout-flow wp-block-column-is-layout-flow\" style=\"flex-basis:45%\">\n<h2 class=\"wp-block-heading has-text-align-center has-palette-text-color has-text-color\" id=\"h-looking-for-custom-development\" style=\"margin-bottom:var(--wp--preset--spacing--40)\">Szukasz niestandardowego oprogramowania?<\/h2>\n\n\n\n<p class=\"has-text-align-center has-palette-text-color has-text-color\" style=\"margin-bottom:var(--wp--preset--spacing--50)\">Nie chodzi nam tylko o produkty; tworzymy rozwi\u0105zania dostosowane do Twoich potrzeb. Czy jeste\u015b gotowy, aby o\u017cywi\u0107 sw\u00f3j nowy projekt? Kliknij poni\u017cej i wyruszmy razem w podr\u00f3\u017c tworzenia niestandardowych produkt\u00f3w.  <\/p>\n\n\n\n<div class=\"wp-block-buttons is-content-justification-center is-layout-flex wp-container-core-buttons-is-layout-a89b3969 wp-block-buttons-is-layout-flex\">\n<div class=\"wp-block-button is-style-fill\"><a class=\"wp-block-button__link has-palette-bg-color has-palette-text-background-color has-text-color has-background has-text-align-center wp-element-button\" href=\"https:\/\/mx.motorad.com\/contact\/do-you-need-custom-development\/\">Chcemy by\u0107 Twoim dostawc\u0105<\/a><\/div>\n<\/div>\n<\/div>\n<\/div>\n<\/div><\/div>\n","protected":false},"excerpt":{"rendered":"<p>Odkryj termostaty samochodowe jako\u015bci OEM | MotoRad\u00ae MotoRad\u00ae oferuje najlepszy na \u015bwiecie asortyment termostat\u00f3w do prawie ka\u017cdego pojazdu i silnika. [&#8230;]<\/p>\n","protected":false},"author":1,"featured_media":0,"parent":55766,"menu_order":0,"comment_status":"closed","ping_status":"closed","template":"","meta":{"_acf_changed":false,"footnotes":""},"class_list":["post-6739","page","type-page","status-publish","hentry"],"acf":[],"yoast_head":"<!-- This site is optimized with the Yoast SEO Premium plugin v27.2 (Yoast SEO v27.2) - https:\/\/yoast.com\/product\/yoast-seo-premium-wordpress\/ -->\n<title>Termostaty - MotoRad<\/title>\n<meta name=\"description\" content=\"Znajd\u017a termostaty samochodowe jako\u015bci OEM w naszym obszernym katalogu. Referencje, specyfikacje i wi\u0119cej. Zaufany dostawca producenta z globaln\u0105 dystrybucj\u0105.\" \/>\n<meta name=\"robots\" content=\"index, follow, max-snippet:-1, max-image-preview:large, max-video-preview:-1\" \/>\n<link rel=\"canonical\" href=\"https:\/\/mx.motorad.com\/pl\/produkty\/termostaty\/\" \/>\n<meta property=\"og:locale\" content=\"pl_PL\" \/>\n<meta property=\"og:type\" content=\"article\" \/>\n<meta property=\"og:title\" content=\"Termostaty\" \/>\n<meta property=\"og:description\" content=\"Znajd\u017a termostaty samochodowe jako\u015bci OEM w naszym obszernym katalogu. Referencje, specyfikacje i wi\u0119cej. Zaufany dostawca producenta z globaln\u0105 dystrybucj\u0105.\" \/>\n<meta property=\"og:url\" content=\"https:\/\/mx.motorad.com\/pl\/produkty\/termostaty\/\" \/>\n<meta property=\"og:site_name\" content=\"MotoRad\" \/>\n<meta property=\"article:modified_time\" content=\"2025-07-17T13:56:53+00:00\" \/>\n<meta name=\"twitter:card\" content=\"summary_large_image\" \/>\n<meta name=\"twitter:label1\" content=\"Est. reading time\" \/>\n\t<meta name=\"twitter:data1\" content=\"3 minuty\" \/>\n<script type=\"application\/ld+json\" class=\"yoast-schema-graph\">{\"@context\":\"https:\/\/schema.org\",\"@graph\":[{\"@type\":\"WebPage\",\"@id\":\"https:\/\/mx.motorad.com\/pl\/produkty\/termostaty\/\",\"url\":\"https:\/\/mx.motorad.com\/pl\/produkty\/termostaty\/\",\"name\":\"Termostaty - MotoRad\",\"isPartOf\":{\"@id\":\"https:\/\/mx.motorad.com\/pl\/#website\"},\"primaryImageOfPage\":{\"@id\":\"https:\/\/mx.motorad.com\/pl\/produkty\/termostaty\/#primaryimage\"},\"image\":{\"@id\":\"https:\/\/mx.motorad.com\/pl\/produkty\/termostaty\/#primaryimage\"},\"thumbnailUrl\":\"https:\/\/mx.motorad.com\/wp-content\/uploads\/2025\/04\/Motorad-04.svg\",\"datePublished\":\"2025-04-03T15:31:25+00:00\",\"dateModified\":\"2025-07-17T13:56:53+00:00\",\"description\":\"Znajd\u017a termostaty samochodowe jako\u015bci OEM w naszym obszernym katalogu. Referencje, specyfikacje i wi\u0119cej. Zaufany dostawca producenta z globaln\u0105 dystrybucj\u0105.\",\"breadcrumb\":{\"@id\":\"https:\/\/mx.motorad.com\/pl\/produkty\/termostaty\/#breadcrumb\"},\"inLanguage\":\"pl-PL\",\"potentialAction\":[{\"@type\":\"ReadAction\",\"target\":[\"https:\/\/mx.motorad.com\/pl\/produkty\/termostaty\/\"]}]},{\"@type\":\"ImageObject\",\"inLanguage\":\"pl-PL\",\"@id\":\"https:\/\/mx.motorad.com\/pl\/produkty\/termostaty\/#primaryimage\",\"url\":\"https:\/\/mx.motorad.com\/wp-content\/uploads\/2025\/04\/Motorad-04.svg\",\"contentUrl\":\"https:\/\/mx.motorad.com\/wp-content\/uploads\/2025\/04\/Motorad-04.svg\"},{\"@type\":\"BreadcrumbList\",\"@id\":\"https:\/\/mx.motorad.com\/pl\/produkty\/termostaty\/#breadcrumb\",\"itemListElement\":[{\"@type\":\"ListItem\",\"position\":1,\"name\":\"Home\",\"item\":\"https:\/\/mx.motorad.com\/pl\/\"},{\"@type\":\"ListItem\",\"position\":2,\"name\":\"Produkty\",\"item\":\"https:\/\/motoradnew.test\/pl\/produkty\/\"},{\"@type\":\"ListItem\",\"position\":3,\"name\":\"Termostaty\"}]},{\"@type\":\"WebSite\",\"@id\":\"https:\/\/mx.motorad.com\/pl\/#website\",\"url\":\"https:\/\/mx.motorad.com\/pl\/\",\"name\":\"MotoRad\",\"description\":\"Trusted to Deliver Better - Thermal Management, Emissions, Powertrain Controls\",\"potentialAction\":[{\"@type\":\"SearchAction\",\"target\":{\"@type\":\"EntryPoint\",\"urlTemplate\":\"https:\/\/mx.motorad.com\/pl\/?s={search_term_string}\"},\"query-input\":{\"@type\":\"PropertyValueSpecification\",\"valueRequired\":true,\"valueName\":\"search_term_string\"}}],\"inLanguage\":\"pl-PL\"}]}<\/script>\n<!-- \/ Yoast SEO Premium plugin. -->","yoast_head_json":{"title":"Termostaty - MotoRad","description":"Znajd\u017a termostaty samochodowe jako\u015bci OEM w naszym obszernym katalogu. Referencje, specyfikacje i wi\u0119cej. Zaufany dostawca producenta z globaln\u0105 dystrybucj\u0105.","robots":{"index":"index","follow":"follow","max-snippet":"max-snippet:-1","max-image-preview":"max-image-preview:large","max-video-preview":"max-video-preview:-1"},"canonical":"https:\/\/mx.motorad.com\/pl\/produkty\/termostaty\/","og_locale":"pl_PL","og_type":"article","og_title":"Termostaty","og_description":"Znajd\u017a termostaty samochodowe jako\u015bci OEM w naszym obszernym katalogu. Referencje, specyfikacje i wi\u0119cej. Zaufany dostawca producenta z globaln\u0105 dystrybucj\u0105.","og_url":"https:\/\/mx.motorad.com\/pl\/produkty\/termostaty\/","og_site_name":"MotoRad","article_modified_time":"2025-07-17T13:56:53+00:00","twitter_card":"summary_large_image","twitter_misc":{"Est. reading time":"3 minuty"},"schema":{"@context":"https:\/\/schema.org","@graph":[{"@type":"WebPage","@id":"https:\/\/mx.motorad.com\/pl\/produkty\/termostaty\/","url":"https:\/\/mx.motorad.com\/pl\/produkty\/termostaty\/","name":"Termostaty - MotoRad","isPartOf":{"@id":"https:\/\/mx.motorad.com\/pl\/#website"},"primaryImageOfPage":{"@id":"https:\/\/mx.motorad.com\/pl\/produkty\/termostaty\/#primaryimage"},"image":{"@id":"https:\/\/mx.motorad.com\/pl\/produkty\/termostaty\/#primaryimage"},"thumbnailUrl":"https:\/\/mx.motorad.com\/wp-content\/uploads\/2025\/04\/Motorad-04.svg","datePublished":"2025-04-03T15:31:25+00:00","dateModified":"2025-07-17T13:56:53+00:00","description":"Znajd\u017a termostaty samochodowe jako\u015bci OEM w naszym obszernym katalogu. Referencje, specyfikacje i wi\u0119cej. Zaufany dostawca producenta z globaln\u0105 dystrybucj\u0105.","breadcrumb":{"@id":"https:\/\/mx.motorad.com\/pl\/produkty\/termostaty\/#breadcrumb"},"inLanguage":"pl-PL","potentialAction":[{"@type":"ReadAction","target":["https:\/\/mx.motorad.com\/pl\/produkty\/termostaty\/"]}]},{"@type":"ImageObject","inLanguage":"pl-PL","@id":"https:\/\/mx.motorad.com\/pl\/produkty\/termostaty\/#primaryimage","url":"https:\/\/mx.motorad.com\/wp-content\/uploads\/2025\/04\/Motorad-04.svg","contentUrl":"https:\/\/mx.motorad.com\/wp-content\/uploads\/2025\/04\/Motorad-04.svg"},{"@type":"BreadcrumbList","@id":"https:\/\/mx.motorad.com\/pl\/produkty\/termostaty\/#breadcrumb","itemListElement":[{"@type":"ListItem","position":1,"name":"Home","item":"https:\/\/mx.motorad.com\/pl\/"},{"@type":"ListItem","position":2,"name":"Produkty","item":"https:\/\/motoradnew.test\/pl\/produkty\/"},{"@type":"ListItem","position":3,"name":"Termostaty"}]},{"@type":"WebSite","@id":"https:\/\/mx.motorad.com\/pl\/#website","url":"https:\/\/mx.motorad.com\/pl\/","name":"MotoRad","description":"Trusted to Deliver Better - Thermal Management, Emissions, Powertrain Controls","potentialAction":[{"@type":"SearchAction","target":{"@type":"EntryPoint","urlTemplate":"https:\/\/mx.motorad.com\/pl\/?s={search_term_string}"},"query-input":{"@type":"PropertyValueSpecification","valueRequired":true,"valueName":"search_term_string"}}],"inLanguage":"pl-PL"}]}},"_links":{"self":[{"href":"https:\/\/mx.motorad.com\/pl\/wp-json\/wp\/v2\/pages\/6739","targetHints":{"allow":["GET"]}}],"collection":[{"href":"https:\/\/mx.motorad.com\/pl\/wp-json\/wp\/v2\/pages"}],"about":[{"href":"https:\/\/mx.motorad.com\/pl\/wp-json\/wp\/v2\/types\/page"}],"author":[{"embeddable":true,"href":"https:\/\/mx.motorad.com\/pl\/wp-json\/wp\/v2\/users\/1"}],"replies":[{"embeddable":true,"href":"https:\/\/mx.motorad.com\/pl\/wp-json\/wp\/v2\/comments?post=6739"}],"version-history":[{"count":3,"href":"https:\/\/mx.motorad.com\/pl\/wp-json\/wp\/v2\/pages\/6739\/revisions"}],"predecessor-version":[{"id":55769,"href":"https:\/\/mx.motorad.com\/pl\/wp-json\/wp\/v2\/pages\/6739\/revisions\/55769"}],"up":[{"embeddable":true,"href":"https:\/\/mx.motorad.com\/pl\/wp-json\/wp\/v2\/pages\/55766"}],"wp:attachment":[{"href":"https:\/\/mx.motorad.com\/pl\/wp-json\/wp\/v2\/media?parent=6739"}],"curies":[{"name":"wp","href":"https:\/\/api.w.org\/{rel}","templated":true}]}}