{"id":6807,"date":"2025-04-03T14:17:29","date_gmt":"2025-04-03T14:17:29","guid":{"rendered":"https:\/\/mx.motorad.com\/portal-partnerski-motorad\/"},"modified":"2025-06-30T18:32:47","modified_gmt":"2025-06-30T18:32:47","slug":"portal-partnerski-motorad","status":"publish","type":"page","link":"https:\/\/mx.motorad.com\/pl\/portal-partnerski-motorad\/","title":{"rendered":"Portal partnerski Motorad"},"content":{"rendered":"<h1 style=\"margin-top:var(--wp--preset--spacing--60);\" class=\"wp-block-post-title\">Portal partnerski Motorad<\/h1>\n<div class=\"wp-block-columns is-layout-flex wp-container-core-columns-is-layout-baf23659 wp-block-columns-is-layout-flex\" style=\"margin-bottom:var(--wp--preset--spacing--60)\">\n<div class=\"wp-block-column is-layout-flow wp-block-column-is-layout-flow\" style=\"flex-basis:33.33%\">\n<figure class=\"wp-block-image size-full\"><img loading=\"lazy\" decoding=\"async\" width=\"500\" height=\"500\" src=\"https:\/\/mx.motorad.com\/wp-content\/uploads\/2025\/04\/motorad-portal.jpg\" alt=\"\" class=\"wp-image-3183\" srcset=\"https:\/\/mx.motorad.com\/wp-content\/uploads\/2025\/04\/motorad-portal.jpg 500w, https:\/\/mx.motorad.com\/wp-content\/uploads\/2025\/04\/motorad-portal-300x300.jpg 300w, https:\/\/mx.motorad.com\/wp-content\/uploads\/2025\/04\/motorad-portal-150x150.jpg 150w\" sizes=\"auto, (max-width: 500px) 100vw, 500px\" \/><\/figure>\n<\/div>\n\n\n\n<div class=\"wp-block-column is-vertically-aligned-center is-layout-flow wp-block-column-is-layout-flow\" style=\"flex-basis:66.66%\">\n<p>Cenimy naszych dostawc\u00f3w i klient\u00f3w jako kluczowych partner\u00f3w biznesowych. <\/p>\n\n\n\n<p>Nasz Portal Partnerski zapewnia p\u0142ynny dost\u0119p do kluczowych informacji o koncie, \u015bledzenia przesy\u0142ek i statusu zwrot\u00f3w produkt\u00f3w, gwarantuj\u0105c przejrzysto\u015b\u0107 i efektywno\u015b\u0107. <\/p>\n\n\n\n<p>Dzi\u0119ki dedykowanym portalom dla r\u00f3\u017cnych region\u00f3w, w tym Izraela, Niemiec, USA i Meksyku, u\u0142atwiamy naszym partnerom na ca\u0142ym \u015bwiecie pozostawanie na bie\u017c\u0105co i zarz\u0105dzanie swoim biznesem z MotoRad.<\/p>\n<\/div>\n<\/div>\n\n<p class=\"has-large-font-size\" style=\"margin-bottom:var(--wp--preset--spacing--70)\"><strong>Access your regional portal:<br\/><\/strong><a href=\"https:\/\/portal.mx.motorad.com\/\">Israel<\/a> | <a href=\"https:\/\/portal.mx.motorad.com\/?CONFIG=MOTOG&amp;C=germany\">Germany<\/a> | <a href=\"https:\/\/portal.mx.motorad.com\/?CONFIG=MOTOUS&amp;C=mtr\">USA<\/a> | <a href=\"https:\/\/portal.mx.motorad.com\/?CONFIG=MOTOMEX&amp;C=mexicor\">Mexico<\/a> | <a href=\"https:\/\/portal.mx.motorad.com\/?CONFIG=MOTOMEXP&amp;C=mexico\">Mexico Production<\/a><\/p>\n\n<div class=\"wp-block-cover alignfull is-light\" style=\"padding-top:var(--wp--preset--spacing--60);padding-bottom:var(--wp--preset--spacing--60)\"><span aria-hidden=\"true\" class=\"wp-block-cover__background has-background-dim-0 has-background-dim\" style=\"background-color:#ece5d9\"><\/span><img loading=\"lazy\" decoding=\"async\" width=\"1505\" height=\"305\" class=\"wp-block-cover__image-background wp-image-223\" alt=\"\" src=\"https:\/\/mx.motorad.com\/wp-content\/uploads\/2025\/03\/FooterCTA.jpg\" data-object-fit=\"cover\" srcset=\"https:\/\/mx.motorad.com\/wp-content\/uploads\/2025\/03\/FooterCTA.jpg 1505w, https:\/\/mx.motorad.com\/wp-content\/uploads\/2025\/03\/FooterCTA-300x61.jpg 300w, https:\/\/mx.motorad.com\/wp-content\/uploads\/2025\/03\/FooterCTA-1024x208.jpg 1024w, https:\/\/mx.motorad.com\/wp-content\/uploads\/2025\/03\/FooterCTA-768x156.jpg 768w\" sizes=\"auto, (max-width: 1505px) 100vw, 1505px\" \/><div class=\"wp-block-cover__inner-container is-layout-flow wp-block-cover-is-layout-flow\">\n<div class=\"wp-block-columns are-vertically-aligned-center is-layout-flex wp-container-core-columns-is-layout-cbe57604 wp-block-columns-is-layout-flex\">\n<div class=\"wp-block-column is-vertically-aligned-center is-layout-flow wp-block-column-is-layout-flow\" style=\"flex-basis:45%\">\n<h2 class=\"wp-block-heading has-text-align-center has-palette-text-color has-text-color\" id=\"h-need-help-finding-the-right-product\" style=\"margin-bottom:var(--wp--preset--spacing--40)\">Potrzebujesz pomocy w znalezieniu odpowiedniego produktu?<\/h2>\n\n\n\n<p class=\"has-text-align-center has-palette-text-color has-text-color\" style=\"margin-bottom:var(--wp--preset--spacing--50)\">Nasz oddany zesp\u00f3\u0142 jest tutaj, aby poprowadzi\u0107 Ci\u0119 we w\u0142a\u015bciwym kierunku. Kliknij poni\u017cej i daj nam zna\u0107, jak mo\u017cemy Ci pom\u00f3c w znalezieniu idealnego produktu dla Twoich potrzeb. Twoja podr\u00f3\u017c do do\u015bwiadczania BETTER zaczyna si\u0119 tutaj.  <\/p>\n\n\n\n<div class=\"wp-block-buttons is-content-justification-center is-layout-flex wp-container-core-buttons-is-layout-a89b3969 wp-block-buttons-is-layout-flex\">\n<div class=\"wp-block-button\"><a class=\"wp-block-button__link has-text-align-center wp-element-button\" href=\"https:\/\/mx.motorad.com\/contact\/need-help-finding-something\/\">Porozmawiaj ze specjalist\u0105 MotoRad<\/a><\/div>\n<\/div>\n<\/div>\n\n\n\n<div class=\"wp-block-column is-layout-flow wp-block-column-is-layout-flow\" style=\"flex-basis:10%\"><\/div>\n\n\n\n<div class=\"wp-block-column is-layout-flow wp-block-column-is-layout-flow\" style=\"flex-basis:45%\">\n<h2 class=\"wp-block-heading has-text-align-center has-palette-text-color has-text-color\" id=\"h-looking-for-custom-development\" style=\"margin-bottom:var(--wp--preset--spacing--40)\">Szukasz niestandardowego oprogramowania?<\/h2>\n\n\n\n<p class=\"has-text-align-center has-palette-text-color has-text-color\" style=\"margin-bottom:var(--wp--preset--spacing--50)\">Nie chodzi nam tylko o produkty; tworzymy rozwi\u0105zania dostosowane do Twoich potrzeb. Czy jeste\u015b gotowy, aby o\u017cywi\u0107 sw\u00f3j nowy projekt? Kliknij poni\u017cej i wyruszmy razem w podr\u00f3\u017c tworzenia niestandardowych produkt\u00f3w.  <\/p>\n\n\n\n<div class=\"wp-block-buttons is-content-justification-center is-layout-flex wp-container-core-buttons-is-layout-a89b3969 wp-block-buttons-is-layout-flex\">\n<div class=\"wp-block-button is-style-fill\"><a class=\"wp-block-button__link has-palette-bg-color has-palette-text-background-color has-text-color has-background has-text-align-center wp-element-button\" href=\"https:\/\/mx.motorad.com\/contact\/do-you-need-custom-development\/\">Chcemy by\u0107 Twoim dostawc\u0105<\/a><\/div>\n<\/div>\n<\/div>\n<\/div>\n<\/div><\/div>\n","protected":false},"excerpt":{"rendered":"<p>Cenimy naszych dostawc\u00f3w i klient\u00f3w jako kluczowych partner\u00f3w biznesowych. Nasz Portal Partnerski zapewnia p\u0142ynny dost\u0119p do kluczowych informacji o koncie, [&#8230;]<\/p>\n","protected":false},"author":1,"featured_media":0,"parent":0,"menu_order":0,"comment_status":"closed","ping_status":"closed","template":"","meta":{"_acf_changed":false,"footnotes":""},"class_list":["post-6807","page","type-page","status-publish","hentry"],"acf":[],"yoast_head":"<!-- This site is optimized with the Yoast SEO Premium plugin v27.2 (Yoast SEO v27.2) - https:\/\/yoast.com\/product\/yoast-seo-premium-wordpress\/ -->\n<title>Portal partnerski Motorad - MotoRad<\/title>\n<meta name=\"description\" content=\"Portal Partnerski MotoRad zapewnia dost\u0119p do szczeg\u00f3\u0142\u00f3w konta, \u015bledzenia przesy\u0142ek i statusu zwrot\u00f3w produkt\u00f3w.\" \/>\n<meta name=\"robots\" content=\"index, follow, max-snippet:-1, max-image-preview:large, max-video-preview:-1\" \/>\n<link rel=\"canonical\" href=\"https:\/\/mx.motorad.com\/pl\/portal-partnerski-motorad\/\" \/>\n<meta property=\"og:locale\" content=\"pl_PL\" \/>\n<meta property=\"og:type\" content=\"article\" \/>\n<meta property=\"og:title\" content=\"Portal partnerski Motorad\" \/>\n<meta property=\"og:description\" content=\"Portal Partnerski MotoRad zapewnia dost\u0119p do szczeg\u00f3\u0142\u00f3w konta, \u015bledzenia przesy\u0142ek i statusu zwrot\u00f3w produkt\u00f3w.\" \/>\n<meta property=\"og:url\" content=\"https:\/\/mx.motorad.com\/pl\/portal-partnerski-motorad\/\" \/>\n<meta property=\"og:site_name\" content=\"MotoRad\" \/>\n<meta property=\"article:modified_time\" content=\"2025-06-30T18:32:47+00:00\" \/>\n<meta property=\"og:image\" content=\"https:\/\/mx.motorad.com\/wp-content\/uploads\/2025\/04\/motorad-portal.jpg\" \/>\n\t<meta property=\"og:image:width\" content=\"500\" \/>\n\t<meta property=\"og:image:height\" content=\"500\" \/>\n\t<meta property=\"og:image:type\" content=\"image\/jpeg\" \/>\n<meta name=\"twitter:card\" content=\"summary_large_image\" \/>\n<script type=\"application\/ld+json\" class=\"yoast-schema-graph\">{\"@context\":\"https:\/\/schema.org\",\"@graph\":[{\"@type\":\"WebPage\",\"@id\":\"https:\/\/mx.motorad.com\/pl\/portal-partnerski-motorad\/\",\"url\":\"https:\/\/mx.motorad.com\/pl\/portal-partnerski-motorad\/\",\"name\":\"Portal partnerski Motorad - MotoRad\",\"isPartOf\":{\"@id\":\"https:\/\/mx.motorad.com\/pl\/#website\"},\"primaryImageOfPage\":{\"@id\":\"https:\/\/mx.motorad.com\/pl\/portal-partnerski-motorad\/#primaryimage\"},\"image\":{\"@id\":\"https:\/\/mx.motorad.com\/pl\/portal-partnerski-motorad\/#primaryimage\"},\"thumbnailUrl\":\"https:\/\/mx.motorad.com\/wp-content\/uploads\/2025\/04\/motorad-portal.jpg\",\"datePublished\":\"2025-04-03T14:17:29+00:00\",\"dateModified\":\"2025-06-30T18:32:47+00:00\",\"description\":\"Portal Partnerski MotoRad zapewnia dost\u0119p do szczeg\u00f3\u0142\u00f3w konta, \u015bledzenia przesy\u0142ek i statusu zwrot\u00f3w produkt\u00f3w.\",\"breadcrumb\":{\"@id\":\"https:\/\/mx.motorad.com\/pl\/portal-partnerski-motorad\/#breadcrumb\"},\"inLanguage\":\"pl-PL\",\"potentialAction\":[{\"@type\":\"ReadAction\",\"target\":[\"https:\/\/mx.motorad.com\/pl\/portal-partnerski-motorad\/\"]}]},{\"@type\":\"ImageObject\",\"inLanguage\":\"pl-PL\",\"@id\":\"https:\/\/mx.motorad.com\/pl\/portal-partnerski-motorad\/#primaryimage\",\"url\":\"https:\/\/mx.motorad.com\/wp-content\/uploads\/2025\/04\/motorad-portal.jpg\",\"contentUrl\":\"https:\/\/mx.motorad.com\/wp-content\/uploads\/2025\/04\/motorad-portal.jpg\"},{\"@type\":\"BreadcrumbList\",\"@id\":\"https:\/\/mx.motorad.com\/pl\/portal-partnerski-motorad\/#breadcrumb\",\"itemListElement\":[{\"@type\":\"ListItem\",\"position\":1,\"name\":\"Home\",\"item\":\"https:\/\/mx.motorad.com\/pl\/\"},{\"@type\":\"ListItem\",\"position\":2,\"name\":\"Portal partnerski Motorad\"}]},{\"@type\":\"WebSite\",\"@id\":\"https:\/\/mx.motorad.com\/pl\/#website\",\"url\":\"https:\/\/mx.motorad.com\/pl\/\",\"name\":\"MotoRad\",\"description\":\"Trusted to Deliver Better - Thermal Management, Emissions, Powertrain Controls\",\"potentialAction\":[{\"@type\":\"SearchAction\",\"target\":{\"@type\":\"EntryPoint\",\"urlTemplate\":\"https:\/\/mx.motorad.com\/pl\/?s={search_term_string}\"},\"query-input\":{\"@type\":\"PropertyValueSpecification\",\"valueRequired\":true,\"valueName\":\"search_term_string\"}}],\"inLanguage\":\"pl-PL\"}]}<\/script>\n<!-- \/ Yoast SEO Premium plugin. -->","yoast_head_json":{"title":"Portal partnerski Motorad - MotoRad","description":"Portal Partnerski MotoRad zapewnia dost\u0119p do szczeg\u00f3\u0142\u00f3w konta, \u015bledzenia przesy\u0142ek i statusu zwrot\u00f3w produkt\u00f3w.","robots":{"index":"index","follow":"follow","max-snippet":"max-snippet:-1","max-image-preview":"max-image-preview:large","max-video-preview":"max-video-preview:-1"},"canonical":"https:\/\/mx.motorad.com\/pl\/portal-partnerski-motorad\/","og_locale":"pl_PL","og_type":"article","og_title":"Portal partnerski Motorad","og_description":"Portal Partnerski MotoRad zapewnia dost\u0119p do szczeg\u00f3\u0142\u00f3w konta, \u015bledzenia przesy\u0142ek i statusu zwrot\u00f3w produkt\u00f3w.","og_url":"https:\/\/mx.motorad.com\/pl\/portal-partnerski-motorad\/","og_site_name":"MotoRad","article_modified_time":"2025-06-30T18:32:47+00:00","og_image":[{"width":500,"height":500,"url":"https:\/\/mx.motorad.com\/wp-content\/uploads\/2025\/04\/motorad-portal.jpg","type":"image\/jpeg"}],"twitter_card":"summary_large_image","schema":{"@context":"https:\/\/schema.org","@graph":[{"@type":"WebPage","@id":"https:\/\/mx.motorad.com\/pl\/portal-partnerski-motorad\/","url":"https:\/\/mx.motorad.com\/pl\/portal-partnerski-motorad\/","name":"Portal partnerski Motorad - MotoRad","isPartOf":{"@id":"https:\/\/mx.motorad.com\/pl\/#website"},"primaryImageOfPage":{"@id":"https:\/\/mx.motorad.com\/pl\/portal-partnerski-motorad\/#primaryimage"},"image":{"@id":"https:\/\/mx.motorad.com\/pl\/portal-partnerski-motorad\/#primaryimage"},"thumbnailUrl":"https:\/\/mx.motorad.com\/wp-content\/uploads\/2025\/04\/motorad-portal.jpg","datePublished":"2025-04-03T14:17:29+00:00","dateModified":"2025-06-30T18:32:47+00:00","description":"Portal Partnerski MotoRad zapewnia dost\u0119p do szczeg\u00f3\u0142\u00f3w konta, \u015bledzenia przesy\u0142ek i statusu zwrot\u00f3w produkt\u00f3w.","breadcrumb":{"@id":"https:\/\/mx.motorad.com\/pl\/portal-partnerski-motorad\/#breadcrumb"},"inLanguage":"pl-PL","potentialAction":[{"@type":"ReadAction","target":["https:\/\/mx.motorad.com\/pl\/portal-partnerski-motorad\/"]}]},{"@type":"ImageObject","inLanguage":"pl-PL","@id":"https:\/\/mx.motorad.com\/pl\/portal-partnerski-motorad\/#primaryimage","url":"https:\/\/mx.motorad.com\/wp-content\/uploads\/2025\/04\/motorad-portal.jpg","contentUrl":"https:\/\/mx.motorad.com\/wp-content\/uploads\/2025\/04\/motorad-portal.jpg"},{"@type":"BreadcrumbList","@id":"https:\/\/mx.motorad.com\/pl\/portal-partnerski-motorad\/#breadcrumb","itemListElement":[{"@type":"ListItem","position":1,"name":"Home","item":"https:\/\/mx.motorad.com\/pl\/"},{"@type":"ListItem","position":2,"name":"Portal partnerski Motorad"}]},{"@type":"WebSite","@id":"https:\/\/mx.motorad.com\/pl\/#website","url":"https:\/\/mx.motorad.com\/pl\/","name":"MotoRad","description":"Trusted to Deliver Better - Thermal Management, Emissions, Powertrain Controls","potentialAction":[{"@type":"SearchAction","target":{"@type":"EntryPoint","urlTemplate":"https:\/\/mx.motorad.com\/pl\/?s={search_term_string}"},"query-input":{"@type":"PropertyValueSpecification","valueRequired":true,"valueName":"search_term_string"}}],"inLanguage":"pl-PL"}]}},"_links":{"self":[{"href":"https:\/\/mx.motorad.com\/pl\/wp-json\/wp\/v2\/pages\/6807","targetHints":{"allow":["GET"]}}],"collection":[{"href":"https:\/\/mx.motorad.com\/pl\/wp-json\/wp\/v2\/pages"}],"about":[{"href":"https:\/\/mx.motorad.com\/pl\/wp-json\/wp\/v2\/types\/page"}],"author":[{"embeddable":true,"href":"https:\/\/mx.motorad.com\/pl\/wp-json\/wp\/v2\/users\/1"}],"replies":[{"embeddable":true,"href":"https:\/\/mx.motorad.com\/pl\/wp-json\/wp\/v2\/comments?post=6807"}],"version-history":[{"count":1,"href":"https:\/\/mx.motorad.com\/pl\/wp-json\/wp\/v2\/pages\/6807\/revisions"}],"predecessor-version":[{"id":6808,"href":"https:\/\/mx.motorad.com\/pl\/wp-json\/wp\/v2\/pages\/6807\/revisions\/6808"}],"wp:attachment":[{"href":"https:\/\/mx.motorad.com\/pl\/wp-json\/wp\/v2\/media?parent=6807"}],"curies":[{"name":"wp","href":"https:\/\/api.w.org\/{rel}","templated":true}]}}