{"id":5711,"date":"2025-04-04T13:08:27","date_gmt":"2025-04-04T13:08:27","guid":{"rendered":"https:\/\/mx.motorad.com\/tecnologia-inovacao\/"},"modified":"2025-06-13T12:46:32","modified_gmt":"2025-06-13T12:46:32","slug":"tecnologia-inovacao","status":"publish","type":"page","link":"https:\/\/mx.motorad.com\/pt-br\/tecnologia-inovacao\/","title":{"rendered":"Tecnologia &amp; inova\u00e7\u00e3o"},"content":{"rendered":"\n<div class=\"wp-block-cover alignfull is-light\" style=\"min-height:274px;aspect-ratio:unset;\"><span aria-hidden=\"true\" class=\"wp-block-cover__background has-palette-bg-background-color has-background-dim-70 has-background-dim\"><\/span><img loading=\"lazy\" decoding=\"async\" width=\"2560\" height=\"1707\" class=\"wp-block-cover__image-background wp-image-4654\" alt=\"\" src=\"https:\/\/mx.motorad.com\/wp-content\/uploads\/2025\/04\/Road_into_Light_tech.jpg\" data-object-fit=\"cover\" srcset=\"https:\/\/mx.motorad.com\/wp-content\/uploads\/2025\/04\/Road_into_Light_tech.jpg 2560w, https:\/\/mx.motorad.com\/wp-content\/uploads\/2025\/04\/Road_into_Light_tech-300x200.jpg 300w, https:\/\/mx.motorad.com\/wp-content\/uploads\/2025\/04\/Road_into_Light_tech-1024x683.jpg 1024w, https:\/\/mx.motorad.com\/wp-content\/uploads\/2025\/04\/Road_into_Light_tech-768x512.jpg 768w, https:\/\/mx.motorad.com\/wp-content\/uploads\/2025\/04\/Road_into_Light_tech-1536x1024.jpg 1536w, https:\/\/mx.motorad.com\/wp-content\/uploads\/2025\/04\/Road_into_Light_tech-2048x1366.jpg 2048w\" sizes=\"auto, (max-width: 2560px) 100vw, 2560px\" \/><div class=\"wp-block-cover__inner-container is-layout-flow wp-block-cover-is-layout-flow\">\n<h1 class=\"wp-block-heading has-palette-text-color has-text-color\" id=\"h-technology-amp-innovation\">Tecnologia &amp; inova\u00e7\u00e3o<\/h1>\n<\/div><\/div>\n\n<div class=\"wp-block-columns is-layout-flex wp-container-core-columns-is-layout-eafada84 wp-block-columns-is-layout-flex\" style=\"margin-top:var(--wp--preset--spacing--60);margin-bottom:var(--wp--preset--spacing--60)\">\n<div class=\"wp-block-column is-layout-flow wp-block-column-is-layout-flow\" style=\"flex-basis:66.66%\">\n<h2 class=\"wp-block-heading\" id=\"h-at-motorad-we-re-leading-innovation\" style=\"margin-bottom:var(--wp--preset--spacing--40)\">Na MotoRad, estamos liderando a inova\u00e7\u00e3o<\/h2>\n\n\n\n<p>Estamos constantemente trabalhando para trazer desempenho aprimorado e valor \u00e0 nossa oferta atrav\u00e9s do desenvolvimento de novos produtos, avalia\u00e7\u00e3o de materiais inovadores e concep\u00e7\u00e3o de equipamentos e processos de produ\u00e7\u00e3o avan\u00e7ados. Com nossa combina\u00e7\u00e3o \u00fanica de tradi\u00e7\u00e3o e experi\u00eancia, juntamente com inova\u00e7\u00e3o empreendedora, a MotoRad assegurou sua posi\u00e7\u00e3o como l\u00edder no planejamento e produ\u00e7\u00e3o de solu\u00e7\u00f5es de gerenciamento t\u00e9rmico e tecnologias emergentes. <\/p>\n<\/div>\n\n\n\n<div class=\"wp-block-column is-layout-flow wp-block-column-is-layout-flow\" style=\"flex-basis:33.33%\">\n<figure class=\"wp-block-image size-full\"><img loading=\"lazy\" decoding=\"async\" width=\"1920\" height=\"1080\" src=\"https:\/\/mx.motorad.com\/wp-content\/uploads\/2025\/04\/tech-inno.jpg\" alt=\"\" class=\"wp-image-4701\" srcset=\"https:\/\/mx.motorad.com\/wp-content\/uploads\/2025\/04\/tech-inno.jpg 1920w, https:\/\/mx.motorad.com\/wp-content\/uploads\/2025\/04\/tech-inno-300x169.jpg 300w, https:\/\/mx.motorad.com\/wp-content\/uploads\/2025\/04\/tech-inno-1024x576.jpg 1024w, https:\/\/mx.motorad.com\/wp-content\/uploads\/2025\/04\/tech-inno-768x432.jpg 768w, https:\/\/mx.motorad.com\/wp-content\/uploads\/2025\/04\/tech-inno-1536x864.jpg 1536w\" sizes=\"auto, (max-width: 1920px) 100vw, 1920px\" \/><\/figure>\n<\/div>\n<\/div>\n\n<h3 class=\"wp-block-heading\" id=\"h-the-perfect-balance-of-tradition-experience-research-development-amp-innovation\" style=\"margin-bottom:var(--wp--preset--spacing--40)\">O equil\u00edbrio perfeito entre tradi\u00e7\u00e3o, experi\u00eancia, pesquisa, desenvolvimento &amp; inova\u00e7\u00e3o<\/h3>\n\n<p style=\"margin-bottom:var(--wp--preset--spacing--20)\">Nossa equipe de engenharia de P&amp;D possui extensas capacidades nos campos vitais para o desenvolvimento de solu\u00e7\u00f5es de produtos de ponta, incluindo design baseado em computador e an\u00e1lise de resist\u00eancia, transfer\u00eancia de calor e fluxo din\u00e2mico. Por meio de nossa vasta experi\u00eancia em P&amp;D e processos, desenvolvemos processos de prensagem e fabrica\u00e7\u00e3o altamente precisos que facilitam ainda mais o desenvolvimento de novos produtos e aplica\u00e7\u00f5es para os segmentos OEM e Aftermarket. <\/p>\n\n<p>Trabalhamos arduamente para encontrar o equil\u00edbrio perfeito entre tradi\u00e7\u00e3o, tecnologia comprovada e inova\u00e7\u00e3o. Isso significa que estamos analisando tanto a experi\u00eancia passada quanto a inova\u00e7\u00e3o futura para desenvolver produtos novos e aprimorados, confi\u00e1veis e revolucion\u00e1rios. <\/p>\n\n<div class=\"wp-block-cover alignfull is-light\" style=\"margin-top:var(--wp--preset--spacing--60);margin-bottom:var(--wp--preset--spacing--60);padding-top:var(--wp--preset--spacing--60);padding-bottom:var(--wp--preset--spacing--60)\"><span aria-hidden=\"true\" class=\"wp-block-cover__background has-palette-bg-background-color has-background-dim-80 has-background-dim\"><\/span><img loading=\"lazy\" decoding=\"async\" width=\"2560\" height=\"845\" class=\"wp-block-cover__image-background wp-image-4694\" alt=\"\" src=\"https:\/\/mx.motorad.com\/wp-content\/uploads\/2025\/04\/Road_into_Light_process.jpg\" data-object-fit=\"cover\" srcset=\"https:\/\/mx.motorad.com\/wp-content\/uploads\/2025\/04\/Road_into_Light_process.jpg 2560w, https:\/\/mx.motorad.com\/wp-content\/uploads\/2025\/04\/Road_into_Light_process-300x99.jpg 300w, https:\/\/mx.motorad.com\/wp-content\/uploads\/2025\/04\/Road_into_Light_process-1024x338.jpg 1024w, https:\/\/mx.motorad.com\/wp-content\/uploads\/2025\/04\/Road_into_Light_process-768x254.jpg 768w, https:\/\/mx.motorad.com\/wp-content\/uploads\/2025\/04\/Road_into_Light_process-1536x507.jpg 1536w, https:\/\/mx.motorad.com\/wp-content\/uploads\/2025\/04\/Road_into_Light_process-2048x676.jpg 2048w\" sizes=\"auto, (max-width: 2560px) 100vw, 2560px\" \/><div class=\"wp-block-cover__inner-container is-layout-flow wp-block-cover-is-layout-flow\">\n<h2 class=\"wp-block-heading has-text-align-center\" id=\"h-our-product-development-process\" style=\"margin-bottom:var(--wp--preset--spacing--40)\">Nosso processo de desenvolvimento de produtos<\/h2>\n\n\n\n<p class=\"has-text-align-center\">Na MotoRad, nossa equipe de engenharia constantemente projeta m\u00e1quinas automatizadas que aceleram o processo de fabrica\u00e7\u00e3o e melhoram sua efici\u00eancia. Todas as matrizes e moldes da MotoRad s\u00e3o desenvolvidos e constru\u00eddos em nosso pr\u00f3prio departamento de ferramentas e matrizes de \u00faltima gera\u00e7\u00e3o. M\u00e1quinas de montagem de alta velocidade nos permitem aderir aos cronogramas de produ\u00e7\u00e3o mais exigentes, mantendo os mais altos n\u00edveis de qualidade.  <\/p>\n\n\n\n<div class=\"wp-block-columns alignwide is-layout-flex wp-container-core-columns-is-layout-b61b2f12 wp-block-columns-is-layout-flex\" style=\"margin-top:var(--wp--preset--spacing--50)\">\n<div class=\"wp-block-column is-layout-flow wp-block-column-is-layout-flow\">\n<h4 class=\"wp-block-heading has-text-align-center\" id=\"h-outstanding-quality\" style=\"margin-bottom:var(--wp--preset--spacing--30)\">Qualidade excepcional<\/h4>\n\n\n\n<p class=\"has-text-align-center is-style-default\">Temos orgulho em fornecer produtos de qualidade de classe mundial. Cada pe\u00e7a fabricada pela MotoRad \u00e9 testada antes de ser enviada aos nossos clientes para garantir que atenda ou exceda todas as especifica\u00e7\u00f5es OEM. <\/p>\n<\/div>\n\n\n\n<div class=\"wp-block-column is-layout-flow wp-block-column-is-layout-flow\">\n<h4 class=\"wp-block-heading has-text-align-center\" id=\"h-leading-innovation\" style=\"margin-bottom:var(--wp--preset--spacing--30)\">Liderando a inova\u00e7\u00e3o<\/h4>\n\n\n\n<p class=\"has-text-align-center is-style-default\">Estamos comprometidos em trazer inova\u00e7\u00e3o e valor aos nossos clientes, investindo em recursos qualificados e talentosos e tecnologia avan\u00e7ada para desenvolver novos produtos, aprimorar os existentes e avaliar novas tend\u00eancias de mercado e materiais inovadores.<\/p>\n<\/div>\n\n\n\n<div class=\"wp-block-column is-layout-flow wp-block-column-is-layout-flow\">\n<h4 class=\"wp-block-heading has-text-align-center\" id=\"h-r-amp-d-leadership\" style=\"margin-bottom:var(--wp--preset--spacing--30)\">Lideran\u00e7a em P&amp;D<\/h4>\n\n\n\n<p class=\"has-text-align-center is-style-default\">Estamos constantemente investindo em pesquisa e desenvolvimento e em uma equipe altamente qualificada para estar na vanguarda da inova\u00e7\u00e3o tecnol\u00f3gica e oferecer aos nossos clientes produtos novos e avan\u00e7ados.<\/p>\n<\/div>\n\n\n\n<div class=\"wp-block-column is-layout-flow wp-block-column-is-layout-flow\">\n<h4 class=\"wp-block-heading has-text-align-center\" id=\"h-engineering-capabilities\" style=\"margin-bottom:var(--wp--preset--spacing--30)\">Capacidades de engenharia<\/h4>\n\n\n\n<p class=\"has-text-align-center is-style-default\">Oferecemos uma ampla gama de servi\u00e7os profissionais de engenharia, desde design CAD interno, an\u00e1lise de fluxo e teste de ferramentas de simula\u00e7\u00e3o at\u00e9 design black-box e built-to-print para requisitos OEM.<\/p>\n<\/div>\n<\/div>\n<\/div><\/div>\n\n<div class=\"wp-block-columns is-layout-flex wp-container-core-columns-is-layout-d07913d3 wp-block-columns-is-layout-flex\" style=\"margin-bottom:var(--wp--preset--spacing--60)\">\n<div class=\"wp-block-column is-layout-flow wp-block-column-is-layout-flow\" style=\"flex-basis:66.66%\">\n<h2 class=\"wp-block-heading\" id=\"h-advanced-in-house-engineering-capabilities\" style=\"margin-bottom:var(--wp--preset--spacing--40)\">Capacidades avan\u00e7adas de engenharia interna<\/h2>\n\n\n\n<p style=\"margin-bottom:var(--wp--preset--spacing--20)\">As ferramentas de P&amp;D de \u00faltima gera\u00e7\u00e3o da MotoRad, juntamente com as capacidades e vasta experi\u00eancia de nossa equipe de engenharia, nos permitem ter um processo de desenvolvimento interno completo, incluindo todas as ferramentas relevantes de simula\u00e7\u00e3o e an\u00e1lise.<\/p>\n\n\n\n<p style=\"margin-bottom:var(--wp--preset--spacing--20)\">Oferecemos uma ampla gama de servi\u00e7os profissionais de engenharia, desde design CAD interno, an\u00e1lise de fluxo e teste de ferramentas de simula\u00e7\u00e3o at\u00e9 design black-box e built-to-print para requisitos OEM.<\/p>\n\n\n\n<p>Nosso processo de design interno melhora significativamente a velocidade e a qualidade do design e contribui para a agilidade e flexibilidade de nossa equipe de engenharia.<\/p>\n<\/div>\n\n\n\n<div class=\"wp-block-column is-layout-flow wp-block-column-is-layout-flow\" style=\"flex-basis:33.33%\">\n<figure class=\"wp-block-image size-full\"><img loading=\"lazy\" decoding=\"async\" width=\"798\" height=\"794\" src=\"https:\/\/mx.motorad.com\/wp-content\/uploads\/2025\/04\/RD_Photo_TechPage-1.png\" alt=\"\" class=\"wp-image-4687\" srcset=\"https:\/\/mx.motorad.com\/wp-content\/uploads\/2025\/04\/RD_Photo_TechPage-1.png 798w, https:\/\/mx.motorad.com\/wp-content\/uploads\/2025\/04\/RD_Photo_TechPage-1-300x298.png 300w, https:\/\/mx.motorad.com\/wp-content\/uploads\/2025\/04\/RD_Photo_TechPage-1-150x150.png 150w, https:\/\/mx.motorad.com\/wp-content\/uploads\/2025\/04\/RD_Photo_TechPage-1-768x764.png 768w\" sizes=\"auto, (max-width: 798px) 100vw, 798px\" \/><\/figure>\n<\/div>\n<\/div>\n\n<h2 class=\"wp-block-heading has-text-align-center\" id=\"h-advanced-quality-management\" style=\"margin-bottom:var(--wp--preset--spacing--40)\">Gest\u00e3o de qualidade avan\u00e7ada<\/h2>\n\n<div class=\"wp-block-columns is-layout-flex wp-container-core-columns-is-layout-06f677bf wp-block-columns-is-layout-flex\" style=\"margin-bottom:var(--wp--preset--spacing--70)\">\n<div class=\"wp-block-column is-layout-flow wp-block-column-is-layout-flow\">\n<figure class=\"wp-block-image aligncenter size-full\"><img loading=\"lazy\" decoding=\"async\" width=\"600\" height=\"200\" src=\"https:\/\/mx.motorad.com\/wp-content\/uploads\/2025\/04\/certs.webp\" alt=\"\" class=\"wp-image-4591\" srcset=\"https:\/\/mx.motorad.com\/wp-content\/uploads\/2025\/04\/certs.webp 600w, https:\/\/mx.motorad.com\/wp-content\/uploads\/2025\/04\/certs-300x100.webp 300w\" sizes=\"auto, (max-width: 600px) 100vw, 600px\" \/><\/figure>\n<\/div>\n\n\n\n<div class=\"wp-block-column is-layout-flow wp-block-column-is-layout-flow\">\n<p class=\"has-text-align-left\">Cada pe\u00e7a fabricada pela MotoRad \u00e9 testada na f\u00e1brica antes de ser enviada aos nossos clientes. A MotoRad fabrica termostatos, tampas de fechamento e produtos e sensores de tecnologia emergente de acordo com os padr\u00f5es QS, TS e ISO. Nosso laborat\u00f3rio de qualidade de \u00faltima gera\u00e7\u00e3o possui todos os equipamentos e recursos necess\u00e1rios para verificar e validar todos os produtos MotoRad rec\u00e9m-projetados, al\u00e9m de apoiar melhorias de produtos que aumentam ainda mais a qualidade e robustez do produto.  <\/p>\n<\/div>\n<\/div>\n\n<div class=\"wp-block-cover alignfull is-light\" style=\"padding-top:var(--wp--preset--spacing--60);padding-bottom:var(--wp--preset--spacing--60)\"><span aria-hidden=\"true\" class=\"wp-block-cover__background has-background-dim-0 has-background-dim\" style=\"background-color:#ece5d9\"><\/span><img loading=\"lazy\" decoding=\"async\" width=\"1505\" height=\"305\" class=\"wp-block-cover__image-background wp-image-223\" alt=\"\" src=\"https:\/\/mx.motorad.com\/wp-content\/uploads\/2025\/03\/FooterCTA.jpg\" data-object-fit=\"cover\" srcset=\"https:\/\/mx.motorad.com\/wp-content\/uploads\/2025\/03\/FooterCTA.jpg 1505w, https:\/\/mx.motorad.com\/wp-content\/uploads\/2025\/03\/FooterCTA-300x61.jpg 300w, https:\/\/mx.motorad.com\/wp-content\/uploads\/2025\/03\/FooterCTA-1024x208.jpg 1024w, https:\/\/mx.motorad.com\/wp-content\/uploads\/2025\/03\/FooterCTA-768x156.jpg 768w\" sizes=\"auto, (max-width: 1505px) 100vw, 1505px\" \/><div class=\"wp-block-cover__inner-container is-layout-flow wp-block-cover-is-layout-flow\">\n<div class=\"wp-block-columns are-vertically-aligned-center is-layout-flex wp-container-core-columns-is-layout-cbe57604 wp-block-columns-is-layout-flex\">\n<div class=\"wp-block-column is-vertically-aligned-center is-layout-flow wp-block-column-is-layout-flow\" style=\"flex-basis:45%\">\n<h2 class=\"wp-block-heading has-text-align-center has-palette-text-color has-text-color\" id=\"h-need-help-finding-the-right-product\" style=\"margin-bottom:var(--wp--preset--spacing--40)\">Voc\u00ea precisa de ajuda para encontrar o produto certo?<\/h2>\n\n\n\n<p class=\"has-text-align-center has-palette-text-color has-text-color\" style=\"margin-bottom:var(--wp--preset--spacing--50)\">Nossa equipe dedicada est\u00e1 aqui para orientar voc\u00ea na dire\u00e7\u00e3o certa. Clique abaixo e diga-nos como podemos ajudar voc\u00ea a encontrar o produto ideal para a sua necessidade. Sua jornada para experimentar MELHOR come\u00e7a aqui.  <\/p>\n\n\n\n<div class=\"wp-block-buttons is-content-justification-center is-layout-flex wp-container-core-buttons-is-layout-a89b3969 wp-block-buttons-is-layout-flex\">\n<div class=\"wp-block-button\"><a class=\"wp-block-button__link has-text-align-center wp-element-button\" href=\"https:\/\/mx.motorad.com\/contact\/need-help-finding-something\/\">Fale com um especialista da MotoRad<\/a><\/div>\n<\/div>\n<\/div>\n\n\n\n<div class=\"wp-block-column is-layout-flow wp-block-column-is-layout-flow\" style=\"flex-basis:10%\"><\/div>\n\n\n\n<div class=\"wp-block-column is-layout-flow wp-block-column-is-layout-flow\" style=\"flex-basis:45%\">\n<h2 class=\"wp-block-heading has-text-align-center has-palette-text-color has-text-color\" id=\"h-looking-for-custom-development\" style=\"margin-bottom:var(--wp--preset--spacing--40)\">Voc\u00ea est\u00e1 procurando desenvolvimento personalizado?<\/h2>\n\n\n\n<p class=\"has-text-align-center has-palette-text-color has-text-color\" style=\"margin-bottom:var(--wp--preset--spacing--50)\">N\u00e3o se trata apenas de produtos; trata-se de criar solu\u00e7\u00f5es personalizadas que atendam \u00e0s suas necessidades. Voc\u00ea est\u00e1 pronto para dar vida ao seu novo projeto? Clique abaixo e vamos embarcar juntos na jornada de desenvolvimento de produtos personalizados.  <\/p>\n\n\n\n<div class=\"wp-block-buttons is-content-justification-center is-layout-flex wp-container-core-buttons-is-layout-a89b3969 wp-block-buttons-is-layout-flex\">\n<div class=\"wp-block-button is-style-fill\"><a class=\"wp-block-button__link has-palette-bg-color has-palette-text-background-color has-text-color has-background has-text-align-center wp-element-button\" href=\"https:\/\/mx.motorad.com\/contact\/do-you-need-custom-development\/\">Queremos ser seu fornecedor<\/a><\/div>\n<\/div>\n<\/div>\n<\/div>\n<\/div><\/div>\n","protected":false},"excerpt":{"rendered":"<p>Na MotoRad, estamos liderando a inova\u00e7\u00e3o Estamos constantemente trabalhando para trazer desempenho aprimorado e valor \u00e0 nossa oferta atrav\u00e9s do [&#8230;]<\/p>\n","protected":false},"author":1,"featured_media":0,"parent":0,"menu_order":0,"comment_status":"closed","ping_status":"closed","template":"","meta":{"_acf_changed":false,"footnotes":""},"class_list":["post-5711","page","type-page","status-publish","hentry"],"acf":[],"yoast_head":"<!-- This site is optimized with the Yoast SEO Premium plugin v27.2 (Yoast SEO v27.2) - https:\/\/yoast.com\/product\/yoast-seo-premium-wordpress\/ -->\n<title>Tecnologia &amp; inova\u00e7\u00e3o - MotoRad<\/title>\n<meta name=\"description\" content=\"MotoRad - Tecnologia &amp; inova\u00e7\u00e3o\" \/>\n<meta name=\"robots\" content=\"index, follow, max-snippet:-1, max-image-preview:large, max-video-preview:-1\" \/>\n<link rel=\"canonical\" href=\"https:\/\/mx.motorad.com\/pt-br\/tecnologia-inovacao\/\" \/>\n<meta property=\"og:locale\" content=\"pt_BR\" \/>\n<meta property=\"og:type\" content=\"article\" \/>\n<meta property=\"og:title\" content=\"Tecnologia &amp; inova\u00e7\u00e3o\" \/>\n<meta property=\"og:description\" content=\"MotoRad - Tecnologia &amp; inova\u00e7\u00e3o\" \/>\n<meta property=\"og:url\" content=\"https:\/\/mx.motorad.com\/pt-br\/tecnologia-inovacao\/\" \/>\n<meta property=\"og:site_name\" content=\"MotoRad\" \/>\n<meta property=\"article:modified_time\" content=\"2025-06-13T12:46:32+00:00\" \/>\n<meta property=\"og:image\" content=\"https:\/\/mx.motorad.com\/wp-content\/uploads\/2025\/04\/Road_into_Light_tech.jpg\" \/>\n\t<meta property=\"og:image:width\" content=\"2560\" \/>\n\t<meta property=\"og:image:height\" content=\"1707\" \/>\n\t<meta property=\"og:image:type\" content=\"image\/jpeg\" \/>\n<meta name=\"twitter:card\" content=\"summary_large_image\" \/>\n<meta name=\"twitter:label1\" content=\"Est. reading time\" \/>\n\t<meta name=\"twitter:data1\" content=\"3 minutos\" \/>\n<script type=\"application\/ld+json\" class=\"yoast-schema-graph\">{\"@context\":\"https:\/\/schema.org\",\"@graph\":[{\"@type\":\"WebPage\",\"@id\":\"https:\/\/mx.motorad.com\/pt-br\/tecnologia-inovacao\/\",\"url\":\"https:\/\/mx.motorad.com\/pt-br\/tecnologia-inovacao\/\",\"name\":\"Tecnologia &amp; inova\u00e7\u00e3o - MotoRad\",\"isPartOf\":{\"@id\":\"https:\/\/mx.motorad.com\/pt-br\/#website\"},\"primaryImageOfPage\":{\"@id\":\"https:\/\/mx.motorad.com\/pt-br\/tecnologia-inovacao\/#primaryimage\"},\"image\":{\"@id\":\"https:\/\/mx.motorad.com\/pt-br\/tecnologia-inovacao\/#primaryimage\"},\"thumbnailUrl\":\"https:\/\/mx.motorad.com\/wp-content\/uploads\/2025\/04\/Road_into_Light_tech.jpg\",\"datePublished\":\"2025-04-04T13:08:27+00:00\",\"dateModified\":\"2025-06-13T12:46:32+00:00\",\"description\":\"MotoRad - Tecnologia &amp; inova\u00e7\u00e3o\",\"breadcrumb\":{\"@id\":\"https:\/\/mx.motorad.com\/pt-br\/tecnologia-inovacao\/#breadcrumb\"},\"inLanguage\":\"pt-BR\",\"potentialAction\":[{\"@type\":\"ReadAction\",\"target\":[\"https:\/\/mx.motorad.com\/pt-br\/tecnologia-inovacao\/\"]}]},{\"@type\":\"ImageObject\",\"inLanguage\":\"pt-BR\",\"@id\":\"https:\/\/mx.motorad.com\/pt-br\/tecnologia-inovacao\/#primaryimage\",\"url\":\"https:\/\/mx.motorad.com\/wp-content\/uploads\/2025\/04\/Road_into_Light_tech.jpg\",\"contentUrl\":\"https:\/\/mx.motorad.com\/wp-content\/uploads\/2025\/04\/Road_into_Light_tech.jpg\"},{\"@type\":\"BreadcrumbList\",\"@id\":\"https:\/\/mx.motorad.com\/pt-br\/tecnologia-inovacao\/#breadcrumb\",\"itemListElement\":[{\"@type\":\"ListItem\",\"position\":1,\"name\":\"Home\",\"item\":\"https:\/\/mx.motorad.com\/pt-br\/\"},{\"@type\":\"ListItem\",\"position\":2,\"name\":\"Tecnologia &amp; inova\u00e7\u00e3o\"}]},{\"@type\":\"WebSite\",\"@id\":\"https:\/\/mx.motorad.com\/pt-br\/#website\",\"url\":\"https:\/\/mx.motorad.com\/pt-br\/\",\"name\":\"MotoRad\",\"description\":\"Trusted to Deliver Better - Thermal Management, Emissions, Powertrain Controls\",\"potentialAction\":[{\"@type\":\"SearchAction\",\"target\":{\"@type\":\"EntryPoint\",\"urlTemplate\":\"https:\/\/mx.motorad.com\/pt-br\/?s={search_term_string}\"},\"query-input\":{\"@type\":\"PropertyValueSpecification\",\"valueRequired\":true,\"valueName\":\"search_term_string\"}}],\"inLanguage\":\"pt-BR\"}]}<\/script>\n<!-- \/ Yoast SEO Premium plugin. -->","yoast_head_json":{"title":"Tecnologia &amp; inova\u00e7\u00e3o - MotoRad","description":"MotoRad - Tecnologia &amp; inova\u00e7\u00e3o","robots":{"index":"index","follow":"follow","max-snippet":"max-snippet:-1","max-image-preview":"max-image-preview:large","max-video-preview":"max-video-preview:-1"},"canonical":"https:\/\/mx.motorad.com\/pt-br\/tecnologia-inovacao\/","og_locale":"pt_BR","og_type":"article","og_title":"Tecnologia &amp; inova\u00e7\u00e3o","og_description":"MotoRad - Tecnologia &amp; inova\u00e7\u00e3o","og_url":"https:\/\/mx.motorad.com\/pt-br\/tecnologia-inovacao\/","og_site_name":"MotoRad","article_modified_time":"2025-06-13T12:46:32+00:00","og_image":[{"width":2560,"height":1707,"url":"https:\/\/mx.motorad.com\/wp-content\/uploads\/2025\/04\/Road_into_Light_tech.jpg","type":"image\/jpeg"}],"twitter_card":"summary_large_image","twitter_misc":{"Est. reading time":"3 minutos"},"schema":{"@context":"https:\/\/schema.org","@graph":[{"@type":"WebPage","@id":"https:\/\/mx.motorad.com\/pt-br\/tecnologia-inovacao\/","url":"https:\/\/mx.motorad.com\/pt-br\/tecnologia-inovacao\/","name":"Tecnologia &amp; inova\u00e7\u00e3o - MotoRad","isPartOf":{"@id":"https:\/\/mx.motorad.com\/pt-br\/#website"},"primaryImageOfPage":{"@id":"https:\/\/mx.motorad.com\/pt-br\/tecnologia-inovacao\/#primaryimage"},"image":{"@id":"https:\/\/mx.motorad.com\/pt-br\/tecnologia-inovacao\/#primaryimage"},"thumbnailUrl":"https:\/\/mx.motorad.com\/wp-content\/uploads\/2025\/04\/Road_into_Light_tech.jpg","datePublished":"2025-04-04T13:08:27+00:00","dateModified":"2025-06-13T12:46:32+00:00","description":"MotoRad - Tecnologia &amp; inova\u00e7\u00e3o","breadcrumb":{"@id":"https:\/\/mx.motorad.com\/pt-br\/tecnologia-inovacao\/#breadcrumb"},"inLanguage":"pt-BR","potentialAction":[{"@type":"ReadAction","target":["https:\/\/mx.motorad.com\/pt-br\/tecnologia-inovacao\/"]}]},{"@type":"ImageObject","inLanguage":"pt-BR","@id":"https:\/\/mx.motorad.com\/pt-br\/tecnologia-inovacao\/#primaryimage","url":"https:\/\/mx.motorad.com\/wp-content\/uploads\/2025\/04\/Road_into_Light_tech.jpg","contentUrl":"https:\/\/mx.motorad.com\/wp-content\/uploads\/2025\/04\/Road_into_Light_tech.jpg"},{"@type":"BreadcrumbList","@id":"https:\/\/mx.motorad.com\/pt-br\/tecnologia-inovacao\/#breadcrumb","itemListElement":[{"@type":"ListItem","position":1,"name":"Home","item":"https:\/\/mx.motorad.com\/pt-br\/"},{"@type":"ListItem","position":2,"name":"Tecnologia &amp; inova\u00e7\u00e3o"}]},{"@type":"WebSite","@id":"https:\/\/mx.motorad.com\/pt-br\/#website","url":"https:\/\/mx.motorad.com\/pt-br\/","name":"MotoRad","description":"Trusted to Deliver Better - Thermal Management, Emissions, Powertrain Controls","potentialAction":[{"@type":"SearchAction","target":{"@type":"EntryPoint","urlTemplate":"https:\/\/mx.motorad.com\/pt-br\/?s={search_term_string}"},"query-input":{"@type":"PropertyValueSpecification","valueRequired":true,"valueName":"search_term_string"}}],"inLanguage":"pt-BR"}]}},"_links":{"self":[{"href":"https:\/\/mx.motorad.com\/pt-br\/wp-json\/wp\/v2\/pages\/5711","targetHints":{"allow":["GET"]}}],"collection":[{"href":"https:\/\/mx.motorad.com\/pt-br\/wp-json\/wp\/v2\/pages"}],"about":[{"href":"https:\/\/mx.motorad.com\/pt-br\/wp-json\/wp\/v2\/types\/page"}],"author":[{"embeddable":true,"href":"https:\/\/mx.motorad.com\/pt-br\/wp-json\/wp\/v2\/users\/1"}],"replies":[{"embeddable":true,"href":"https:\/\/mx.motorad.com\/pt-br\/wp-json\/wp\/v2\/comments?post=5711"}],"version-history":[{"count":1,"href":"https:\/\/mx.motorad.com\/pt-br\/wp-json\/wp\/v2\/pages\/5711\/revisions"}],"predecessor-version":[{"id":5713,"href":"https:\/\/mx.motorad.com\/pt-br\/wp-json\/wp\/v2\/pages\/5711\/revisions\/5713"}],"wp:attachment":[{"href":"https:\/\/mx.motorad.com\/pt-br\/wp-json\/wp\/v2\/media?parent=5711"}],"curies":[{"name":"wp","href":"https:\/\/api.w.org\/{rel}","templated":true}]}}