{"id":5771,"date":"2025-04-03T18:48:17","date_gmt":"2025-04-03T18:48:17","guid":{"rendered":"https:\/\/mx.motorad.com\/tampa-de-combustivel-com-cordao-de-seguranca\/"},"modified":"2025-06-13T12:48:59","modified_gmt":"2025-06-13T12:48:59","slug":"tampa-de-combustivel-com-cordao-de-seguranca","status":"publish","type":"page","link":"https:\/\/mx.motorad.com\/pt-br\/produtos\/tampas\/tampa-de-combustivel-com-cordao-de-seguranca\/","title":{"rendered":"TAMPA DE COMBUST\u00cdVEL COM CORD\u00c3O DE SEGURAN\u00c7A"},"content":{"rendered":"\n<h1 class=\"wp-block-heading\" id=\"h-tethered-fuel-cap\" style=\"margin-top:var(--wp--preset--spacing--60);margin-bottom:var(--wp--preset--spacing--60)\">TAMPA DE COMBUST\u00cdVEL COM CORD\u00c3O DE SEGURAN\u00c7A<\/h1>\n\n<p style=\"margin-bottom:var(--wp--preset--spacing--60)\">A sele\u00e7\u00e3o de Tampas de Combust\u00edvel com Cord\u00e3o de Seguran\u00e7a da MotoRad significa que n\u00e3o \u00e9 mais necess\u00e1rio recorrer ao revendedor para substituir sua tampa de combust\u00edvel com cord\u00e3o antiga, desgastada ou danificada. Trata-se de uma op\u00e7\u00e3o perfeita e acess\u00edvel como substituto direto para sua tampa original com cord\u00e3o, pronta para ser instalada de forma r\u00e1pida e f\u00e1cil. Fabricada com materiais de alta qualidade para garantir durabilidade prolongada.  <\/p>\n\n<h2 class=\"wp-block-heading\" id=\"h-why-choose-a-tethered-fuel-cap\" style=\"margin-bottom:var(--wp--preset--spacing--40)\">Por que optar por uma tampa de combust\u00edvel com cord\u00e3o de seguran\u00e7a? <\/h2>\n\n<p>As vantagens s\u00e3o evidentes. Com um design com cord\u00e3o, \u00e9 poss\u00edvel eliminar a possibilidade de perda ou extravio da tampa de combust\u00edvel, reduzindo o risco de evapora\u00e7\u00e3o de combust\u00edvel e prevenindo a contamina\u00e7\u00e3o do sistema de combust\u00edvel do seu ve\u00edculo. Adicionalmente, o mecanismo com cord\u00e3o assegura acesso conveniente e fechamento seguro, proporcionando tranquilidade aos condutores em tr\u00e2nsito.  <\/p>\n\n<div class=\"wp-block-columns is-layout-flex wp-container-core-columns-is-layout-95393138 wp-block-columns-is-layout-flex\" style=\"margin-top:var(--wp--preset--spacing--60);margin-bottom:var(--wp--preset--spacing--60)\">\n<div class=\"wp-block-column is-layout-flow wp-block-column-is-layout-flow\" style=\"flex-basis:33.33%\">\n<figure class=\"wp-block-image alignleft size-full\"><img loading=\"lazy\" decoding=\"async\" width=\"240\" height=\"248\" src=\"https:\/\/mx.motorad.com\/wp-content\/uploads\/2025\/04\/MGC4837T-1.webp\" alt=\"\" class=\"wp-image-4459\"\/><\/figure>\n<\/div>\n\n\n\n<div class=\"wp-block-column is-layout-flow wp-block-column-is-layout-flow\" style=\"flex-basis:66.66%\">\n<ul class=\"wp-block-list\">\n<li>V\u00eam pr\u00e9-montadas para instala\u00e7\u00e3o r\u00e1pida e f\u00e1cil<\/li>\n\n\n\n<li>Diversas op\u00e7\u00f5es de fixa\u00e7\u00e3o para adequar-se a qualquer configura\u00e7\u00e3o de compartimento de tampa de combust\u00edvel<\/li>\n\n\n\n<li>Adequada para ve\u00edculos originalmente equipados com cord\u00e3o<\/li>\n\n\n\n<li>Reduz a polui\u00e7\u00e3o atmosf\u00e9rica atrav\u00e9s de veda\u00e7\u00e3o e ventila\u00e7\u00e3o apropriadas<\/li>\n\n\n\n<li>Fabricada com materiais dur\u00e1veis e de longa vida \u00fatil<\/li>\n<\/ul>\n<\/div>\n<\/div>\n\n<p style=\"margin-bottom:var(--wp--preset--spacing--20)\">Como fabricante confi\u00e1vel de componentes automotivos, a MotoRad apresenta um cat\u00e1logo abrangente de tampas de combust\u00edvel de alta qualidade, projetadas para desempenho e durabilidade \u00f3timos. Nossos produtos ostentam extensa compatibilidade de interc\u00e2mbio, assegurando integra\u00e7\u00e3o perfeita em diversos modelos de ve\u00edculos. <\/p>\n\n<p style=\"margin-bottom:var(--wp--preset--spacing--20)\">Cada tampa de combust\u00edvel \u00e9 projetada e rigorosamente testada para atender aos padr\u00f5es de qualidade OEM, garantindo confiabilidade e longevidade. Com nossa dedica\u00e7\u00e3o \u00e0 excel\u00eancia, a MotoRad \u00e9 um fornecedor preferencial para empresas e indiv\u00edduos que buscam solu\u00e7\u00f5es automotivas de primeira linha. <\/p>\n\n<p style=\"margin-bottom:var(--wp--preset--spacing--20)\">Explore nossa vasta sele\u00e7\u00e3o de tampas de combust\u00edvel com cord\u00e3o de seguran\u00e7a, apresentando n\u00fameros de pe\u00e7a distintos e cobertura abrangente para atender \u00e0s diversas necessidades de nossos clientes. Seja voc\u00ea um mec\u00e2nico, varejista ou distribuidor, a MotoRad \u00e9 seu parceiro comercial confi\u00e1vel para o fornecimento de componentes automotivos premium. <\/p>\n\n<div class=\"wp-block-buttons is-layout-flex wp-block-buttons-is-layout-flex\" style=\"margin-top:var(--wp--preset--spacing--60);margin-bottom:var(--wp--preset--spacing--70)\">\n<div class=\"wp-block-button\"><a class=\"wp-block-button__link wp-element-button\" href=\"https:\/\/mx.motorad.com\/products\/?categories=caps&#038;subcategories=tethered-fuel-cap\">Encontre a tampa com cord\u00e3o de seguran\u00e7a para sua aplica\u00e7\u00e3o<\/a><\/div>\n<\/div>\n\n<div class=\"wp-block-cover alignfull is-light\" style=\"padding-top:var(--wp--preset--spacing--60);padding-bottom:var(--wp--preset--spacing--60)\"><span aria-hidden=\"true\" class=\"wp-block-cover__background has-background-dim-0 has-background-dim\" style=\"background-color:#ece5d9\"><\/span><img loading=\"lazy\" decoding=\"async\" width=\"1505\" height=\"305\" class=\"wp-block-cover__image-background wp-image-223\" alt=\"\" src=\"https:\/\/mx.motorad.com\/wp-content\/uploads\/2025\/03\/FooterCTA.jpg\" data-object-fit=\"cover\" srcset=\"https:\/\/mx.motorad.com\/wp-content\/uploads\/2025\/03\/FooterCTA.jpg 1505w, https:\/\/mx.motorad.com\/wp-content\/uploads\/2025\/03\/FooterCTA-300x61.jpg 300w, https:\/\/mx.motorad.com\/wp-content\/uploads\/2025\/03\/FooterCTA-1024x208.jpg 1024w, https:\/\/mx.motorad.com\/wp-content\/uploads\/2025\/03\/FooterCTA-768x156.jpg 768w\" sizes=\"auto, (max-width: 1505px) 100vw, 1505px\" \/><div class=\"wp-block-cover__inner-container is-layout-flow wp-block-cover-is-layout-flow\">\n<div class=\"wp-block-columns are-vertically-aligned-center is-layout-flex wp-container-core-columns-is-layout-cbe57604 wp-block-columns-is-layout-flex\">\n<div class=\"wp-block-column is-vertically-aligned-center is-layout-flow wp-block-column-is-layout-flow\" style=\"flex-basis:45%\">\n<h2 class=\"wp-block-heading has-text-align-center has-palette-text-color has-text-color\" id=\"h-need-help-finding-the-right-product\" style=\"margin-bottom:var(--wp--preset--spacing--40)\">Voc\u00ea precisa de ajuda para encontrar o produto certo?<\/h2>\n\n\n\n<p class=\"has-text-align-center has-palette-text-color has-text-color\" style=\"margin-bottom:var(--wp--preset--spacing--50)\">Nossa equipe dedicada est\u00e1 aqui para orientar voc\u00ea na dire\u00e7\u00e3o certa. Clique abaixo e diga-nos como podemos ajudar voc\u00ea a encontrar o produto ideal para a sua necessidade. Sua jornada para experimentar MELHOR come\u00e7a aqui.  <\/p>\n\n\n\n<div class=\"wp-block-buttons is-content-justification-center is-layout-flex wp-container-core-buttons-is-layout-a89b3969 wp-block-buttons-is-layout-flex\">\n<div class=\"wp-block-button\"><a class=\"wp-block-button__link has-text-align-center wp-element-button\" href=\"https:\/\/mx.motorad.com\/contact\/need-help-finding-something\/\">Fale com um especialista da MotoRad<\/a><\/div>\n<\/div>\n<\/div>\n\n\n\n<div class=\"wp-block-column is-layout-flow wp-block-column-is-layout-flow\" style=\"flex-basis:10%\"><\/div>\n\n\n\n<div class=\"wp-block-column is-layout-flow wp-block-column-is-layout-flow\" style=\"flex-basis:45%\">\n<h2 class=\"wp-block-heading has-text-align-center has-palette-text-color has-text-color\" id=\"h-looking-for-custom-development\" style=\"margin-bottom:var(--wp--preset--spacing--40)\">Voc\u00ea est\u00e1 procurando desenvolvimento personalizado?<\/h2>\n\n\n\n<p class=\"has-text-align-center has-palette-text-color has-text-color\" style=\"margin-bottom:var(--wp--preset--spacing--50)\">N\u00e3o se trata apenas de produtos; trata-se de criar solu\u00e7\u00f5es personalizadas que atendam \u00e0s suas necessidades. Voc\u00ea est\u00e1 pronto para dar vida ao seu novo projeto? Clique abaixo e vamos embarcar juntos na jornada de desenvolvimento de produtos personalizados.  <\/p>\n\n\n\n<div class=\"wp-block-buttons is-content-justification-center is-layout-flex wp-container-core-buttons-is-layout-a89b3969 wp-block-buttons-is-layout-flex\">\n<div class=\"wp-block-button is-style-fill\"><a class=\"wp-block-button__link has-palette-bg-color has-palette-text-background-color has-text-color has-background has-text-align-center wp-element-button\" href=\"https:\/\/mx.motorad.com\/contact\/do-you-need-custom-development\/\">Queremos ser seu fornecedor<\/a><\/div>\n<\/div>\n<\/div>\n<\/div>\n<\/div><\/div>\n","protected":false},"excerpt":{"rendered":"<p>TAMPA DE COMBUST\u00cdVEL COM CORD\u00c3O DE SEGURAN\u00c7A A sele\u00e7\u00e3o de Tampas de Combust\u00edvel com Cord\u00e3o de Seguran\u00e7a da MotoRad significa [&#8230;]<\/p>\n","protected":false},"author":1,"featured_media":0,"parent":5924,"menu_order":0,"comment_status":"closed","ping_status":"closed","template":"","meta":{"_acf_changed":false,"footnotes":""},"class_list":["post-5771","page","type-page","status-publish","hentry"],"acf":[],"yoast_head":"<!-- This site is optimized with the Yoast SEO Premium plugin v27.2 (Yoast SEO v27.2) - https:\/\/yoast.com\/product\/yoast-seo-premium-wordpress\/ -->\n<title>TAMPA DE COMBUST\u00cdVEL COM CORD\u00c3O DE SEGURAN\u00c7A - MotoRad<\/title>\n<meta name=\"description\" content=\"MotoRad - TAMPA DE COMBUST\u00cdVEL COM CORD\u00c3O DE SEGURAN\u00c7A\" \/>\n<meta name=\"robots\" content=\"index, follow, max-snippet:-1, max-image-preview:large, max-video-preview:-1\" \/>\n<link rel=\"canonical\" href=\"https:\/\/mx.motorad.com\/pt-br\/produtos\/tampas\/tampa-de-combustivel-com-cordao-de-seguranca\/\" \/>\n<meta property=\"og:locale\" content=\"pt_BR\" \/>\n<meta property=\"og:type\" content=\"article\" \/>\n<meta property=\"og:title\" content=\"TAMPA DE COMBUST\u00cdVEL COM CORD\u00c3O DE SEGURAN\u00c7A\" \/>\n<meta property=\"og:description\" content=\"MotoRad - TAMPA DE COMBUST\u00cdVEL COM CORD\u00c3O DE SEGURAN\u00c7A\" \/>\n<meta property=\"og:url\" content=\"https:\/\/mx.motorad.com\/pt-br\/produtos\/tampas\/tampa-de-combustivel-com-cordao-de-seguranca\/\" \/>\n<meta property=\"og:site_name\" content=\"MotoRad\" \/>\n<meta property=\"article:modified_time\" content=\"2025-06-13T12:48:59+00:00\" \/>\n<meta property=\"og:image\" content=\"https:\/\/mx.motorad.com\/wp-content\/uploads\/2025\/04\/MGC4837T-1.webp\" \/>\n\t<meta property=\"og:image:width\" content=\"240\" \/>\n\t<meta property=\"og:image:height\" content=\"248\" \/>\n\t<meta property=\"og:image:type\" content=\"image\/webp\" \/>\n<meta name=\"twitter:card\" content=\"summary_large_image\" \/>\n<meta name=\"twitter:label1\" content=\"Est. reading time\" \/>\n\t<meta name=\"twitter:data1\" content=\"2 minutos\" \/>\n<script type=\"application\/ld+json\" class=\"yoast-schema-graph\">{\"@context\":\"https:\/\/schema.org\",\"@graph\":[{\"@type\":\"WebPage\",\"@id\":\"https:\/\/mx.motorad.com\/pt-br\/produtos\/tampas\/tampa-de-combustivel-com-cordao-de-seguranca\/\",\"url\":\"https:\/\/mx.motorad.com\/pt-br\/produtos\/tampas\/tampa-de-combustivel-com-cordao-de-seguranca\/\",\"name\":\"TAMPA DE COMBUST\u00cdVEL COM CORD\u00c3O DE SEGURAN\u00c7A - MotoRad\",\"isPartOf\":{\"@id\":\"https:\/\/mx.motorad.com\/pt-br\/#website\"},\"primaryImageOfPage\":{\"@id\":\"https:\/\/mx.motorad.com\/pt-br\/produtos\/tampas\/tampa-de-combustivel-com-cordao-de-seguranca\/#primaryimage\"},\"image\":{\"@id\":\"https:\/\/mx.motorad.com\/pt-br\/produtos\/tampas\/tampa-de-combustivel-com-cordao-de-seguranca\/#primaryimage\"},\"thumbnailUrl\":\"https:\/\/mx.motorad.com\/wp-content\/uploads\/2025\/04\/MGC4837T-1.webp\",\"datePublished\":\"2025-04-03T18:48:17+00:00\",\"dateModified\":\"2025-06-13T12:48:59+00:00\",\"description\":\"MotoRad - TAMPA DE COMBUST\u00cdVEL COM CORD\u00c3O DE SEGURAN\u00c7A\",\"breadcrumb\":{\"@id\":\"https:\/\/mx.motorad.com\/pt-br\/produtos\/tampas\/tampa-de-combustivel-com-cordao-de-seguranca\/#breadcrumb\"},\"inLanguage\":\"pt-BR\",\"potentialAction\":[{\"@type\":\"ReadAction\",\"target\":[\"https:\/\/mx.motorad.com\/pt-br\/produtos\/tampas\/tampa-de-combustivel-com-cordao-de-seguranca\/\"]}]},{\"@type\":\"ImageObject\",\"inLanguage\":\"pt-BR\",\"@id\":\"https:\/\/mx.motorad.com\/pt-br\/produtos\/tampas\/tampa-de-combustivel-com-cordao-de-seguranca\/#primaryimage\",\"url\":\"https:\/\/mx.motorad.com\/wp-content\/uploads\/2025\/04\/MGC4837T-1.webp\",\"contentUrl\":\"https:\/\/mx.motorad.com\/wp-content\/uploads\/2025\/04\/MGC4837T-1.webp\"},{\"@type\":\"BreadcrumbList\",\"@id\":\"https:\/\/mx.motorad.com\/pt-br\/produtos\/tampas\/tampa-de-combustivel-com-cordao-de-seguranca\/#breadcrumb\",\"itemListElement\":[{\"@type\":\"ListItem\",\"position\":1,\"name\":\"Home\",\"item\":\"https:\/\/mx.motorad.com\/pt-br\/\"},{\"@type\":\"ListItem\",\"position\":2,\"name\":\"Produtos\",\"item\":\"https:\/\/motoradnew.test\/pt-br\/produtos\/\"},{\"@type\":\"ListItem\",\"position\":3,\"name\":\"Tampas\",\"item\":\"https:\/\/motoradnew.test\/pt-br\/produtos\/tampas\/\"},{\"@type\":\"ListItem\",\"position\":4,\"name\":\"TAMPA DE COMBUST\u00cdVEL COM CORD\u00c3O DE SEGURAN\u00c7A\"}]},{\"@type\":\"WebSite\",\"@id\":\"https:\/\/mx.motorad.com\/pt-br\/#website\",\"url\":\"https:\/\/mx.motorad.com\/pt-br\/\",\"name\":\"MotoRad\",\"description\":\"Trusted to Deliver Better - Thermal Management, Emissions, Powertrain Controls\",\"potentialAction\":[{\"@type\":\"SearchAction\",\"target\":{\"@type\":\"EntryPoint\",\"urlTemplate\":\"https:\/\/mx.motorad.com\/pt-br\/?s={search_term_string}\"},\"query-input\":{\"@type\":\"PropertyValueSpecification\",\"valueRequired\":true,\"valueName\":\"search_term_string\"}}],\"inLanguage\":\"pt-BR\"}]}<\/script>\n<!-- \/ Yoast SEO Premium plugin. -->","yoast_head_json":{"title":"TAMPA DE COMBUST\u00cdVEL COM CORD\u00c3O DE SEGURAN\u00c7A - MotoRad","description":"MotoRad - TAMPA DE COMBUST\u00cdVEL COM CORD\u00c3O DE SEGURAN\u00c7A","robots":{"index":"index","follow":"follow","max-snippet":"max-snippet:-1","max-image-preview":"max-image-preview:large","max-video-preview":"max-video-preview:-1"},"canonical":"https:\/\/mx.motorad.com\/pt-br\/produtos\/tampas\/tampa-de-combustivel-com-cordao-de-seguranca\/","og_locale":"pt_BR","og_type":"article","og_title":"TAMPA DE COMBUST\u00cdVEL COM CORD\u00c3O DE SEGURAN\u00c7A","og_description":"MotoRad - TAMPA DE COMBUST\u00cdVEL COM CORD\u00c3O DE SEGURAN\u00c7A","og_url":"https:\/\/mx.motorad.com\/pt-br\/produtos\/tampas\/tampa-de-combustivel-com-cordao-de-seguranca\/","og_site_name":"MotoRad","article_modified_time":"2025-06-13T12:48:59+00:00","og_image":[{"width":240,"height":248,"url":"https:\/\/mx.motorad.com\/wp-content\/uploads\/2025\/04\/MGC4837T-1.webp","type":"image\/webp"}],"twitter_card":"summary_large_image","twitter_misc":{"Est. reading time":"2 minutos"},"schema":{"@context":"https:\/\/schema.org","@graph":[{"@type":"WebPage","@id":"https:\/\/mx.motorad.com\/pt-br\/produtos\/tampas\/tampa-de-combustivel-com-cordao-de-seguranca\/","url":"https:\/\/mx.motorad.com\/pt-br\/produtos\/tampas\/tampa-de-combustivel-com-cordao-de-seguranca\/","name":"TAMPA DE COMBUST\u00cdVEL COM CORD\u00c3O DE SEGURAN\u00c7A - MotoRad","isPartOf":{"@id":"https:\/\/mx.motorad.com\/pt-br\/#website"},"primaryImageOfPage":{"@id":"https:\/\/mx.motorad.com\/pt-br\/produtos\/tampas\/tampa-de-combustivel-com-cordao-de-seguranca\/#primaryimage"},"image":{"@id":"https:\/\/mx.motorad.com\/pt-br\/produtos\/tampas\/tampa-de-combustivel-com-cordao-de-seguranca\/#primaryimage"},"thumbnailUrl":"https:\/\/mx.motorad.com\/wp-content\/uploads\/2025\/04\/MGC4837T-1.webp","datePublished":"2025-04-03T18:48:17+00:00","dateModified":"2025-06-13T12:48:59+00:00","description":"MotoRad - TAMPA DE COMBUST\u00cdVEL COM CORD\u00c3O DE SEGURAN\u00c7A","breadcrumb":{"@id":"https:\/\/mx.motorad.com\/pt-br\/produtos\/tampas\/tampa-de-combustivel-com-cordao-de-seguranca\/#breadcrumb"},"inLanguage":"pt-BR","potentialAction":[{"@type":"ReadAction","target":["https:\/\/mx.motorad.com\/pt-br\/produtos\/tampas\/tampa-de-combustivel-com-cordao-de-seguranca\/"]}]},{"@type":"ImageObject","inLanguage":"pt-BR","@id":"https:\/\/mx.motorad.com\/pt-br\/produtos\/tampas\/tampa-de-combustivel-com-cordao-de-seguranca\/#primaryimage","url":"https:\/\/mx.motorad.com\/wp-content\/uploads\/2025\/04\/MGC4837T-1.webp","contentUrl":"https:\/\/mx.motorad.com\/wp-content\/uploads\/2025\/04\/MGC4837T-1.webp"},{"@type":"BreadcrumbList","@id":"https:\/\/mx.motorad.com\/pt-br\/produtos\/tampas\/tampa-de-combustivel-com-cordao-de-seguranca\/#breadcrumb","itemListElement":[{"@type":"ListItem","position":1,"name":"Home","item":"https:\/\/mx.motorad.com\/pt-br\/"},{"@type":"ListItem","position":2,"name":"Produtos","item":"https:\/\/motoradnew.test\/pt-br\/produtos\/"},{"@type":"ListItem","position":3,"name":"Tampas","item":"https:\/\/motoradnew.test\/pt-br\/produtos\/tampas\/"},{"@type":"ListItem","position":4,"name":"TAMPA DE COMBUST\u00cdVEL COM CORD\u00c3O DE SEGURAN\u00c7A"}]},{"@type":"WebSite","@id":"https:\/\/mx.motorad.com\/pt-br\/#website","url":"https:\/\/mx.motorad.com\/pt-br\/","name":"MotoRad","description":"Trusted to Deliver Better - Thermal Management, Emissions, Powertrain Controls","potentialAction":[{"@type":"SearchAction","target":{"@type":"EntryPoint","urlTemplate":"https:\/\/mx.motorad.com\/pt-br\/?s={search_term_string}"},"query-input":{"@type":"PropertyValueSpecification","valueRequired":true,"valueName":"search_term_string"}}],"inLanguage":"pt-BR"}]}},"_links":{"self":[{"href":"https:\/\/mx.motorad.com\/pt-br\/wp-json\/wp\/v2\/pages\/5771","targetHints":{"allow":["GET"]}}],"collection":[{"href":"https:\/\/mx.motorad.com\/pt-br\/wp-json\/wp\/v2\/pages"}],"about":[{"href":"https:\/\/mx.motorad.com\/pt-br\/wp-json\/wp\/v2\/types\/page"}],"author":[{"embeddable":true,"href":"https:\/\/mx.motorad.com\/pt-br\/wp-json\/wp\/v2\/users\/1"}],"replies":[{"embeddable":true,"href":"https:\/\/mx.motorad.com\/pt-br\/wp-json\/wp\/v2\/comments?post=5771"}],"version-history":[{"count":1,"href":"https:\/\/mx.motorad.com\/pt-br\/wp-json\/wp\/v2\/pages\/5771\/revisions"}],"predecessor-version":[{"id":5772,"href":"https:\/\/mx.motorad.com\/pt-br\/wp-json\/wp\/v2\/pages\/5771\/revisions\/5772"}],"up":[{"embeddable":true,"href":"https:\/\/mx.motorad.com\/pt-br\/wp-json\/wp\/v2\/pages\/5924"}],"wp:attachment":[{"href":"https:\/\/mx.motorad.com\/pt-br\/wp-json\/wp\/v2\/media?parent=5771"}],"curies":[{"name":"wp","href":"https:\/\/api.w.org\/{rel}","templated":true}]}}