{"id":5776,"date":"2025-04-03T18:39:39","date_gmt":"2025-04-03T18:39:39","guid":{"rendered":"https:\/\/mx.motorad.com\/tampas-de-combustivel\/"},"modified":"2025-06-13T12:48:59","modified_gmt":"2025-06-13T12:48:59","slug":"tampas-de-combustivel","status":"publish","type":"page","link":"https:\/\/mx.motorad.com\/pt-br\/produtos\/tampas\/tampas-de-combustivel\/","title":{"rendered":"Tampas de combust\u00edvel"},"content":{"rendered":"\n<h1 class=\"wp-block-heading\" id=\"h-fuel-caps\" style=\"margin-top:var(--wp--preset--spacing--60);margin-right:0;margin-bottom:var(--wp--preset--spacing--60);margin-left:0\">TAMPAS DE COMBUST\u00cdVEL<\/h1>\n\n<p style=\"margin-bottom:var(--wp--preset--spacing--30)\">As tampas de combust\u00edvel s\u00e3o pequenas, mas cruciais, e s\u00e3o parte integrante do sistema de diagn\u00f3stico de bordo e do sistema de controle de emiss\u00f5es.<\/p>\n\n<p>Elas previnem o vazamento de vapor de combust\u00edvel do gargalo de enchimento, que \u00e9 uma fonte significativa de emiss\u00f5es de hidrocarbonetos, e desempenham um papel fundamental na seguran\u00e7a ao impedir o fluxo de combust\u00edvel do gargalo do tanque em caso de acidente, incluindo capotamentos.<\/p>\n\n<div class=\"wp-block-columns is-layout-flex wp-container-core-columns-is-layout-2d5df727 wp-block-columns-is-layout-flex\" style=\"margin-top:var(--wp--preset--spacing--60);margin-bottom:var(--wp--preset--spacing--60)\">\n<div class=\"wp-block-column is-layout-flow wp-block-column-is-layout-flow\">\n<figure class=\"wp-block-image size-full\"><img loading=\"lazy\" decoding=\"async\" width=\"500\" height=\"500\" src=\"https:\/\/mx.motorad.com\/wp-content\/uploads\/2025\/04\/MGC502_Angle.jpg\" alt=\"\" class=\"wp-image-4373\" srcset=\"https:\/\/mx.motorad.com\/wp-content\/uploads\/2025\/04\/MGC502_Angle.jpg 500w, https:\/\/mx.motorad.com\/wp-content\/uploads\/2025\/04\/MGC502_Angle-300x300.jpg 300w, https:\/\/mx.motorad.com\/wp-content\/uploads\/2025\/04\/MGC502_Angle-150x150.jpg 150w\" sizes=\"auto, (max-width: 500px) 100vw, 500px\" \/><\/figure>\n<\/div>\n\n\n\n<div class=\"wp-block-column is-layout-flow wp-block-column-is-layout-flow\">\n<figure class=\"wp-block-image size-full\"><img loading=\"lazy\" decoding=\"async\" width=\"500\" height=\"500\" src=\"https:\/\/mx.motorad.com\/wp-content\/uploads\/2025\/04\/MGC619_Angle-1.jpg\" alt=\"\" class=\"wp-image-4380\" srcset=\"https:\/\/mx.motorad.com\/wp-content\/uploads\/2025\/04\/MGC619_Angle-1.jpg 500w, https:\/\/mx.motorad.com\/wp-content\/uploads\/2025\/04\/MGC619_Angle-1-300x300.jpg 300w, https:\/\/mx.motorad.com\/wp-content\/uploads\/2025\/04\/MGC619_Angle-1-150x150.jpg 150w\" sizes=\"auto, (max-width: 500px) 100vw, 500px\" \/><\/figure>\n<\/div>\n\n\n\n<div class=\"wp-block-column is-layout-flow wp-block-column-is-layout-flow\">\n<figure class=\"wp-block-image size-full\"><img loading=\"lazy\" decoding=\"async\" width=\"500\" height=\"500\" src=\"https:\/\/mx.motorad.com\/wp-content\/uploads\/2025\/04\/2501-11_Angle.jpg\" alt=\"\" class=\"wp-image-4366\" srcset=\"https:\/\/mx.motorad.com\/wp-content\/uploads\/2025\/04\/2501-11_Angle.jpg 500w, https:\/\/mx.motorad.com\/wp-content\/uploads\/2025\/04\/2501-11_Angle-300x300.jpg 300w, https:\/\/mx.motorad.com\/wp-content\/uploads\/2025\/04\/2501-11_Angle-150x150.jpg 150w\" sizes=\"auto, (max-width: 500px) 100vw, 500px\" \/><\/figure>\n<\/div>\n\n\n\n<div class=\"wp-block-column is-layout-flow wp-block-column-is-layout-flow\">\n<figure class=\"wp-block-image size-full\"><img loading=\"lazy\" decoding=\"async\" width=\"500\" height=\"500\" src=\"https:\/\/mx.motorad.com\/wp-content\/uploads\/2025\/04\/MGC704_Angle.jpg\" alt=\"\" class=\"wp-image-4387\" srcset=\"https:\/\/mx.motorad.com\/wp-content\/uploads\/2025\/04\/MGC704_Angle.jpg 500w, https:\/\/mx.motorad.com\/wp-content\/uploads\/2025\/04\/MGC704_Angle-300x300.jpg 300w, https:\/\/mx.motorad.com\/wp-content\/uploads\/2025\/04\/MGC704_Angle-150x150.jpg 150w\" sizes=\"auto, (max-width: 500px) 100vw, 500px\" \/><\/figure>\n<\/div>\n\n\n\n<div class=\"wp-block-column is-layout-flow wp-block-column-is-layout-flow\">\n<figure class=\"wp-block-image size-full\"><img loading=\"lazy\" decoding=\"async\" width=\"500\" height=\"500\" src=\"https:\/\/mx.motorad.com\/wp-content\/uploads\/2025\/04\/MGC815_Angle.jpg\" alt=\"\" class=\"wp-image-4394\" srcset=\"https:\/\/mx.motorad.com\/wp-content\/uploads\/2025\/04\/MGC815_Angle.jpg 500w, https:\/\/mx.motorad.com\/wp-content\/uploads\/2025\/04\/MGC815_Angle-300x300.jpg 300w, https:\/\/mx.motorad.com\/wp-content\/uploads\/2025\/04\/MGC815_Angle-150x150.jpg 150w\" sizes=\"auto, (max-width: 500px) 100vw, 500px\" \/><\/figure>\n<\/div>\n<\/div>\n\n<p style=\"margin-bottom:var(--wp--preset--spacing--20)\">Estudos demonstram que uma tampa de combust\u00edvel defeituosa ou ausente pode permitir que at\u00e9 114 litros (30 gal\u00f5es) de combust\u00edvel evaporem para a atmosfera anualmente. Por todas essas raz\u00f5es, o uso de uma tampa de combust\u00edvel comprovada e de alta qualidade \u00e9 vital para a seguran\u00e7a, economia de combust\u00edvel e o meio ambiente. <\/p>\n\n<p style=\"margin-bottom:var(--wp--preset--spacing--20)\">As tampas de combust\u00edvel MotoRad s\u00e3o projetadas e fabricadas para prevenir tal perda de combust\u00edvel. Todas as tampas de combust\u00edvel da MotoRad atendem a todos os requisitos federais (MVSS301) e I\/M 240. <\/p>\n\n<p style=\"margin-bottom:var(--wp--preset--spacing--20)\"><strong>Tampas de combust\u00edvel padr\u00e3o<\/strong><\/p>\n\n<p style=\"margin-bottom:var(--wp--preset--spacing--20)\">As tampas de combust\u00edvel padr\u00e3o da MotoRad atendem a todos os requisitos estaduais e federais de emiss\u00f5es. As tampas s\u00e3o especificamente projetadas com v\u00e1lvulas de al\u00edvio de press\u00e3o e v\u00e1cuo para prevenir a evapora\u00e7\u00e3o do combust\u00edvel. <\/p>\n\n<p style=\"margin-bottom:var(--wp--preset--spacing--20)\"><strong>Tampas de combust\u00edvel com trava<\/strong><\/p>\n\n<p style=\"margin-bottom:var(--wp--preset--spacing--20)\">As tampas de combust\u00edvel com trava da MotoRad podem funcionar como tampas de combust\u00edvel com ou sem trava. Quando a chave \u00e9 girada para a esquerda e removida, a tampa \u00e9 destravada e n\u00e3o gira mais livremente. A tampa atende a todas as especifica\u00e7\u00f5es de emiss\u00e3o tanto na posi\u00e7\u00e3o travada quanto destravada.  <\/p>\n\n<p style=\"margin-bottom:var(--wp--preset--spacing--20)\"><strong>Comprovada alta seguran\u00e7a e facilidade de uso<\/strong><\/p>\n\n<p style=\"margin-bottom:var(--wp--preset--spacing--20)\">A MotoRad oferece mais de 60 tipos diferentes de tampas de combust\u00edvel e mais de 50 tipos de tampas de combust\u00edvel com trava, todas projetadas e fabricadas para minimizar a perda de vapor de combust\u00edvel enquanto maximizam a seguran\u00e7a e facilidade de uso<\/p>\n\n<p style=\"margin-bottom:var(--wp--preset--spacing--20)\"><strong>Tampas de combust\u00edvel sem trava e com trava<\/strong><\/p>\n\n<p style=\"margin-bottom:var(--wp--preset--spacing--60)\">As tampas de combust\u00edvel MotoRad s\u00e3o projetadas e fabricadas para prevenir a perda de combust\u00edvel principalmente por evapora\u00e7\u00e3o. Adicionalmente, as tampas sem trava e com trava da MotoRad s\u00e3o projetadas para f\u00e1cil abertura e fechamento por todos os motoristas, incluindo pessoas com m\u00e3os menores. Tampas de combust\u00edvel com trava s\u00e3o recomendadas para prevenir o furto de combust\u00edvel e vandalismo.<br\/>Todas as tampas de combust\u00edvel MotoRad incluem ventila\u00e7\u00e3o de acordo com os padr\u00f5es da ind\u00fastria, um sistema de catraca integrado para fechamento positivo e elimina\u00e7\u00e3o de torque excessivo da tampa e um mecanismo de travamento opcional. Todas as tampas de combust\u00edvel MotoRad atendem ou excedem os requisitos padr\u00e3o da ind\u00fastria automotiva. Elas atendem a todos os padr\u00f5es de controle de emiss\u00f5es, incluindo inspe\u00e7\u00e3o IM240 e AIR CARE, e foram testadas independentemente quanto \u00e0 efic\u00e1cia no controle de emiss\u00f5es. Testes de integridade da tampa simulando uma colis\u00e3o a 90 km\/h (56 mph), teste de inclina\u00e7\u00e3o e teste de ventila\u00e7\u00e3o comprovam sua capacidade de permanecer seladas ap\u00f3s uma colis\u00e3o lateral.     <\/p>\n\n<div class=\"wp-block-buttons is-layout-flex wp-block-buttons-is-layout-flex\" style=\"margin-bottom:var(--wp--preset--spacing--70)\">\n<div class=\"wp-block-button\"><a class=\"wp-block-button__link wp-element-button\" href=\"https:\/\/mx.motorad.com\/products\/\">Encontre tampas de combust\u00edvel para sua aplica\u00e7\u00e3o<\/a><\/div>\n<\/div>\n\n<div class=\"wp-block-cover alignfull is-light\" style=\"padding-top:var(--wp--preset--spacing--60);padding-bottom:var(--wp--preset--spacing--60)\"><span aria-hidden=\"true\" class=\"wp-block-cover__background has-background-dim-0 has-background-dim\" style=\"background-color:#ece5d9\"><\/span><img loading=\"lazy\" decoding=\"async\" width=\"1505\" height=\"305\" class=\"wp-block-cover__image-background wp-image-223\" alt=\"\" src=\"https:\/\/mx.motorad.com\/wp-content\/uploads\/2025\/03\/FooterCTA.jpg\" data-object-fit=\"cover\" srcset=\"https:\/\/mx.motorad.com\/wp-content\/uploads\/2025\/03\/FooterCTA.jpg 1505w, https:\/\/mx.motorad.com\/wp-content\/uploads\/2025\/03\/FooterCTA-300x61.jpg 300w, https:\/\/mx.motorad.com\/wp-content\/uploads\/2025\/03\/FooterCTA-1024x208.jpg 1024w, https:\/\/mx.motorad.com\/wp-content\/uploads\/2025\/03\/FooterCTA-768x156.jpg 768w\" sizes=\"auto, (max-width: 1505px) 100vw, 1505px\" \/><div class=\"wp-block-cover__inner-container is-layout-flow wp-block-cover-is-layout-flow\">\n<div class=\"wp-block-columns are-vertically-aligned-center is-layout-flex wp-container-core-columns-is-layout-cbe57604 wp-block-columns-is-layout-flex\">\n<div class=\"wp-block-column is-vertically-aligned-center is-layout-flow wp-block-column-is-layout-flow\" style=\"flex-basis:45%\">\n<h2 class=\"wp-block-heading has-text-align-center has-palette-text-color has-text-color\" id=\"h-need-help-finding-the-right-product\" style=\"margin-bottom:var(--wp--preset--spacing--40)\">Voc\u00ea precisa de ajuda para encontrar o produto certo?<\/h2>\n\n\n\n<p class=\"has-text-align-center has-palette-text-color has-text-color\" style=\"margin-bottom:var(--wp--preset--spacing--50)\">Nossa equipe dedicada est\u00e1 aqui para orientar voc\u00ea na dire\u00e7\u00e3o certa. Clique abaixo e diga-nos como podemos ajudar voc\u00ea a encontrar o produto ideal para a sua necessidade. Sua jornada para experimentar MELHOR come\u00e7a aqui.  <\/p>\n\n\n\n<div class=\"wp-block-buttons is-content-justification-center is-layout-flex wp-container-core-buttons-is-layout-a89b3969 wp-block-buttons-is-layout-flex\">\n<div class=\"wp-block-button\"><a class=\"wp-block-button__link has-text-align-center wp-element-button\" href=\"https:\/\/mx.motorad.com\/contact\/need-help-finding-something\/\">Fale com um especialista da MotoRad<\/a><\/div>\n<\/div>\n<\/div>\n\n\n\n<div class=\"wp-block-column is-layout-flow wp-block-column-is-layout-flow\" style=\"flex-basis:10%\"><\/div>\n\n\n\n<div class=\"wp-block-column is-layout-flow wp-block-column-is-layout-flow\" style=\"flex-basis:45%\">\n<h2 class=\"wp-block-heading has-text-align-center has-palette-text-color has-text-color\" id=\"h-looking-for-custom-development\" style=\"margin-bottom:var(--wp--preset--spacing--40)\">Voc\u00ea est\u00e1 procurando desenvolvimento personalizado?<\/h2>\n\n\n\n<p class=\"has-text-align-center has-palette-text-color has-text-color\" style=\"margin-bottom:var(--wp--preset--spacing--50)\">N\u00e3o se trata apenas de produtos; trata-se de criar solu\u00e7\u00f5es personalizadas que atendam \u00e0s suas necessidades. Voc\u00ea est\u00e1 pronto para dar vida ao seu novo projeto? Clique abaixo e vamos embarcar juntos na jornada de desenvolvimento de produtos personalizados.  <\/p>\n\n\n\n<div class=\"wp-block-buttons is-content-justification-center is-layout-flex wp-container-core-buttons-is-layout-a89b3969 wp-block-buttons-is-layout-flex\">\n<div class=\"wp-block-button is-style-fill\"><a class=\"wp-block-button__link has-palette-bg-color has-palette-text-background-color has-text-color has-background has-text-align-center wp-element-button\" href=\"https:\/\/mx.motorad.com\/contact\/do-you-need-custom-development\/\">Queremos ser seu fornecedor<\/a><\/div>\n<\/div>\n<\/div>\n<\/div>\n<\/div><\/div>\n","protected":false},"excerpt":{"rendered":"<p>TAMPAS DE COMBUST\u00cdVEL As tampas de combust\u00edvel s\u00e3o pequenas, mas cruciais, e s\u00e3o parte integrante do sistema de diagn\u00f3stico de [&#8230;]<\/p>\n","protected":false},"author":1,"featured_media":0,"parent":5924,"menu_order":0,"comment_status":"closed","ping_status":"closed","template":"","meta":{"_acf_changed":false,"footnotes":""},"class_list":["post-5776","page","type-page","status-publish","hentry"],"acf":[],"yoast_head":"<!-- This site is optimized with the Yoast SEO Premium plugin v27.2 (Yoast SEO v27.2) - https:\/\/yoast.com\/product\/yoast-seo-premium-wordpress\/ -->\n<title>Tampas de combust\u00edvel - MotoRad<\/title>\n<meta name=\"description\" content=\"Explore nosso cat\u00e1logo de tampas de combust\u00edvel. Use o interc\u00e2mbio de pe\u00e7as para encontrar a ideal.\" \/>\n<meta name=\"robots\" content=\"index, follow, max-snippet:-1, max-image-preview:large, max-video-preview:-1\" \/>\n<link rel=\"canonical\" href=\"https:\/\/mx.motorad.com\/pt-br\/produtos\/tampas\/tampas-de-combustivel\/\" \/>\n<meta property=\"og:locale\" content=\"pt_BR\" \/>\n<meta property=\"og:type\" content=\"article\" \/>\n<meta property=\"og:title\" content=\"Tampas de combust\u00edvel\" \/>\n<meta property=\"og:description\" content=\"Explore nosso cat\u00e1logo de tampas de combust\u00edvel. Use o interc\u00e2mbio de pe\u00e7as para encontrar a ideal.\" \/>\n<meta property=\"og:url\" content=\"https:\/\/mx.motorad.com\/pt-br\/produtos\/tampas\/tampas-de-combustivel\/\" \/>\n<meta property=\"og:site_name\" content=\"MotoRad\" \/>\n<meta property=\"article:modified_time\" content=\"2025-06-13T12:48:59+00:00\" \/>\n<meta property=\"og:image\" content=\"https:\/\/mx.motorad.com\/wp-content\/uploads\/2025\/04\/MGC502_Angle.jpg\" \/>\n\t<meta property=\"og:image:width\" content=\"500\" \/>\n\t<meta property=\"og:image:height\" content=\"500\" \/>\n\t<meta property=\"og:image:type\" content=\"image\/jpeg\" \/>\n<meta name=\"twitter:card\" content=\"summary_large_image\" \/>\n<meta name=\"twitter:label1\" content=\"Est. reading time\" \/>\n\t<meta name=\"twitter:data1\" content=\"3 minutos\" \/>\n<script type=\"application\/ld+json\" class=\"yoast-schema-graph\">{\"@context\":\"https:\/\/schema.org\",\"@graph\":[{\"@type\":\"WebPage\",\"@id\":\"https:\/\/mx.motorad.com\/pt-br\/produtos\/tampas\/tampas-de-combustivel\/\",\"url\":\"https:\/\/mx.motorad.com\/pt-br\/produtos\/tampas\/tampas-de-combustivel\/\",\"name\":\"Tampas de combust\u00edvel - MotoRad\",\"isPartOf\":{\"@id\":\"https:\/\/mx.motorad.com\/pt-br\/#website\"},\"primaryImageOfPage\":{\"@id\":\"https:\/\/mx.motorad.com\/pt-br\/produtos\/tampas\/tampas-de-combustivel\/#primaryimage\"},\"image\":{\"@id\":\"https:\/\/mx.motorad.com\/pt-br\/produtos\/tampas\/tampas-de-combustivel\/#primaryimage\"},\"thumbnailUrl\":\"https:\/\/mx.motorad.com\/wp-content\/uploads\/2025\/04\/MGC502_Angle.jpg\",\"datePublished\":\"2025-04-03T18:39:39+00:00\",\"dateModified\":\"2025-06-13T12:48:59+00:00\",\"description\":\"Explore nosso cat\u00e1logo de tampas de combust\u00edvel. Use o interc\u00e2mbio de pe\u00e7as para encontrar a ideal.\",\"breadcrumb\":{\"@id\":\"https:\/\/mx.motorad.com\/pt-br\/produtos\/tampas\/tampas-de-combustivel\/#breadcrumb\"},\"inLanguage\":\"pt-BR\",\"potentialAction\":[{\"@type\":\"ReadAction\",\"target\":[\"https:\/\/mx.motorad.com\/pt-br\/produtos\/tampas\/tampas-de-combustivel\/\"]}]},{\"@type\":\"ImageObject\",\"inLanguage\":\"pt-BR\",\"@id\":\"https:\/\/mx.motorad.com\/pt-br\/produtos\/tampas\/tampas-de-combustivel\/#primaryimage\",\"url\":\"https:\/\/mx.motorad.com\/wp-content\/uploads\/2025\/04\/MGC502_Angle.jpg\",\"contentUrl\":\"https:\/\/mx.motorad.com\/wp-content\/uploads\/2025\/04\/MGC502_Angle.jpg\"},{\"@type\":\"BreadcrumbList\",\"@id\":\"https:\/\/mx.motorad.com\/pt-br\/produtos\/tampas\/tampas-de-combustivel\/#breadcrumb\",\"itemListElement\":[{\"@type\":\"ListItem\",\"position\":1,\"name\":\"Home\",\"item\":\"https:\/\/mx.motorad.com\/pt-br\/\"},{\"@type\":\"ListItem\",\"position\":2,\"name\":\"Produtos\",\"item\":\"https:\/\/motoradnew.test\/pt-br\/produtos\/\"},{\"@type\":\"ListItem\",\"position\":3,\"name\":\"Tampas\",\"item\":\"https:\/\/motoradnew.test\/pt-br\/produtos\/tampas\/\"},{\"@type\":\"ListItem\",\"position\":4,\"name\":\"Tampas de combust\u00edvel\"}]},{\"@type\":\"WebSite\",\"@id\":\"https:\/\/mx.motorad.com\/pt-br\/#website\",\"url\":\"https:\/\/mx.motorad.com\/pt-br\/\",\"name\":\"MotoRad\",\"description\":\"Trusted to Deliver Better - Thermal Management, Emissions, Powertrain Controls\",\"potentialAction\":[{\"@type\":\"SearchAction\",\"target\":{\"@type\":\"EntryPoint\",\"urlTemplate\":\"https:\/\/mx.motorad.com\/pt-br\/?s={search_term_string}\"},\"query-input\":{\"@type\":\"PropertyValueSpecification\",\"valueRequired\":true,\"valueName\":\"search_term_string\"}}],\"inLanguage\":\"pt-BR\"}]}<\/script>\n<!-- \/ Yoast SEO Premium plugin. -->","yoast_head_json":{"title":"Tampas de combust\u00edvel - MotoRad","description":"Explore nosso cat\u00e1logo de tampas de combust\u00edvel. Use o interc\u00e2mbio de pe\u00e7as para encontrar a ideal.","robots":{"index":"index","follow":"follow","max-snippet":"max-snippet:-1","max-image-preview":"max-image-preview:large","max-video-preview":"max-video-preview:-1"},"canonical":"https:\/\/mx.motorad.com\/pt-br\/produtos\/tampas\/tampas-de-combustivel\/","og_locale":"pt_BR","og_type":"article","og_title":"Tampas de combust\u00edvel","og_description":"Explore nosso cat\u00e1logo de tampas de combust\u00edvel. Use o interc\u00e2mbio de pe\u00e7as para encontrar a ideal.","og_url":"https:\/\/mx.motorad.com\/pt-br\/produtos\/tampas\/tampas-de-combustivel\/","og_site_name":"MotoRad","article_modified_time":"2025-06-13T12:48:59+00:00","og_image":[{"width":500,"height":500,"url":"https:\/\/mx.motorad.com\/wp-content\/uploads\/2025\/04\/MGC502_Angle.jpg","type":"image\/jpeg"}],"twitter_card":"summary_large_image","twitter_misc":{"Est. reading time":"3 minutos"},"schema":{"@context":"https:\/\/schema.org","@graph":[{"@type":"WebPage","@id":"https:\/\/mx.motorad.com\/pt-br\/produtos\/tampas\/tampas-de-combustivel\/","url":"https:\/\/mx.motorad.com\/pt-br\/produtos\/tampas\/tampas-de-combustivel\/","name":"Tampas de combust\u00edvel - MotoRad","isPartOf":{"@id":"https:\/\/mx.motorad.com\/pt-br\/#website"},"primaryImageOfPage":{"@id":"https:\/\/mx.motorad.com\/pt-br\/produtos\/tampas\/tampas-de-combustivel\/#primaryimage"},"image":{"@id":"https:\/\/mx.motorad.com\/pt-br\/produtos\/tampas\/tampas-de-combustivel\/#primaryimage"},"thumbnailUrl":"https:\/\/mx.motorad.com\/wp-content\/uploads\/2025\/04\/MGC502_Angle.jpg","datePublished":"2025-04-03T18:39:39+00:00","dateModified":"2025-06-13T12:48:59+00:00","description":"Explore nosso cat\u00e1logo de tampas de combust\u00edvel. Use o interc\u00e2mbio de pe\u00e7as para encontrar a ideal.","breadcrumb":{"@id":"https:\/\/mx.motorad.com\/pt-br\/produtos\/tampas\/tampas-de-combustivel\/#breadcrumb"},"inLanguage":"pt-BR","potentialAction":[{"@type":"ReadAction","target":["https:\/\/mx.motorad.com\/pt-br\/produtos\/tampas\/tampas-de-combustivel\/"]}]},{"@type":"ImageObject","inLanguage":"pt-BR","@id":"https:\/\/mx.motorad.com\/pt-br\/produtos\/tampas\/tampas-de-combustivel\/#primaryimage","url":"https:\/\/mx.motorad.com\/wp-content\/uploads\/2025\/04\/MGC502_Angle.jpg","contentUrl":"https:\/\/mx.motorad.com\/wp-content\/uploads\/2025\/04\/MGC502_Angle.jpg"},{"@type":"BreadcrumbList","@id":"https:\/\/mx.motorad.com\/pt-br\/produtos\/tampas\/tampas-de-combustivel\/#breadcrumb","itemListElement":[{"@type":"ListItem","position":1,"name":"Home","item":"https:\/\/mx.motorad.com\/pt-br\/"},{"@type":"ListItem","position":2,"name":"Produtos","item":"https:\/\/motoradnew.test\/pt-br\/produtos\/"},{"@type":"ListItem","position":3,"name":"Tampas","item":"https:\/\/motoradnew.test\/pt-br\/produtos\/tampas\/"},{"@type":"ListItem","position":4,"name":"Tampas de combust\u00edvel"}]},{"@type":"WebSite","@id":"https:\/\/mx.motorad.com\/pt-br\/#website","url":"https:\/\/mx.motorad.com\/pt-br\/","name":"MotoRad","description":"Trusted to Deliver Better - Thermal Management, Emissions, Powertrain Controls","potentialAction":[{"@type":"SearchAction","target":{"@type":"EntryPoint","urlTemplate":"https:\/\/mx.motorad.com\/pt-br\/?s={search_term_string}"},"query-input":{"@type":"PropertyValueSpecification","valueRequired":true,"valueName":"search_term_string"}}],"inLanguage":"pt-BR"}]}},"_links":{"self":[{"href":"https:\/\/mx.motorad.com\/pt-br\/wp-json\/wp\/v2\/pages\/5776","targetHints":{"allow":["GET"]}}],"collection":[{"href":"https:\/\/mx.motorad.com\/pt-br\/wp-json\/wp\/v2\/pages"}],"about":[{"href":"https:\/\/mx.motorad.com\/pt-br\/wp-json\/wp\/v2\/types\/page"}],"author":[{"embeddable":true,"href":"https:\/\/mx.motorad.com\/pt-br\/wp-json\/wp\/v2\/users\/1"}],"replies":[{"embeddable":true,"href":"https:\/\/mx.motorad.com\/pt-br\/wp-json\/wp\/v2\/comments?post=5776"}],"version-history":[{"count":1,"href":"https:\/\/mx.motorad.com\/pt-br\/wp-json\/wp\/v2\/pages\/5776\/revisions"}],"predecessor-version":[{"id":5778,"href":"https:\/\/mx.motorad.com\/pt-br\/wp-json\/wp\/v2\/pages\/5776\/revisions\/5778"}],"up":[{"embeddable":true,"href":"https:\/\/mx.motorad.com\/pt-br\/wp-json\/wp\/v2\/pages\/5924"}],"wp:attachment":[{"href":"https:\/\/mx.motorad.com\/pt-br\/wp-json\/wp\/v2\/media?parent=5776"}],"curies":[{"name":"wp","href":"https:\/\/api.w.org\/{rel}","templated":true}]}}