{"id":5801,"date":"2025-04-03T18:00:34","date_gmt":"2025-04-03T18:00:34","guid":{"rendered":"https:\/\/mx.motorad.com\/solenoides-vvt\/"},"modified":"2026-03-17T12:47:38","modified_gmt":"2026-03-17T12:47:38","slug":"solenoides-vvt","status":"publish","type":"page","link":"https:\/\/mx.motorad.com\/pt-br\/produtos\/controles-de-powertrain\/solenoides-vvt\/","title":{"rendered":"SOLENOIDES VVT"},"content":{"rendered":"<h1 style=\"margin-top:var(--wp--preset--spacing--60);margin-bottom:var(--wp--preset--spacing--60);\" class=\"wp-block-post-title\">SOLENOIDES VVT<\/h1>\n<p>Os Solenoides VVT da MotoRad funcionam em condi\u00e7\u00f5es operacionais extremas, restaurando a economia de combust\u00edvel e reduzindo as emiss\u00f5es. Projetados para resistir a m\u00faltiplas f\u00f3rmulas de \u00f3leo e contamina\u00e7\u00e3o.  Todos os Solenoides VVT da MotoRad s\u00e3o projetados para atender ou superar as especifica\u00e7\u00f5es OEM nas nossas instala\u00e7\u00f5es de fabrica\u00e7\u00e3o ISO TS76949.<\/p>\n\n<div class=\"wp-block-columns is-layout-flex wp-container-core-columns-is-layout-45c10ec9 wp-block-columns-is-layout-flex\" style=\"margin-top:var(--wp--preset--spacing--60);margin-bottom:var(--wp--preset--spacing--60)\">\n<div class=\"wp-block-column is-layout-flow wp-block-column-is-layout-flow\">\n<figure class=\"wp-block-image size-full\"><img loading=\"lazy\" decoding=\"async\" width=\"500\" height=\"500\" src=\"https:\/\/mx.motorad.com\/wp-content\/uploads\/2025\/04\/1VS104_Angle.jpg\" alt=\"\" class=\"wp-image-4025\" srcset=\"https:\/\/mx.motorad.com\/wp-content\/uploads\/2025\/04\/1VS104_Angle.jpg 500w, https:\/\/mx.motorad.com\/wp-content\/uploads\/2025\/04\/1VS104_Angle-300x300.jpg 300w, https:\/\/mx.motorad.com\/wp-content\/uploads\/2025\/04\/1VS104_Angle-150x150.jpg 150w\" sizes=\"auto, (max-width: 500px) 100vw, 500px\" \/><\/figure>\n<\/div>\n\n\n\n<div class=\"wp-block-column is-layout-flow wp-block-column-is-layout-flow\">\n<figure class=\"wp-block-image size-full\"><img loading=\"lazy\" decoding=\"async\" width=\"500\" height=\"500\" src=\"https:\/\/mx.motorad.com\/wp-content\/uploads\/2025\/04\/1VS109_Angle.jpg\" alt=\"\" class=\"wp-image-4032\" srcset=\"https:\/\/mx.motorad.com\/wp-content\/uploads\/2025\/04\/1VS109_Angle.jpg 500w, https:\/\/mx.motorad.com\/wp-content\/uploads\/2025\/04\/1VS109_Angle-300x300.jpg 300w, https:\/\/mx.motorad.com\/wp-content\/uploads\/2025\/04\/1VS109_Angle-150x150.jpg 150w\" sizes=\"auto, (max-width: 500px) 100vw, 500px\" \/><\/figure>\n<\/div>\n\n\n\n<div class=\"wp-block-column is-layout-flow wp-block-column-is-layout-flow\">\n<figure class=\"wp-block-image size-full\"><img loading=\"lazy\" decoding=\"async\" width=\"500\" height=\"500\" src=\"https:\/\/mx.motorad.com\/wp-content\/uploads\/2025\/04\/1VS130_Angle.jpg\" alt=\"\" class=\"wp-image-4039\" srcset=\"https:\/\/mx.motorad.com\/wp-content\/uploads\/2025\/04\/1VS130_Angle.jpg 500w, https:\/\/mx.motorad.com\/wp-content\/uploads\/2025\/04\/1VS130_Angle-300x300.jpg 300w, https:\/\/mx.motorad.com\/wp-content\/uploads\/2025\/04\/1VS130_Angle-150x150.jpg 150w\" sizes=\"auto, (max-width: 500px) 100vw, 500px\" \/><\/figure>\n<\/div>\n\n\n\n<div class=\"wp-block-column is-layout-flow wp-block-column-is-layout-flow\">\n<figure class=\"wp-block-image size-full\"><img loading=\"lazy\" decoding=\"async\" width=\"500\" height=\"500\" src=\"https:\/\/mx.motorad.com\/wp-content\/uploads\/2025\/04\/1VS139_Angle.jpg\" alt=\"\" class=\"wp-image-4046\" srcset=\"https:\/\/mx.motorad.com\/wp-content\/uploads\/2025\/04\/1VS139_Angle.jpg 500w, https:\/\/mx.motorad.com\/wp-content\/uploads\/2025\/04\/1VS139_Angle-300x300.jpg 300w, https:\/\/mx.motorad.com\/wp-content\/uploads\/2025\/04\/1VS139_Angle-150x150.jpg 150w\" sizes=\"auto, (max-width: 500px) 100vw, 500px\" \/><\/figure>\n<\/div>\n\n\n\n<div class=\"wp-block-column is-layout-flow wp-block-column-is-layout-flow\">\n<figure class=\"wp-block-image size-full\"><img loading=\"lazy\" decoding=\"async\" width=\"500\" height=\"500\" src=\"https:\/\/mx.motorad.com\/wp-content\/uploads\/2025\/04\/1VS141_Angle-1.jpg\" alt=\"\" class=\"wp-image-4053\" srcset=\"https:\/\/mx.motorad.com\/wp-content\/uploads\/2025\/04\/1VS141_Angle-1.jpg 500w, https:\/\/mx.motorad.com\/wp-content\/uploads\/2025\/04\/1VS141_Angle-1-300x300.jpg 300w, https:\/\/mx.motorad.com\/wp-content\/uploads\/2025\/04\/1VS141_Angle-1-150x150.jpg 150w\" sizes=\"auto, (max-width: 500px) 100vw, 500px\" \/><\/figure>\n<\/div>\n\n\n\n<div class=\"wp-block-column is-layout-flow wp-block-column-is-layout-flow\">\n<figure class=\"wp-block-image size-full\"><img loading=\"lazy\" decoding=\"async\" width=\"500\" height=\"500\" src=\"https:\/\/mx.motorad.com\/wp-content\/uploads\/2025\/04\/1VS180_Angle.jpg\" alt=\"\" class=\"wp-image-4060\" srcset=\"https:\/\/mx.motorad.com\/wp-content\/uploads\/2025\/04\/1VS180_Angle.jpg 500w, https:\/\/mx.motorad.com\/wp-content\/uploads\/2025\/04\/1VS180_Angle-300x300.jpg 300w, https:\/\/mx.motorad.com\/wp-content\/uploads\/2025\/04\/1VS180_Angle-150x150.jpg 150w\" sizes=\"auto, (max-width: 500px) 100vw, 500px\" \/><\/figure>\n<\/div>\n<\/div>\n\n<ul class=\"wp-block-list\">\n<li style=\"margin-bottom:var(--wp--preset--spacing--20)\">Os corpos de v\u00e1lvula polidos \u00e0 m\u00e1quina reduzem significativamente o atrito e o desgaste ao longo do tempo.<\/li>\n\n\n\n<li style=\"margin-bottom:var(--wp--preset--spacing--20)\">Solu\u00e7\u00e3o completa que inclui juntas e an\u00e9is O-ring premium.<\/li>\n\n\n\n<li style=\"margin-bottom:var(--wp--preset--spacing--20)\">Projetados para otimizar a economia de combust\u00edvel e reduzir as emiss\u00f5es.<\/li>\n\n\n\n<li style=\"margin-bottom:var(--wp--preset--spacing--20)\">Os testes extensivos de durabilidade do produto incluem temperatura extrema, vibra\u00e7\u00e3o, press\u00e3o, umidade e resist\u00eancia \u00e0 corros\u00e3o, entre outros testes, para garantir que todos os Solenoides VVT atendam ou superem as especifica\u00e7\u00f5es OEM.<\/li>\n\n\n\n<li style=\"margin-bottom:var(--wp--preset--spacing--20)\">Tela de filtra\u00e7\u00e3o compat\u00edvel com OE para reduzir contaminantes.<\/li>\n<\/ul>\n\n<div class=\"wp-block-buttons is-layout-flex wp-block-buttons-is-layout-flex\" style=\"margin-top:var(--wp--preset--spacing--60);margin-bottom:var(--wp--preset--spacing--70)\">\n<div class=\"wp-block-button\"><a class=\"wp-block-button__link wp-element-button\" href=\"https:\/\/mx.motorad.com\/pt-br\/produtos\/\">Encontra o Solenoide VVT para a Tua Aplica\u00e7\u00e3o<\/a><\/div>\n<\/div>\n\n<div class=\"wp-block-cover alignfull is-light\" style=\"padding-top:var(--wp--preset--spacing--60);padding-bottom:var(--wp--preset--spacing--60)\"><span aria-hidden=\"true\" class=\"wp-block-cover__background has-background-dim-0 has-background-dim\" style=\"background-color:#ece5d9\"><\/span><img loading=\"lazy\" decoding=\"async\" width=\"1505\" height=\"305\" class=\"wp-block-cover__image-background wp-image-223\" alt=\"\" src=\"https:\/\/mx.motorad.com\/wp-content\/uploads\/2025\/03\/FooterCTA.jpg\" data-object-fit=\"cover\" srcset=\"https:\/\/mx.motorad.com\/wp-content\/uploads\/2025\/03\/FooterCTA.jpg 1505w, https:\/\/mx.motorad.com\/wp-content\/uploads\/2025\/03\/FooterCTA-300x61.jpg 300w, https:\/\/mx.motorad.com\/wp-content\/uploads\/2025\/03\/FooterCTA-1024x208.jpg 1024w, https:\/\/mx.motorad.com\/wp-content\/uploads\/2025\/03\/FooterCTA-768x156.jpg 768w\" sizes=\"auto, (max-width: 1505px) 100vw, 1505px\" \/><div class=\"wp-block-cover__inner-container is-layout-flow wp-block-cover-is-layout-flow\">\n<div class=\"wp-block-columns are-vertically-aligned-center is-layout-flex wp-container-core-columns-is-layout-cbe57604 wp-block-columns-is-layout-flex\">\n<div class=\"wp-block-column is-vertically-aligned-center is-layout-flow wp-block-column-is-layout-flow\" style=\"flex-basis:45%\">\n<h2 class=\"wp-block-heading has-text-align-center has-palette-text-color has-text-color\" id=\"h-need-help-finding-the-right-product\" style=\"margin-bottom:var(--wp--preset--spacing--40)\">Voc\u00ea precisa de ajuda para encontrar o produto certo?<\/h2>\n\n\n\n<p class=\"has-text-align-center has-palette-text-color has-text-color\" style=\"margin-bottom:var(--wp--preset--spacing--50)\">Nossa equipe dedicada est\u00e1 aqui para orientar voc\u00ea na dire\u00e7\u00e3o certa. Clique abaixo e diga-nos como podemos ajudar voc\u00ea a encontrar o produto ideal para a sua necessidade. Sua jornada para experimentar MELHOR come\u00e7a aqui.  <\/p>\n\n\n\n<div class=\"wp-block-buttons is-content-justification-center is-layout-flex wp-container-core-buttons-is-layout-a89b3969 wp-block-buttons-is-layout-flex\">\n<div class=\"wp-block-button\"><a class=\"wp-block-button__link has-text-align-center wp-element-button\" href=\"https:\/\/mx.motorad.com\/contact\/need-help-finding-something\/\">Fale com um especialista da MotoRad<\/a><\/div>\n<\/div>\n<\/div>\n\n\n\n<div class=\"wp-block-column is-layout-flow wp-block-column-is-layout-flow\" style=\"flex-basis:10%\"><\/div>\n\n\n\n<div class=\"wp-block-column is-layout-flow wp-block-column-is-layout-flow\" style=\"flex-basis:45%\">\n<h2 class=\"wp-block-heading has-text-align-center has-palette-text-color has-text-color\" id=\"h-looking-for-custom-development\" style=\"margin-bottom:var(--wp--preset--spacing--40)\">Voc\u00ea est\u00e1 procurando desenvolvimento personalizado?<\/h2>\n\n\n\n<p class=\"has-text-align-center has-palette-text-color has-text-color\" style=\"margin-bottom:var(--wp--preset--spacing--50)\">N\u00e3o se trata apenas de produtos; trata-se de criar solu\u00e7\u00f5es personalizadas que atendam \u00e0s suas necessidades. Voc\u00ea est\u00e1 pronto para dar vida ao seu novo projeto? Clique abaixo e vamos embarcar juntos na jornada de desenvolvimento de produtos personalizados.  <\/p>\n\n\n\n<div class=\"wp-block-buttons is-content-justification-center is-layout-flex wp-container-core-buttons-is-layout-a89b3969 wp-block-buttons-is-layout-flex\">\n<div class=\"wp-block-button is-style-fill\"><a class=\"wp-block-button__link has-palette-bg-color has-palette-text-background-color has-text-color has-background has-text-align-center wp-element-button\" href=\"https:\/\/mx.motorad.com\/contact\/do-you-need-custom-development\/\">Queremos ser seu fornecedor<\/a><\/div>\n<\/div>\n<\/div>\n<\/div>\n<\/div><\/div>\n","protected":false},"excerpt":{"rendered":"<p>Os Solenoides VVT da MotoRad funcionam em condi\u00e7\u00f5es operacionais extremas, restaurando a economia de combust\u00edvel e reduzindo as emiss\u00f5es. Projetados [&#8230;]<\/p>\n","protected":false},"author":1,"featured_media":0,"parent":5857,"menu_order":0,"comment_status":"closed","ping_status":"closed","template":"","meta":{"_acf_changed":false,"footnotes":""},"class_list":["post-5801","page","type-page","status-publish","hentry"],"acf":[],"yoast_head":"<!-- This site is optimized with the Yoast SEO Premium plugin v27.2 (Yoast SEO v27.2) - https:\/\/yoast.com\/product\/yoast-seo-premium-wordpress\/ -->\n<title>SOLENOIDES VVT - MotoRad<\/title>\n<meta name=\"description\" content=\"MotoRad - SOLENOIDES VVT\" \/>\n<meta name=\"robots\" content=\"index, follow, max-snippet:-1, max-image-preview:large, max-video-preview:-1\" \/>\n<link rel=\"canonical\" href=\"https:\/\/mx.motorad.com\/pt-br\/produtos\/controles-de-powertrain\/solenoides-vvt\/\" \/>\n<meta property=\"og:locale\" content=\"pt_BR\" \/>\n<meta property=\"og:type\" content=\"article\" \/>\n<meta property=\"og:title\" content=\"SOLENOIDES VVT\" \/>\n<meta property=\"og:description\" content=\"MotoRad - SOLENOIDES VVT\" \/>\n<meta property=\"og:url\" content=\"https:\/\/mx.motorad.com\/pt-br\/produtos\/controles-de-powertrain\/solenoides-vvt\/\" \/>\n<meta property=\"og:site_name\" content=\"MotoRad\" \/>\n<meta property=\"article:modified_time\" content=\"2026-03-17T12:47:38+00:00\" \/>\n<meta property=\"og:image\" content=\"https:\/\/mx.motorad.com\/wp-content\/uploads\/2025\/04\/1VS104_Angle.jpg\" \/>\n\t<meta property=\"og:image:width\" content=\"500\" \/>\n\t<meta property=\"og:image:height\" content=\"500\" \/>\n\t<meta property=\"og:image:type\" content=\"image\/jpeg\" \/>\n<meta name=\"twitter:card\" content=\"summary_large_image\" \/>\n<meta name=\"twitter:label1\" content=\"Est. reading time\" \/>\n\t<meta name=\"twitter:data1\" content=\"1 minuto\" \/>\n<script type=\"application\/ld+json\" class=\"yoast-schema-graph\">{\"@context\":\"https:\/\/schema.org\",\"@graph\":[{\"@type\":\"WebPage\",\"@id\":\"https:\/\/mx.motorad.com\/pt-br\/produtos\/controles-de-powertrain\/solenoides-vvt\/\",\"url\":\"https:\/\/mx.motorad.com\/pt-br\/produtos\/controles-de-powertrain\/solenoides-vvt\/\",\"name\":\"SOLENOIDES VVT - MotoRad\",\"isPartOf\":{\"@id\":\"https:\/\/mx.motorad.com\/pt-br\/#website\"},\"primaryImageOfPage\":{\"@id\":\"https:\/\/mx.motorad.com\/pt-br\/produtos\/controles-de-powertrain\/solenoides-vvt\/#primaryimage\"},\"image\":{\"@id\":\"https:\/\/mx.motorad.com\/pt-br\/produtos\/controles-de-powertrain\/solenoides-vvt\/#primaryimage\"},\"thumbnailUrl\":\"https:\/\/mx.motorad.com\/wp-content\/uploads\/2025\/04\/1VS104_Angle.jpg\",\"datePublished\":\"2025-04-03T18:00:34+00:00\",\"dateModified\":\"2026-03-17T12:47:38+00:00\",\"description\":\"MotoRad - SOLENOIDES VVT\",\"breadcrumb\":{\"@id\":\"https:\/\/mx.motorad.com\/pt-br\/produtos\/controles-de-powertrain\/solenoides-vvt\/#breadcrumb\"},\"inLanguage\":\"pt-BR\",\"potentialAction\":[{\"@type\":\"ReadAction\",\"target\":[\"https:\/\/mx.motorad.com\/pt-br\/produtos\/controles-de-powertrain\/solenoides-vvt\/\"]}]},{\"@type\":\"ImageObject\",\"inLanguage\":\"pt-BR\",\"@id\":\"https:\/\/mx.motorad.com\/pt-br\/produtos\/controles-de-powertrain\/solenoides-vvt\/#primaryimage\",\"url\":\"https:\/\/mx.motorad.com\/wp-content\/uploads\/2025\/04\/1VS104_Angle.jpg\",\"contentUrl\":\"https:\/\/mx.motorad.com\/wp-content\/uploads\/2025\/04\/1VS104_Angle.jpg\"},{\"@type\":\"BreadcrumbList\",\"@id\":\"https:\/\/mx.motorad.com\/pt-br\/produtos\/controles-de-powertrain\/solenoides-vvt\/#breadcrumb\",\"itemListElement\":[{\"@type\":\"ListItem\",\"position\":1,\"name\":\"Home\",\"item\":\"https:\/\/mx.motorad.com\/pt-br\/\"},{\"@type\":\"ListItem\",\"position\":2,\"name\":\"Produtos\",\"item\":\"https:\/\/motoradnew.test\/pt-br\/produtos\/\"},{\"@type\":\"ListItem\",\"position\":3,\"name\":\"Controles do trem de for\u00e7a\",\"item\":\"https:\/\/mx.motorad.com\/pt-br\/produtos\/controles-de-powertrain\/\"},{\"@type\":\"ListItem\",\"position\":4,\"name\":\"SOLENOIDES VVT\"}]},{\"@type\":\"WebSite\",\"@id\":\"https:\/\/mx.motorad.com\/pt-br\/#website\",\"url\":\"https:\/\/mx.motorad.com\/pt-br\/\",\"name\":\"MotoRad\",\"description\":\"Trusted to Deliver Better - Thermal Management, Emissions, Powertrain Controls\",\"potentialAction\":[{\"@type\":\"SearchAction\",\"target\":{\"@type\":\"EntryPoint\",\"urlTemplate\":\"https:\/\/mx.motorad.com\/pt-br\/?s={search_term_string}\"},\"query-input\":{\"@type\":\"PropertyValueSpecification\",\"valueRequired\":true,\"valueName\":\"search_term_string\"}}],\"inLanguage\":\"pt-BR\"}]}<\/script>\n<!-- \/ Yoast SEO Premium plugin. -->","yoast_head_json":{"title":"SOLENOIDES VVT - MotoRad","description":"MotoRad - SOLENOIDES VVT","robots":{"index":"index","follow":"follow","max-snippet":"max-snippet:-1","max-image-preview":"max-image-preview:large","max-video-preview":"max-video-preview:-1"},"canonical":"https:\/\/mx.motorad.com\/pt-br\/produtos\/controles-de-powertrain\/solenoides-vvt\/","og_locale":"pt_BR","og_type":"article","og_title":"SOLENOIDES VVT","og_description":"MotoRad - SOLENOIDES VVT","og_url":"https:\/\/mx.motorad.com\/pt-br\/produtos\/controles-de-powertrain\/solenoides-vvt\/","og_site_name":"MotoRad","article_modified_time":"2026-03-17T12:47:38+00:00","og_image":[{"width":500,"height":500,"url":"https:\/\/mx.motorad.com\/wp-content\/uploads\/2025\/04\/1VS104_Angle.jpg","type":"image\/jpeg"}],"twitter_card":"summary_large_image","twitter_misc":{"Est. reading time":"1 minuto"},"schema":{"@context":"https:\/\/schema.org","@graph":[{"@type":"WebPage","@id":"https:\/\/mx.motorad.com\/pt-br\/produtos\/controles-de-powertrain\/solenoides-vvt\/","url":"https:\/\/mx.motorad.com\/pt-br\/produtos\/controles-de-powertrain\/solenoides-vvt\/","name":"SOLENOIDES VVT - MotoRad","isPartOf":{"@id":"https:\/\/mx.motorad.com\/pt-br\/#website"},"primaryImageOfPage":{"@id":"https:\/\/mx.motorad.com\/pt-br\/produtos\/controles-de-powertrain\/solenoides-vvt\/#primaryimage"},"image":{"@id":"https:\/\/mx.motorad.com\/pt-br\/produtos\/controles-de-powertrain\/solenoides-vvt\/#primaryimage"},"thumbnailUrl":"https:\/\/mx.motorad.com\/wp-content\/uploads\/2025\/04\/1VS104_Angle.jpg","datePublished":"2025-04-03T18:00:34+00:00","dateModified":"2026-03-17T12:47:38+00:00","description":"MotoRad - SOLENOIDES VVT","breadcrumb":{"@id":"https:\/\/mx.motorad.com\/pt-br\/produtos\/controles-de-powertrain\/solenoides-vvt\/#breadcrumb"},"inLanguage":"pt-BR","potentialAction":[{"@type":"ReadAction","target":["https:\/\/mx.motorad.com\/pt-br\/produtos\/controles-de-powertrain\/solenoides-vvt\/"]}]},{"@type":"ImageObject","inLanguage":"pt-BR","@id":"https:\/\/mx.motorad.com\/pt-br\/produtos\/controles-de-powertrain\/solenoides-vvt\/#primaryimage","url":"https:\/\/mx.motorad.com\/wp-content\/uploads\/2025\/04\/1VS104_Angle.jpg","contentUrl":"https:\/\/mx.motorad.com\/wp-content\/uploads\/2025\/04\/1VS104_Angle.jpg"},{"@type":"BreadcrumbList","@id":"https:\/\/mx.motorad.com\/pt-br\/produtos\/controles-de-powertrain\/solenoides-vvt\/#breadcrumb","itemListElement":[{"@type":"ListItem","position":1,"name":"Home","item":"https:\/\/mx.motorad.com\/pt-br\/"},{"@type":"ListItem","position":2,"name":"Produtos","item":"https:\/\/motoradnew.test\/pt-br\/produtos\/"},{"@type":"ListItem","position":3,"name":"Controles do trem de for\u00e7a","item":"https:\/\/mx.motorad.com\/pt-br\/produtos\/controles-de-powertrain\/"},{"@type":"ListItem","position":4,"name":"SOLENOIDES VVT"}]},{"@type":"WebSite","@id":"https:\/\/mx.motorad.com\/pt-br\/#website","url":"https:\/\/mx.motorad.com\/pt-br\/","name":"MotoRad","description":"Trusted to Deliver Better - Thermal Management, Emissions, Powertrain Controls","potentialAction":[{"@type":"SearchAction","target":{"@type":"EntryPoint","urlTemplate":"https:\/\/mx.motorad.com\/pt-br\/?s={search_term_string}"},"query-input":{"@type":"PropertyValueSpecification","valueRequired":true,"valueName":"search_term_string"}}],"inLanguage":"pt-BR"}]}},"_links":{"self":[{"href":"https:\/\/mx.motorad.com\/pt-br\/wp-json\/wp\/v2\/pages\/5801","targetHints":{"allow":["GET"]}}],"collection":[{"href":"https:\/\/mx.motorad.com\/pt-br\/wp-json\/wp\/v2\/pages"}],"about":[{"href":"https:\/\/mx.motorad.com\/pt-br\/wp-json\/wp\/v2\/types\/page"}],"author":[{"embeddable":true,"href":"https:\/\/mx.motorad.com\/pt-br\/wp-json\/wp\/v2\/users\/1"}],"replies":[{"embeddable":true,"href":"https:\/\/mx.motorad.com\/pt-br\/wp-json\/wp\/v2\/comments?post=5801"}],"version-history":[{"count":2,"href":"https:\/\/mx.motorad.com\/pt-br\/wp-json\/wp\/v2\/pages\/5801\/revisions"}],"predecessor-version":[{"id":87597,"href":"https:\/\/mx.motorad.com\/pt-br\/wp-json\/wp\/v2\/pages\/5801\/revisions\/87597"}],"up":[{"embeddable":true,"href":"https:\/\/mx.motorad.com\/pt-br\/wp-json\/wp\/v2\/pages\/5857"}],"wp:attachment":[{"href":"https:\/\/mx.motorad.com\/pt-br\/wp-json\/wp\/v2\/media?parent=5801"}],"curies":[{"name":"wp","href":"https:\/\/api.w.org\/{rel}","templated":true}]}}