{"id":5880,"date":"2025-04-03T18:51:06","date_gmt":"2025-04-03T18:51:06","guid":{"rendered":"https:\/\/mx.motorad.com\/testador-do-sistema-de-arrefecimento\/"},"modified":"2025-06-13T12:48:59","modified_gmt":"2025-06-13T12:48:59","slug":"testador-do-sistema-de-arrefecimento","status":"publish","type":"page","link":"https:\/\/mx.motorad.com\/pt-br\/produtos\/tampas\/testador-do-sistema-de-arrefecimento\/","title":{"rendered":"TESTADOR DO SISTEMA DE ARREFECIMENTO"},"content":{"rendered":"\n<h1 class=\"wp-block-heading\" id=\"h-coolant-system-tester\" style=\"margin-top:var(--wp--preset--spacing--60);margin-bottom:var(--wp--preset--spacing--60)\">TESTADOR DO SISTEMA DE ARREFECIMENTO<\/h1>\n\n<p>O testador de press\u00e3o do sistema de arrefecimento MotoRad MT-300 \u00e9 a escolha dos profissionais quando se trata de testar sistemas de arrefecimento de ve\u00edculos e tampas de radiador. Este dispositivo assegura que o sistema de arrefecimento automotivo esteja operando na press\u00e3o correta para um desempenho \u00f3timo. <\/p>\n\n<figure class=\"wp-block-embed is-type-video is-provider-youtube wp-block-embed-youtube wp-embed-aspect-16-9 wp-has-aspect-ratio\" style=\"margin-top:var(--wp--preset--spacing--60);margin-bottom:var(--wp--preset--spacing--60)\"><div class=\"wp-block-embed__wrapper\">\n<iframe loading=\"lazy\" title=\"Our NEW MT300 Coolant Pressure Tester\" width=\"500\" height=\"281\" src=\"https:\/\/www.youtube.com\/embed\/_CPOGjEApf0?feature=oembed\" frameborder=\"0\" allow=\"accelerometer; autoplay; clipboard-write; encrypted-media; gyroscope; picture-in-picture; web-share\" referrerpolicy=\"strict-origin-when-cross-origin\" allowfullscreen><\/iframe>\n<\/div><\/figure>\n\n<p>Fabricado com materiais de alta qualidade para garantir durabilidade prolongada. Projetado n\u00e3o apenas para testar o sistema, mas tamb\u00e9m as tampas do radiador. Com o tempo, as veda\u00e7\u00f5es, molas e v\u00e1lvulas das tampas do radiador podem se desgastar, causando uma perda na press\u00e3o do sistema. O MT300 proporciona diagn\u00f3sticos r\u00e1pidos de problemas no sistema de arrefecimento.   <\/p>\n\n<div class=\"wp-block-columns is-layout-flex wp-container-core-columns-is-layout-95393138 wp-block-columns-is-layout-flex\" style=\"margin-top:var(--wp--preset--spacing--60);margin-bottom:var(--wp--preset--spacing--60)\">\n<div class=\"wp-block-column is-layout-flow wp-block-column-is-layout-flow\">\n<figure class=\"wp-block-image size-full\"><img loading=\"lazy\" decoding=\"async\" width=\"1000\" height=\"1000\" src=\"https:\/\/mx.motorad.com\/wp-content\/uploads\/2025\/04\/MT300_FRONT2.jpg\" alt=\"\" class=\"wp-image-4499\" srcset=\"https:\/\/mx.motorad.com\/wp-content\/uploads\/2025\/04\/MT300_FRONT2.jpg 1000w, https:\/\/mx.motorad.com\/wp-content\/uploads\/2025\/04\/MT300_FRONT2-300x300.jpg 300w, https:\/\/mx.motorad.com\/wp-content\/uploads\/2025\/04\/MT300_FRONT2-150x150.jpg 150w, https:\/\/mx.motorad.com\/wp-content\/uploads\/2025\/04\/MT300_FRONT2-768x768.jpg 768w\" sizes=\"auto, (max-width: 1000px) 100vw, 1000px\" \/><\/figure>\n<\/div>\n\n\n\n<div class=\"wp-block-column is-layout-flow wp-block-column-is-layout-flow\">\n<figure class=\"wp-block-image size-full\"><img loading=\"lazy\" decoding=\"async\" width=\"1000\" height=\"1000\" src=\"https:\/\/mx.motorad.com\/wp-content\/uploads\/2025\/04\/MT300_3.jpg\" alt=\"\" class=\"wp-image-4492\" srcset=\"https:\/\/mx.motorad.com\/wp-content\/uploads\/2025\/04\/MT300_3.jpg 1000w, https:\/\/mx.motorad.com\/wp-content\/uploads\/2025\/04\/MT300_3-300x300.jpg 300w, https:\/\/mx.motorad.com\/wp-content\/uploads\/2025\/04\/MT300_3-150x150.jpg 150w, https:\/\/mx.motorad.com\/wp-content\/uploads\/2025\/04\/MT300_3-768x768.jpg 768w\" sizes=\"auto, (max-width: 1000px) 100vw, 1000px\" \/><\/figure>\n<\/div>\n\n\n\n<div class=\"wp-block-column is-layout-flow wp-block-column-is-layout-flow\">\n<figure class=\"wp-block-image size-full\"><img loading=\"lazy\" decoding=\"async\" width=\"1000\" height=\"1000\" src=\"https:\/\/mx.motorad.com\/wp-content\/uploads\/2025\/04\/MT300_2.jpg\" alt=\"\" class=\"wp-image-4485\" srcset=\"https:\/\/mx.motorad.com\/wp-content\/uploads\/2025\/04\/MT300_2.jpg 1000w, https:\/\/mx.motorad.com\/wp-content\/uploads\/2025\/04\/MT300_2-300x300.jpg 300w, https:\/\/mx.motorad.com\/wp-content\/uploads\/2025\/04\/MT300_2-150x150.jpg 150w, https:\/\/mx.motorad.com\/wp-content\/uploads\/2025\/04\/MT300_2-768x768.jpg 768w\" sizes=\"auto, (max-width: 1000px) 100vw, 1000px\" \/><\/figure>\n<\/div>\n\n\n\n<div class=\"wp-block-column is-layout-flow wp-block-column-is-layout-flow\">\n<figure class=\"wp-block-image size-full\"><img loading=\"lazy\" decoding=\"async\" width=\"300\" height=\"300\" src=\"https:\/\/mx.motorad.com\/wp-content\/uploads\/2025\/04\/MT300_1-300x300-1.jpg\" alt=\"\" class=\"wp-image-4478\" srcset=\"https:\/\/mx.motorad.com\/wp-content\/uploads\/2025\/04\/MT300_1-300x300-1.jpg 300w, https:\/\/mx.motorad.com\/wp-content\/uploads\/2025\/04\/MT300_1-300x300-1-150x150.jpg 150w\" sizes=\"auto, (max-width: 300px) 100vw, 300px\" \/><\/figure>\n<\/div>\n<\/div>\n\n<ul class=\"wp-block-list\">\n<li>Qualidade profissional<\/li>\n\n\n\n<li>Fabricado com materiais da mais alta qualidade por um fornecedor OE<\/li>\n\n\n\n<li>Testa sistemas de arrefecimento &amp; tampas de radiador<\/li>\n\n\n\n<li>Proporciona diagn\u00f3stico r\u00e1pido e preciso de problemas no sistema de arrefecimento<\/li>\n\n\n\n<li>Inclui os adaptadores mais comuns para radiadores e tampas<\/li>\n\n\n\n<li>Kits adicionais de adaptadores est\u00e3o dispon\u00edveis. Veja abaixo para mais informa\u00e7\u00f5es <\/li>\n<\/ul>\n\n<figure class=\"wp-block-image size-full\" style=\"margin-top:var(--wp--preset--spacing--60);margin-bottom:var(--wp--preset--spacing--60)\"><img loading=\"lazy\" decoding=\"async\" width=\"1000\" height=\"1136\" src=\"https:\/\/mx.motorad.com\/wp-content\/uploads\/2025\/04\/Coolant-System-Tester-Adapaters.jpg\" alt=\"\" class=\"wp-image-4471\" srcset=\"https:\/\/mx.motorad.com\/wp-content\/uploads\/2025\/04\/Coolant-System-Tester-Adapaters.jpg 1000w, https:\/\/mx.motorad.com\/wp-content\/uploads\/2025\/04\/Coolant-System-Tester-Adapaters-264x300.jpg 264w, https:\/\/mx.motorad.com\/wp-content\/uploads\/2025\/04\/Coolant-System-Tester-Adapaters-901x1024.jpg 901w, https:\/\/mx.motorad.com\/wp-content\/uploads\/2025\/04\/Coolant-System-Tester-Adapaters-768x872.jpg 768w\" sizes=\"auto, (max-width: 1000px) 100vw, 1000px\" \/><\/figure>\n\n<div class=\"wp-block-buttons is-layout-flex wp-block-buttons-is-layout-flex\" style=\"margin-bottom:var(--wp--preset--spacing--70)\">\n<div class=\"wp-block-button\"><a class=\"wp-block-button__link wp-element-button\" href=\"https:\/\/mx.motorad.com\/products\/\">Encontrar testador do sistema de arrefecimento<\/a><\/div>\n<\/div>\n\n<div class=\"wp-block-cover alignfull is-light\" style=\"padding-top:var(--wp--preset--spacing--60);padding-bottom:var(--wp--preset--spacing--60)\"><span aria-hidden=\"true\" class=\"wp-block-cover__background has-background-dim-0 has-background-dim\" style=\"background-color:#ece5d9\"><\/span><img loading=\"lazy\" decoding=\"async\" width=\"1505\" height=\"305\" class=\"wp-block-cover__image-background wp-image-223\" alt=\"\" src=\"https:\/\/mx.motorad.com\/wp-content\/uploads\/2025\/03\/FooterCTA.jpg\" data-object-fit=\"cover\" srcset=\"https:\/\/mx.motorad.com\/wp-content\/uploads\/2025\/03\/FooterCTA.jpg 1505w, https:\/\/mx.motorad.com\/wp-content\/uploads\/2025\/03\/FooterCTA-300x61.jpg 300w, https:\/\/mx.motorad.com\/wp-content\/uploads\/2025\/03\/FooterCTA-1024x208.jpg 1024w, https:\/\/mx.motorad.com\/wp-content\/uploads\/2025\/03\/FooterCTA-768x156.jpg 768w\" sizes=\"auto, (max-width: 1505px) 100vw, 1505px\" \/><div class=\"wp-block-cover__inner-container is-layout-flow wp-block-cover-is-layout-flow\">\n<div class=\"wp-block-columns are-vertically-aligned-center is-layout-flex wp-container-core-columns-is-layout-cbe57604 wp-block-columns-is-layout-flex\">\n<div class=\"wp-block-column is-vertically-aligned-center is-layout-flow wp-block-column-is-layout-flow\" style=\"flex-basis:45%\">\n<h2 class=\"wp-block-heading has-text-align-center has-palette-text-color has-text-color\" id=\"h-need-help-finding-the-right-product\" style=\"margin-bottom:var(--wp--preset--spacing--40)\">Voc\u00ea precisa de ajuda para encontrar o produto certo?<\/h2>\n\n\n\n<p class=\"has-text-align-center has-palette-text-color has-text-color\" style=\"margin-bottom:var(--wp--preset--spacing--50)\">Nossa equipe dedicada est\u00e1 aqui para orientar voc\u00ea na dire\u00e7\u00e3o certa. Clique abaixo e diga-nos como podemos ajudar voc\u00ea a encontrar o produto ideal para a sua necessidade. Sua jornada para experimentar MELHOR come\u00e7a aqui.  <\/p>\n\n\n\n<div class=\"wp-block-buttons is-content-justification-center is-layout-flex wp-container-core-buttons-is-layout-a89b3969 wp-block-buttons-is-layout-flex\">\n<div class=\"wp-block-button\"><a class=\"wp-block-button__link has-text-align-center wp-element-button\" href=\"https:\/\/mx.motorad.com\/contact\/need-help-finding-something\/\">Fale com um especialista da MotoRad<\/a><\/div>\n<\/div>\n<\/div>\n\n\n\n<div class=\"wp-block-column is-layout-flow wp-block-column-is-layout-flow\" style=\"flex-basis:10%\"><\/div>\n\n\n\n<div class=\"wp-block-column is-layout-flow wp-block-column-is-layout-flow\" style=\"flex-basis:45%\">\n<h2 class=\"wp-block-heading has-text-align-center has-palette-text-color has-text-color\" id=\"h-looking-for-custom-development\" style=\"margin-bottom:var(--wp--preset--spacing--40)\">Voc\u00ea est\u00e1 procurando desenvolvimento personalizado?<\/h2>\n\n\n\n<p class=\"has-text-align-center has-palette-text-color has-text-color\" style=\"margin-bottom:var(--wp--preset--spacing--50)\">N\u00e3o se trata apenas de produtos; trata-se de criar solu\u00e7\u00f5es personalizadas que atendam \u00e0s suas necessidades. Voc\u00ea est\u00e1 pronto para dar vida ao seu novo projeto? Clique abaixo e vamos embarcar juntos na jornada de desenvolvimento de produtos personalizados.  <\/p>\n\n\n\n<div class=\"wp-block-buttons is-content-justification-center is-layout-flex wp-container-core-buttons-is-layout-a89b3969 wp-block-buttons-is-layout-flex\">\n<div class=\"wp-block-button is-style-fill\"><a class=\"wp-block-button__link has-palette-bg-color has-palette-text-background-color has-text-color has-background has-text-align-center wp-element-button\" href=\"https:\/\/mx.motorad.com\/contact\/do-you-need-custom-development\/\">Queremos ser seu fornecedor<\/a><\/div>\n<\/div>\n<\/div>\n<\/div>\n<\/div><\/div>\n","protected":false},"excerpt":{"rendered":"<p>TESTADOR DO SISTEMA DE ARREFECIMENTO O testador de press\u00e3o do sistema de arrefecimento MotoRad MT-300 \u00e9 a escolha dos profissionais [&#8230;]<\/p>\n","protected":false},"author":1,"featured_media":0,"parent":5924,"menu_order":0,"comment_status":"closed","ping_status":"closed","template":"","meta":{"_acf_changed":false,"footnotes":""},"class_list":["post-5880","page","type-page","status-publish","hentry"],"acf":[],"yoast_head":"<!-- This site is optimized with the Yoast SEO Premium plugin v27.2 (Yoast SEO v27.2) - https:\/\/yoast.com\/product\/yoast-seo-premium-wordpress\/ -->\n<title>TESTADOR DO SISTEMA DE ARREFECIMENTO - MotoRad<\/title>\n<meta name=\"description\" content=\"MotoRad - TESTADOR DO SISTEMA DE ARREFECIMENTO\" \/>\n<meta name=\"robots\" content=\"index, follow, max-snippet:-1, max-image-preview:large, max-video-preview:-1\" \/>\n<link rel=\"canonical\" href=\"https:\/\/mx.motorad.com\/pt-br\/produtos\/tampas\/testador-do-sistema-de-arrefecimento\/\" \/>\n<meta property=\"og:locale\" content=\"pt_BR\" \/>\n<meta property=\"og:type\" content=\"article\" \/>\n<meta property=\"og:title\" content=\"TESTADOR DO SISTEMA DE ARREFECIMENTO\" \/>\n<meta property=\"og:description\" content=\"MotoRad - TESTADOR DO SISTEMA DE ARREFECIMENTO\" \/>\n<meta property=\"og:url\" content=\"https:\/\/mx.motorad.com\/pt-br\/produtos\/tampas\/testador-do-sistema-de-arrefecimento\/\" \/>\n<meta property=\"og:site_name\" content=\"MotoRad\" \/>\n<meta property=\"article:modified_time\" content=\"2025-06-13T12:48:59+00:00\" \/>\n<meta property=\"og:image\" content=\"https:\/\/mx.motorad.com\/wp-content\/uploads\/2025\/04\/MT300_FRONT2.jpg\" \/>\n\t<meta property=\"og:image:width\" content=\"1000\" \/>\n\t<meta property=\"og:image:height\" content=\"1000\" \/>\n\t<meta property=\"og:image:type\" content=\"image\/jpeg\" \/>\n<meta name=\"twitter:card\" content=\"summary_large_image\" \/>\n<meta name=\"twitter:label1\" content=\"Est. reading time\" \/>\n\t<meta name=\"twitter:data1\" content=\"1 minuto\" \/>\n<script type=\"application\/ld+json\" class=\"yoast-schema-graph\">{\"@context\":\"https:\/\/schema.org\",\"@graph\":[{\"@type\":\"WebPage\",\"@id\":\"https:\/\/mx.motorad.com\/pt-br\/produtos\/tampas\/testador-do-sistema-de-arrefecimento\/\",\"url\":\"https:\/\/mx.motorad.com\/pt-br\/produtos\/tampas\/testador-do-sistema-de-arrefecimento\/\",\"name\":\"TESTADOR DO SISTEMA DE ARREFECIMENTO - MotoRad\",\"isPartOf\":{\"@id\":\"https:\/\/mx.motorad.com\/pt-br\/#website\"},\"primaryImageOfPage\":{\"@id\":\"https:\/\/mx.motorad.com\/pt-br\/produtos\/tampas\/testador-do-sistema-de-arrefecimento\/#primaryimage\"},\"image\":{\"@id\":\"https:\/\/mx.motorad.com\/pt-br\/produtos\/tampas\/testador-do-sistema-de-arrefecimento\/#primaryimage\"},\"thumbnailUrl\":\"https:\/\/mx.motorad.com\/wp-content\/uploads\/2025\/04\/MT300_FRONT2.jpg\",\"datePublished\":\"2025-04-03T18:51:06+00:00\",\"dateModified\":\"2025-06-13T12:48:59+00:00\",\"description\":\"MotoRad - TESTADOR DO SISTEMA DE ARREFECIMENTO\",\"breadcrumb\":{\"@id\":\"https:\/\/mx.motorad.com\/pt-br\/produtos\/tampas\/testador-do-sistema-de-arrefecimento\/#breadcrumb\"},\"inLanguage\":\"pt-BR\",\"potentialAction\":[{\"@type\":\"ReadAction\",\"target\":[\"https:\/\/mx.motorad.com\/pt-br\/produtos\/tampas\/testador-do-sistema-de-arrefecimento\/\"]}]},{\"@type\":\"ImageObject\",\"inLanguage\":\"pt-BR\",\"@id\":\"https:\/\/mx.motorad.com\/pt-br\/produtos\/tampas\/testador-do-sistema-de-arrefecimento\/#primaryimage\",\"url\":\"https:\/\/mx.motorad.com\/wp-content\/uploads\/2025\/04\/MT300_FRONT2.jpg\",\"contentUrl\":\"https:\/\/mx.motorad.com\/wp-content\/uploads\/2025\/04\/MT300_FRONT2.jpg\"},{\"@type\":\"BreadcrumbList\",\"@id\":\"https:\/\/mx.motorad.com\/pt-br\/produtos\/tampas\/testador-do-sistema-de-arrefecimento\/#breadcrumb\",\"itemListElement\":[{\"@type\":\"ListItem\",\"position\":1,\"name\":\"Home\",\"item\":\"https:\/\/mx.motorad.com\/pt-br\/\"},{\"@type\":\"ListItem\",\"position\":2,\"name\":\"Produtos\",\"item\":\"https:\/\/motoradnew.test\/pt-br\/produtos\/\"},{\"@type\":\"ListItem\",\"position\":3,\"name\":\"Tampas\",\"item\":\"https:\/\/motoradnew.test\/pt-br\/produtos\/tampas\/\"},{\"@type\":\"ListItem\",\"position\":4,\"name\":\"TESTADOR DO SISTEMA DE ARREFECIMENTO\"}]},{\"@type\":\"WebSite\",\"@id\":\"https:\/\/mx.motorad.com\/pt-br\/#website\",\"url\":\"https:\/\/mx.motorad.com\/pt-br\/\",\"name\":\"MotoRad\",\"description\":\"Trusted to Deliver Better - Thermal Management, Emissions, Powertrain Controls\",\"potentialAction\":[{\"@type\":\"SearchAction\",\"target\":{\"@type\":\"EntryPoint\",\"urlTemplate\":\"https:\/\/mx.motorad.com\/pt-br\/?s={search_term_string}\"},\"query-input\":{\"@type\":\"PropertyValueSpecification\",\"valueRequired\":true,\"valueName\":\"search_term_string\"}}],\"inLanguage\":\"pt-BR\"}]}<\/script>\n<!-- \/ Yoast SEO Premium plugin. -->","yoast_head_json":{"title":"TESTADOR DO SISTEMA DE ARREFECIMENTO - MotoRad","description":"MotoRad - TESTADOR DO SISTEMA DE ARREFECIMENTO","robots":{"index":"index","follow":"follow","max-snippet":"max-snippet:-1","max-image-preview":"max-image-preview:large","max-video-preview":"max-video-preview:-1"},"canonical":"https:\/\/mx.motorad.com\/pt-br\/produtos\/tampas\/testador-do-sistema-de-arrefecimento\/","og_locale":"pt_BR","og_type":"article","og_title":"TESTADOR DO SISTEMA DE ARREFECIMENTO","og_description":"MotoRad - TESTADOR DO SISTEMA DE ARREFECIMENTO","og_url":"https:\/\/mx.motorad.com\/pt-br\/produtos\/tampas\/testador-do-sistema-de-arrefecimento\/","og_site_name":"MotoRad","article_modified_time":"2025-06-13T12:48:59+00:00","og_image":[{"width":1000,"height":1000,"url":"https:\/\/mx.motorad.com\/wp-content\/uploads\/2025\/04\/MT300_FRONT2.jpg","type":"image\/jpeg"}],"twitter_card":"summary_large_image","twitter_misc":{"Est. reading time":"1 minuto"},"schema":{"@context":"https:\/\/schema.org","@graph":[{"@type":"WebPage","@id":"https:\/\/mx.motorad.com\/pt-br\/produtos\/tampas\/testador-do-sistema-de-arrefecimento\/","url":"https:\/\/mx.motorad.com\/pt-br\/produtos\/tampas\/testador-do-sistema-de-arrefecimento\/","name":"TESTADOR DO SISTEMA DE ARREFECIMENTO - MotoRad","isPartOf":{"@id":"https:\/\/mx.motorad.com\/pt-br\/#website"},"primaryImageOfPage":{"@id":"https:\/\/mx.motorad.com\/pt-br\/produtos\/tampas\/testador-do-sistema-de-arrefecimento\/#primaryimage"},"image":{"@id":"https:\/\/mx.motorad.com\/pt-br\/produtos\/tampas\/testador-do-sistema-de-arrefecimento\/#primaryimage"},"thumbnailUrl":"https:\/\/mx.motorad.com\/wp-content\/uploads\/2025\/04\/MT300_FRONT2.jpg","datePublished":"2025-04-03T18:51:06+00:00","dateModified":"2025-06-13T12:48:59+00:00","description":"MotoRad - TESTADOR DO SISTEMA DE ARREFECIMENTO","breadcrumb":{"@id":"https:\/\/mx.motorad.com\/pt-br\/produtos\/tampas\/testador-do-sistema-de-arrefecimento\/#breadcrumb"},"inLanguage":"pt-BR","potentialAction":[{"@type":"ReadAction","target":["https:\/\/mx.motorad.com\/pt-br\/produtos\/tampas\/testador-do-sistema-de-arrefecimento\/"]}]},{"@type":"ImageObject","inLanguage":"pt-BR","@id":"https:\/\/mx.motorad.com\/pt-br\/produtos\/tampas\/testador-do-sistema-de-arrefecimento\/#primaryimage","url":"https:\/\/mx.motorad.com\/wp-content\/uploads\/2025\/04\/MT300_FRONT2.jpg","contentUrl":"https:\/\/mx.motorad.com\/wp-content\/uploads\/2025\/04\/MT300_FRONT2.jpg"},{"@type":"BreadcrumbList","@id":"https:\/\/mx.motorad.com\/pt-br\/produtos\/tampas\/testador-do-sistema-de-arrefecimento\/#breadcrumb","itemListElement":[{"@type":"ListItem","position":1,"name":"Home","item":"https:\/\/mx.motorad.com\/pt-br\/"},{"@type":"ListItem","position":2,"name":"Produtos","item":"https:\/\/motoradnew.test\/pt-br\/produtos\/"},{"@type":"ListItem","position":3,"name":"Tampas","item":"https:\/\/motoradnew.test\/pt-br\/produtos\/tampas\/"},{"@type":"ListItem","position":4,"name":"TESTADOR DO SISTEMA DE ARREFECIMENTO"}]},{"@type":"WebSite","@id":"https:\/\/mx.motorad.com\/pt-br\/#website","url":"https:\/\/mx.motorad.com\/pt-br\/","name":"MotoRad","description":"Trusted to Deliver Better - Thermal Management, Emissions, Powertrain Controls","potentialAction":[{"@type":"SearchAction","target":{"@type":"EntryPoint","urlTemplate":"https:\/\/mx.motorad.com\/pt-br\/?s={search_term_string}"},"query-input":{"@type":"PropertyValueSpecification","valueRequired":true,"valueName":"search_term_string"}}],"inLanguage":"pt-BR"}]}},"_links":{"self":[{"href":"https:\/\/mx.motorad.com\/pt-br\/wp-json\/wp\/v2\/pages\/5880","targetHints":{"allow":["GET"]}}],"collection":[{"href":"https:\/\/mx.motorad.com\/pt-br\/wp-json\/wp\/v2\/pages"}],"about":[{"href":"https:\/\/mx.motorad.com\/pt-br\/wp-json\/wp\/v2\/types\/page"}],"author":[{"embeddable":true,"href":"https:\/\/mx.motorad.com\/pt-br\/wp-json\/wp\/v2\/users\/1"}],"replies":[{"embeddable":true,"href":"https:\/\/mx.motorad.com\/pt-br\/wp-json\/wp\/v2\/comments?post=5880"}],"version-history":[{"count":1,"href":"https:\/\/mx.motorad.com\/pt-br\/wp-json\/wp\/v2\/pages\/5880\/revisions"}],"predecessor-version":[{"id":5881,"href":"https:\/\/mx.motorad.com\/pt-br\/wp-json\/wp\/v2\/pages\/5880\/revisions\/5881"}],"up":[{"embeddable":true,"href":"https:\/\/mx.motorad.com\/pt-br\/wp-json\/wp\/v2\/pages\/5924"}],"wp:attachment":[{"href":"https:\/\/mx.motorad.com\/pt-br\/wp-json\/wp\/v2\/media?parent=5880"}],"curies":[{"name":"wp","href":"https:\/\/api.w.org\/{rel}","templated":true}]}}