{"id":5894,"date":"2025-04-03T17:53:54","date_gmt":"2025-04-03T17:53:54","guid":{"rendered":"https:\/\/mx.motorad.com\/controles-de-powertrain\/bobinas-de-ignicao\/"},"modified":"2025-06-13T12:48:50","modified_gmt":"2025-06-13T12:48:50","slug":"bobinas-de-ignicao","status":"publish","type":"page","link":"https:\/\/mx.motorad.com\/pt-br\/produtos\/controles-de-powertrain\/bobinas-de-ignicao\/","title":{"rendered":"BOBINAS DE IGNI\u00c7\u00c3O"},"content":{"rendered":"<h1 style=\"margin-top:var(--wp--preset--spacing--60);margin-bottom:var(--wp--preset--spacing--60);\" class=\"wp-block-post-title\">BOBINAS DE IGNI\u00c7\u00c3O<\/h1>\n<p style=\"margin-bottom:var(--wp--preset--spacing--60)\">As bobinas de igni\u00e7\u00e3o MotoRad s\u00e3o projetadas para maximizar a dura\u00e7\u00e3o da voltagem da fa\u00edsca, garantindo desempenho ideal do motor. Concebidas para funcionar sob condi\u00e7\u00f5es operacionais severas e proteger contra calor extremo. Todas as Bobinas de Igni\u00e7\u00e3o MotoRad s\u00e3o projetadas para atender ou exceder as especifica\u00e7\u00f5es OEM em nossas instala\u00e7\u00f5es de fabrica\u00e7\u00e3o ISO TS16949.  <\/p>\n\n<div class=\"wp-block-columns is-layout-flex wp-container-core-columns-is-layout-26b8b1f9 wp-block-columns-is-layout-flex\" style=\"margin-bottom:var(--wp--preset--spacing--60)\">\n<div class=\"wp-block-column is-layout-flow wp-block-column-is-layout-flow\">\n<figure class=\"wp-block-image size-full\"><img loading=\"lazy\" decoding=\"async\" width=\"500\" height=\"500\" src=\"https:\/\/mx.motorad.com\/wp-content\/uploads\/2025\/04\/1IC199_Angle.jpg\" alt=\"\" class=\"wp-image-3953\" srcset=\"https:\/\/mx.motorad.com\/wp-content\/uploads\/2025\/04\/1IC199_Angle.jpg 500w, https:\/\/mx.motorad.com\/wp-content\/uploads\/2025\/04\/1IC199_Angle-300x300.jpg 300w, https:\/\/mx.motorad.com\/wp-content\/uploads\/2025\/04\/1IC199_Angle-150x150.jpg 150w\" sizes=\"auto, (max-width: 500px) 100vw, 500px\" \/><\/figure>\n<\/div>\n\n\n\n<div class=\"wp-block-column is-layout-flow wp-block-column-is-layout-flow\">\n<figure class=\"wp-block-image size-full\"><img loading=\"lazy\" decoding=\"async\" width=\"500\" height=\"500\" src=\"https:\/\/mx.motorad.com\/wp-content\/uploads\/2025\/04\/1IC190_Angle.jpg\" alt=\"\" class=\"wp-image-3932\" srcset=\"https:\/\/mx.motorad.com\/wp-content\/uploads\/2025\/04\/1IC190_Angle.jpg 500w, https:\/\/mx.motorad.com\/wp-content\/uploads\/2025\/04\/1IC190_Angle-300x300.jpg 300w, https:\/\/mx.motorad.com\/wp-content\/uploads\/2025\/04\/1IC190_Angle-150x150.jpg 150w\" sizes=\"auto, (max-width: 500px) 100vw, 500px\" \/><\/figure>\n<\/div>\n\n\n\n<div class=\"wp-block-column is-layout-flow wp-block-column-is-layout-flow\">\n<figure class=\"wp-block-image size-full\"><img loading=\"lazy\" decoding=\"async\" width=\"500\" height=\"500\" src=\"https:\/\/mx.motorad.com\/wp-content\/uploads\/2025\/04\/1IC194_Angle.jpg\" alt=\"\" class=\"wp-image-3939\" srcset=\"https:\/\/mx.motorad.com\/wp-content\/uploads\/2025\/04\/1IC194_Angle.jpg 500w, https:\/\/mx.motorad.com\/wp-content\/uploads\/2025\/04\/1IC194_Angle-300x300.jpg 300w, https:\/\/mx.motorad.com\/wp-content\/uploads\/2025\/04\/1IC194_Angle-150x150.jpg 150w\" sizes=\"auto, (max-width: 500px) 100vw, 500px\" \/><\/figure>\n<\/div>\n\n\n\n<div class=\"wp-block-column is-layout-flow wp-block-column-is-layout-flow\">\n<figure class=\"wp-block-image size-full\"><img loading=\"lazy\" decoding=\"async\" width=\"500\" height=\"500\" src=\"https:\/\/mx.motorad.com\/wp-content\/uploads\/2025\/04\/1IC195_Angle.jpg\" alt=\"\" class=\"wp-image-3946\" srcset=\"https:\/\/mx.motorad.com\/wp-content\/uploads\/2025\/04\/1IC195_Angle.jpg 500w, https:\/\/mx.motorad.com\/wp-content\/uploads\/2025\/04\/1IC195_Angle-300x300.jpg 300w, https:\/\/mx.motorad.com\/wp-content\/uploads\/2025\/04\/1IC195_Angle-150x150.jpg 150w\" sizes=\"auto, (max-width: 500px) 100vw, 500px\" \/><\/figure>\n<\/div>\n\n\n\n<div class=\"wp-block-column is-layout-flow wp-block-column-is-layout-flow\">\n<figure class=\"wp-block-image size-full\"><img loading=\"lazy\" decoding=\"async\" width=\"500\" height=\"500\" src=\"https:\/\/mx.motorad.com\/wp-content\/uploads\/2025\/04\/1IC204_Angle.jpg\" alt=\"\" class=\"wp-image-3960\" srcset=\"https:\/\/mx.motorad.com\/wp-content\/uploads\/2025\/04\/1IC204_Angle.jpg 500w, https:\/\/mx.motorad.com\/wp-content\/uploads\/2025\/04\/1IC204_Angle-300x300.jpg 300w, https:\/\/mx.motorad.com\/wp-content\/uploads\/2025\/04\/1IC204_Angle-150x150.jpg 150w\" sizes=\"auto, (max-width: 500px) 100vw, 500px\" \/><\/figure>\n<\/div>\n\n\n\n<div class=\"wp-block-column is-layout-flow wp-block-column-is-layout-flow\">\n<figure class=\"wp-block-image size-full\"><img loading=\"lazy\" decoding=\"async\" width=\"500\" height=\"500\" src=\"https:\/\/mx.motorad.com\/wp-content\/uploads\/2025\/04\/1IC206_Angle-1.jpg\" alt=\"\" class=\"wp-image-3967\" srcset=\"https:\/\/mx.motorad.com\/wp-content\/uploads\/2025\/04\/1IC206_Angle-1.jpg 500w, https:\/\/mx.motorad.com\/wp-content\/uploads\/2025\/04\/1IC206_Angle-1-300x300.jpg 300w, https:\/\/mx.motorad.com\/wp-content\/uploads\/2025\/04\/1IC206_Angle-1-150x150.jpg 150w\" sizes=\"auto, (max-width: 500px) 100vw, 500px\" \/><\/figure>\n<\/div>\n<\/div>\n\n<ul style=\"margin-bottom:var(--wp--preset--spacing--60)\" class=\"wp-block-list\">\n<li>Enrolamentos prim\u00e1rios e secund\u00e1rios fabricados com cobre de grau ETP para proporcionar prote\u00e7\u00e3o superior contra temperatura e condutividade de tens\u00e3o.<\/li>\n\n\n\n<li>\u00cdm\u00e3 resistente ao calor produz sa\u00edda m\u00e1xima de alta tens\u00e3o em todas as velocidades do motor.<\/li>\n\n\n\n<li>Conex\u00f5es de platina infundidas com grafite resistem \u00e0 corros\u00e3o e oferecem condutividade e durabilidade superiores.<\/li>\n\n\n\n<li>Graxa diel\u00e9trica pr\u00e9-aplicada para facilitar a instala\u00e7\u00e3o.<\/li>\n\n\n\n<li>Extensivos testes de produto incluem ciclos t\u00e9rmicos, choque t\u00e9rmico, spray de sal, vibra\u00e7\u00e3o e testes de queda de tens\u00e3o, entre outros, para garantir que todas as bobinas atendam ou excedam as especifica\u00e7\u00f5es OEM.<\/li>\n<\/ul>\n\n<div class=\"wp-block-buttons is-layout-flex wp-block-buttons-is-layout-flex\" style=\"margin-bottom:var(--wp--preset--spacing--70)\">\n<div class=\"wp-block-button\"><a class=\"wp-block-button__link wp-element-button\" href=\"https:\/\/mx.motorad.com\/products\/\">Encontre bobinas de igni\u00e7\u00e3o para sua aplica\u00e7\u00e3o<\/a><\/div>\n<\/div>\n\n<div class=\"wp-block-cover alignfull is-light\" style=\"padding-top:var(--wp--preset--spacing--60);padding-bottom:var(--wp--preset--spacing--60)\"><span aria-hidden=\"true\" class=\"wp-block-cover__background has-background-dim-0 has-background-dim\" style=\"background-color:#ece5d9\"><\/span><img loading=\"lazy\" decoding=\"async\" width=\"1505\" height=\"305\" class=\"wp-block-cover__image-background wp-image-223\" alt=\"\" src=\"https:\/\/mx.motorad.com\/wp-content\/uploads\/2025\/03\/FooterCTA.jpg\" data-object-fit=\"cover\" srcset=\"https:\/\/mx.motorad.com\/wp-content\/uploads\/2025\/03\/FooterCTA.jpg 1505w, https:\/\/mx.motorad.com\/wp-content\/uploads\/2025\/03\/FooterCTA-300x61.jpg 300w, https:\/\/mx.motorad.com\/wp-content\/uploads\/2025\/03\/FooterCTA-1024x208.jpg 1024w, https:\/\/mx.motorad.com\/wp-content\/uploads\/2025\/03\/FooterCTA-768x156.jpg 768w\" sizes=\"auto, (max-width: 1505px) 100vw, 1505px\" \/><div class=\"wp-block-cover__inner-container is-layout-flow wp-block-cover-is-layout-flow\">\n<div class=\"wp-block-columns are-vertically-aligned-center is-layout-flex wp-container-core-columns-is-layout-cbe57604 wp-block-columns-is-layout-flex\">\n<div class=\"wp-block-column is-vertically-aligned-center is-layout-flow wp-block-column-is-layout-flow\" style=\"flex-basis:45%\">\n<h2 class=\"wp-block-heading has-text-align-center has-palette-text-color has-text-color\" id=\"h-need-help-finding-the-right-product\" style=\"margin-bottom:var(--wp--preset--spacing--40)\">Voc\u00ea precisa de ajuda para encontrar o produto certo?<\/h2>\n\n\n\n<p class=\"has-text-align-center has-palette-text-color has-text-color\" style=\"margin-bottom:var(--wp--preset--spacing--50)\">Nossa equipe dedicada est\u00e1 aqui para orientar voc\u00ea na dire\u00e7\u00e3o certa. Clique abaixo e diga-nos como podemos ajudar voc\u00ea a encontrar o produto ideal para a sua necessidade. Sua jornada para experimentar MELHOR come\u00e7a aqui.  <\/p>\n\n\n\n<div class=\"wp-block-buttons is-content-justification-center is-layout-flex wp-container-core-buttons-is-layout-a89b3969 wp-block-buttons-is-layout-flex\">\n<div class=\"wp-block-button\"><a class=\"wp-block-button__link has-text-align-center wp-element-button\" href=\"https:\/\/mx.motorad.com\/contact\/need-help-finding-something\/\">Fale com um especialista da MotoRad<\/a><\/div>\n<\/div>\n<\/div>\n\n\n\n<div class=\"wp-block-column is-layout-flow wp-block-column-is-layout-flow\" style=\"flex-basis:10%\"><\/div>\n\n\n\n<div class=\"wp-block-column is-layout-flow wp-block-column-is-layout-flow\" style=\"flex-basis:45%\">\n<h2 class=\"wp-block-heading has-text-align-center has-palette-text-color has-text-color\" id=\"h-looking-for-custom-development\" style=\"margin-bottom:var(--wp--preset--spacing--40)\">Voc\u00ea est\u00e1 procurando desenvolvimento personalizado?<\/h2>\n\n\n\n<p class=\"has-text-align-center has-palette-text-color has-text-color\" style=\"margin-bottom:var(--wp--preset--spacing--50)\">N\u00e3o se trata apenas de produtos; trata-se de criar solu\u00e7\u00f5es personalizadas que atendam \u00e0s suas necessidades. Voc\u00ea est\u00e1 pronto para dar vida ao seu novo projeto? Clique abaixo e vamos embarcar juntos na jornada de desenvolvimento de produtos personalizados.  <\/p>\n\n\n\n<div class=\"wp-block-buttons is-content-justification-center is-layout-flex wp-container-core-buttons-is-layout-a89b3969 wp-block-buttons-is-layout-flex\">\n<div class=\"wp-block-button is-style-fill\"><a class=\"wp-block-button__link has-palette-bg-color has-palette-text-background-color has-text-color has-background has-text-align-center wp-element-button\" href=\"https:\/\/mx.motorad.com\/contact\/do-you-need-custom-development\/\">Queremos ser seu fornecedor<\/a><\/div>\n<\/div>\n<\/div>\n<\/div>\n<\/div><\/div>\n","protected":false},"excerpt":{"rendered":"<p>As bobinas de igni\u00e7\u00e3o MotoRad s\u00e3o projetadas para maximizar a dura\u00e7\u00e3o da voltagem da fa\u00edsca, garantindo desempenho ideal do motor. [&#8230;]<\/p>\n","protected":false},"author":1,"featured_media":0,"parent":5857,"menu_order":0,"comment_status":"closed","ping_status":"closed","template":"","meta":{"_acf_changed":false,"footnotes":""},"class_list":["post-5894","page","type-page","status-publish","hentry"],"acf":[],"yoast_head":"<!-- This site is optimized with the Yoast SEO Premium plugin v27.2 (Yoast SEO v27.2) - https:\/\/yoast.com\/product\/yoast-seo-premium-wordpress\/ -->\n<title>BOBINAS DE IGNI\u00c7\u00c3O - MotoRad<\/title>\n<meta name=\"description\" content=\"MotoRad - BOBINAS DE IGNI\u00c7\u00c3O\" \/>\n<meta name=\"robots\" content=\"index, follow, max-snippet:-1, max-image-preview:large, max-video-preview:-1\" \/>\n<link rel=\"canonical\" href=\"https:\/\/mx.motorad.com\/pt-br\/produtos\/controles-de-powertrain\/bobinas-de-ignicao\/\" \/>\n<meta property=\"og:locale\" content=\"pt_BR\" \/>\n<meta property=\"og:type\" content=\"article\" \/>\n<meta property=\"og:title\" content=\"BOBINAS DE IGNI\u00c7\u00c3O\" \/>\n<meta property=\"og:description\" content=\"MotoRad - BOBINAS DE IGNI\u00c7\u00c3O\" \/>\n<meta property=\"og:url\" content=\"https:\/\/mx.motorad.com\/pt-br\/produtos\/controles-de-powertrain\/bobinas-de-ignicao\/\" \/>\n<meta property=\"og:site_name\" content=\"MotoRad\" \/>\n<meta property=\"article:modified_time\" content=\"2025-06-13T12:48:50+00:00\" \/>\n<meta property=\"og:image\" content=\"https:\/\/mx.motorad.com\/wp-content\/uploads\/2025\/04\/1IC199_Angle.jpg\" \/>\n\t<meta property=\"og:image:width\" content=\"500\" \/>\n\t<meta property=\"og:image:height\" content=\"500\" \/>\n\t<meta property=\"og:image:type\" content=\"image\/jpeg\" \/>\n<meta name=\"twitter:card\" content=\"summary_large_image\" \/>\n<meta name=\"twitter:label1\" content=\"Est. reading time\" \/>\n\t<meta name=\"twitter:data1\" content=\"1 minuto\" \/>\n<script type=\"application\/ld+json\" class=\"yoast-schema-graph\">{\"@context\":\"https:\/\/schema.org\",\"@graph\":[{\"@type\":\"WebPage\",\"@id\":\"https:\/\/mx.motorad.com\/pt-br\/produtos\/controles-de-powertrain\/bobinas-de-ignicao\/\",\"url\":\"https:\/\/mx.motorad.com\/pt-br\/produtos\/controles-de-powertrain\/bobinas-de-ignicao\/\",\"name\":\"BOBINAS DE IGNI\u00c7\u00c3O - MotoRad\",\"isPartOf\":{\"@id\":\"https:\/\/mx.motorad.com\/pt-br\/#website\"},\"primaryImageOfPage\":{\"@id\":\"https:\/\/mx.motorad.com\/pt-br\/produtos\/controles-de-powertrain\/bobinas-de-ignicao\/#primaryimage\"},\"image\":{\"@id\":\"https:\/\/mx.motorad.com\/pt-br\/produtos\/controles-de-powertrain\/bobinas-de-ignicao\/#primaryimage\"},\"thumbnailUrl\":\"https:\/\/mx.motorad.com\/wp-content\/uploads\/2025\/04\/1IC199_Angle.jpg\",\"datePublished\":\"2025-04-03T17:53:54+00:00\",\"dateModified\":\"2025-06-13T12:48:50+00:00\",\"description\":\"MotoRad - BOBINAS DE IGNI\u00c7\u00c3O\",\"breadcrumb\":{\"@id\":\"https:\/\/mx.motorad.com\/pt-br\/produtos\/controles-de-powertrain\/bobinas-de-ignicao\/#breadcrumb\"},\"inLanguage\":\"pt-BR\",\"potentialAction\":[{\"@type\":\"ReadAction\",\"target\":[\"https:\/\/mx.motorad.com\/pt-br\/produtos\/controles-de-powertrain\/bobinas-de-ignicao\/\"]}]},{\"@type\":\"ImageObject\",\"inLanguage\":\"pt-BR\",\"@id\":\"https:\/\/mx.motorad.com\/pt-br\/produtos\/controles-de-powertrain\/bobinas-de-ignicao\/#primaryimage\",\"url\":\"https:\/\/mx.motorad.com\/wp-content\/uploads\/2025\/04\/1IC199_Angle.jpg\",\"contentUrl\":\"https:\/\/mx.motorad.com\/wp-content\/uploads\/2025\/04\/1IC199_Angle.jpg\"},{\"@type\":\"BreadcrumbList\",\"@id\":\"https:\/\/mx.motorad.com\/pt-br\/produtos\/controles-de-powertrain\/bobinas-de-ignicao\/#breadcrumb\",\"itemListElement\":[{\"@type\":\"ListItem\",\"position\":1,\"name\":\"Home\",\"item\":\"https:\/\/mx.motorad.com\/pt-br\/\"},{\"@type\":\"ListItem\",\"position\":2,\"name\":\"Produtos\",\"item\":\"https:\/\/motoradnew.test\/pt-br\/produtos\/\"},{\"@type\":\"ListItem\",\"position\":3,\"name\":\"Controles do trem de for\u00e7a\",\"item\":\"https:\/\/mx.motorad.com\/pt-br\/produtos\/controles-de-powertrain\/\"},{\"@type\":\"ListItem\",\"position\":4,\"name\":\"BOBINAS DE IGNI\u00c7\u00c3O\"}]},{\"@type\":\"WebSite\",\"@id\":\"https:\/\/mx.motorad.com\/pt-br\/#website\",\"url\":\"https:\/\/mx.motorad.com\/pt-br\/\",\"name\":\"MotoRad\",\"description\":\"Trusted to Deliver Better - Thermal Management, Emissions, Powertrain Controls\",\"potentialAction\":[{\"@type\":\"SearchAction\",\"target\":{\"@type\":\"EntryPoint\",\"urlTemplate\":\"https:\/\/mx.motorad.com\/pt-br\/?s={search_term_string}\"},\"query-input\":{\"@type\":\"PropertyValueSpecification\",\"valueRequired\":true,\"valueName\":\"search_term_string\"}}],\"inLanguage\":\"pt-BR\"}]}<\/script>\n<!-- \/ Yoast SEO Premium plugin. -->","yoast_head_json":{"title":"BOBINAS DE IGNI\u00c7\u00c3O - MotoRad","description":"MotoRad - BOBINAS DE IGNI\u00c7\u00c3O","robots":{"index":"index","follow":"follow","max-snippet":"max-snippet:-1","max-image-preview":"max-image-preview:large","max-video-preview":"max-video-preview:-1"},"canonical":"https:\/\/mx.motorad.com\/pt-br\/produtos\/controles-de-powertrain\/bobinas-de-ignicao\/","og_locale":"pt_BR","og_type":"article","og_title":"BOBINAS DE IGNI\u00c7\u00c3O","og_description":"MotoRad - BOBINAS DE IGNI\u00c7\u00c3O","og_url":"https:\/\/mx.motorad.com\/pt-br\/produtos\/controles-de-powertrain\/bobinas-de-ignicao\/","og_site_name":"MotoRad","article_modified_time":"2025-06-13T12:48:50+00:00","og_image":[{"width":500,"height":500,"url":"https:\/\/mx.motorad.com\/wp-content\/uploads\/2025\/04\/1IC199_Angle.jpg","type":"image\/jpeg"}],"twitter_card":"summary_large_image","twitter_misc":{"Est. reading time":"1 minuto"},"schema":{"@context":"https:\/\/schema.org","@graph":[{"@type":"WebPage","@id":"https:\/\/mx.motorad.com\/pt-br\/produtos\/controles-de-powertrain\/bobinas-de-ignicao\/","url":"https:\/\/mx.motorad.com\/pt-br\/produtos\/controles-de-powertrain\/bobinas-de-ignicao\/","name":"BOBINAS DE IGNI\u00c7\u00c3O - MotoRad","isPartOf":{"@id":"https:\/\/mx.motorad.com\/pt-br\/#website"},"primaryImageOfPage":{"@id":"https:\/\/mx.motorad.com\/pt-br\/produtos\/controles-de-powertrain\/bobinas-de-ignicao\/#primaryimage"},"image":{"@id":"https:\/\/mx.motorad.com\/pt-br\/produtos\/controles-de-powertrain\/bobinas-de-ignicao\/#primaryimage"},"thumbnailUrl":"https:\/\/mx.motorad.com\/wp-content\/uploads\/2025\/04\/1IC199_Angle.jpg","datePublished":"2025-04-03T17:53:54+00:00","dateModified":"2025-06-13T12:48:50+00:00","description":"MotoRad - BOBINAS DE IGNI\u00c7\u00c3O","breadcrumb":{"@id":"https:\/\/mx.motorad.com\/pt-br\/produtos\/controles-de-powertrain\/bobinas-de-ignicao\/#breadcrumb"},"inLanguage":"pt-BR","potentialAction":[{"@type":"ReadAction","target":["https:\/\/mx.motorad.com\/pt-br\/produtos\/controles-de-powertrain\/bobinas-de-ignicao\/"]}]},{"@type":"ImageObject","inLanguage":"pt-BR","@id":"https:\/\/mx.motorad.com\/pt-br\/produtos\/controles-de-powertrain\/bobinas-de-ignicao\/#primaryimage","url":"https:\/\/mx.motorad.com\/wp-content\/uploads\/2025\/04\/1IC199_Angle.jpg","contentUrl":"https:\/\/mx.motorad.com\/wp-content\/uploads\/2025\/04\/1IC199_Angle.jpg"},{"@type":"BreadcrumbList","@id":"https:\/\/mx.motorad.com\/pt-br\/produtos\/controles-de-powertrain\/bobinas-de-ignicao\/#breadcrumb","itemListElement":[{"@type":"ListItem","position":1,"name":"Home","item":"https:\/\/mx.motorad.com\/pt-br\/"},{"@type":"ListItem","position":2,"name":"Produtos","item":"https:\/\/motoradnew.test\/pt-br\/produtos\/"},{"@type":"ListItem","position":3,"name":"Controles do trem de for\u00e7a","item":"https:\/\/mx.motorad.com\/pt-br\/produtos\/controles-de-powertrain\/"},{"@type":"ListItem","position":4,"name":"BOBINAS DE IGNI\u00c7\u00c3O"}]},{"@type":"WebSite","@id":"https:\/\/mx.motorad.com\/pt-br\/#website","url":"https:\/\/mx.motorad.com\/pt-br\/","name":"MotoRad","description":"Trusted to Deliver Better - Thermal Management, Emissions, Powertrain Controls","potentialAction":[{"@type":"SearchAction","target":{"@type":"EntryPoint","urlTemplate":"https:\/\/mx.motorad.com\/pt-br\/?s={search_term_string}"},"query-input":{"@type":"PropertyValueSpecification","valueRequired":true,"valueName":"search_term_string"}}],"inLanguage":"pt-BR"}]}},"_links":{"self":[{"href":"https:\/\/mx.motorad.com\/pt-br\/wp-json\/wp\/v2\/pages\/5894","targetHints":{"allow":["GET"]}}],"collection":[{"href":"https:\/\/mx.motorad.com\/pt-br\/wp-json\/wp\/v2\/pages"}],"about":[{"href":"https:\/\/mx.motorad.com\/pt-br\/wp-json\/wp\/v2\/types\/page"}],"author":[{"embeddable":true,"href":"https:\/\/mx.motorad.com\/pt-br\/wp-json\/wp\/v2\/users\/1"}],"replies":[{"embeddable":true,"href":"https:\/\/mx.motorad.com\/pt-br\/wp-json\/wp\/v2\/comments?post=5894"}],"version-history":[{"count":1,"href":"https:\/\/mx.motorad.com\/pt-br\/wp-json\/wp\/v2\/pages\/5894\/revisions"}],"predecessor-version":[{"id":5896,"href":"https:\/\/mx.motorad.com\/pt-br\/wp-json\/wp\/v2\/pages\/5894\/revisions\/5896"}],"up":[{"embeddable":true,"href":"https:\/\/mx.motorad.com\/pt-br\/wp-json\/wp\/v2\/pages\/5857"}],"wp:attachment":[{"href":"https:\/\/mx.motorad.com\/pt-br\/wp-json\/wp\/v2\/media?parent=5894"}],"curies":[{"name":"wp","href":"https:\/\/api.w.org\/{rel}","templated":true}]}}