{"id":6713,"date":"2025-04-03T15:52:13","date_gmt":"2025-04-03T15:52:13","guid":{"rendered":"https:\/\/mx.motorad.com\/termostatos-fail-safe-motorad\/"},"modified":"2026-03-17T12:48:37","modified_gmt":"2026-03-17T12:48:37","slug":"termostatos-fail-safe-motorad","status":"publish","type":"page","link":"https:\/\/mx.motorad.com\/pt-br\/produtos\/termostatos\/termostatos-fail-safe-motorad\/","title":{"rendered":"Termostatos Fail-Safe\u00ae MotoRad"},"content":{"rendered":"<h1 style=\"margin-top:var(--wp--preset--spacing--60);margin-bottom:var(--wp--preset--spacing--60);\" class=\"wp-block-post-title\">Termostatos Fail-Safe\u00ae MotoRad<\/h1>\n<div class=\"wp-block-columns is-layout-flex wp-container-core-columns-is-layout-baf23659 wp-block-columns-is-layout-flex\" style=\"margin-bottom:var(--wp--preset--spacing--60)\">\n<div class=\"wp-block-column is-layout-flow wp-block-column-is-layout-flow\" style=\"flex-basis:33.33%\">\n<figure class=\"wp-block-image size-full\"><img loading=\"lazy\" decoding=\"async\" width=\"457\" height=\"204\" src=\"https:\/\/mx.motorad.com\/wp-content\/uploads\/2025\/04\/Fail-Safe_Callout_web-1.jpg\" alt=\"\" class=\"wp-image-3401\" srcset=\"https:\/\/mx.motorad.com\/wp-content\/uploads\/2025\/04\/Fail-Safe_Callout_web-1.jpg 457w, https:\/\/mx.motorad.com\/wp-content\/uploads\/2025\/04\/Fail-Safe_Callout_web-1-300x134.jpg 300w\" sizes=\"auto, (max-width: 457px) 100vw, 457px\" \/><\/figure>\n<\/div>\n\n\n\n<div class=\"wp-block-column is-layout-flow wp-block-column-is-layout-flow\" style=\"flex-basis:66.66%\">\n<p>Os termostatos Fail-Safe\u00ae MotoRad\u00ae foram projetados para ajudar a proteger seu motor quando ocorre superaquecimento. Baseados em tecnologia premium e patenteada, eles oferecem prote\u00e7\u00e3o superior a qualquer outro termostato do mercado. <\/p>\n<\/div>\n<\/div>\n\n<figure class=\"wp-block-embed is-type-video is-provider-youtube wp-block-embed-youtube wp-embed-aspect-16-9 wp-has-aspect-ratio\" style=\"margin-bottom:var(--wp--preset--spacing--60)\"><div class=\"wp-block-embed__wrapper\">\n<iframe loading=\"lazy\" title=\"MotoRad Fail-Safe Thermostats\" width=\"500\" height=\"281\" src=\"https:\/\/www.youtube.com\/embed\/lhGBbCs7QBo?feature=oembed\" frameborder=\"0\" allow=\"accelerometer; autoplay; clipboard-write; encrypted-media; gyroscope; picture-in-picture; web-share\" referrerpolicy=\"strict-origin-when-cross-origin\" allowfullscreen><\/iframe>\n<\/div><\/figure>\n\n<div class=\"wp-block-columns is-layout-flex wp-container-core-columns-is-layout-baf23659 wp-block-columns-is-layout-flex\" style=\"margin-bottom:var(--wp--preset--spacing--60)\">\n<div class=\"wp-block-column has-palette-interactive-background-color has-background is-layout-flow wp-block-column-is-layout-flow\" style=\"padding-top:var(--wp--preset--spacing--40);padding-right:var(--wp--preset--spacing--40);padding-bottom:var(--wp--preset--spacing--40);padding-left:var(--wp--preset--spacing--40);flex-basis:33.33%\">\n<h2 class=\"wp-block-heading has-text-align-center has-palette-bg-alt-color has-text-color has-link-color wp-elements-107be421b8ce3e4287734031c2d52352\" id=\"h-did-you-know\"><em>Voc\u00ea sabia&#8230;.<\/em><\/h2>\n\n\n\n<p class=\"has-text-align-center has-palette-bg-alt-color has-text-color has-link-color wp-elements-89fb007c6199f9fcf7e03aaa4bed555b\"><em>O termostato Fail-Safe patenteado<\/em> <em>\u00e9 o \u00fanico termostato projetado para<\/em> <em>ajudar a proteger seu motor em<\/em> <em>caso de superaquecimento?<\/em><\/p>\n\n\n\n<p class=\"has-text-align-center has-palette-bg-alt-color has-text-color has-link-color wp-elements-ee93577c8726a4b297427058a9b64559\"><em>O termostato Fail-Safe \u00e9 projetado com um<\/em> <em>curso extra exclusivo que permite operar em<\/em> <em>duas etapas.<\/em><\/p>\n<\/div>\n\n\n\n<div class=\"wp-block-column is-vertically-aligned-center is-layout-flow wp-block-column-is-layout-flow\" style=\"flex-basis:66.66%\">\n<h3 class=\"wp-block-heading\" id=\"h-stage-1\" style=\"margin-bottom:var(--wp--preset--spacing--40)\"><em>Etapa 1<\/em><\/h3>\n\n\n\n<p style=\"margin-bottom:var(--wp--preset--spacing--60)\"><em>Dentro das temperaturas normais de opera\u00e7\u00e3o, o<\/em> <em>Fail-Safe\u00ae funciona da mesma forma que qualquer outro termostato.<\/em><\/p>\n\n\n\n<h3 class=\"wp-block-heading\" id=\"h-stage-2\" style=\"margin-bottom:var(--wp--preset--spacing--40)\"><em>Etapa 2<\/em> <\/h3>\n\n\n\n<p><em>Quando o superaquecimento \u00e9 causado por uma pe\u00e7a do sistema de arrefecimento<\/em> <em>deteriorada, o Fail-Safe tem um curso secund\u00e1rio que ativa um<\/em> <em>pist\u00e3o projetado com precis\u00e3o, que trava automaticamente a v\u00e1lvula em uma<\/em> <em>posi\u00e7\u00e3o totalmente aberta, permitindo que o l\u00edquido de arrefecimento circule livremente.<\/em><\/p>\n<\/div>\n<\/div>\n\n<p style=\"margin-bottom:var(--wp--preset--spacing--30)\">N\u00e3o fique parado no acostamento porque seu motor superaqueceu e seu termostato convencional falhou na posi\u00e7\u00e3o fechada, impedindo que o l\u00edquido de arrefecimento chegue ao motor. Compre o melhor termostato do mercado: o termostato Fail-Safe\u00ae da MotoRad\u00ae. Por que o Fail-Safe \u00e9 o melhor termostato? Em temperaturas normais de opera\u00e7\u00e3o, o Fail-Safe\u00ae funciona da mesma forma que um termostato convencional. Por\u00e9m, quando seu ve\u00edculo superaquece devido \u00e0 deteriora\u00e7\u00e3o de uma pe\u00e7a do sistema de arrefecimento, um termostato padr\u00e3o trava na posi\u00e7\u00e3o fechada, bloqueando o fluxo do l\u00edquido de arrefecimento para o motor. O termostato Fail-Safe\u00ae patenteado da Motorad \u00e9 o \u00fanico termostato que trava automaticamente na posi\u00e7\u00e3o aberta, permitindo que o l\u00edquido de arrefecimento circule livremente por todo o motor durante o processo de superaquecimento. Isso pode proteger seu motor de um reparo mais caro.       <\/p>\n\n<p style=\"margin-bottom:var(--wp--preset--spacing--30)\">Depois que o termostato Fail-Safe\u00ae cumpre sua fun\u00e7\u00e3o de permitir que o l\u00edquido de arrefecimento continue fluindo para o motor durante um superaquecimento, travando na posi\u00e7\u00e3o aberta, voc\u00ea precisa substitu\u00ed-lo por um novo. Existem termostatos padr\u00e3o, e existe o termostato Motorad Fail-Safe\u00ae. Pe\u00e7a o termostato Fail-Safe\u00ae da MotoRad\u00ae na pr\u00f3xima vez que voc\u00ea precisar de um termostato novo.   <\/p>\n\n<p style=\"margin-bottom:var(--wp--preset--spacing--60)\">Os termostatos MotoRad\u00ae atendem ou superam os padr\u00f5es O.E. e s\u00e3o 100% testados e calibrados para a temperatura correta de in\u00edcio de abertura e a temperatura m\u00e1xima de abertura.<\/p>\n\n<div class=\"wp-block-buttons is-layout-flex wp-block-buttons-is-layout-flex\" style=\"margin-bottom:var(--wp--preset--spacing--70)\">\n<div class=\"wp-block-button\"><a class=\"wp-block-button__link wp-element-button\" href=\"https:\/\/mx.motorad.com\/pt-br\/produtos\/\">Encontre seu termostato<\/a><\/div>\n<\/div>\n\n<div class=\"wp-block-cover alignfull is-light\" style=\"padding-top:var(--wp--preset--spacing--60);padding-bottom:var(--wp--preset--spacing--60)\"><span aria-hidden=\"true\" class=\"wp-block-cover__background has-background-dim-0 has-background-dim\" style=\"background-color:#ece5d9\"><\/span><img loading=\"lazy\" decoding=\"async\" width=\"1505\" height=\"305\" class=\"wp-block-cover__image-background wp-image-223\" alt=\"\" src=\"https:\/\/mx.motorad.com\/wp-content\/uploads\/2025\/03\/FooterCTA.jpg\" data-object-fit=\"cover\" srcset=\"https:\/\/mx.motorad.com\/wp-content\/uploads\/2025\/03\/FooterCTA.jpg 1505w, https:\/\/mx.motorad.com\/wp-content\/uploads\/2025\/03\/FooterCTA-300x61.jpg 300w, https:\/\/mx.motorad.com\/wp-content\/uploads\/2025\/03\/FooterCTA-1024x208.jpg 1024w, https:\/\/mx.motorad.com\/wp-content\/uploads\/2025\/03\/FooterCTA-768x156.jpg 768w\" sizes=\"auto, (max-width: 1505px) 100vw, 1505px\" \/><div class=\"wp-block-cover__inner-container is-layout-flow wp-block-cover-is-layout-flow\">\n<div class=\"wp-block-columns are-vertically-aligned-center is-layout-flex wp-container-core-columns-is-layout-cbe57604 wp-block-columns-is-layout-flex\">\n<div class=\"wp-block-column is-vertically-aligned-center is-layout-flow wp-block-column-is-layout-flow\" style=\"flex-basis:45%\">\n<h2 class=\"wp-block-heading has-text-align-center has-palette-text-color has-text-color\" id=\"h-need-help-finding-the-right-product\" style=\"margin-bottom:var(--wp--preset--spacing--40)\">Voc\u00ea precisa de ajuda para encontrar o produto certo?<\/h2>\n\n\n\n<p class=\"has-text-align-center has-palette-text-color has-text-color\" style=\"margin-bottom:var(--wp--preset--spacing--50)\">Nossa equipe dedicada est\u00e1 aqui para orientar voc\u00ea na dire\u00e7\u00e3o certa. Clique abaixo e diga-nos como podemos ajudar voc\u00ea a encontrar o produto ideal para a sua necessidade. Sua jornada para experimentar MELHOR come\u00e7a aqui.  <\/p>\n\n\n\n<div class=\"wp-block-buttons is-content-justification-center is-layout-flex wp-container-core-buttons-is-layout-a89b3969 wp-block-buttons-is-layout-flex\">\n<div class=\"wp-block-button\"><a class=\"wp-block-button__link has-text-align-center wp-element-button\" href=\"https:\/\/mx.motorad.com\/contact\/need-help-finding-something\/\">Fale com um especialista da MotoRad<\/a><\/div>\n<\/div>\n<\/div>\n\n\n\n<div class=\"wp-block-column is-layout-flow wp-block-column-is-layout-flow\" style=\"flex-basis:10%\"><\/div>\n\n\n\n<div class=\"wp-block-column is-layout-flow wp-block-column-is-layout-flow\" style=\"flex-basis:45%\">\n<h2 class=\"wp-block-heading has-text-align-center has-palette-text-color has-text-color\" id=\"h-looking-for-custom-development\" style=\"margin-bottom:var(--wp--preset--spacing--40)\">Voc\u00ea est\u00e1 procurando desenvolvimento personalizado?<\/h2>\n\n\n\n<p class=\"has-text-align-center has-palette-text-color has-text-color\" style=\"margin-bottom:var(--wp--preset--spacing--50)\">N\u00e3o se trata apenas de produtos; trata-se de criar solu\u00e7\u00f5es personalizadas que atendam \u00e0s suas necessidades. Voc\u00ea est\u00e1 pronto para dar vida ao seu novo projeto? Clique abaixo e vamos embarcar juntos na jornada de desenvolvimento de produtos personalizados.  <\/p>\n\n\n\n<div class=\"wp-block-buttons is-content-justification-center is-layout-flex wp-container-core-buttons-is-layout-a89b3969 wp-block-buttons-is-layout-flex\">\n<div class=\"wp-block-button is-style-fill\"><a class=\"wp-block-button__link has-palette-bg-color has-palette-text-background-color has-text-color has-background has-text-align-center wp-element-button\" href=\"https:\/\/mx.motorad.com\/contact\/do-you-need-custom-development\/\">Queremos ser seu fornecedor<\/a><\/div>\n<\/div>\n<\/div>\n<\/div>\n<\/div><\/div>\n","protected":false},"excerpt":{"rendered":"<p>Os termostatos Fail-Safe\u00ae MotoRad\u00ae foram projetados para ajudar a proteger seu motor quando ocorre superaquecimento. Baseados em tecnologia premium e [&#8230;]<\/p>\n","protected":false},"author":1,"featured_media":0,"parent":6754,"menu_order":0,"comment_status":"closed","ping_status":"closed","template":"","meta":{"_acf_changed":false,"footnotes":""},"class_list":["post-6713","page","type-page","status-publish","hentry"],"acf":[],"yoast_head":"<!-- This site is optimized with the Yoast SEO Premium plugin v27.2 (Yoast SEO v27.2) - https:\/\/yoast.com\/product\/yoast-seo-premium-wordpress\/ -->\n<title>Termostatos Fail-Safe\u00ae MotoRad - MotoRad<\/title>\n<meta name=\"description\" content=\"Os termostatos Motorad Fail-Safe foram projetados para evitar o superaquecimento do motor e oferecer tranquilidade na estrada. Fa\u00e7a upgrade para os termostatos Motorad Fail-Safe para uma regulagem de temperatura confi\u00e1vel e uma condu\u00e7\u00e3o sem preocupa\u00e7\u00f5es.\" \/>\n<meta name=\"robots\" content=\"index, follow, max-snippet:-1, max-image-preview:large, max-video-preview:-1\" \/>\n<link rel=\"canonical\" href=\"https:\/\/mx.motorad.com\/pt-br\/produtos\/termostatos\/termostatos-fail-safe-motorad\/\" \/>\n<meta property=\"og:locale\" content=\"pt_BR\" \/>\n<meta property=\"og:type\" content=\"article\" \/>\n<meta property=\"og:title\" content=\"Termostatos Fail-Safe\u00ae MotoRad\" \/>\n<meta property=\"og:description\" content=\"Os termostatos Motorad Fail-Safe foram projetados para evitar o superaquecimento do motor e oferecer tranquilidade na estrada. Fa\u00e7a upgrade para os termostatos Motorad Fail-Safe para uma regulagem de temperatura confi\u00e1vel e uma condu\u00e7\u00e3o sem preocupa\u00e7\u00f5es.\" \/>\n<meta property=\"og:url\" content=\"https:\/\/mx.motorad.com\/pt-br\/produtos\/termostatos\/termostatos-fail-safe-motorad\/\" \/>\n<meta property=\"og:site_name\" content=\"MotoRad\" \/>\n<meta property=\"article:modified_time\" content=\"2026-03-17T12:48:37+00:00\" \/>\n<meta property=\"og:image\" content=\"https:\/\/mx.motorad.com\/wp-content\/uploads\/2025\/04\/Fail-Safe_Callout_web-1.jpg\" \/>\n\t<meta property=\"og:image:width\" content=\"457\" \/>\n\t<meta property=\"og:image:height\" content=\"204\" \/>\n\t<meta property=\"og:image:type\" content=\"image\/jpeg\" \/>\n<meta name=\"twitter:card\" content=\"summary_large_image\" \/>\n<meta name=\"twitter:label1\" content=\"Est. reading time\" \/>\n\t<meta name=\"twitter:data1\" content=\"2 minutos\" \/>\n<script type=\"application\/ld+json\" class=\"yoast-schema-graph\">{\"@context\":\"https:\/\/schema.org\",\"@graph\":[{\"@type\":\"WebPage\",\"@id\":\"https:\/\/mx.motorad.com\/pt-br\/produtos\/termostatos\/termostatos-fail-safe-motorad\/\",\"url\":\"https:\/\/mx.motorad.com\/pt-br\/produtos\/termostatos\/termostatos-fail-safe-motorad\/\",\"name\":\"Termostatos Fail-Safe\u00ae MotoRad - MotoRad\",\"isPartOf\":{\"@id\":\"https:\/\/mx.motorad.com\/pt-br\/#website\"},\"primaryImageOfPage\":{\"@id\":\"https:\/\/mx.motorad.com\/pt-br\/produtos\/termostatos\/termostatos-fail-safe-motorad\/#primaryimage\"},\"image\":{\"@id\":\"https:\/\/mx.motorad.com\/pt-br\/produtos\/termostatos\/termostatos-fail-safe-motorad\/#primaryimage\"},\"thumbnailUrl\":\"https:\/\/mx.motorad.com\/wp-content\/uploads\/2025\/04\/Fail-Safe_Callout_web-1.jpg\",\"datePublished\":\"2025-04-03T15:52:13+00:00\",\"dateModified\":\"2026-03-17T12:48:37+00:00\",\"description\":\"Os termostatos Motorad Fail-Safe foram projetados para evitar o superaquecimento do motor e oferecer tranquilidade na estrada. Fa\u00e7a upgrade para os termostatos Motorad Fail-Safe para uma regulagem de temperatura confi\u00e1vel e uma condu\u00e7\u00e3o sem preocupa\u00e7\u00f5es.\",\"breadcrumb\":{\"@id\":\"https:\/\/mx.motorad.com\/pt-br\/produtos\/termostatos\/termostatos-fail-safe-motorad\/#breadcrumb\"},\"inLanguage\":\"pt-BR\",\"potentialAction\":[{\"@type\":\"ReadAction\",\"target\":[\"https:\/\/mx.motorad.com\/pt-br\/produtos\/termostatos\/termostatos-fail-safe-motorad\/\"]}]},{\"@type\":\"ImageObject\",\"inLanguage\":\"pt-BR\",\"@id\":\"https:\/\/mx.motorad.com\/pt-br\/produtos\/termostatos\/termostatos-fail-safe-motorad\/#primaryimage\",\"url\":\"https:\/\/mx.motorad.com\/wp-content\/uploads\/2025\/04\/Fail-Safe_Callout_web-1.jpg\",\"contentUrl\":\"https:\/\/mx.motorad.com\/wp-content\/uploads\/2025\/04\/Fail-Safe_Callout_web-1.jpg\"},{\"@type\":\"BreadcrumbList\",\"@id\":\"https:\/\/mx.motorad.com\/pt-br\/produtos\/termostatos\/termostatos-fail-safe-motorad\/#breadcrumb\",\"itemListElement\":[{\"@type\":\"ListItem\",\"position\":1,\"name\":\"Home\",\"item\":\"https:\/\/mx.motorad.com\/pt-br\/\"},{\"@type\":\"ListItem\",\"position\":2,\"name\":\"Produtos\",\"item\":\"https:\/\/motoradnew.test\/pt-br\/produtos\/\"},{\"@type\":\"ListItem\",\"position\":3,\"name\":\"Termostatos\",\"item\":\"https:\/\/motoradnew.test\/pt-br\/produtos\/termostatos\/\"},{\"@type\":\"ListItem\",\"position\":4,\"name\":\"Termostatos Fail-Safe\u00ae MotoRad\"}]},{\"@type\":\"WebSite\",\"@id\":\"https:\/\/mx.motorad.com\/pt-br\/#website\",\"url\":\"https:\/\/mx.motorad.com\/pt-br\/\",\"name\":\"MotoRad\",\"description\":\"Trusted to Deliver Better - Thermal Management, Emissions, Powertrain Controls\",\"potentialAction\":[{\"@type\":\"SearchAction\",\"target\":{\"@type\":\"EntryPoint\",\"urlTemplate\":\"https:\/\/mx.motorad.com\/pt-br\/?s={search_term_string}\"},\"query-input\":{\"@type\":\"PropertyValueSpecification\",\"valueRequired\":true,\"valueName\":\"search_term_string\"}}],\"inLanguage\":\"pt-BR\"}]}<\/script>\n<!-- \/ Yoast SEO Premium plugin. -->","yoast_head_json":{"title":"Termostatos Fail-Safe\u00ae MotoRad - MotoRad","description":"Os termostatos Motorad Fail-Safe foram projetados para evitar o superaquecimento do motor e oferecer tranquilidade na estrada. Fa\u00e7a upgrade para os termostatos Motorad Fail-Safe para uma regulagem de temperatura confi\u00e1vel e uma condu\u00e7\u00e3o sem preocupa\u00e7\u00f5es.","robots":{"index":"index","follow":"follow","max-snippet":"max-snippet:-1","max-image-preview":"max-image-preview:large","max-video-preview":"max-video-preview:-1"},"canonical":"https:\/\/mx.motorad.com\/pt-br\/produtos\/termostatos\/termostatos-fail-safe-motorad\/","og_locale":"pt_BR","og_type":"article","og_title":"Termostatos Fail-Safe\u00ae MotoRad","og_description":"Os termostatos Motorad Fail-Safe foram projetados para evitar o superaquecimento do motor e oferecer tranquilidade na estrada. Fa\u00e7a upgrade para os termostatos Motorad Fail-Safe para uma regulagem de temperatura confi\u00e1vel e uma condu\u00e7\u00e3o sem preocupa\u00e7\u00f5es.","og_url":"https:\/\/mx.motorad.com\/pt-br\/produtos\/termostatos\/termostatos-fail-safe-motorad\/","og_site_name":"MotoRad","article_modified_time":"2026-03-17T12:48:37+00:00","og_image":[{"width":457,"height":204,"url":"https:\/\/mx.motorad.com\/wp-content\/uploads\/2025\/04\/Fail-Safe_Callout_web-1.jpg","type":"image\/jpeg"}],"twitter_card":"summary_large_image","twitter_misc":{"Est. reading time":"2 minutos"},"schema":{"@context":"https:\/\/schema.org","@graph":[{"@type":"WebPage","@id":"https:\/\/mx.motorad.com\/pt-br\/produtos\/termostatos\/termostatos-fail-safe-motorad\/","url":"https:\/\/mx.motorad.com\/pt-br\/produtos\/termostatos\/termostatos-fail-safe-motorad\/","name":"Termostatos Fail-Safe\u00ae MotoRad - MotoRad","isPartOf":{"@id":"https:\/\/mx.motorad.com\/pt-br\/#website"},"primaryImageOfPage":{"@id":"https:\/\/mx.motorad.com\/pt-br\/produtos\/termostatos\/termostatos-fail-safe-motorad\/#primaryimage"},"image":{"@id":"https:\/\/mx.motorad.com\/pt-br\/produtos\/termostatos\/termostatos-fail-safe-motorad\/#primaryimage"},"thumbnailUrl":"https:\/\/mx.motorad.com\/wp-content\/uploads\/2025\/04\/Fail-Safe_Callout_web-1.jpg","datePublished":"2025-04-03T15:52:13+00:00","dateModified":"2026-03-17T12:48:37+00:00","description":"Os termostatos Motorad Fail-Safe foram projetados para evitar o superaquecimento do motor e oferecer tranquilidade na estrada. Fa\u00e7a upgrade para os termostatos Motorad Fail-Safe para uma regulagem de temperatura confi\u00e1vel e uma condu\u00e7\u00e3o sem preocupa\u00e7\u00f5es.","breadcrumb":{"@id":"https:\/\/mx.motorad.com\/pt-br\/produtos\/termostatos\/termostatos-fail-safe-motorad\/#breadcrumb"},"inLanguage":"pt-BR","potentialAction":[{"@type":"ReadAction","target":["https:\/\/mx.motorad.com\/pt-br\/produtos\/termostatos\/termostatos-fail-safe-motorad\/"]}]},{"@type":"ImageObject","inLanguage":"pt-BR","@id":"https:\/\/mx.motorad.com\/pt-br\/produtos\/termostatos\/termostatos-fail-safe-motorad\/#primaryimage","url":"https:\/\/mx.motorad.com\/wp-content\/uploads\/2025\/04\/Fail-Safe_Callout_web-1.jpg","contentUrl":"https:\/\/mx.motorad.com\/wp-content\/uploads\/2025\/04\/Fail-Safe_Callout_web-1.jpg"},{"@type":"BreadcrumbList","@id":"https:\/\/mx.motorad.com\/pt-br\/produtos\/termostatos\/termostatos-fail-safe-motorad\/#breadcrumb","itemListElement":[{"@type":"ListItem","position":1,"name":"Home","item":"https:\/\/mx.motorad.com\/pt-br\/"},{"@type":"ListItem","position":2,"name":"Produtos","item":"https:\/\/motoradnew.test\/pt-br\/produtos\/"},{"@type":"ListItem","position":3,"name":"Termostatos","item":"https:\/\/motoradnew.test\/pt-br\/produtos\/termostatos\/"},{"@type":"ListItem","position":4,"name":"Termostatos Fail-Safe\u00ae MotoRad"}]},{"@type":"WebSite","@id":"https:\/\/mx.motorad.com\/pt-br\/#website","url":"https:\/\/mx.motorad.com\/pt-br\/","name":"MotoRad","description":"Trusted to Deliver Better - Thermal Management, Emissions, Powertrain Controls","potentialAction":[{"@type":"SearchAction","target":{"@type":"EntryPoint","urlTemplate":"https:\/\/mx.motorad.com\/pt-br\/?s={search_term_string}"},"query-input":{"@type":"PropertyValueSpecification","valueRequired":true,"valueName":"search_term_string"}}],"inLanguage":"pt-BR"}]}},"_links":{"self":[{"href":"https:\/\/mx.motorad.com\/pt-br\/wp-json\/wp\/v2\/pages\/6713","targetHints":{"allow":["GET"]}}],"collection":[{"href":"https:\/\/mx.motorad.com\/pt-br\/wp-json\/wp\/v2\/pages"}],"about":[{"href":"https:\/\/mx.motorad.com\/pt-br\/wp-json\/wp\/v2\/types\/page"}],"author":[{"embeddable":true,"href":"https:\/\/mx.motorad.com\/pt-br\/wp-json\/wp\/v2\/users\/1"}],"replies":[{"embeddable":true,"href":"https:\/\/mx.motorad.com\/pt-br\/wp-json\/wp\/v2\/comments?post=6713"}],"version-history":[{"count":4,"href":"https:\/\/mx.motorad.com\/pt-br\/wp-json\/wp\/v2\/pages\/6713\/revisions"}],"predecessor-version":[{"id":87618,"href":"https:\/\/mx.motorad.com\/pt-br\/wp-json\/wp\/v2\/pages\/6713\/revisions\/87618"}],"up":[{"embeddable":true,"href":"https:\/\/mx.motorad.com\/pt-br\/wp-json\/wp\/v2\/pages\/6754"}],"wp:attachment":[{"href":"https:\/\/mx.motorad.com\/pt-br\/wp-json\/wp\/v2\/media?parent=6713"}],"curies":[{"name":"wp","href":"https:\/\/api.w.org\/{rel}","templated":true}]}}