{"id":6754,"date":"2025-04-03T15:31:25","date_gmt":"2025-04-03T15:31:25","guid":{"rendered":"https:\/\/mx.motorad.com\/termostatos\/"},"modified":"2025-07-17T13:57:05","modified_gmt":"2025-07-17T13:57:05","slug":"termostatos","status":"publish","type":"page","link":"https:\/\/mx.motorad.com\/pt-br\/produtos\/termostatos\/","title":{"rendered":"Termostatos"},"content":{"rendered":"\n<div class=\"wp-block-columns is-layout-flex wp-container-core-columns-is-layout-45c10ec9 wp-block-columns-is-layout-flex\" style=\"margin-top:var(--wp--preset--spacing--60);margin-bottom:var(--wp--preset--spacing--60)\">\n<div class=\"wp-block-column is-vertically-aligned-center is-layout-flow wp-block-column-is-layout-flow\" style=\"flex-basis:33.33%\">\n<figure class=\"wp-block-image aligncenter size-full\"><img loading=\"lazy\" decoding=\"async\" width=\"216\" height=\"216\" src=\"https:\/\/mx.motorad.com\/wp-content\/uploads\/2025\/04\/Motorad-04.svg\" alt=\"\" class=\"wp-image-3379\"\/><\/figure>\n<\/div>\n\n\n\n<div class=\"wp-block-column is-layout-flow wp-block-column-is-layout-flow\" style=\"flex-basis:66.66%\">\n<h2 class=\"wp-block-heading\" id=\"h-explore-oem-quality-automotive-thermostats-motorad\" style=\"margin-bottom:var(--wp--preset--spacing--50)\">Explore termostatos automotivos de qualidade OEM | MotoRad\u00ae<\/h2>\n\n\n\n<p style=\"margin-bottom:var(--wp--preset--spacing--20)\">A MotoRad\u00ae oferece a melhor cobertura de termostatos do mundo para quase qualquer ve\u00edculo e motor. Os termostatos MotoRad\u00ae desempenham um papel cr\u00edtico na manuten\u00e7\u00e3o da temperatura de trabalho do motor.  <\/p>\n\n\n\n<p style=\"margin-bottom:var(--wp--preset--spacing--20)\"><em>O termostato atua como uma v\u00e1lvula sens\u00edvel \u00e0 temperatura <\/em>regulando o fluxo de refrigerante do motor<em>.<\/em> <em>Ele abre e fecha em resposta \u00e0 temperatura do motor, mantendo-a<\/em> <em>dentro da faixa ideal de opera\u00e7\u00e3o.<\/em><\/p>\n\n\n\n<p style=\"margin-bottom:var(--wp--preset--spacing--20)\">O desempenho do termostato em um ve\u00edculo afeta a efici\u00eancia da combust\u00e3o e a transfer\u00eancia de pot\u00eancia, o consumo de combust\u00edvel, a emiss\u00e3o de poluentes e a vida \u00fatil do motor.<\/p>\n\n\n\n<p style=\"margin-bottom:var(--wp--preset--spacing--20)\"><em><strong>Caracter\u00edsticas principais:<\/strong><\/em><\/p>\n\n\n\n<ul class=\"wp-block-list\">\n<li><em>O termostato ajuda a evitar o superaquecimento do motor permitindo<\/em> <em>que o refrigerante circule quando o motor atinge uma certa temperatura.<\/em><\/li>\n\n\n\n<li><em>Manter o motor na temperatura correta de opera\u00e7\u00e3o melhora<\/em> <em>a efici\u00eancia do combust\u00edvel.<\/em><\/li>\n\n\n\n<li><em>Manter a temperatura correta do motor \u00e9 essencial<\/em> <em>para o controle de emiss\u00f5es.<\/em><\/li>\n\n\n\n<li>Motores de combust\u00e3o interna (I.C.E.), bem como ve\u00edculos eletrificados, h\u00edbridos e el\u00e9tricos, todos utilizam termostatos para manter a temperatura adequada de funcionamento. <\/li>\n<\/ul>\n<\/div>\n<\/div>\n\n<h3 class=\"wp-block-heading\" id=\"h-premium-automotive-thermostats-for-global-distribution\" style=\"margin-bottom:var(--wp--preset--spacing--40)\">Termostatos automotivos premium para distribui\u00e7\u00e3o global<\/h3>\n\n<p style=\"margin-bottom:var(--wp--preset--spacing--30)\">A MotoRad\u00ae \u00e9 o principal fabricante e fornecedor de termostatos automotivos e produtos relacionados. Nosso extenso cat\u00e1logo oferece termostatos de alta qualidade adequados para v\u00e1rios modelos de ve\u00edculos. Seja na Am\u00e9rica do Norte, M\u00e9xico, Canad\u00e1, Brasil, Europa ou na regi\u00e3o EMEA, temos a solu\u00e7\u00e3o perfeita para suas necessidades automotivas.  <\/p>\n\n<h4 class=\"wp-block-heading has-text-align-center is-style-subheading\">Descubra nossa linha:<\/h4>\n\n<p class=\"has-text-align-center is-style-subheading\" style=\"margin-bottom:var(--wp--preset--spacing--30)\">Explore nosso cat\u00e1logo abrangente com uma diversidade de termostatos automotivos projetados para atender aos mais altos padr\u00f5es da ind\u00fastria. De modelos padr\u00e3o a variantes especializadas, temos o termostato perfeito para o seu ve\u00edculo. <\/p>\n\n<div class=\"wp-block-columns is-layout-flex wp-container-core-columns-is-layout-1a0c0cd9 wp-block-columns-is-layout-flex\" style=\"margin-top:var(--wp--preset--spacing--60);margin-bottom:var(--wp--preset--spacing--60)\">\n<div class=\"wp-block-column is-layout-flow wp-block-column-is-layout-flow\">\n<h4 class=\"wp-block-heading has-text-align-center has-medium-font-size\" id=\"h-automotive-thermostats\" style=\"margin-bottom:var(--wp--preset--spacing--40)\"><a href=\"https:\/\/mx.motorad.com\/pt-br\/termostatos\/termostatos-automotivos\/\">Termostatos automotivos<\/a><\/h4>\n\n\n\n<figure class=\"wp-block-image aligncenter size-full is-resized\"><a href=\"https:\/\/mx.motorad.com\/pt-br\/termostatos\/termostatos-automotivos\/\"><img loading=\"lazy\" decoding=\"async\" width=\"240\" height=\"248\" src=\"https:\/\/mx.motorad.com\/wp-content\/uploads\/2025\/04\/part.webp\" alt=\"\" class=\"wp-image-3408\" style=\"width:auto;height:115px\"\/><\/a><\/figure>\n<\/div>\n\n\n\n<div class=\"wp-block-column is-layout-flow wp-block-column-is-layout-flow\">\n<h4 class=\"wp-block-heading has-text-align-center has-medium-font-size\" id=\"h-fail-safe-thermostats\" style=\"margin-bottom:var(--wp--preset--spacing--40)\"><a href=\"http:\/\/MotoRad%20Fail-Safe%C2%AE%20Thermostats\">Termostatos Fail-safe\u00ae<\/a><\/h4>\n\n\n\n<figure class=\"wp-block-image size-full\"><a href=\"https:\/\/mx.motorad.com\/pt-br\/termostatos\/termostatos-fail-safe-motorad\/\"><img loading=\"lazy\" decoding=\"async\" width=\"457\" height=\"204\" src=\"https:\/\/mx.motorad.com\/wp-content\/uploads\/2025\/04\/Fail-Safe_Callout_web-1.jpg\" alt=\"\" class=\"wp-image-3401\" srcset=\"https:\/\/mx.motorad.com\/wp-content\/uploads\/2025\/04\/Fail-Safe_Callout_web-1.jpg 457w, https:\/\/mx.motorad.com\/wp-content\/uploads\/2025\/04\/Fail-Safe_Callout_web-1-300x134.jpg 300w\" sizes=\"auto, (max-width: 457px) 100vw, 457px\" \/><\/a><\/figure>\n<\/div>\n\n\n\n<div class=\"wp-block-column is-layout-flow wp-block-column-is-layout-flow\">\n<h4 class=\"wp-block-heading has-text-align-center has-medium-font-size\" id=\"h-ultrastat-thermostats\" style=\"margin-right:0;margin-bottom:var(--wp--preset--spacing--40)\"><a href=\"https:\/\/mx.motorad.com\/pt-br\/termostatos\/termostatos-motorad-ultrastat\/\">Termostatos UltraStat\u00ae<\/a><\/h4>\n\n\n\n<figure class=\"wp-block-image size-full\"><a href=\"https:\/\/mx.motorad.com\/pt-br\/termostatos\/termostatos-motorad-ultrastat\/\"><img loading=\"lazy\" decoding=\"async\" width=\"720\" height=\"347\" src=\"https:\/\/mx.motorad.com\/wp-content\/uploads\/2025\/04\/UltraStat_Image_web-1.jpg\" alt=\"\" class=\"wp-image-3415\" srcset=\"https:\/\/mx.motorad.com\/wp-content\/uploads\/2025\/04\/UltraStat_Image_web-1.jpg 720w, https:\/\/mx.motorad.com\/wp-content\/uploads\/2025\/04\/UltraStat_Image_web-1-300x145.jpg 300w\" sizes=\"auto, (max-width: 720px) 100vw, 720px\" \/><\/a><\/figure>\n<\/div>\n\n\n\n<div class=\"wp-block-column is-layout-flow wp-block-column-is-layout-flow\">\n<h4 class=\"wp-block-heading has-text-align-center has-medium-font-size\" id=\"h-coolant-housing\" style=\"margin-bottom:var(--wp--preset--spacing--40)\"><a href=\"https:\/\/mx.motorad.com\/pt-br\/termostatos\/carcacas-de-liquido-de-arrefecimento-motorad\/\">Carca\u00e7a do <br\/>refrigerante<\/a><\/h4>\n\n\n\n<figure class=\"wp-block-image size-full\"><a href=\"https:\/\/mx.motorad.com\/pt-br\/termostatos\/carcacas-de-liquido-de-arrefecimento-motorad\/\"><img loading=\"lazy\" decoding=\"async\" width=\"709\" height=\"319\" src=\"https:\/\/mx.motorad.com\/wp-content\/uploads\/2025\/04\/CH1026_Angle.jpg\" alt=\"\" class=\"wp-image-3394\" srcset=\"https:\/\/mx.motorad.com\/wp-content\/uploads\/2025\/04\/CH1026_Angle.jpg 709w, https:\/\/mx.motorad.com\/wp-content\/uploads\/2025\/04\/CH1026_Angle-300x135.jpg 300w\" sizes=\"auto, (max-width: 709px) 100vw, 709px\" \/><\/a><\/figure>\n<\/div>\n\n\n\n<div class=\"wp-block-column is-layout-flow wp-block-column-is-layout-flow\">\n<h4 class=\"wp-block-heading has-text-align-center has-medium-font-size\" id=\"h-integrated-housing-thermostats\" style=\"margin-bottom:var(--wp--preset--spacing--40)\"><a href=\"https:\/\/mx.motorad.com\/pt-br\/termostatos\/termostatos-com-carcaca-integrada-motorad\/\">Termostatos com carca\u00e7a integrada<\/a><\/h4>\n\n\n\n<figure class=\"wp-block-image size-full\"><a href=\"https:\/\/mx.motorad.com\/pt-br\/termostatos\/termostatos-com-carcaca-integrada-motorad\/\"><img loading=\"lazy\" decoding=\"async\" width=\"709\" height=\"319\" src=\"https:\/\/mx.motorad.com\/wp-content\/uploads\/2025\/04\/1000-217_Angle.jpg\" alt=\"\" class=\"wp-image-3387\" srcset=\"https:\/\/mx.motorad.com\/wp-content\/uploads\/2025\/04\/1000-217_Angle.jpg 709w, https:\/\/mx.motorad.com\/wp-content\/uploads\/2025\/04\/1000-217_Angle-300x135.jpg 300w\" sizes=\"auto, (max-width: 709px) 100vw, 709px\" \/><\/a><\/figure>\n<\/div>\n<\/div>\n\n<p style=\"margin-bottom:var(--wp--preset--spacing--20)\"><strong>Refer\u00eancia cruzada de termostatos e compatibilidade de interc\u00e2mbio:<\/strong><br\/>Encontre facilmente termostatos compat\u00edveis para o seu ve\u00edculo usando nossa conveniente ferramenta de refer\u00eancia cruzada. Simplifique sua busca e garanta um ajuste preciso sempre. <\/p>\n\n<p style=\"margin-bottom:var(--wp--preset--spacing--20)\"><strong>Especifica\u00e7\u00f5es detalhadas dos produtos de termostato:<\/strong><br\/>Voc\u00ea pode acessar especifica\u00e7\u00f5es detalhadas para cada termostato, o que o ajudar\u00e1 a tomar decis\u00f5es informadas com base nos requisitos do seu ve\u00edculo. Nosso compromisso com a qualidade e precis\u00e3o garante desempenho e durabilidade ideais. <\/p>\n\n<p style=\"margin-bottom:var(--wp--preset--spacing--20)\"><strong>Fabricante e fornecedor confi\u00e1vel de <strong>produtos de gerenciamento t\u00e9rmico<\/strong>:<\/strong><br\/>Como fabricante e fornecedor confi\u00e1vel, a MotoRad\u00ae adere a rigorosas medidas de controle de qualidade para entregar produtos confi\u00e1veis que atendam ou excedam os padr\u00f5es da ind\u00fastria. Conte conosco para um desempenho superior e longevidade. <\/p>\n\n<p style=\"margin-bottom:var(--wp--preset--spacing--20)\"><strong>Rede de distribui\u00e7\u00e3o global:<\/strong><br\/>Beneficie-se da nossa extensa rede de distribui\u00e7\u00e3o global, garantindo entrega r\u00e1pida \u00e0 sua porta onde quer que voc\u00ea esteja. Seja na Am\u00e9rica do Norte, M\u00e9xico, Canad\u00e1, Brasil, Europa ou na regi\u00e3o EMEA, acesse nossos produtos premium com facilidade. <\/p>\n\n<p style=\"margin-bottom:var(--wp--preset--spacing--20)\"><strong>Armazenamento dedicado:<\/strong><br\/>Nossos armaz\u00e9ns estrategicamente localizados facilitam a distribui\u00e7\u00e3o eficiente, minimizando os tempos de entrega e garantindo a disponibilidade do produto quando voc\u00ea mais precisa.<\/p>\n\n<p style=\"margin-bottom:var(--wp--preset--spacing--20)\"><strong>Qualidade e confiabilidade inigual\u00e1veis:<\/strong><br\/>O compromisso da MotoRad\u00ae com qualidade, confiabilidade e satisfa\u00e7\u00e3o do cliente nos destaca como l\u00edder na ind\u00fastria automotiva. Experimente a tranquilidade de saber que voc\u00ea est\u00e1 investindo em produtos que oferecem desempenho excepcional em quaisquer condi\u00e7\u00f5es. <\/p>\n\n<p style=\"margin-bottom:var(--wp--preset--spacing--20)\">Escolha a MotoRad\u00ae para todas as suas necessidades de termostatos automotivos e experimente qualidade, confiabilidade e atendimento ao cliente incompar\u00e1veis. Navegue em nosso cat\u00e1logo hoje e eleve o desempenho do seu ve\u00edculo com nossos produtos premium. <\/p>\n\n<div class=\"wp-block-buttons is-layout-flex wp-block-buttons-is-layout-flex\" style=\"padding-top:var(--wp--preset--spacing--60);padding-bottom:var(--wp--preset--spacing--70)\">\n<div class=\"wp-block-button\"><a class=\"wp-block-button__link wp-element-button\" href=\"https:\/\/mx.motorad.com\/pt-br\/produtos\/\">Encontre seu termostato<\/a><\/div>\n<\/div>\n\n<div class=\"wp-block-cover alignfull is-light\" style=\"padding-top:var(--wp--preset--spacing--60);padding-bottom:var(--wp--preset--spacing--60)\"><span aria-hidden=\"true\" class=\"wp-block-cover__background has-background-dim-0 has-background-dim\" style=\"background-color:#ece5d9\"><\/span><img loading=\"lazy\" decoding=\"async\" width=\"1505\" height=\"305\" class=\"wp-block-cover__image-background wp-image-223\" alt=\"\" src=\"https:\/\/mx.motorad.com\/wp-content\/uploads\/2025\/03\/FooterCTA.jpg\" data-object-fit=\"cover\" srcset=\"https:\/\/mx.motorad.com\/wp-content\/uploads\/2025\/03\/FooterCTA.jpg 1505w, https:\/\/mx.motorad.com\/wp-content\/uploads\/2025\/03\/FooterCTA-300x61.jpg 300w, https:\/\/mx.motorad.com\/wp-content\/uploads\/2025\/03\/FooterCTA-1024x208.jpg 1024w, https:\/\/mx.motorad.com\/wp-content\/uploads\/2025\/03\/FooterCTA-768x156.jpg 768w\" sizes=\"auto, (max-width: 1505px) 100vw, 1505px\" \/><div class=\"wp-block-cover__inner-container is-layout-flow wp-block-cover-is-layout-flow\">\n<div class=\"wp-block-columns are-vertically-aligned-center is-layout-flex wp-container-core-columns-is-layout-cbe57604 wp-block-columns-is-layout-flex\">\n<div class=\"wp-block-column is-vertically-aligned-center is-layout-flow wp-block-column-is-layout-flow\" style=\"flex-basis:45%\">\n<h2 class=\"wp-block-heading has-text-align-center has-palette-text-color has-text-color\" id=\"h-need-help-finding-the-right-product\" style=\"margin-bottom:var(--wp--preset--spacing--40)\">Voc\u00ea precisa de ajuda para encontrar o produto certo?<\/h2>\n\n\n\n<p class=\"has-text-align-center has-palette-text-color has-text-color\" style=\"margin-bottom:var(--wp--preset--spacing--50)\">Nossa equipe dedicada est\u00e1 aqui para orientar voc\u00ea na dire\u00e7\u00e3o certa. Clique abaixo e diga-nos como podemos ajudar voc\u00ea a encontrar o produto ideal para a sua necessidade. Sua jornada para experimentar MELHOR come\u00e7a aqui.  <\/p>\n\n\n\n<div class=\"wp-block-buttons is-content-justification-center is-layout-flex wp-container-core-buttons-is-layout-a89b3969 wp-block-buttons-is-layout-flex\">\n<div class=\"wp-block-button\"><a class=\"wp-block-button__link has-text-align-center wp-element-button\" href=\"https:\/\/mx.motorad.com\/contact\/need-help-finding-something\/\">Fale com um especialista da MotoRad<\/a><\/div>\n<\/div>\n<\/div>\n\n\n\n<div class=\"wp-block-column is-layout-flow wp-block-column-is-layout-flow\" style=\"flex-basis:10%\"><\/div>\n\n\n\n<div class=\"wp-block-column is-layout-flow wp-block-column-is-layout-flow\" style=\"flex-basis:45%\">\n<h2 class=\"wp-block-heading has-text-align-center has-palette-text-color has-text-color\" id=\"h-looking-for-custom-development\" style=\"margin-bottom:var(--wp--preset--spacing--40)\">Voc\u00ea est\u00e1 procurando desenvolvimento personalizado?<\/h2>\n\n\n\n<p class=\"has-text-align-center has-palette-text-color has-text-color\" style=\"margin-bottom:var(--wp--preset--spacing--50)\">N\u00e3o se trata apenas de produtos; trata-se de criar solu\u00e7\u00f5es personalizadas que atendam \u00e0s suas necessidades. Voc\u00ea est\u00e1 pronto para dar vida ao seu novo projeto? Clique abaixo e vamos embarcar juntos na jornada de desenvolvimento de produtos personalizados.  <\/p>\n\n\n\n<div class=\"wp-block-buttons is-content-justification-center is-layout-flex wp-container-core-buttons-is-layout-a89b3969 wp-block-buttons-is-layout-flex\">\n<div class=\"wp-block-button is-style-fill\"><a class=\"wp-block-button__link has-palette-bg-color has-palette-text-background-color has-text-color has-background has-text-align-center wp-element-button\" href=\"https:\/\/mx.motorad.com\/contact\/do-you-need-custom-development\/\">Queremos ser seu fornecedor<\/a><\/div>\n<\/div>\n<\/div>\n<\/div>\n<\/div><\/div>\n","protected":false},"excerpt":{"rendered":"<p>Explore termostatos automotivos de qualidade OEM | MotoRad\u00ae A MotoRad\u00ae oferece a melhor cobertura de termostatos do mundo para quase [&#8230;]<\/p>\n","protected":false},"author":1,"featured_media":0,"parent":55776,"menu_order":0,"comment_status":"closed","ping_status":"closed","template":"","meta":{"_acf_changed":false,"footnotes":""},"class_list":["post-6754","page","type-page","status-publish","hentry"],"acf":[],"yoast_head":"<!-- This site is optimized with the Yoast SEO Premium plugin v27.2 (Yoast SEO v27.2) - https:\/\/yoast.com\/product\/yoast-seo-premium-wordpress\/ -->\n<title>Termostatos - MotoRad<\/title>\n<meta name=\"description\" content=\"Encontre termostatos automotivos de qualidade OEM em nosso extenso cat\u00e1logo. Refer\u00eancia cruzada, especifica\u00e7\u00f5es e mais. Fornecedor fabricante confi\u00e1vel com distribui\u00e7\u00e3o global.\" \/>\n<meta name=\"robots\" content=\"index, follow, max-snippet:-1, max-image-preview:large, max-video-preview:-1\" \/>\n<link rel=\"canonical\" href=\"https:\/\/mx.motorad.com\/pt-br\/produtos\/termostatos\/\" \/>\n<meta property=\"og:locale\" content=\"pt_BR\" \/>\n<meta property=\"og:type\" content=\"article\" \/>\n<meta property=\"og:title\" content=\"Termostatos\" \/>\n<meta property=\"og:description\" content=\"Encontre termostatos automotivos de qualidade OEM em nosso extenso cat\u00e1logo. Refer\u00eancia cruzada, especifica\u00e7\u00f5es e mais. Fornecedor fabricante confi\u00e1vel com distribui\u00e7\u00e3o global.\" \/>\n<meta property=\"og:url\" content=\"https:\/\/mx.motorad.com\/pt-br\/produtos\/termostatos\/\" \/>\n<meta property=\"og:site_name\" content=\"MotoRad\" \/>\n<meta property=\"article:modified_time\" content=\"2025-07-17T13:57:05+00:00\" \/>\n<meta name=\"twitter:card\" content=\"summary_large_image\" \/>\n<meta name=\"twitter:label1\" content=\"Est. reading time\" \/>\n\t<meta name=\"twitter:data1\" content=\"3 minutos\" \/>\n<script type=\"application\/ld+json\" class=\"yoast-schema-graph\">{\"@context\":\"https:\/\/schema.org\",\"@graph\":[{\"@type\":\"WebPage\",\"@id\":\"https:\/\/mx.motorad.com\/pt-br\/produtos\/termostatos\/\",\"url\":\"https:\/\/mx.motorad.com\/pt-br\/produtos\/termostatos\/\",\"name\":\"Termostatos - MotoRad\",\"isPartOf\":{\"@id\":\"https:\/\/mx.motorad.com\/pt-br\/#website\"},\"primaryImageOfPage\":{\"@id\":\"https:\/\/mx.motorad.com\/pt-br\/produtos\/termostatos\/#primaryimage\"},\"image\":{\"@id\":\"https:\/\/mx.motorad.com\/pt-br\/produtos\/termostatos\/#primaryimage\"},\"thumbnailUrl\":\"https:\/\/mx.motorad.com\/wp-content\/uploads\/2025\/04\/Motorad-04.svg\",\"datePublished\":\"2025-04-03T15:31:25+00:00\",\"dateModified\":\"2025-07-17T13:57:05+00:00\",\"description\":\"Encontre termostatos automotivos de qualidade OEM em nosso extenso cat\u00e1logo. Refer\u00eancia cruzada, especifica\u00e7\u00f5es e mais. Fornecedor fabricante confi\u00e1vel com distribui\u00e7\u00e3o global.\",\"breadcrumb\":{\"@id\":\"https:\/\/mx.motorad.com\/pt-br\/produtos\/termostatos\/#breadcrumb\"},\"inLanguage\":\"pt-BR\",\"potentialAction\":[{\"@type\":\"ReadAction\",\"target\":[\"https:\/\/mx.motorad.com\/pt-br\/produtos\/termostatos\/\"]}]},{\"@type\":\"ImageObject\",\"inLanguage\":\"pt-BR\",\"@id\":\"https:\/\/mx.motorad.com\/pt-br\/produtos\/termostatos\/#primaryimage\",\"url\":\"https:\/\/mx.motorad.com\/wp-content\/uploads\/2025\/04\/Motorad-04.svg\",\"contentUrl\":\"https:\/\/mx.motorad.com\/wp-content\/uploads\/2025\/04\/Motorad-04.svg\"},{\"@type\":\"BreadcrumbList\",\"@id\":\"https:\/\/mx.motorad.com\/pt-br\/produtos\/termostatos\/#breadcrumb\",\"itemListElement\":[{\"@type\":\"ListItem\",\"position\":1,\"name\":\"Home\",\"item\":\"https:\/\/mx.motorad.com\/pt-br\/\"},{\"@type\":\"ListItem\",\"position\":2,\"name\":\"Produtos\",\"item\":\"https:\/\/motoradnew.test\/pt-br\/produtos\/\"},{\"@type\":\"ListItem\",\"position\":3,\"name\":\"Termostatos\"}]},{\"@type\":\"WebSite\",\"@id\":\"https:\/\/mx.motorad.com\/pt-br\/#website\",\"url\":\"https:\/\/mx.motorad.com\/pt-br\/\",\"name\":\"MotoRad\",\"description\":\"Trusted to Deliver Better - Thermal Management, Emissions, Powertrain Controls\",\"potentialAction\":[{\"@type\":\"SearchAction\",\"target\":{\"@type\":\"EntryPoint\",\"urlTemplate\":\"https:\/\/mx.motorad.com\/pt-br\/?s={search_term_string}\"},\"query-input\":{\"@type\":\"PropertyValueSpecification\",\"valueRequired\":true,\"valueName\":\"search_term_string\"}}],\"inLanguage\":\"pt-BR\"}]}<\/script>\n<!-- \/ Yoast SEO Premium plugin. -->","yoast_head_json":{"title":"Termostatos - MotoRad","description":"Encontre termostatos automotivos de qualidade OEM em nosso extenso cat\u00e1logo. Refer\u00eancia cruzada, especifica\u00e7\u00f5es e mais. Fornecedor fabricante confi\u00e1vel com distribui\u00e7\u00e3o global.","robots":{"index":"index","follow":"follow","max-snippet":"max-snippet:-1","max-image-preview":"max-image-preview:large","max-video-preview":"max-video-preview:-1"},"canonical":"https:\/\/mx.motorad.com\/pt-br\/produtos\/termostatos\/","og_locale":"pt_BR","og_type":"article","og_title":"Termostatos","og_description":"Encontre termostatos automotivos de qualidade OEM em nosso extenso cat\u00e1logo. Refer\u00eancia cruzada, especifica\u00e7\u00f5es e mais. Fornecedor fabricante confi\u00e1vel com distribui\u00e7\u00e3o global.","og_url":"https:\/\/mx.motorad.com\/pt-br\/produtos\/termostatos\/","og_site_name":"MotoRad","article_modified_time":"2025-07-17T13:57:05+00:00","twitter_card":"summary_large_image","twitter_misc":{"Est. reading time":"3 minutos"},"schema":{"@context":"https:\/\/schema.org","@graph":[{"@type":"WebPage","@id":"https:\/\/mx.motorad.com\/pt-br\/produtos\/termostatos\/","url":"https:\/\/mx.motorad.com\/pt-br\/produtos\/termostatos\/","name":"Termostatos - MotoRad","isPartOf":{"@id":"https:\/\/mx.motorad.com\/pt-br\/#website"},"primaryImageOfPage":{"@id":"https:\/\/mx.motorad.com\/pt-br\/produtos\/termostatos\/#primaryimage"},"image":{"@id":"https:\/\/mx.motorad.com\/pt-br\/produtos\/termostatos\/#primaryimage"},"thumbnailUrl":"https:\/\/mx.motorad.com\/wp-content\/uploads\/2025\/04\/Motorad-04.svg","datePublished":"2025-04-03T15:31:25+00:00","dateModified":"2025-07-17T13:57:05+00:00","description":"Encontre termostatos automotivos de qualidade OEM em nosso extenso cat\u00e1logo. Refer\u00eancia cruzada, especifica\u00e7\u00f5es e mais. Fornecedor fabricante confi\u00e1vel com distribui\u00e7\u00e3o global.","breadcrumb":{"@id":"https:\/\/mx.motorad.com\/pt-br\/produtos\/termostatos\/#breadcrumb"},"inLanguage":"pt-BR","potentialAction":[{"@type":"ReadAction","target":["https:\/\/mx.motorad.com\/pt-br\/produtos\/termostatos\/"]}]},{"@type":"ImageObject","inLanguage":"pt-BR","@id":"https:\/\/mx.motorad.com\/pt-br\/produtos\/termostatos\/#primaryimage","url":"https:\/\/mx.motorad.com\/wp-content\/uploads\/2025\/04\/Motorad-04.svg","contentUrl":"https:\/\/mx.motorad.com\/wp-content\/uploads\/2025\/04\/Motorad-04.svg"},{"@type":"BreadcrumbList","@id":"https:\/\/mx.motorad.com\/pt-br\/produtos\/termostatos\/#breadcrumb","itemListElement":[{"@type":"ListItem","position":1,"name":"Home","item":"https:\/\/mx.motorad.com\/pt-br\/"},{"@type":"ListItem","position":2,"name":"Produtos","item":"https:\/\/motoradnew.test\/pt-br\/produtos\/"},{"@type":"ListItem","position":3,"name":"Termostatos"}]},{"@type":"WebSite","@id":"https:\/\/mx.motorad.com\/pt-br\/#website","url":"https:\/\/mx.motorad.com\/pt-br\/","name":"MotoRad","description":"Trusted to Deliver Better - Thermal Management, Emissions, Powertrain Controls","potentialAction":[{"@type":"SearchAction","target":{"@type":"EntryPoint","urlTemplate":"https:\/\/mx.motorad.com\/pt-br\/?s={search_term_string}"},"query-input":{"@type":"PropertyValueSpecification","valueRequired":true,"valueName":"search_term_string"}}],"inLanguage":"pt-BR"}]}},"_links":{"self":[{"href":"https:\/\/mx.motorad.com\/pt-br\/wp-json\/wp\/v2\/pages\/6754","targetHints":{"allow":["GET"]}}],"collection":[{"href":"https:\/\/mx.motorad.com\/pt-br\/wp-json\/wp\/v2\/pages"}],"about":[{"href":"https:\/\/mx.motorad.com\/pt-br\/wp-json\/wp\/v2\/types\/page"}],"author":[{"embeddable":true,"href":"https:\/\/mx.motorad.com\/pt-br\/wp-json\/wp\/v2\/users\/1"}],"replies":[{"embeddable":true,"href":"https:\/\/mx.motorad.com\/pt-br\/wp-json\/wp\/v2\/comments?post=6754"}],"version-history":[{"count":3,"href":"https:\/\/mx.motorad.com\/pt-br\/wp-json\/wp\/v2\/pages\/6754\/revisions"}],"predecessor-version":[{"id":55779,"href":"https:\/\/mx.motorad.com\/pt-br\/wp-json\/wp\/v2\/pages\/6754\/revisions\/55779"}],"up":[{"embeddable":true,"href":"https:\/\/mx.motorad.com\/pt-br\/wp-json\/wp\/v2\/pages\/55776"}],"wp:attachment":[{"href":"https:\/\/mx.motorad.com\/pt-br\/wp-json\/wp\/v2\/media?parent=6754"}],"curies":[{"name":"wp","href":"https:\/\/api.w.org\/{rel}","templated":true}]}}