{"id":6758,"date":"2025-04-03T15:13:22","date_gmt":"2025-04-03T15:13:22","guid":{"rendered":"https:\/\/mx.motorad.com\/entre-em-contato-conosco\/voce-precisa-de-desenvolvimento-personalizado\/"},"modified":"2026-03-17T12:48:08","modified_gmt":"2026-03-17T12:48:08","slug":"voce-precisa-de-desenvolvimento-personalizado","status":"publish","type":"page","link":"https:\/\/mx.motorad.com\/pt-br\/entre-em-contato-conosco\/voce-precisa-de-desenvolvimento-personalizado\/","title":{"rendered":"Precisas de Desenvolvimento Personalizado?"},"content":{"rendered":"<h1 style=\"margin-top:var(--wp--preset--spacing--60);margin-bottom:var(--wp--preset--spacing--60);\" class=\"wp-block-post-title\">Precisas de Desenvolvimento Personalizado?<\/h1>\n<div class=\"wp-block-columns is-layout-flex wp-container-core-columns-is-layout-212ad063 wp-block-columns-is-layout-flex\" style=\"margin-bottom:var(--wp--preset--spacing--70)\">\n<div class=\"wp-block-column is-layout-flow wp-block-column-is-layout-flow\" style=\"flex-basis:66.66%\">\n<p style=\"margin-bottom:var(--wp--preset--spacing--30)\">Preenche o formul\u00e1rio abaixo para entrar em contato com a nossa equipe de engenharia e desenvolvimento de novos produtos. <\/p>\n\n\n\n<p class=\"is-style-cta-link\" style=\"margin-bottom:var(--wp--preset--spacing--30)\">Se est\u00e1s \u00e0 procura de informa\u00e7\u00f5es sobre <strong>produtos e servi\u00e7os atuais da MotoRad<\/strong>, podes entrar em contato com a equipe de vendas e servi\u00e7os usando o nosso<\/p>\n\n\n\n<div class=\"wp-block-buttons is-layout-flex wp-block-buttons-is-layout-flex\" style=\"margin-top:var(--wp--preset--spacing--50);margin-bottom:var(--wp--preset--spacing--60)\">\n<div class=\"wp-block-button is-style-read-more\"><a class=\"wp-block-button__link wp-element-button\" href=\"https:\/\/mx.motorad.com\/pt-br\/entre-em-contato-conosco\/\">FORMUL\u00c1RIO DE CONTATO DE VENDAS E SERVI\u00c7OS<\/a><\/div>\n<\/div>\n\n\n\n<iframe loading=\"lazy\" src=\"https:\/\/go.motorad.com\/l\/846063\/2024-06-19\/2jbrwb\" width=\"100%\" height=\"800\" type=\"text\/html\" frameborder=\"0\" allowtransparency=\"true\" style=\"border: 0\"><\/iframe>\n<\/div>\n\n\n\n<div class=\"wp-block-column is-layout-flow wp-block-column-is-layout-flow\" style=\"flex-basis:33.33%\">\n<figure class=\"wp-block-image size-full\" style=\"margin-bottom:var(--wp--preset--spacing--50)\"><img loading=\"lazy\" decoding=\"async\" width=\"972\" height=\"636\" src=\"https:\/\/mx.motorad.com\/wp-content\/uploads\/2025\/04\/TrustedToDeliverBetter.webp\" alt=\"\" class=\"wp-image-3317\" srcset=\"https:\/\/mx.motorad.com\/wp-content\/uploads\/2025\/04\/TrustedToDeliverBetter.webp 972w, https:\/\/mx.motorad.com\/wp-content\/uploads\/2025\/04\/TrustedToDeliverBetter-300x196.webp 300w, https:\/\/mx.motorad.com\/wp-content\/uploads\/2025\/04\/TrustedToDeliverBetter-768x503.webp 768w\" sizes=\"auto, (max-width: 972px) 100vw, 972px\" \/><\/figure>\n\n\n\n<h4 class=\"wp-block-heading\" style=\"margin-bottom:var(--wp--preset--spacing--40)\"><strong>Valorizamos sua solicita\u00e7\u00e3o e responderemos o mais r\u00e1pido poss\u00edvel<\/strong>.<\/h4>\n\n\n\n<p style=\"margin-bottom:var(--wp--preset--spacing--50)\">Encontre-nos ao redor do mundo nestes locais:<\/p>\n\n\n\n<p style=\"margin-bottom:var(--wp--preset--spacing--50)\"><strong>MOTORAD USA<\/strong> &#8211; Illinois<br\/>916 Empire Street<br\/>MT Carmel, IL 62863<br\/>principal: +1-888-262-4153<br\/>t\u00e9cnico: +1-866-690-4357<\/p>\n\n\n\n<p style=\"margin-bottom:var(--wp--preset--spacing--50)\"><strong>MOTORAD USA<\/strong> &#8211; Georgia<br\/>200 Hembree Park Drive Suite R<br\/>Roswell, GA 30076<br\/>+1-678-691-2023<\/p>\n\n\n\n<p style=\"margin-bottom:var(--wp--preset--spacing--50)\"><strong>MOTORAD ISRAEL<\/strong> &#8211; Misgav<br\/>Bar-Lev Industrial Park,<br\/>Misgav 20156, Israel<br\/>972-4-955-3232<\/p>\n\n\n\n<p style=\"margin-bottom:var(--wp--preset--spacing--50)\"><strong>MOTORAD GERMANY<\/strong> &#8211; Alemanha<br\/>Max-Planck-Str. 6<br\/>D-50374 Erftstadt-Alemanha<br\/>+49-2235-430447<\/p>\n\n\n\n<p style=\"margin-bottom:0\"><strong>MOTORAD MEXICO<\/strong> &#8211; Nuevo Le\u00f3n<br\/>COLONIA SABINAS INDUSTRIAL PARK<br\/>Av. Luis Donaldo Colosio, N\u00famero 292,<br\/>Ciudad Apodaca, Nuevo Le\u00f3n<br\/>66645<br\/>N. L. | M\u00e9xico<br\/>Tel: +52 81 1972 6650 <\/p>\n<\/div>\n<\/div>\n\n<div class=\"wp-block-cover alignfull is-light\" style=\"padding-top:var(--wp--preset--spacing--60);padding-bottom:var(--wp--preset--spacing--60)\"><span aria-hidden=\"true\" class=\"wp-block-cover__background has-background-dim-0 has-background-dim\" style=\"background-color:#ece5d9\"><\/span><img loading=\"lazy\" decoding=\"async\" width=\"1505\" height=\"305\" class=\"wp-block-cover__image-background wp-image-223\" alt=\"\" src=\"https:\/\/mx.motorad.com\/wp-content\/uploads\/2025\/03\/FooterCTA.jpg\" data-object-fit=\"cover\" srcset=\"https:\/\/mx.motorad.com\/wp-content\/uploads\/2025\/03\/FooterCTA.jpg 1505w, https:\/\/mx.motorad.com\/wp-content\/uploads\/2025\/03\/FooterCTA-300x61.jpg 300w, https:\/\/mx.motorad.com\/wp-content\/uploads\/2025\/03\/FooterCTA-1024x208.jpg 1024w, https:\/\/mx.motorad.com\/wp-content\/uploads\/2025\/03\/FooterCTA-768x156.jpg 768w\" sizes=\"auto, (max-width: 1505px) 100vw, 1505px\" \/><div class=\"wp-block-cover__inner-container is-layout-flow wp-block-cover-is-layout-flow\">\n<div class=\"wp-block-columns are-vertically-aligned-center is-layout-flex wp-container-core-columns-is-layout-cbe57604 wp-block-columns-is-layout-flex\">\n<div class=\"wp-block-column is-vertically-aligned-center is-layout-flow wp-block-column-is-layout-flow\" style=\"flex-basis:45%\">\n<h2 class=\"wp-block-heading has-text-align-center has-palette-text-color has-text-color\" id=\"h-need-help-finding-the-right-product\" style=\"margin-bottom:var(--wp--preset--spacing--40)\">Voc\u00ea precisa de ajuda para encontrar o produto certo?<\/h2>\n\n\n\n<p class=\"has-text-align-center has-palette-text-color has-text-color\" style=\"margin-bottom:var(--wp--preset--spacing--50)\">Nossa equipe dedicada est\u00e1 aqui para orientar voc\u00ea na dire\u00e7\u00e3o certa. Clique abaixo e diga-nos como podemos ajudar voc\u00ea a encontrar o produto ideal para a sua necessidade. Sua jornada para experimentar MELHOR come\u00e7a aqui.  <\/p>\n\n\n\n<div class=\"wp-block-buttons is-content-justification-center is-layout-flex wp-container-core-buttons-is-layout-a89b3969 wp-block-buttons-is-layout-flex\">\n<div class=\"wp-block-button\"><a class=\"wp-block-button__link has-text-align-center wp-element-button\" href=\"https:\/\/mx.motorad.com\/contact\/need-help-finding-something\/\">Fale com um especialista da MotoRad<\/a><\/div>\n<\/div>\n<\/div>\n\n\n\n<div class=\"wp-block-column is-layout-flow wp-block-column-is-layout-flow\" style=\"flex-basis:10%\"><\/div>\n\n\n\n<div class=\"wp-block-column is-layout-flow wp-block-column-is-layout-flow\" style=\"flex-basis:45%\">\n<h2 class=\"wp-block-heading has-text-align-center has-palette-text-color has-text-color\" id=\"h-looking-for-custom-development\" style=\"margin-bottom:var(--wp--preset--spacing--40)\">Voc\u00ea est\u00e1 procurando desenvolvimento personalizado?<\/h2>\n\n\n\n<p class=\"has-text-align-center has-palette-text-color has-text-color\" style=\"margin-bottom:var(--wp--preset--spacing--50)\">N\u00e3o se trata apenas de produtos; trata-se de criar solu\u00e7\u00f5es personalizadas que atendam \u00e0s suas necessidades. Voc\u00ea est\u00e1 pronto para dar vida ao seu novo projeto? Clique abaixo e vamos embarcar juntos na jornada de desenvolvimento de produtos personalizados.  <\/p>\n\n\n\n<div class=\"wp-block-buttons is-content-justification-center is-layout-flex wp-container-core-buttons-is-layout-a89b3969 wp-block-buttons-is-layout-flex\">\n<div class=\"wp-block-button is-style-fill\"><a class=\"wp-block-button__link has-palette-bg-color has-palette-text-background-color has-text-color has-background has-text-align-center wp-element-button\" href=\"https:\/\/mx.motorad.com\/contact\/do-you-need-custom-development\/\">Queremos ser seu fornecedor<\/a><\/div>\n<\/div>\n<\/div>\n<\/div>\n<\/div><\/div>\n","protected":false},"excerpt":{"rendered":"<p>Preenche o formul\u00e1rio abaixo para entrar em contato com a nossa equipe de engenharia e desenvolvimento de novos produtos. Se [&#8230;]<\/p>\n","protected":false},"author":1,"featured_media":0,"parent":5613,"menu_order":0,"comment_status":"closed","ping_status":"closed","template":"","meta":{"_acf_changed":false,"footnotes":""},"class_list":["post-6758","page","type-page","status-publish","hentry"],"acf":[],"yoast_head":"<!-- This site is optimized with the Yoast SEO Premium plugin v27.2 (Yoast SEO v27.2) - https:\/\/yoast.com\/product\/yoast-seo-premium-wordpress\/ -->\n<title>Precisas de Desenvolvimento Personalizado? - MotoRad<\/title>\n<meta name=\"description\" content=\"MotoRad - Precisas de Desenvolvimento Personalizado?\" \/>\n<meta name=\"robots\" content=\"index, follow, max-snippet:-1, max-image-preview:large, max-video-preview:-1\" \/>\n<link rel=\"canonical\" href=\"https:\/\/mx.motorad.com\/pt-br\/entre-em-contato-conosco\/voce-precisa-de-desenvolvimento-personalizado\/\" \/>\n<meta property=\"og:locale\" content=\"pt_BR\" \/>\n<meta property=\"og:type\" content=\"article\" \/>\n<meta property=\"og:title\" content=\"Precisas de Desenvolvimento Personalizado?\" \/>\n<meta property=\"og:description\" content=\"MotoRad - Precisas de Desenvolvimento Personalizado?\" \/>\n<meta property=\"og:url\" content=\"https:\/\/mx.motorad.com\/pt-br\/entre-em-contato-conosco\/voce-precisa-de-desenvolvimento-personalizado\/\" \/>\n<meta property=\"og:site_name\" content=\"MotoRad\" \/>\n<meta property=\"article:modified_time\" content=\"2026-03-17T12:48:08+00:00\" \/>\n<meta property=\"og:image\" content=\"https:\/\/mx.motorad.com\/wp-content\/uploads\/2025\/04\/TrustedToDeliverBetter.webp\" \/>\n\t<meta property=\"og:image:width\" content=\"972\" \/>\n\t<meta property=\"og:image:height\" content=\"636\" \/>\n\t<meta property=\"og:image:type\" content=\"image\/webp\" \/>\n<meta name=\"twitter:card\" content=\"summary_large_image\" \/>\n<meta name=\"twitter:label1\" content=\"Est. reading time\" \/>\n\t<meta name=\"twitter:data1\" content=\"1 minuto\" \/>\n<script type=\"application\/ld+json\" class=\"yoast-schema-graph\">{\"@context\":\"https:\/\/schema.org\",\"@graph\":[{\"@type\":\"WebPage\",\"@id\":\"https:\/\/mx.motorad.com\/pt-br\/entre-em-contato-conosco\/voce-precisa-de-desenvolvimento-personalizado\/\",\"url\":\"https:\/\/mx.motorad.com\/pt-br\/entre-em-contato-conosco\/voce-precisa-de-desenvolvimento-personalizado\/\",\"name\":\"Precisas de Desenvolvimento Personalizado? - MotoRad\",\"isPartOf\":{\"@id\":\"https:\/\/mx.motorad.com\/pt-br\/#website\"},\"primaryImageOfPage\":{\"@id\":\"https:\/\/mx.motorad.com\/pt-br\/entre-em-contato-conosco\/voce-precisa-de-desenvolvimento-personalizado\/#primaryimage\"},\"image\":{\"@id\":\"https:\/\/mx.motorad.com\/pt-br\/entre-em-contato-conosco\/voce-precisa-de-desenvolvimento-personalizado\/#primaryimage\"},\"thumbnailUrl\":\"https:\/\/mx.motorad.com\/wp-content\/uploads\/2025\/04\/TrustedToDeliverBetter.webp\",\"datePublished\":\"2025-04-03T15:13:22+00:00\",\"dateModified\":\"2026-03-17T12:48:08+00:00\",\"description\":\"MotoRad - Precisas de Desenvolvimento Personalizado?\",\"breadcrumb\":{\"@id\":\"https:\/\/mx.motorad.com\/pt-br\/entre-em-contato-conosco\/voce-precisa-de-desenvolvimento-personalizado\/#breadcrumb\"},\"inLanguage\":\"pt-BR\",\"potentialAction\":[{\"@type\":\"ReadAction\",\"target\":[\"https:\/\/mx.motorad.com\/pt-br\/entre-em-contato-conosco\/voce-precisa-de-desenvolvimento-personalizado\/\"]}]},{\"@type\":\"ImageObject\",\"inLanguage\":\"pt-BR\",\"@id\":\"https:\/\/mx.motorad.com\/pt-br\/entre-em-contato-conosco\/voce-precisa-de-desenvolvimento-personalizado\/#primaryimage\",\"url\":\"https:\/\/mx.motorad.com\/wp-content\/uploads\/2025\/04\/TrustedToDeliverBetter.webp\",\"contentUrl\":\"https:\/\/mx.motorad.com\/wp-content\/uploads\/2025\/04\/TrustedToDeliverBetter.webp\"},{\"@type\":\"BreadcrumbList\",\"@id\":\"https:\/\/mx.motorad.com\/pt-br\/entre-em-contato-conosco\/voce-precisa-de-desenvolvimento-personalizado\/#breadcrumb\",\"itemListElement\":[{\"@type\":\"ListItem\",\"position\":1,\"name\":\"Home\",\"item\":\"https:\/\/mx.motorad.com\/pt-br\/\"},{\"@type\":\"ListItem\",\"position\":2,\"name\":\"Entre em contato com a MotoRad: Fale conosco para suporte e informa\u00e7\u00f5es sobre produtos\",\"item\":\"https:\/\/mx.motorad.com\/pt-br\/entre-em-contato-conosco\/\"},{\"@type\":\"ListItem\",\"position\":3,\"name\":\"Precisas de Desenvolvimento Personalizado?\"}]},{\"@type\":\"WebSite\",\"@id\":\"https:\/\/mx.motorad.com\/pt-br\/#website\",\"url\":\"https:\/\/mx.motorad.com\/pt-br\/\",\"name\":\"MotoRad\",\"description\":\"Trusted to Deliver Better - Thermal Management, Emissions, Powertrain Controls\",\"potentialAction\":[{\"@type\":\"SearchAction\",\"target\":{\"@type\":\"EntryPoint\",\"urlTemplate\":\"https:\/\/mx.motorad.com\/pt-br\/?s={search_term_string}\"},\"query-input\":{\"@type\":\"PropertyValueSpecification\",\"valueRequired\":true,\"valueName\":\"search_term_string\"}}],\"inLanguage\":\"pt-BR\"}]}<\/script>\n<!-- \/ Yoast SEO Premium plugin. -->","yoast_head_json":{"title":"Precisas de Desenvolvimento Personalizado? - MotoRad","description":"MotoRad - Precisas de Desenvolvimento Personalizado?","robots":{"index":"index","follow":"follow","max-snippet":"max-snippet:-1","max-image-preview":"max-image-preview:large","max-video-preview":"max-video-preview:-1"},"canonical":"https:\/\/mx.motorad.com\/pt-br\/entre-em-contato-conosco\/voce-precisa-de-desenvolvimento-personalizado\/","og_locale":"pt_BR","og_type":"article","og_title":"Precisas de Desenvolvimento Personalizado?","og_description":"MotoRad - Precisas de Desenvolvimento Personalizado?","og_url":"https:\/\/mx.motorad.com\/pt-br\/entre-em-contato-conosco\/voce-precisa-de-desenvolvimento-personalizado\/","og_site_name":"MotoRad","article_modified_time":"2026-03-17T12:48:08+00:00","og_image":[{"width":972,"height":636,"url":"https:\/\/mx.motorad.com\/wp-content\/uploads\/2025\/04\/TrustedToDeliverBetter.webp","type":"image\/webp"}],"twitter_card":"summary_large_image","twitter_misc":{"Est. reading time":"1 minuto"},"schema":{"@context":"https:\/\/schema.org","@graph":[{"@type":"WebPage","@id":"https:\/\/mx.motorad.com\/pt-br\/entre-em-contato-conosco\/voce-precisa-de-desenvolvimento-personalizado\/","url":"https:\/\/mx.motorad.com\/pt-br\/entre-em-contato-conosco\/voce-precisa-de-desenvolvimento-personalizado\/","name":"Precisas de Desenvolvimento Personalizado? - MotoRad","isPartOf":{"@id":"https:\/\/mx.motorad.com\/pt-br\/#website"},"primaryImageOfPage":{"@id":"https:\/\/mx.motorad.com\/pt-br\/entre-em-contato-conosco\/voce-precisa-de-desenvolvimento-personalizado\/#primaryimage"},"image":{"@id":"https:\/\/mx.motorad.com\/pt-br\/entre-em-contato-conosco\/voce-precisa-de-desenvolvimento-personalizado\/#primaryimage"},"thumbnailUrl":"https:\/\/mx.motorad.com\/wp-content\/uploads\/2025\/04\/TrustedToDeliverBetter.webp","datePublished":"2025-04-03T15:13:22+00:00","dateModified":"2026-03-17T12:48:08+00:00","description":"MotoRad - Precisas de Desenvolvimento Personalizado?","breadcrumb":{"@id":"https:\/\/mx.motorad.com\/pt-br\/entre-em-contato-conosco\/voce-precisa-de-desenvolvimento-personalizado\/#breadcrumb"},"inLanguage":"pt-BR","potentialAction":[{"@type":"ReadAction","target":["https:\/\/mx.motorad.com\/pt-br\/entre-em-contato-conosco\/voce-precisa-de-desenvolvimento-personalizado\/"]}]},{"@type":"ImageObject","inLanguage":"pt-BR","@id":"https:\/\/mx.motorad.com\/pt-br\/entre-em-contato-conosco\/voce-precisa-de-desenvolvimento-personalizado\/#primaryimage","url":"https:\/\/mx.motorad.com\/wp-content\/uploads\/2025\/04\/TrustedToDeliverBetter.webp","contentUrl":"https:\/\/mx.motorad.com\/wp-content\/uploads\/2025\/04\/TrustedToDeliverBetter.webp"},{"@type":"BreadcrumbList","@id":"https:\/\/mx.motorad.com\/pt-br\/entre-em-contato-conosco\/voce-precisa-de-desenvolvimento-personalizado\/#breadcrumb","itemListElement":[{"@type":"ListItem","position":1,"name":"Home","item":"https:\/\/mx.motorad.com\/pt-br\/"},{"@type":"ListItem","position":2,"name":"Entre em contato com a MotoRad: Fale conosco para suporte e informa\u00e7\u00f5es sobre produtos","item":"https:\/\/mx.motorad.com\/pt-br\/entre-em-contato-conosco\/"},{"@type":"ListItem","position":3,"name":"Precisas de Desenvolvimento Personalizado?"}]},{"@type":"WebSite","@id":"https:\/\/mx.motorad.com\/pt-br\/#website","url":"https:\/\/mx.motorad.com\/pt-br\/","name":"MotoRad","description":"Trusted to Deliver Better - Thermal Management, Emissions, Powertrain Controls","potentialAction":[{"@type":"SearchAction","target":{"@type":"EntryPoint","urlTemplate":"https:\/\/mx.motorad.com\/pt-br\/?s={search_term_string}"},"query-input":{"@type":"PropertyValueSpecification","valueRequired":true,"valueName":"search_term_string"}}],"inLanguage":"pt-BR"}]}},"_links":{"self":[{"href":"https:\/\/mx.motorad.com\/pt-br\/wp-json\/wp\/v2\/pages\/6758","targetHints":{"allow":["GET"]}}],"collection":[{"href":"https:\/\/mx.motorad.com\/pt-br\/wp-json\/wp\/v2\/pages"}],"about":[{"href":"https:\/\/mx.motorad.com\/pt-br\/wp-json\/wp\/v2\/types\/page"}],"author":[{"embeddable":true,"href":"https:\/\/mx.motorad.com\/pt-br\/wp-json\/wp\/v2\/users\/1"}],"replies":[{"embeddable":true,"href":"https:\/\/mx.motorad.com\/pt-br\/wp-json\/wp\/v2\/comments?post=6758"}],"version-history":[{"count":3,"href":"https:\/\/mx.motorad.com\/pt-br\/wp-json\/wp\/v2\/pages\/6758\/revisions"}],"predecessor-version":[{"id":87611,"href":"https:\/\/mx.motorad.com\/pt-br\/wp-json\/wp\/v2\/pages\/6758\/revisions\/87611"}],"up":[{"embeddable":true,"href":"https:\/\/mx.motorad.com\/pt-br\/wp-json\/wp\/v2\/pages\/5613"}],"wp:attachment":[{"href":"https:\/\/mx.motorad.com\/pt-br\/wp-json\/wp\/v2\/media?parent=6758"}],"curies":[{"name":"wp","href":"https:\/\/api.w.org\/{rel}","templated":true}]}}